{"id":1368,"date":"2012-09-28T22:20:48","date_gmt":"2012-09-28T20:20:48","guid":{"rendered":"http:\/\/csillagpor.hu\/remek\/programok\/?page_id=1368"},"modified":"2022-06-30T18:11:33","modified_gmt":"2022-06-30T16:11:33","slug":"lunascape-screenshot","status":"publish","type":"page","link":"https:\/\/csillagpor.hu\/remek\/programok\/lunascape-screenshot","title":{"rendered":"Lunascape k\u00e9perny\u0151k\u00e9pek"},"content":{"rendered":"<p><a target=\"_blank\" title=\"lunascape\" href=\"\/\/csillagpor.hu\/remek\/programok\/lunascape\" rel=\"noopener noreferrer\">A Lunascape<\/a> <a target=\"_blank\" title=\"b\u00f6ng\u00e9sz\u0151\" href=\"\/\/csillagpor.hu\/remek\/programok\/internet-bongeszo\" rel=\"noopener noreferrer\">3 motoros b\u00f6ng\u00e9sz\u0151<\/a> telep\u00edt\u00e9sekor v\u00e1laszthatunk, hogy az alap\u00e9rtelmezett vagy a magunk v\u00e1logatott telep\u00edt\u00e9st szeretn\u00e9nk e, esetleg hordozhat\u00f3 form\u00e1ban telep\u00edten\u00e9nk e, hogy pl. USB meghajt\u00f3n m\u0171k\u00f6dj\u00f6n.<br \/>\n<img decoding=\"async\" loading=\"lazy\" alt=\"Lunascape telep\u00edt\u00e9s\" src=\"\/\/cuccokhalomban.csillagpor.hu\/pict\/lunascape-screenshot-0.jpg\" width=\"503\" height=\"389\" \/>\n<\/p>\n<p>Itt v\u00e1laszthatjuk ki p\u00e9ld\u00e1ul, hogy a Gecko motort \u00e9s a WebKit plugint telep\u00edtj\u00fck e.<br \/>\n<img decoding=\"async\" loading=\"lazy\" alt=\"Lunascape Gecko, Webkit\" src=\"\/\/cuccokhalomban.csillagpor.hu\/pict\/lunascape-screenshot-1.jpg\" width=\"504\" height=\"389\" \/>\n<\/p>\n<p>\u00c9s feltelep\u00fclt &#8230; l\u00e1that\u00f3 a f\u00fcles b\u00f6ng\u00e9sz\u00e9s lehet\u0151s\u00e9ge, \u00e9s ebb\u0151l a men\u00fcb\u0151l pl. a jelenlegi oldalt k\u00fcldhetj\u00fck el e-mailben.<br \/>\n<img decoding=\"async\" loading=\"lazy\" alt=\"Lunascape k\u00e9sz\" src=\"\/\/cuccokhalomban.csillagpor.hu\/pict\/lunascape-screenshot-2.jpg\" width=\"730\" height=\"487\" \/>\n<\/p>\n<p>A gombok gyors hozz\u00e1ad\u00e1sa \u00e9s elt\u00e1vol\u00edt\u00e1sa el\u00e9rhet\u0151 ebb\u0151l a men\u00fcb\u0151l, de vissza is \u00e1ll\u00edthatjuk az eredetit, ha valamit nagyon \u00f6sszekevern\u00e9nk.<br \/>\n<img decoding=\"async\" loading=\"lazy\" alt=\"Lunascape gombok\" src=\"\/\/cuccokhalomban.csillagpor.hu\/pict\/lunascape-screenshot-3.jpg\" width=\"730\" height=\"487\" \/>\n<\/p>\n<p>Egy m\u00e1s Lunascape st\u00edlus, ez pedig az oldal, ahonnan beszerezhet\u00fcnk m\u00e9g t\u00f6bbet &#8230; legyen az a vil\u00e1gosk\u00e9k &#8230;<br \/>\n<img decoding=\"async\" loading=\"lazy\" alt=\"Lunascape skin\" src=\"\/\/cuccokhalomban.csillagpor.hu\/pict\/lunascape-screenshot-4.jpg\" width=\"730\" height=\"487\" \/>\n<\/p>\n<p>V\u00edzszintes vagy f\u00fcgg\u0151leges feloszt\u00e1s n\u00e9zet.<br \/>\n<img decoding=\"async\" loading=\"lazy\" alt=\"Lunascape ikonok\" src=\"\/\/cuccokhalomban.csillagpor.hu\/pict\/lunascape-screenshot-5.jpg\" width=\"730\" height=\"487\" \/>\n<\/p>\n<p>Az Eszk\u00f6z\u00f6k men\u00fcbe itt vehet\u00fcnk fel saj\u00e1t alkalmaz\u00e1sokat, hogy k\u00f6nnyebben el\u00e9rhet\u0151ek legyenek.<br \/>\n<img decoding=\"async\" loading=\"lazy\" alt=\"Lunascape eszk\u00f6z\u00f6k\" src=\"\/\/cuccokhalomban.csillagpor.hu\/pict\/lunascape-screenshot-6.jpg\" width=\"730\" height=\"487\" \/>\n<\/p>\n<p>Itt pedig teljesen testre szabhatjuk az \u00f6sszes men\u00fct.<br \/>\n<img decoding=\"async\" loading=\"lazy\" alt=\"Lunascape men\u00fck\" src=\"\/\/cuccokhalomban.csillagpor.hu\/pict\/lunascape-screenshot-7.jpg\" width=\"730\" height=\"487\" \/>\n<\/p>\n<p>Fokozat n\u00e9zet.<br \/>\n<img decoding=\"async\" loading=\"lazy\" alt=\"Lunascape fokozat\" src=\"\/\/cuccokhalomban.csillagpor.hu\/pict\/lunascape-screenshot-8.jpg\" width=\"730\" height=\"461\" \/>\n<\/p>\n<p>Itt-ott m\u00e9g hib\u00e1dzik kicsit m\u00e9g a magyar&#8230; ha kiterjesztett m\u00f3dba kapcsolunk a Gecko motorn\u00e1l, akkor e teljes bels\u0151 b\u00f6ng\u00e9sz\u0151t kapunk, men\u00fcst\u0151l, mindenest\u0151l.<br \/>\n<img decoding=\"async\" loading=\"lazy\" alt=\"Lunascape Gecko extended\" src=\"\/\/cuccokhalomban.csillagpor.hu\/pict\/lunascape-screenshot-9.jpg\" width=\"730\" height=\"430\" \/>\n<\/p>\n<p>A Gecko motor be\u00e1ll\u00edt\u00e1sa, ismer\u0151s valahonnan?<br \/>\n<img decoding=\"async\" loading=\"lazy\" alt=\"Lunascape firefox\" src=\"\/\/cuccokhalomban.csillagpor.hu\/pict\/lunascape-screenshot-10.jpg\" width=\"730\" height=\"487\" \/>\n<\/p>\n<p>N\u00e9zet &#8211; Oldals\u00e1vok: Kedvencek, Kimeneti ablak, El\u0151zm\u00e9nyek, K\u00f6nyvt\u00e1rfa, InfoView, Feed, IE kedvencek, Online k\u00f6nyvjelz\u0151k &#8230; van p\u00e1r lehet\u0151s\u00e9g.<br \/>\n<img decoding=\"async\" loading=\"lazy\" alt=\"Lunascape oldals\u00e1vok\" src=\"\/\/cuccokhalomban.csillagpor.hu\/pict\/lunascape-screenshot-11.jpg\" width=\"730\" height=\"414\" \/>\n<\/p>\n<p>Web Inspector, azaz a WebKit motor forr\u00e1sk\u00f3d n\u00e9z\u0151je &#8230;<br \/>\n<img decoding=\"async\" loading=\"lazy\" alt=\"Lunascape Web Inspector\" src=\"\/\/cuccokhalomban.csillagpor.hu\/pict\/lunascape-screenshot-12.jpg\" width=\"730\" height=\"487\" \/>\n<\/p>\n<p>&#8230; \u00e9s a Gecko motor forr\u00e1sk\u00f3d n\u00e9z\u0151je.<br \/>\n<img decoding=\"async\" loading=\"lazy\" alt=\"Lunascape forr\u00e1sk\u00f3d\" src=\"\/\/cuccokhalomban.csillagpor.hu\/pict\/lunascape-screenshot-13.jpg\" width=\"730\" height=\"487\" \/>\n<\/p>\n<p>Eszk\u00f6z\u00f6k, K\u00f6nyvjelz\u0151k &#8230; \u00e9s a Trident, Gecko \u00e9s WebKit k\u00f6nyvjelz\u0151k k\u00fcl\u00f6n \u00e9rhet\u0151k el.<br \/>\n<img decoding=\"async\" loading=\"lazy\" alt=\"Lunascape k\u00f6nyvjelz\u0151k\" src=\"\/\/cuccokhalomban.csillagpor.hu\/pict\/lunascape-screenshot-14.jpg\" width=\"730\" height=\"411\" \/>\n<\/p>\n<p>Lunascape be\u00e1ll\u00edt\u00e1sok, kezd\u0151oldalak be\u00e1ll\u00edt\u00e1sa, ak\u00e1r b\u00f6ng\u00e9sz\u0151 motoronk\u00e9nt k\u00fcl\u00f6n-k\u00fcl\u00f6n, alap\u00e9rtelmezett b\u00f6ng\u00e9sz\u0151 motor kiv\u00e1laszt\u00e1sa.<br \/>\n<img decoding=\"async\" loading=\"lazy\" alt=\"Lunascape kezd\u0151oldal\" src=\"\/\/cuccokhalomban.csillagpor.hu\/pict\/lunascape-screenshot-15.jpg\" width=\"481\" height=\"500\" \/>\n<\/p>\n<p>Rendszeres biztons\u00e1gi ment\u00e9s a profilokr\u00f3l \u00e9s biztons\u00e1gi m\u00e1solat is, ha kell.<br \/>\n<img decoding=\"async\" loading=\"lazy\" alt=\"Lunascape biztons\u00e1gi m\u00e1solat\" src=\"\/\/cuccokhalomban.csillagpor.hu\/pict\/lunascape-screenshot-16.jpg\" width=\"481\" height=\"500\" \/>\n<\/p>\n<p>A Lunascape-hez hozz\u00e1rendelni k\u00edv\u00e1nt f\u00e1jlt\u00edpusok megad\u00e1sa.<br \/>\n<img decoding=\"async\" loading=\"lazy\" alt=\"Lunascape f\u00e1jlok\" src=\"\/\/cuccokhalomban.csillagpor.hu\/pict\/lunascape-screenshot-17.jpg\" width=\"481\" height=\"500\" \/>\n<\/p>\n<p>A Trident (Internet Explorer) motor be\u00e1ll\u00edt\u00e1sai.<br \/>\n<img decoding=\"async\" loading=\"lazy\" alt=\"Lunascape Trident\" src=\"\/\/cuccokhalomban.csillagpor.hu\/pict\/lunascape-screenshot-18.jpg\" width=\"481\" height=\"500\" \/>\n<\/p>\n<p>Gecko motor (pl. Firefox) be\u00e1ll\u00edt\u00e1sok \u00e9s lejjebb a WebKit, de ott nincs semmi k\u00fcl\u00f6n\u00f6s :-)<br \/>\n<img decoding=\"async\" loading=\"lazy\" alt=\"Lunascape Gecko\" src=\"\/\/cuccokhalomban.csillagpor.hu\/pict\/lunascape-screenshot-19.jpg\" width=\"481\" height=\"500\" \/>\n<\/p>\n<p>A lapok nagyon r\u00e9szletesen be\u00e1ll\u00edthat\u00f3k, m\u00e9g a st\u00edlusuk is.<br \/>\n<img decoding=\"async\" loading=\"lazy\" alt=\"Lunascape lapok\" src=\"\/\/cuccokhalomban.csillagpor.hu\/pict\/lunascape-screenshot-20.jpg\" width=\"481\" height=\"500\" \/>\n<\/p>\n<p>Eg\u00e9rm\u0171veletek. K\u00fcl\u00f6n be\u00e1ll\u00edthat\u00f3 a lapokon, a b\u00f6ng\u00e9sz\u0151ben, a hivatkoz\u00e1sokon, be\u00e1ll\u00edthat\u00f3 a g\u00f6rg\u0151 is.<br \/>\n<img decoding=\"async\" loading=\"lazy\" alt=\"Lunascape eg\u00e9r\" src=\"\/\/cuccokhalomban.csillagpor.hu\/pict\/lunascape-screenshot-21.jpg\" width=\"481\" height=\"500\" \/>\n<\/p>\n<p>Eg\u00e9rmozdulatok be\u00e1ll\u00edt\u00e1sa.<br \/>\n<img decoding=\"async\" loading=\"lazy\" alt=\"Lunascape eg\u00e9rmozdulatok\" src=\"\/\/cuccokhalomban.csillagpor.hu\/pict\/lunascape-screenshot-22.jpg\" width=\"481\" height=\"500\" \/>\n<\/p>\n<p>A c\u00edms\u00e1v keres\u0151motorja is be\u00e1ll\u00edthat\u00f3! Itt adhat\u00f3 meg az automatikus kieg\u00e9sz\u00edt\u00e9s is, \u00e9s mindenhov\u00e1 k\u00fcl\u00f6nf\u00e9le keres\u0151k \u00e1ll\u00edthat\u00f3k be.<br \/>\n<img decoding=\"async\" loading=\"lazy\" alt=\"Lunascape keres\u0151\" src=\"\/\/cuccokhalomban.csillagpor.hu\/pict\/lunascape-screenshot-24.jpg\" width=\"481\" height=\"500\" \/>\n<\/p>\n<p>Itt azt\u00e1n minden \u00fagy \u00e1ll\u00edtgatunk ahogy akarunk!<br \/>\n<img decoding=\"async\" loading=\"lazy\" alt=\"Lunascape\" src=\"\/\/cuccokhalomban.csillagpor.hu\/pict\/lunascape-screenshot-25.jpg\" width=\"481\" height=\"500\" \/>\n<\/p>\n<p>Az RSS h\u00edrek a lapf\u00fclek jobboldal\u00e1n megjelen\u00edtett s\u00e1vj\u00e1t \u00e1ll\u00edtgathatjuk itt kedv\u00fcnkre, ak\u00e1r ki is kapcsolhatjuk.<br \/>\n<img decoding=\"async\" loading=\"lazy\" alt=\"Lunascape RSS\" src=\"\/\/cuccokhalomban.csillagpor.hu\/pict\/lunascape-screenshot-26.jpg\" width=\"481\" height=\"500\" \/>\n<\/p>\n<p>Az eg\u00e9rm\u0171veletek egy igen hasznos alap tulajdons\u00e1ga, hogy ha eg\u00e9rrel kijel\u00f6l\u00fcnk egy sz\u00f6vegr\u00e9szt, automatikusan megjelenik ez a men\u00fc. Innen azt\u00e1n ford\u00edthatunk, kereshet\u00fcnk, m\u00e1solhatunk kedv\u00fcnkre!<br \/>\n<img decoding=\"async\" loading=\"lazy\" alt=\"Lunascape kijel\u00f6l\u00e9s men\u00fc\" src=\"\/\/cuccokhalomban.csillagpor.hu\/pict\/lunascape-screenshot-27.jpg\" width=\"730\" height=\"487\" \/><\/p>\n","protected":false},"excerpt":{"rendered":"<p><a target=\"_blank\" title=\"Lunascape k\u00e9perny\u0151k\u00e9pek\" href=\"\/\/csillagpor.hu\/remek\/programok\/lunascape-screenshot\" rel=\"noopener noreferrer\"><img decoding=\"async\" loading=\"lazy\" alt=\"Lunascape\" src=\"\/\/cuccokhalomban.csillagpor.hu\/pict\/lunascape-kicsi.jpg\" width=\"100\" height=\"100\" class=\"flr\" \/><\/a>A Lunascape 3 motoros b\u00f6ng\u00e9sz\u0151 telep\u00edt\u00e9sekor v\u00e1laszthatunk, hogy az alap\u00e9rtelmezett vagy a magunk v\u00e1logatott telep\u00edt\u00e9st szeretn\u00e9nk e, esetleg hordozhat\u00f3 form\u00e1ban telep\u00edten\u00e9nk e, hogy pl. USB meghajt\u00f3n m\u0171k\u00f6dj\u00f6n. Itt v\u00e1laszthatjuk ki p\u00e9ld\u00e1ul, hogy a Gecko motort \u00e9s a WebKit plugint telep\u00edtj\u00fck e. \u00c9s feltelep\u00fclt &#8230; l\u00e1that\u00f3 a f\u00fcles b\u00f6ng\u00e9sz\u00e9s lehet\u0151s\u00e9ge, \u00e9s ebb\u0151l a men\u00fcb\u0151l pl. a jelenlegi oldalt k\u00fcldhetj\u00fck el e-mailben&#8230;<\/p>\n","protected":false},"author":1,"featured_media":0,"parent":0,"menu_order":0,"comment_status":"closed","ping_status":"closed","template":"","meta":{"footnotes":""},"_links":{"self":[{"href":"https:\/\/csillagpor.hu\/remek\/programok\/wp-json\/wp\/v2\/pages\/1368"}],"collection":[{"href":"https:\/\/csillagpor.hu\/remek\/programok\/wp-json\/wp\/v2\/pages"}],"about":[{"href":"https:\/\/csillagpor.hu\/remek\/programok\/wp-json\/wp\/v2\/types\/page"}],"author":[{"embeddable":true,"href":"https:\/\/csillagpor.hu\/remek\/programok\/wp-json\/wp\/v2\/users\/1"}],"replies":[{"embeddable":true,"href":"https:\/\/csillagpor.hu\/remek\/programok\/wp-json\/wp\/v2\/comments?post=1368"}],"version-history":[{"count":0,"href":"https:\/\/csillagpor.hu\/remek\/programok\/wp-json\/wp\/v2\/pages\/1368\/revisions"}],"wp:attachment":[{"href":"https:\/\/csillagpor.hu\/remek\/programok\/wp-json\/wp\/v2\/media?parent=1368"}],"curies":[{"name":"wp","href":"https:\/\/api.w.org\/{rel}","templated":true}]}}