{"id":1371,"date":"2012-09-29T16:31:06","date_gmt":"2012-09-29T14:31:06","guid":{"rendered":"http:\/\/csillagpor.hu\/remek\/programok\/?page_id=1371"},"modified":"2022-06-30T18:00:03","modified_gmt":"2022-06-30T16:00:03","slug":"slow-mp3-screenshot","status":"publish","type":"page","link":"https:\/\/csillagpor.hu\/remek\/programok\/slow-mp3-screenshot","title":{"rendered":"Slow MP3 k\u00e9perny\u0151k\u00e9pek"},"content":{"rendered":"<p><a target=\"_blank\" title=\"slow-mp3\" href=\"\/\/csillagpor.hu\/remek\/programok\/slow-mp3\" rel=\"noopener noreferrer\">A Slow MP3<\/a> ind\u00edt\u00e1s\u00e1hoz sz\u00fcks\u00e9ges a <a target=\"_blank\" title=\"java\" href=\"\/\/csillagpor.hu\/remek\/programok\/java-letoltese\" rel=\"noopener noreferrer\">Java motor<\/a> megl\u00e9te.<br \/>\n<img decoding=\"async\" loading=\"lazy\" alt=\"Slow MP3 elindult\" src=\"\/\/cuccokhalomban.csillagpor.hu\/pict\/slowmp3-screenshot-1.jpg\" width=\"821\" height=\"430\" \/>\n<\/p>\n<p>Bet\u00f6lt\u00fcnk egy MP3 zen\u00e9t, \u00e9s elind\u00edtjuk. Most minden alapbe\u00e1ll\u00edt\u00e1ssal megy.<br \/>\n<img decoding=\"async\" loading=\"lazy\" alt=\"Slow MP3 zene\" src=\"\/\/cuccokhalomban.csillagpor.hu\/pict\/slowmp3-screenshot-2.jpg\" width=\"820\" height=\"429\" \/>\n<\/p>\n<p>Az eg\u00e9rrel kijel\u00f6lt r\u00e9szt ism\u00e9telgeti, ha \u00e9pp ott j\u00e1r &#8230; a Speed-n\u00e9l m\u00e1r kicsit lelass\u00edtva, el\u0151re h\u00e1tra tekerhetj\u00fck gombokkal vagy billenty\u0171zettel.<br \/>\n<img decoding=\"async\" loading=\"lazy\" alt=\"Slow MP3 teker\u00e9s, lass\u00edt\u00e1s\" src=\"\/\/cuccokhalomban.csillagpor.hu\/pict\/slowmp3-screenshot-3.jpg\" width=\"820\" height=\"429\" \/>\n<\/p>\n<p>A File men\u00fcpontn\u00e1l t\u00f6lthetj\u00fck be a zenef\u00e1jlt.<br \/>\n<img decoding=\"async\" loading=\"lazy\" alt=\"Slow MP3 f\u00e1jl\" src=\"\/\/cuccokhalomban.csillagpor.hu\/pict\/slowmp3-screenshot-4.jpg\" width=\"820\" height=\"429\" \/>\n<\/p>\n<p>Karaoke m\u00f3d, azaz a zene marad, az \u00e9neket, besz\u00e9det lehalk\u00edtja, ha lehet eln\u00e9m\u00edtja. A Transpose f\u00e9l hanggal feljebb-lejjebb \u00e1ll\u00edtja a zen\u00e9t.<br \/>\n<img decoding=\"async\" loading=\"lazy\" alt=\"Slow MP3 karaoke m\u00f3d\" src=\"\/\/cuccokhalomban.csillagpor.hu\/pict\/slowmp3-screenshot-5.jpg\" width=\"820\" height=\"429\" \/>\n<\/p>\n<p>Lent bekapcsolva a Transcribe, azaz \u00e1t\u00edr\u00e1s. Innen lehet ellesni, mit hogy j\u00e1tszik az el\u0151ad\u00f3. A Sharp \u00e9s a Smooth a hangmagass\u00e1g v\u00e1lt\u00e1sra vonatkozik.<br \/>\n<img decoding=\"async\" loading=\"lazy\" alt=\"Slow MP3 \u00e1t\u00edr\u00e1s\" src=\"\/\/cuccokhalomban.csillagpor.hu\/pict\/slowmp3-screenshot-6.jpg\" width=\"820\" height=\"429\" \/>\n<\/p>\n<p>Itt a kijel\u00f6lt r\u00e9szt ism\u00e9telgeti nek\u00fcnk nagyon lassan \u00e9s m\u00e9lyebben, \u00edgy k\u00f6nnyen elleshetj\u00fck mit, hogy kellene j\u00e1tszani.<br \/>\n<img decoding=\"async\" loading=\"lazy\" alt=\"Slow MP3 less\u00fck el\" src=\"\/\/cuccokhalomban.csillagpor.hu\/pict\/slowmp3-screenshot-7.jpg\" width=\"820\" height=\"429\" \/><\/p>\n","protected":false},"excerpt":{"rendered":"<p>A Slow MP3 ind\u00edt\u00e1s\u00e1hoz sz\u00fcks\u00e9ges a Java motor megl\u00e9te. Bet\u00f6lt\u00fcnk egy MP3 zen\u00e9t, \u00e9s elind\u00edtjuk. Most minden alapbe\u00e1ll\u00edt\u00e1ssal megy. Az eg\u00e9rrel kijel\u00f6lt r\u00e9szt&#46;&#46;&#46;<\/p>\n","protected":false},"author":1,"featured_media":0,"parent":0,"menu_order":0,"comment_status":"closed","ping_status":"closed","template":"","meta":{"footnotes":""},"_links":{"self":[{"href":"https:\/\/csillagpor.hu\/remek\/programok\/wp-json\/wp\/v2\/pages\/1371"}],"collection":[{"href":"https:\/\/csillagpor.hu\/remek\/programok\/wp-json\/wp\/v2\/pages"}],"about":[{"href":"https:\/\/csillagpor.hu\/remek\/programok\/wp-json\/wp\/v2\/types\/page"}],"author":[{"embeddable":true,"href":"https:\/\/csillagpor.hu\/remek\/programok\/wp-json\/wp\/v2\/users\/1"}],"replies":[{"embeddable":true,"href":"https:\/\/csillagpor.hu\/remek\/programok\/wp-json\/wp\/v2\/comments?post=1371"}],"version-history":[{"count":0,"href":"https:\/\/csillagpor.hu\/remek\/programok\/wp-json\/wp\/v2\/pages\/1371\/revisions"}],"wp:attachment":[{"href":"https:\/\/csillagpor.hu\/remek\/programok\/wp-json\/wp\/v2\/media?parent=1371"}],"curies":[{"name":"wp","href":"https:\/\/api.w.org\/{rel}","templated":true}]}}