{"id":1381,"date":"2012-10-15T11:55:27","date_gmt":"2012-10-15T09:55:27","guid":{"rendered":"http:\/\/csillagpor.hu\/remek\/programok\/?page_id=1381"},"modified":"2022-06-30T18:21:26","modified_gmt":"2022-06-30T16:21:26","slug":"feeddemon-screenshot","status":"publish","type":"page","link":"https:\/\/csillagpor.hu\/remek\/programok\/feeddemon-screenshot","title":{"rendered":"FeedDemon k\u00e9perny\u0151k\u00e9pek"},"content":{"rendered":"<p>Kezd\u0151dik <a target=\"_blank\" title=\"feeddemon\" href=\"\/\/csillagpor.hu\/remek\/programok\/feeddemon\" rel=\"noopener noreferrer\">a FeedDemon<\/a> <a target=\"_blank\" title=\"feed\" href=\"\/\/csillagpor.hu\/remek\/programok\/feed-olvasok-szerkesztok\" rel=\"noopener noreferrer\">feed olvas\u00f3 \u00e9s keres\u0151<\/a> telep\u00edt\u00e9se.<br \/>\n<img decoding=\"async\" loading=\"lazy\" alt=\"FeedDemon telep\u00edt\u00e9s\" src=\"\/\/cuccokhalomban.csillagpor.hu\/pict\/feeddemon-screenshot-1.jpg\" width=\"586\" height=\"443\" \/>\n<\/p>\n<p>Szinkroniz\u00e1lhatjuk feedjeinket a Google Readerrel, itt \u00e9ppen ez fejez\u0151d\u00f6tt be.<br \/>\n<img decoding=\"async\" loading=\"lazy\" alt=\"FeedDemon Google Reader szinkroniz\u00e1l\u00e1s\" src=\"\/\/cuccokhalomban.csillagpor.hu\/pict\/feeddemon-screenshot-2.jpg\" width=\"569\" height=\"452\" \/>\n<\/p>\n<p>Be\u00e1ll\u00edthatjuk, hogy mennyi id\u0151 ut\u00e1n min\u0151s\u00edtse olvasottnak a nem olvasott h\u00edreket, \u00edgy k\u00f6vethet\u0151bb, ha \u00fajdons\u00e1g \u00e9rkezett.<br \/>\n<img decoding=\"async\" loading=\"lazy\" alt=\"FeedDemon olvasott\" src=\"\/\/cuccokhalomban.csillagpor.hu\/pict\/feeddemon-screenshot-3.jpg\" width=\"730\" height=\"345\" \/>\n<\/p>\n<p>Feed export, import \u00e9s offline b\u00f6ng\u00e9sz\u00e9s is lehets\u00e9ges.<br \/>\n<img decoding=\"async\" loading=\"lazy\" alt=\"FeedDemon export, import\" src=\"\/\/cuccokhalomban.csillagpor.hu\/pict\/feeddemon-screenshot-4.jpg\" width=\"730\" height=\"402\" \/>\n<\/p>\n<p>Egy adott feed be\u00e1ll\u00edt\u00e1sai, van amit csak a PRO verzi\u00f3ban \u00e9rhet\u00fcnk el.<br \/>\n<img decoding=\"async\" loading=\"lazy\" alt=\"FeedDemon feed be\u00e1ll\u00edt\u00e1s\" src=\"\/\/cuccokhalomban.csillagpor.hu\/pict\/feeddemon-screenshot-5.jpg\" width=\"730\" height=\"402\" \/>\n<\/p>\n<p>Egy mappa be\u00e1ll\u00edt\u00e1sai \u00e9s statisztika.<br \/>\n<img decoding=\"async\" loading=\"lazy\" alt=\"FeedDemon mappa\" src=\"\/\/cuccokhalomban.csillagpor.hu\/pict\/feeddemon-screenshot-6.jpg\" width=\"730\" height=\"402\" \/>\n<\/p>\n<p>Besz\u00e1mol\u00f3k.<br \/>\n<img decoding=\"async\" loading=\"lazy\" alt=\"FeedDemon besz\u00e1mol\u00f3k\" src=\"\/\/cuccokhalomban.csillagpor.hu\/pict\/feeddemon-screenshot-7.jpg\" width=\"730\" height=\"402\" \/>\n<\/p>\n<p>F\u00fcles b\u00f6ng\u00e9sz\u00e9s, \u00faj f\u00fcl l\u00e9trehoz\u00e1sa, nagy\u00edt\u00e1s, nyomtat\u00e1s.<br \/>\n<img decoding=\"async\" loading=\"lazy\" alt=\"FeedDemon f\u00fclek\" src=\"\/\/cuccokhalomban.csillagpor.hu\/pict\/feeddemon-screenshot-8.jpg\" width=\"730\" height=\"402\" \/>\n<\/p>\n<p>Eszk\u00f6z\u00f6k, Panic Button!, tiszt\u00edt\u00f3 var\u00e1zsl\u00f3, \u00e9s a Feed keres\u0151.<br \/>\n<img decoding=\"async\" loading=\"lazy\" alt=\"FeedDemon keres\u0151\" src=\"\/\/cuccokhalomban.csillagpor.hu\/pict\/feeddemon-screenshot-9.jpg\" width=\"730\" height=\"402\" \/>\n<\/p>\n<p>Ha takar\u00edtani szeretn\u00e9nk, milyen r\u00e9gi, egy feeden bel\u00fcl h\u00e1ny cikk maradjon, maradjanak a csillagos, olvasatlan, c\u00edmk\u00e9zett cikkek.<br \/>\n<img decoding=\"async\" loading=\"lazy\" alt=\"FeedDemon takar\u00edt\u00e1s\" src=\"\/\/cuccokhalomban.csillagpor.hu\/pict\/feeddemon-screenshot-10.jpg\" width=\"730\" height=\"402\" \/>\n<\/p>\n<p>Google account a Google Reader szinkroniz\u00e1ci\u00f3hoz.<br \/>\n<img decoding=\"async\" loading=\"lazy\" alt=\"FeedDemon Google account\" src=\"\/\/cuccokhalomban.csillagpor.hu\/pict\/feeddemon-screenshot-11.jpg\" width=\"730\" height=\"402\" \/>\n<\/p>\n<p>A FeedDemon be\u00e1ll\u00edt\u00e1sai, \u00e1ltal\u00e1nos, olvas\u00e1s, figyelmeztet\u00e9sek, fel\u00fclet.<br \/>\n<img decoding=\"async\" loading=\"lazy\" alt=\"FeedDemon be\u00e1ll\u00edt\u00e1sok\" src=\"\/\/cuccokhalomban.csillagpor.hu\/pict\/feeddemon-screenshot-12.jpg\" width=\"730\" height=\"402\" \/>\n<\/p>\n<p>Minden bejegyz\u00e9st c\u00edmk\u00e9zhet\u00fcnk.<br \/>\n<img decoding=\"async\" loading=\"lazy\" alt=\"FeedDemon c\u00edmk\u00e9k\" src=\"\/\/cuccokhalomban.csillagpor.hu\/pict\/feeddemon-screenshot-13.jpg\" width=\"730\" height=\"369\" \/>\n<\/p>\n<p>Egy m\u00e1sik olvas\u00f3 n\u00e9zetben egy csillagozott cikk.<br \/>\n<img decoding=\"async\" loading=\"lazy\" alt=\"FeedDemon m\u00e1s n\u00e9zet\" src=\"\/\/cuccokhalomban.csillagpor.hu\/pict\/feeddemon-screenshot-14.jpg\" width=\"730\" height=\"402\" \/>\n<\/p>\n<p>Feed keres\u0151 m\u0171k\u00f6d\u00e9s k\u00f6zben.<br \/>\n<img decoding=\"async\" loading=\"lazy\" alt=\"FeedDemon feed keres\u0151\" src=\"\/\/cuccokhalomban.csillagpor.hu\/pict\/feeddemon-screenshot-15.jpg\" width=\"730\" height=\"402\" \/>\n<\/p>\n<p>K\u00fcl\u00f6nf\u00e9le megoszt\u00e1si, k\u00fcld\u00e9si, m\u00e1sol\u00e1si lehet\u0151s\u00e9gek.<br \/>\n<img decoding=\"async\" loading=\"lazy\" alt=\"FeedDemon megoszt\u00e1s\" src=\"\/\/cuccokhalomban.csillagpor.hu\/pict\/feeddemon-screenshot-16.jpg\" width=\"730\" height=\"412\" \/><\/p>\n","protected":false},"excerpt":{"rendered":"<p><a target=\"_blank\" title=\"FeedDemon k\u00e9perny\u0151k\u00e9pek\" href=\"\/\/csillagpor.hu\/remek\/programok\/feeddemon-screenshot\" rel=\"noopener noreferrer\"><img decoding=\"async\" loading=\"lazy\" alt=\"FeedDemon\" src=\"\/\/cuccokhalomban.csillagpor.hu\/pict\/feeddemon-kicsi.jpg\" width=\"100\" height=\"55\" class=\"flr\" \/><\/a>Kezd\u0151dik a FeedDemon feed olvas\u00f3 \u00e9s keres\u0151 telep\u00edt\u00e9se&#8230; Szinkroniz\u00e1lhatjuk feedjeinket a Google Readerrel, itt \u00e9ppen ez fejez\u0151d\u00f6tt be. Be\u00e1ll\u00edthatjuk, hogy mennyi id\u0151 ut\u00e1n min\u0151s\u00edtse olvasottnak a nem olvasott h\u00edreket, \u00edgy k\u00f6vethet\u0151bb, ha \u00fajdons\u00e1g \u00e9rkezett. Feed export, import \u00e9s offline b\u00f6ng\u00e9sz\u00e9s is lehets\u00e9ges&#8230;<\/p>\n","protected":false},"author":1,"featured_media":0,"parent":0,"menu_order":0,"comment_status":"closed","ping_status":"closed","template":"","meta":{"footnotes":""},"_links":{"self":[{"href":"https:\/\/csillagpor.hu\/remek\/programok\/wp-json\/wp\/v2\/pages\/1381"}],"collection":[{"href":"https:\/\/csillagpor.hu\/remek\/programok\/wp-json\/wp\/v2\/pages"}],"about":[{"href":"https:\/\/csillagpor.hu\/remek\/programok\/wp-json\/wp\/v2\/types\/page"}],"author":[{"embeddable":true,"href":"https:\/\/csillagpor.hu\/remek\/programok\/wp-json\/wp\/v2\/users\/1"}],"replies":[{"embeddable":true,"href":"https:\/\/csillagpor.hu\/remek\/programok\/wp-json\/wp\/v2\/comments?post=1381"}],"version-history":[{"count":0,"href":"https:\/\/csillagpor.hu\/remek\/programok\/wp-json\/wp\/v2\/pages\/1381\/revisions"}],"wp:attachment":[{"href":"https:\/\/csillagpor.hu\/remek\/programok\/wp-json\/wp\/v2\/media?parent=1381"}],"curies":[{"name":"wp","href":"https:\/\/api.w.org\/{rel}","templated":true}]}}