{"id":1391,"date":"2012-11-04T17:34:49","date_gmt":"2012-11-04T16:34:49","guid":{"rendered":"http:\/\/csillagpor.hu\/remek\/programok\/?page_id=1391"},"modified":"2022-06-30T18:10:47","modified_gmt":"2022-06-30T16:10:47","slug":"media-player-classic-be-screenshot","status":"publish","type":"page","link":"https:\/\/csillagpor.hu\/remek\/programok\/media-player-classic-be-screenshot","title":{"rendered":"Media Player Classic &#8211; BE k\u00e9perny\u0151k\u00e9pek"},"content":{"rendered":"<p>Telep\u00edt\u00e9skor az \u00f6sszetev\u0151k kiv\u00e1laszt\u00e1sa. Alap\u00e9rtelmez\u00e9sben nincsenek hozz\u00e1rendelve az audio \u00e9s vide\u00f3 f\u00e1jlok.<br \/>\n<img decoding=\"async\" loading=\"lazy\" alt=\"Media Player Classic - BE telep\u00edt\u00e9s\" src=\"\/\/cuccokhalomban.csillagpor.hu\/pict\/media-player-classic-be-screenshot-1.jpg\" width=\"503\" height=\"388\" \/>\n<\/p>\n<p><a target=\"_blank\" title=\"media player classic be\" href=\"\/\/csillagpor.hu\/remek\/programok\/media-player-classic-be\" rel=\"noopener noreferrer\">Media Player Classic &#8211; BE<\/a>, a ny\u00edlt forr\u00e1s\u00fa <a target=\"_blank\" title=\"multim\u00e9dia\" href=\"\/\/csillagpor.hu\/remek\/programok\/multimedia-lejatszo-programok\" rel=\"noopener noreferrer\">vide\u00f3 lej\u00e1tsz\u00f3 program<\/a> egyszer\u0171 fel\u00fclete.<br \/>\n<img decoding=\"async\" loading=\"lazy\" alt=\"Media Player Classic - BE\" src=\"\/\/cuccokhalomban.csillagpor.hu\/pict\/media-player-classic-be-screenshot-2.jpg\" width=\"471\" height=\"388\" \/>\n<\/p>\n<p>F\u00e1jl, DVD, k\u00fcls\u0151 eszk\u00f6z\u00f6k \u00e9s mappa megnyit\u00e1sa, felirat adatb\u00e1zis keres\u00e9se.<br \/>\n<img decoding=\"async\" loading=\"lazy\" alt=\"Media Player Classic - BE f\u00e1jl\" src=\"\/\/cuccokhalomban.csillagpor.hu\/pict\/media-player-classic-be-screenshot-3.jpg\" width=\"471\" height=\"454\" \/>\n<\/p>\n<p>N\u00e9zet, vide\u00f3 \u00e1talak\u00edt\u00f3 be\u00e1ll\u00edt\u00e1sok \u00e9s mindig legfel\u00fcl.<br \/>\n<img decoding=\"async\" loading=\"lazy\" alt=\"Media Player Classic - BE n\u00e9zet\" src=\"\/\/cuccokhalomban.csillagpor.hu\/pict\/media-player-classic-be-screenshot-4.jpg\" width=\"582\" height=\"532\" \/>\n<\/p>\n<p>A lej\u00e1tsz\u00e1s billenty\u0171kombin\u00e1ci\u00f3i \u00e9s mit tegyen lej\u00e1tsz\u00e1s ut\u00e1n.<br \/>\n<img decoding=\"async\" loading=\"lazy\" alt=\"Media Player Classic - BE lej\u00e1tsz\u00e1s\" src=\"\/\/cuccokhalomban.csillagpor.hu\/pict\/media-player-classic-be-screenshot-5.jpg\" width=\"601\" height=\"388\" \/>\n<\/p>\n<p>Navig\u00e1l\u00e1s k\u00f6nyvt\u00e1rakon, DVD bel\u00fcl.<br \/>\n<img decoding=\"async\" loading=\"lazy\" alt=\"Media Player Classic - BE navig\u00e1l\u00e1s\" src=\"\/\/cuccokhalomban.csillagpor.hu\/pict\/media-player-classic-be-screenshot-6.jpg\" width=\"471\" height=\"388\" \/>\n<\/p>\n<p>Az mpc-be.exe parancssori f\u00e1jl kapcsol\u00f3inak le\u00edr\u00e1sa.<br \/>\n<img decoding=\"async\" loading=\"lazy\" alt=\"Media Player Classic - BE mpc-be.exe\" src=\"\/\/cuccokhalomban.csillagpor.hu\/pict\/media-player-classic-be-screenshot-7.jpg\" width=\"424\" height=\"500\" \/>\n<\/p>\n<p>Megnyit\u00e1skor a vide\u00f3 mell\u00e9 szinkron hang f\u00e1jlt is bet\u00f6lthet\u00fcnk, vagy csak hozz\u00e1adjuk a lej\u00e1tsz\u00e1si list\u00e1hoz megnyit\u00e1s n\u00e9lk\u00fcl.<br \/>\n<img decoding=\"async\" loading=\"lazy\" alt=\"Media Player Classic - BE megnyit\u00e1s\" src=\"\/\/cuccokhalomban.csillagpor.hu\/pict\/media-player-classic-be-screenshot-8.jpg\" width=\"471\" height=\"388\" \/>\n<\/p>\n<p>Elind\u00edtottam egy mp3 f\u00e1jl, minden inform\u00e1ci\u00f3 l\u00e1that\u00f3 r\u00f3la, ha a n\u00e9zetben bekapcsoljuk ezeket az opci\u00f3kat.<br \/>\n<img decoding=\"async\" loading=\"lazy\" alt=\"Media Player Classic - BE mp3\" src=\"\/\/cuccokhalomban.csillagpor.hu\/pict\/media-player-classic-be-screenshot-8-1.jpg\" width=\"471\" height=\"464\" \/>\n<\/p>\n<p>A lej\u00e1tsz\u00f3 be\u00e1ll\u00edt\u00e1sai: ablak fejl\u00e9csor be\u00e1ll\u00edt\u00e1sok, megnyitott f\u00e1jlok el\u0151zm\u00e9nyeinek megtart\u00e1sa, DVD, f\u00e1jl \u00e9s utols\u00f3 ablak poz\u00edci\u00f3 megjegyz\u00e9se &#8230;<br \/>\n<img decoding=\"async\" loading=\"lazy\" alt=\"Media Player Classic - BE lej\u00e1tsz\u00f3\" src=\"\/\/cuccokhalomban.csillagpor.hu\/pict\/media-player-classic-be-screenshot-9.jpg\" width=\"650\" height=\"489\" \/>\n<\/p>\n<p>Form\u00e1tumok, f\u00e1jlkiterjeszt\u00e9sek: avi, mpeg, m2ts, vob \u00e9s ifo, mkv, webm, mp4 \u00e9s mov, 3gpp, flv \u00e9s t\u00e1rsaik &#8230;<br \/>\n<img decoding=\"async\" loading=\"lazy\" alt=\"Media Player Classic - BE kiterjeszt\u00e9sek\" src=\"\/\/cuccokhalomban.csillagpor.hu\/pict\/media-player-classic-be-screenshot-10.jpg\" width=\"650\" height=\"489\" \/>\n<\/p>\n<p>DVD vagy VIDEO_TS mappa el\u00e9r\u00e9si \u00fatja, men\u00fc nyelv \u00e9s m\u00e1s DVD\/OGM be\u00e1ll\u00edt\u00e1sok.<br \/>\n<img decoding=\"async\" loading=\"lazy\" alt=\"Media Player Classic - BE DVD\" src=\"\/\/cuccokhalomban.csillagpor.hu\/pict\/media-player-classic-be-screenshot-11.jpg\" width=\"650\" height=\"489\" \/>\n<\/p>\n<p>Kimenet: Audio renderer, DirectShow vide\u00f3, RealMedia vide\u00f3, QuickTime vide\u00f3 \u00e9s m\u00e1s be\u00e1ll\u00edt\u00e1sok.<br \/>\n<img decoding=\"async\" loading=\"lazy\" alt=\"Media Player Classic - BE kimenet\" src=\"\/\/cuccokhalomban.csillagpor.hu\/pict\/media-player-classic-be-screenshot-12.jpg\" width=\"650\" height=\"489\" \/>\n<\/p>\n<p>Vide\u00f3 \u00e9s hang r\u00f6gz\u00edt\u00e9s, anal\u00f3g vagy digit\u00e1lis eszk\u00f6z\u00f6kr\u0151l.<br \/>\n<img decoding=\"async\" loading=\"lazy\" alt=\"Media Player Classic - BE felv\u00e9tel\" src=\"\/\/cuccokhalomban.csillagpor.hu\/pict\/media-player-classic-be-screenshot-13.jpg\" width=\"650\" height=\"489\" \/>\n<\/p>\n<p>Bels\u0151 sz\u0171r\u0151k, AVI \u00e9s MPEG Splitter be\u00e1ll\u00edt\u00e1sok.<br \/>\n<img decoding=\"async\" loading=\"lazy\" alt=\"Media Player Classic - BE bels\u0151 sz\u0171r\u0151k\" src=\"\/\/cuccokhalomban.csillagpor.hu\/pict\/media-player-classic-be-screenshot-14.jpg\" width=\"650\" height=\"489\" \/>\n<\/p>\n<p>Feliratok be\u00e1ll\u00edt\u00e1sai, lejjebb bet\u0171t\u00edpust, sz\u00ednt is lehet \u00e1ll\u00edtani.<br \/>\n<img decoding=\"async\" loading=\"lazy\" alt=\"Media Player Classic - BE feliratok\" src=\"\/\/cuccokhalomban.csillagpor.hu\/pict\/media-player-classic-be-screenshot-15.jpg\" width=\"650\" height=\"489\" \/><\/p>\n","protected":false},"excerpt":{"rendered":"<p>Telep\u00edt\u00e9skor az \u00f6sszetev\u0151k kiv\u00e1laszt\u00e1sa. Alap\u00e9rtelmez\u00e9sben nincsenek hozz\u00e1rendelve az audio \u00e9s vide\u00f3 f\u00e1jlok. Media Player Classic &#8211; BE, a ny\u00edlt forr\u00e1s\u00fa vide\u00f3 lej\u00e1tsz\u00f3 program&#46;&#46;&#46;<\/p>\n","protected":false},"author":1,"featured_media":0,"parent":0,"menu_order":0,"comment_status":"closed","ping_status":"closed","template":"","meta":{"footnotes":""},"_links":{"self":[{"href":"https:\/\/csillagpor.hu\/remek\/programok\/wp-json\/wp\/v2\/pages\/1391"}],"collection":[{"href":"https:\/\/csillagpor.hu\/remek\/programok\/wp-json\/wp\/v2\/pages"}],"about":[{"href":"https:\/\/csillagpor.hu\/remek\/programok\/wp-json\/wp\/v2\/types\/page"}],"author":[{"embeddable":true,"href":"https:\/\/csillagpor.hu\/remek\/programok\/wp-json\/wp\/v2\/users\/1"}],"replies":[{"embeddable":true,"href":"https:\/\/csillagpor.hu\/remek\/programok\/wp-json\/wp\/v2\/comments?post=1391"}],"version-history":[{"count":0,"href":"https:\/\/csillagpor.hu\/remek\/programok\/wp-json\/wp\/v2\/pages\/1391\/revisions"}],"wp:attachment":[{"href":"https:\/\/csillagpor.hu\/remek\/programok\/wp-json\/wp\/v2\/media?parent=1391"}],"curies":[{"name":"wp","href":"https:\/\/api.w.org\/{rel}","templated":true}]}}