{"id":1396,"date":"2012-11-09T21:46:23","date_gmt":"2012-11-09T20:46:23","guid":{"rendered":"http:\/\/csillagpor.hu\/remek\/programok\/?page_id=1396"},"modified":"2022-06-30T18:02:36","modified_gmt":"2022-06-30T16:02:36","slug":"powertools-lite-screenshot","status":"publish","type":"page","link":"https:\/\/csillagpor.hu\/remek\/programok\/powertools-lite-screenshot","title":{"rendered":"PowerTools Lite k\u00e9perny\u0151k\u00e9pek"},"content":{"rendered":"<p><a target=\"_blank\" title=\"powertools lite\" href=\"\/\/csillagpor.hu\/remek\/programok\/powertools-lite\" rel=\"noopener noreferrer\">A PowerTools Lite<\/a> <a target=\"_blank\" title=\"rendszer karbantart\u00f3\" href=\"\/\/csillagpor.hu\/remek\/programok\/rendszerprogramok-rendszer-karbantartok\" rel=\"noopener noreferrer\">registry takar\u00edt\u00f3<\/a> telep\u00edt\u00e9s\u00e9nek elej\u00e9n, ha nem akarjuk, ne telep\u00edts\u00fck a nem sz\u00fcks\u00e9ges nyelveket.<br \/>\n<img decoding=\"async\" loading=\"lazy\" alt=\"PowerTools telep\u00edt\u00e9s\" src=\"\/\/cuccokhalomban.csillagpor.hu\/pict\/powertools-lite-screenshot-1.jpg\" width=\"503\" height=\"390\" \/>\n<\/p>\n<p>Telep\u00edt\u00e9s k\u00e9sz, elindult, \u00e1ll\u00edtsuk \u00e1t magyar nyelvre!<br \/>\n<img decoding=\"async\" loading=\"lazy\" alt=\"PowerTools magyar nyelv\" src=\"\/\/cuccokhalomban.csillagpor.hu\/pict\/powertools-lite-screenshot-2.jpg\" width=\"474\" height=\"500\" \/>\n<\/p>\n<p>Registry tiszt\u00edt\u00f3, a sz\u00e1m\u00edt\u00f3g\u00e9p immuniz\u00e1l\u00e1sa, biztons\u00e1gi m\u00e1solatok, program be\u00e1ll\u00edt\u00e1sok.<br \/>\n<img decoding=\"async\" loading=\"lazy\" alt=\"PowerTools eszk\u00f6z\u00f6k\" src=\"\/\/cuccokhalomban.csillagpor.hu\/pict\/powertools-lite-screenshot-3.jpg\" width=\"434\" height=\"500\" \/>\n<\/p>\n<p>K\u00f6nyvt\u00e1rak be\u00e1ll\u00edt\u00e1sai, pl. a biztons\u00e1gi m\u00e1solat helye, ha valamit nagyon kitakar\u00edtottunk esetleg &#8230;<br \/>\n<img decoding=\"async\" loading=\"lazy\" alt=\"PowerTools k\u00f6nyvt\u00e1rak\" src=\"\/\/cuccokhalomban.csillagpor.hu\/pict\/powertools-lite-screenshot-4.jpg\" width=\"434\" height=\"500\" \/>\n<\/p>\n<p>Biztons\u00e1gi m\u00e1solatok be\u00e1ll\u00edt\u00e1sai.<br \/>\n<img decoding=\"async\" loading=\"lazy\" alt=\"PowerTools biztons\u00e1gi m\u00e1solatok\" src=\"\/\/cuccokhalomban.csillagpor.hu\/pict\/powertools-lite-screenshot-5.jpg\" width=\"434\" height=\"500\" \/>\n<\/p>\n<p>Modul be\u00e1ll\u00edt\u00e1sok, az alap\u00e9rtelmezett \u00e9s biztons\u00e1gos a Norm\u00e1l Registry tiszt\u00edt\u00f3.<br \/>\n<img decoding=\"async\" loading=\"lazy\" alt=\"PowerTools norm\u00e1l tiszt\u00edt\u00e1s\" src=\"\/\/cuccokhalomban.csillagpor.hu\/pict\/powertools-lite-screenshot-6.jpg\" width=\"730\" height=\"500\" \/>\n<\/p>\n<p>Ez m\u00e1r agressz\u00edvabb tiszt\u00edt\u00e1s, Windows adatokat is elemez. Van egy m\u00e9g durv\u00e1bb, azt csak tesztel\u00e9sre (?) aj\u00e1nlj\u00e1k.<br \/>\n<img decoding=\"async\" loading=\"lazy\" alt=\"PowerTools agressz\u00edv\" src=\"\/\/cuccokhalomban.csillagpor.hu\/pict\/powertools-lite-screenshot-7.jpg\" width=\"730\" height=\"500\" \/>\n<\/p>\n<p>A t\u0171zfal, v\u00edrusirt\u00f3, szerver \u00e9s backup szoftver adatait figyelmen k\u00edv\u00fcl hagyhatja.<br \/>\n<img decoding=\"async\" loading=\"lazy\" alt=\"PowerTools kiv\u00e9telek\" src=\"\/\/cuccokhalomban.csillagpor.hu\/pict\/powertools-lite-screenshot-8.jpg\" width=\"730\" height=\"500\" \/>\n<\/p>\n<p>Itt egyedileg adhatjuk meg, mit ellen\u0151rizzen, mit ne. Pl: f\u00e1jl hivatkoz\u00e1s ellen\u0151rz\u00e9s, programok elt\u00e1vol\u00edt\u00e1s lista ellen\u0151rz\u00e9s, elavult szoftver ellen\u0151rz\u00e9s &#8230;<br \/>\nA legals\u00f3, ActiveX, COM, DCOM, OLE, DDE alap\u00e9rtelmez\u00e9sben nincs bejel\u00f6lve.<br \/>\n<img decoding=\"async\" loading=\"lazy\" alt=\"PowerTools speci\u00e1lis modul\" src=\"\/\/cuccokhalomban.csillagpor.hu\/pict\/powertools-lite-screenshot-9.jpg\" width=\"730\" height=\"500\" \/>\n<\/p>\n<p>Kieg\u00e9sz\u00edt\u0151 be\u00e1ll\u00edt\u00e1sok, pl: alacsony processzor haszn\u00e1lat, automatikus jav\u00edt\u00e1sok, ilyesmik &#8230;<br \/>\n<img decoding=\"async\" loading=\"lazy\" alt=\"PowerTools kieg\u00e9sz\u00edt\u0151 be\u00e1ll\u00edt\u00e1sok\" src=\"\/\/cuccokhalomban.csillagpor.hu\/pict\/powertools-lite-screenshot-10.jpg\" width=\"731\" height=\"500\" \/>\n<\/p>\n<p>Registry \u00e1llapot, tal\u00e1lt hib\u00e1k sz\u00e1ma.<br \/>\n<img decoding=\"async\" loading=\"lazy\" alt=\"PowerTools hib\u00e1k\" src=\"\/\/cuccokhalomban.csillagpor.hu\/pict\/powertools-lite-screenshot-11.jpg\" width=\"482\" height=\"500\" \/>\n<\/p>\n<p>Kicsit r\u00e9szletesebben, torta grafikonban is &#8230;<br \/>\n<img decoding=\"async\" loading=\"lazy\" alt=\"PowerTools torta\" src=\"\/\/cuccokhalomban.csillagpor.hu\/pict\/powertools-lite-screenshot-12.jpg\" width=\"601\" height=\"623\" \/>\n<\/p>\n<p>Hib\u00e1k feloszt\u00e1sa gy\u00f6k\u00e9rkulcsok szerint.<br \/>\n<img decoding=\"async\" loading=\"lazy\" alt=\"PowerTools root\" src=\"\/\/cuccokhalomban.csillagpor.hu\/pict\/powertools-lite-screenshot-13.jpg\" width=\"482\" height=\"500\" \/>\n<\/p>\n<p>Ezeket tal\u00e1lta, f\u00e1ba rendezve, kinyithatjuk \u00e9s egyenk\u00e9nt ellen\u0151rizhetj\u00fck, t\u00f6r\u00f6lhetj\u00fck \u0151ket.<br \/>\n<img decoding=\"async\" loading=\"lazy\" alt=\"PowerTools hib\u00e1k\" src=\"\/\/cuccokhalomban.csillagpor.hu\/pict\/powertools-lite-screenshot-14.jpg\" width=\"508\" height=\"500\" \/>\n<\/p>\n<p>Biztons\u00e1gi m\u00e1solatot k\u00e9sz\u00edt, le\u00edr\u00e1ssal a nev\u00e9ben, ha akarjuk.<br \/>\n<img decoding=\"async\" loading=\"lazy\" alt=\"PowerTools backup\" src=\"\/\/cuccokhalomban.csillagpor.hu\/pict\/powertools-lite-screenshot-15.jpg\" width=\"508\" height=\"500\" \/>\n<\/p>\n<p>Mindent kijav\u00edtott, lent egy r\u00f6vid \u00f6sszegz\u00e9s.<br \/>\n<img decoding=\"async\" loading=\"lazy\" alt=\"PowerTools jav\u00edtva\" src=\"\/\/cuccokhalomban.csillagpor.hu\/pict\/powertools-lite-screenshot-16.jpg\" width=\"427\" height=\"500\" \/>\n<\/p>\n<p>Immuniz\u00e1l\u00e1s, a host f\u00e1jlhoz hozz\u00e1adott sorokkal tilt vesz\u00e9lyes weblapokat.<br \/>\n<img decoding=\"async\" loading=\"lazy\" alt=\"PowerTools immuniz\u00e1l\u00e1s\" src=\"\/\/cuccokhalomban.csillagpor.hu\/pict\/powertools-lite-screenshot-17.jpg\" width=\"540\" height=\"438\" \/>\n<\/p>\n<p>Most m\u00e1r a PC \u00e9s a registry \u00e1llapota is 100%-os!<br \/>\n<img decoding=\"async\" loading=\"lazy\" alt=\"PowerTools 100%\" src=\"\/\/cuccokhalomban.csillagpor.hu\/pict\/powertools-lite-screenshot-18.jpg\" width=\"474\" height=\"500\" \/><\/p>\n","protected":false},"excerpt":{"rendered":"<p><a target=\"_blank\" title=\"PowerTools\" href=\"\/\/csillagpor.hu\/remek\/programok\/powertools-lite-screenshot\" rel=\"noopener noreferrer\"><img decoding=\"async\" loading=\"lazy\" alt=\"PowerTools Lite\" src=\"\/\/cuccokhalomban.csillagpor.hu\/pict\/powertools-lite-kicsi.jpg\" width=\"100\" height=\"116\" class=\"flr\" \/><\/a>A PowerTools Lite registry takar\u00edt\u00f3 telep\u00edt\u00e9s\u00e9nek elej\u00e9n, ha nem akarjuk, ne telep\u00edts\u00fck a nem sz\u00fcks\u00e9ges nyelveket. Telep\u00edt\u00e9s k\u00e9sz, elindult, \u00e1ll\u00edtsuk \u00e1t magyar nyelvre! Registry tiszt\u00edt\u00f3, a sz\u00e1m\u00edt\u00f3g\u00e9p immuniz\u00e1l\u00e1sa, biztons\u00e1gi m\u00e1solatok, program be\u00e1ll\u00edt\u00e1sok. K\u00f6nyvt\u00e1rak be\u00e1ll\u00edt\u00e1sai, pl. a biztons\u00e1gi m\u00e1solat helye, ha valamit nagyon kitakar\u00edtottunk esetleg &#8230;<\/p>\n","protected":false},"author":1,"featured_media":0,"parent":0,"menu_order":0,"comment_status":"closed","ping_status":"closed","template":"","meta":{"footnotes":""},"_links":{"self":[{"href":"https:\/\/csillagpor.hu\/remek\/programok\/wp-json\/wp\/v2\/pages\/1396"}],"collection":[{"href":"https:\/\/csillagpor.hu\/remek\/programok\/wp-json\/wp\/v2\/pages"}],"about":[{"href":"https:\/\/csillagpor.hu\/remek\/programok\/wp-json\/wp\/v2\/types\/page"}],"author":[{"embeddable":true,"href":"https:\/\/csillagpor.hu\/remek\/programok\/wp-json\/wp\/v2\/users\/1"}],"replies":[{"embeddable":true,"href":"https:\/\/csillagpor.hu\/remek\/programok\/wp-json\/wp\/v2\/comments?post=1396"}],"version-history":[{"count":0,"href":"https:\/\/csillagpor.hu\/remek\/programok\/wp-json\/wp\/v2\/pages\/1396\/revisions"}],"wp:attachment":[{"href":"https:\/\/csillagpor.hu\/remek\/programok\/wp-json\/wp\/v2\/media?parent=1396"}],"curies":[{"name":"wp","href":"https:\/\/api.w.org\/{rel}","templated":true}]}}