{"id":1402,"date":"2012-11-13T21:38:28","date_gmt":"2012-11-13T20:38:28","guid":{"rendered":"http:\/\/csillagpor.hu\/remek\/programok\/?page_id=1402"},"modified":"2022-06-30T18:26:35","modified_gmt":"2022-06-30T16:26:35","slug":"deepburner-screenshot","status":"publish","type":"page","link":"https:\/\/csillagpor.hu\/remek\/programok\/deepburner-screenshot","title":{"rendered":"DeepBurner k\u00e9perny\u0151k\u00e9pek"},"content":{"rendered":"<p><a target=\"_blank\" title=\"deepburner\" href=\"\/\/csillagpor.hu\/remek\/programok\/deepburner-letoltese\" rel=\"noopener noreferrer\">A DeepBurner<\/a> <a target=\"_blank\" title=\"cd, dvd\" href=\"\/\/csillagpor.hu\/remek\/programok\/cd-dvd-blu-ray-iro-lemezkep-keszito\" rel=\"noopener noreferrer\">CD \u00edr\u00f3 program<\/a> telep\u00edt\u00e9se ut\u00e1n l\u00e1thatjuk, hogy itt-ott m\u00e9g nem magyar nyelv\u0171. Projekt v\u00e1laszt\u00e1s.<br \/>\n<img decoding=\"async\" loading=\"lazy\" alt=\"DeepBurner projekt\" src=\"\/\/cuccokhalomban.csillagpor.hu\/pict\/deepburner-screenshot-2.jpg\" width=\"1025\" height=\"509\" \/>\n<\/p>\n<p>T\u00f6bbszakaszos lemez, szakasz hozz\u00e1f\u0171z\u00e9se, nem t\u00f6bbszakaszos lemez.<br \/>\n<img decoding=\"async\" loading=\"lazy\" alt=\"DeepBurner lemez\" src=\"\/\/cuccokhalomban.csillagpor.hu\/pict\/deepburner-screenshot-3.jpg\" width=\"1025\" height=\"509\" \/>\n<\/p>\n<p>Itt m\u00e9g nincs hozz\u00e1adva \u00edrand\u00f3 adat. A lehet\u0151s\u00e9geink: CD, DVD f\u00e1jlok, Autorun, c\u00edmke nyomtat\u00e1s, lemez p\u00f6rk\u00f6l\u00e9se.<br \/>\n<img decoding=\"async\" loading=\"lazy\" alt=\"DeepBurner lehet\u0151s\u00e9gek\" src=\"\/\/cuccokhalomban.csillagpor.hu\/pict\/deepburner-screenshot-4.jpg\" width=\"854\" height=\"509\" \/>\n<\/p>\n<p>Autorun fel\u00fclet k\u00e9sz\u00edt\u00e9s\u00e9nek els\u0151 l\u00e9p\u00e9se &#8230; autorun sablon.<br \/>\n<img decoding=\"async\" loading=\"lazy\" alt=\"DeepBurner autorun\" src=\"\/\/cuccokhalomban.csillagpor.hu\/pict\/deepburner-screenshot-5.jpg\" width=\"854\" height=\"509\" \/>\n<\/p>\n<p>Gombok, m\u0171veletek, feliratok, programok, parancs &#8230;<br \/>\n<img decoding=\"async\" loading=\"lazy\" alt=\"DeepBurner autorun gombok\" src=\"\/\/cuccokhalomban.csillagpor.hu\/pict\/deepburner-screenshot-6.jpg\" width=\"854\" height=\"509\" \/>\n<\/p>\n<p>A fel\u00fclet amit elk\u00e9sz\u00edtett\u00fcnk m\u00e9g tov\u00e1bb finom\u00edthat\u00f3, szerkeszthet\u0151.<br \/>\n<img decoding=\"async\" loading=\"lazy\" alt=\"DeepBurner autorun k\u00e9sz\" src=\"\/\/cuccokhalomban.csillagpor.hu\/pict\/deepburner-screenshot-7.jpg\" width=\"854\" height=\"509\" \/>\n<\/p>\n<p>C\u00edmke nyomtat\u00e1sa, CD, DVD, egyebek &#8230;<br \/>\n<img decoding=\"async\" loading=\"lazy\" alt=\"DeepBurner c\u00edmke\" src=\"\/\/cuccokhalomban.csillagpor.hu\/pict\/deepburner-screenshot-8.jpg\" width=\"854\" height=\"509\" \/>\n<\/p>\n<p>\u00c9s itt m\u00e1r \u00edrhatn\u00e1nk is a lemezt &#8230;<br \/>\n<img decoding=\"async\" loading=\"lazy\" alt=\"DeepBurner \u00edr\u00e1s\" src=\"\/\/cuccokhalomban.csillagpor.hu\/pict\/deepburner-screenshot-9.jpg\" width=\"854\" height=\"509\" \/>\n<\/p>\n<p>DeepBurner be\u00e1ll\u00edt\u00e1sok<br \/>\n<img decoding=\"async\" loading=\"lazy\" alt=\"DeepBurner be\u00e1ll\u00edt\u00e1sok\" src=\"\/\/cuccokhalomban.csillagpor.hu\/pict\/deepburner-screenshot-11.jpg\" width=\"855\" height=\"511\" \/><\/p>\n","protected":false},"excerpt":{"rendered":"<p>A DeepBurner CD \u00edr\u00f3 program telep\u00edt\u00e9se ut\u00e1n l\u00e1thatjuk, hogy itt-ott m\u00e9g nem magyar nyelv\u0171. Projekt v\u00e1laszt\u00e1s. T\u00f6bbszakaszos lemez, szakasz hozz\u00e1f\u0171z\u00e9se, nem t\u00f6bbszakaszos lemez.&#46;&#46;&#46;<\/p>\n","protected":false},"author":1,"featured_media":0,"parent":0,"menu_order":0,"comment_status":"closed","ping_status":"closed","template":"","meta":{"footnotes":""},"_links":{"self":[{"href":"https:\/\/csillagpor.hu\/remek\/programok\/wp-json\/wp\/v2\/pages\/1402"}],"collection":[{"href":"https:\/\/csillagpor.hu\/remek\/programok\/wp-json\/wp\/v2\/pages"}],"about":[{"href":"https:\/\/csillagpor.hu\/remek\/programok\/wp-json\/wp\/v2\/types\/page"}],"author":[{"embeddable":true,"href":"https:\/\/csillagpor.hu\/remek\/programok\/wp-json\/wp\/v2\/users\/1"}],"replies":[{"embeddable":true,"href":"https:\/\/csillagpor.hu\/remek\/programok\/wp-json\/wp\/v2\/comments?post=1402"}],"version-history":[{"count":0,"href":"https:\/\/csillagpor.hu\/remek\/programok\/wp-json\/wp\/v2\/pages\/1402\/revisions"}],"wp:attachment":[{"href":"https:\/\/csillagpor.hu\/remek\/programok\/wp-json\/wp\/v2\/media?parent=1402"}],"curies":[{"name":"wp","href":"https:\/\/api.w.org\/{rel}","templated":true}]}}