{"id":1408,"date":"2012-11-21T22:34:49","date_gmt":"2012-11-21T21:34:49","guid":{"rendered":"http:\/\/csillagpor.hu\/remek\/programok\/?page_id=1408"},"modified":"2022-06-30T18:16:10","modified_gmt":"2022-06-30T16:16:10","slug":"isodisk-screenshot","status":"publish","type":"page","link":"https:\/\/csillagpor.hu\/remek\/programok\/isodisk-screenshot","title":{"rendered":"ISODisk k\u00e9perny\u0151k\u00e9pek"},"content":{"rendered":"<p><a target=\"_blank\" title=\"isodisk\" href=\"\/\/csillagpor.hu\/remek\/programok\/isodisk-letoltese\" rel=\"noopener noreferrer\">Az ISODisk virtu\u00e1lis lemez kezel\u0151 programban<\/a> annyi <a target=\"_blank\" title=\"virtu\u00e1lis meghajt\u00f3\" href=\"\/\/csillagpor.hu\/remek\/programok\/virtualis-meghajto-emulator\" rel=\"noopener noreferrer\">virtu\u00e1lis lemezt hozhatunk l\u00e9tre<\/a>, ah\u00e1ny bet\u0171jel szabad m\u00e9g az ABC-b\u0151l. Itt k\u00e9t ISO lemezk\u00e9p f\u00e1jl lett csatolva.<br \/>\n<img decoding=\"async\" loading=\"lazy\" alt=\"ISODisk lemezek\" src=\"\/\/cuccokhalomban.csillagpor.hu\/pict\/isodisk.screenshot-1.jpg\" width=\"448\" height=\"500\" \/>\n<\/p>\n<p>K\u00e9sz\u00edthet\u00fcnk ISO lemezk\u00e9p f\u00e1jl CD lemezr\u0151l is. Itt \u00e9ppen nincs CD-nk &#8230;<br \/>\n<img decoding=\"async\" loading=\"lazy\" alt=\"ISODisk CD\" src=\"\/\/cuccokhalomban.csillagpor.hu\/pict\/isodisk.screenshot-2.jpg\" width=\"449\" height=\"500\" \/><\/p>\n","protected":false},"excerpt":{"rendered":"<p>Az ISODisk virtu\u00e1lis lemez kezel\u0151 programban annyi virtu\u00e1lis lemezt hozhatunk l\u00e9tre, ah\u00e1ny bet\u0171jel szabad m\u00e9g az ABC-b\u0151l. Itt k\u00e9t ISO lemezk\u00e9p f\u00e1jl lett&#46;&#46;&#46;<\/p>\n","protected":false},"author":1,"featured_media":0,"parent":0,"menu_order":0,"comment_status":"closed","ping_status":"closed","template":"","meta":{"footnotes":""},"_links":{"self":[{"href":"https:\/\/csillagpor.hu\/remek\/programok\/wp-json\/wp\/v2\/pages\/1408"}],"collection":[{"href":"https:\/\/csillagpor.hu\/remek\/programok\/wp-json\/wp\/v2\/pages"}],"about":[{"href":"https:\/\/csillagpor.hu\/remek\/programok\/wp-json\/wp\/v2\/types\/page"}],"author":[{"embeddable":true,"href":"https:\/\/csillagpor.hu\/remek\/programok\/wp-json\/wp\/v2\/users\/1"}],"replies":[{"embeddable":true,"href":"https:\/\/csillagpor.hu\/remek\/programok\/wp-json\/wp\/v2\/comments?post=1408"}],"version-history":[{"count":0,"href":"https:\/\/csillagpor.hu\/remek\/programok\/wp-json\/wp\/v2\/pages\/1408\/revisions"}],"wp:attachment":[{"href":"https:\/\/csillagpor.hu\/remek\/programok\/wp-json\/wp\/v2\/media?parent=1408"}],"curies":[{"name":"wp","href":"https:\/\/api.w.org\/{rel}","templated":true}]}}