{"id":1410,"date":"2012-11-22T22:02:17","date_gmt":"2012-11-22T21:02:17","guid":{"rendered":"http:\/\/csillagpor.hu\/remek\/programok\/?page_id=1410"},"modified":"2022-06-30T18:25:31","modified_gmt":"2022-06-30T16:25:31","slug":"dvd-shrink-screenshot","status":"publish","type":"page","link":"https:\/\/csillagpor.hu\/remek\/programok\/dvd-shrink-screenshot","title":{"rendered":"DVD Shrink k\u00e9perny\u0151k\u00e9pek"},"content":{"rendered":"<p>Miel\u0151tt <a target=\"_blank\" title=\"dvd shrink\" href=\"\/\/csillagpor.hu\/remek\/programok\/dvd-shrink-letoltese\" rel=\"noopener noreferrer\">a DVD Shrink DVD archiv\u00e1l\u00f3val<\/a> \u00e1tfaragn\u00e1nk egy gy\u00e1ri DVD-t, hasznos lefuttatni egy alapos elemz\u00e9st.<br \/>\n<img decoding=\"async\" loading=\"lazy\" alt=\"DVD Shrink elemz\u00e9s\" src=\"\/\/cuccokhalomban.csillagpor.hu\/pict\/dvd-shrink-screenshot-01.jpg\" width=\"486\" height=\"233\" \/>\n<\/p>\n<p>Bet\u00f6ltve egy DVD (illetve ez esetben egy k\u00f6nyvt\u00e1r), kezdhetj\u00fck v\u00e1logatni, t\u00f6m\u00f6r\u00edteni ami nek\u00fcnk kell.<br \/>\n<img decoding=\"async\" loading=\"lazy\" alt=\"DVD Shrink k\u00f6nyvt\u00e1r\" src=\"\/\/cuccokhalomban.csillagpor.hu\/pict\/dvd-shrink-screenshot-02.jpg\" width=\"472\" height=\"500\" \/>\n<\/p>\n<p>Azok a nyelvek amik nem kellenek nek\u00fcnk, minek legyenek a DVD-n?<br \/>\n<img decoding=\"async\" loading=\"lazy\" alt=\"DVD Shrink nyelv\" src=\"\/\/cuccokhalomban.csillagpor.hu\/pict\/dvd-shrink-screenshot-1.jpg\" width=\"472\" height=\"500\" \/>\n<\/p>\n<p>Az extr\u00e1kat is kiv\u00e1logathatjuk vagy t\u00f6r\u00f6lhetj\u00fck.<br \/>\n<img decoding=\"async\" loading=\"lazy\" alt=\"DVD Shrink extr\u00e1k\" src=\"\/\/cuccokhalomban.csillagpor.hu\/pict\/dvd-shrink-screenshot-2.jpg\" width=\"472\" height=\"500\" \/>\n<\/p>\n<p>DVD m\u00e9ret be\u00e1ll\u00edt\u00e1sok.<br \/>\n<img decoding=\"async\" loading=\"lazy\" alt=\"DVD Shrink m\u00e9ret\" src=\"\/\/cuccokhalomban.csillagpor.hu\/pict\/dvd-shrink-screenshot-3.jpg\" width=\"472\" height=\"500\" \/>\n<\/p>\n<p>Kimeneti f\u00e1jlok, macrovision v\u00e9delem elt\u00e1vol\u00edt\u00e1sa, egyebek &#8230;<br \/>\n<img decoding=\"async\" loading=\"lazy\" alt=\"DVD Shrink kimenet\" src=\"\/\/cuccokhalomban.csillagpor.hu\/pict\/dvd-shrink-screenshot-4.jpg\" width=\"472\" height=\"500\" \/>\n<\/p>\n<p>Nyelvek, hangok be\u00e1ll\u00edt\u00e1sai.<br \/>\n<img decoding=\"async\" loading=\"lazy\" alt=\"DVD Shrink nyelvek\" src=\"\/\/cuccokhalomban.csillagpor.hu\/pict\/dvd-shrink-screenshot-5.jpg\" width=\"472\" height=\"500\" \/>\n<\/p>\n<p>Backup DVD be\u00e1ll\u00edt\u00e1sok, hov\u00e1 \u00edrja a k\u00e9sz f\u00e1jlokat?<br \/>\n<img decoding=\"async\" loading=\"lazy\" alt=\"DVD Shrink backup\" src=\"\/\/cuccokhalomban.csillagpor.hu\/pict\/dvd-shrink-screenshot-7.jpg\" width=\"472\" height=\"500\" \/>\n<\/p>\n<p>\u00c1ll\u00edtsuk be a r\u00e9gi\u00f3t, vagy \u00e1ll\u00edtsuk szabadra &#8230; free &#8230;<br \/>\n<img decoding=\"async\" loading=\"lazy\" alt=\"DVD Shrink r\u00e9gi\u00f3\" src=\"\/\/cuccokhalomban.csillagpor.hu\/pict\/dvd-shrink-screenshot-8.jpg\" width=\"472\" height=\"500\" \/>\n<\/p>\n<p>A ment\u00e9s min\u0151s\u00e9gi be\u00e1ll\u00edt\u00e1sai.<br \/>\n<img decoding=\"async\" loading=\"lazy\" alt=\"DVD Shrink ment\u00e9s\" src=\"\/\/cuccokhalomban.csillagpor.hu\/pict\/dvd-shrink-screenshot-9.jpg\" width=\"472\" height=\"500\" \/>\n<\/p>\n<p>Az \u00fajraszerkesztett DVD a b\u00f6ng\u00e9sz\u0151ben.<br \/>\n<img decoding=\"async\" loading=\"lazy\" alt=\"DVD Shrink b\u00f6ng\u00e9sz\u0151\" src=\"\/\/cuccokhalomban.csillagpor.hu\/pict\/dvd-shrink-screenshot-10.jpg\" width=\"472\" height=\"500\" \/><\/p>\n","protected":false},"excerpt":{"rendered":"<p>Miel\u0151tt a DVD Shrink DVD archiv\u00e1l\u00f3val \u00e1tfaragn\u00e1nk egy gy\u00e1ri DVD-t, hasznos lefuttatni egy alapos elemz\u00e9st. Bet\u00f6ltve egy DVD (illetve ez esetben egy k\u00f6nyvt\u00e1r),&#46;&#46;&#46;<\/p>\n","protected":false},"author":1,"featured_media":0,"parent":0,"menu_order":0,"comment_status":"closed","ping_status":"closed","template":"","meta":{"footnotes":""},"_links":{"self":[{"href":"https:\/\/csillagpor.hu\/remek\/programok\/wp-json\/wp\/v2\/pages\/1410"}],"collection":[{"href":"https:\/\/csillagpor.hu\/remek\/programok\/wp-json\/wp\/v2\/pages"}],"about":[{"href":"https:\/\/csillagpor.hu\/remek\/programok\/wp-json\/wp\/v2\/types\/page"}],"author":[{"embeddable":true,"href":"https:\/\/csillagpor.hu\/remek\/programok\/wp-json\/wp\/v2\/users\/1"}],"replies":[{"embeddable":true,"href":"https:\/\/csillagpor.hu\/remek\/programok\/wp-json\/wp\/v2\/comments?post=1410"}],"version-history":[{"count":0,"href":"https:\/\/csillagpor.hu\/remek\/programok\/wp-json\/wp\/v2\/pages\/1410\/revisions"}],"wp:attachment":[{"href":"https:\/\/csillagpor.hu\/remek\/programok\/wp-json\/wp\/v2\/media?parent=1410"}],"curies":[{"name":"wp","href":"https:\/\/api.w.org\/{rel}","templated":true}]}}