{"id":1411,"date":"2012-11-23T22:17:47","date_gmt":"2012-11-23T21:17:47","guid":{"rendered":"http:\/\/csillagpor.hu\/remek\/programok\/?page_id=1411"},"modified":"2022-06-30T18:26:29","modified_gmt":"2022-06-30T16:26:29","slug":"deepripper-screenshot","status":"publish","type":"page","link":"https:\/\/csillagpor.hu\/remek\/programok\/deepripper-screenshot","title":{"rendered":"DeepRipper k\u00e9perny\u0151k\u00e9pek"},"content":{"rendered":"<p><a target=\"_blank\" title=\"deepripper\" href=\"\/\/csillagpor.hu\/remek\/programok\/deepripper-letoltese\" rel=\"noopener noreferrer\">A DeepRipper audio CD rippel\u0151 program<\/a> be\u00e1ll\u00edt\u00e1sai, wav, mp3 vagy ogg form\u00e1tum.<br \/>\n<img decoding=\"async\" loading=\"lazy\" alt=\"DeepRipper form\u00e1tumok\" src=\"\/\/cuccokhalomban.csillagpor.hu\/pict\/deepripper-screenshot-1.jpg\" width=\"637\" height=\"413\" \/>\n<\/p>\n<p>Wav \u00e9s ogg be\u00e1ll\u00edt\u00e1sok, mintav\u00e9tel &#8230;<br \/>\n<img decoding=\"async\" loading=\"lazy\" alt=\"DeepRipper wav \u00e9s ogg\" src=\"\/\/cuccokhalomban.csillagpor.hu\/pict\/deepripper-screenshot-2.jpg\" width=\"638\" height=\"412\" \/>\n<\/p>\n<p>&#8230; minim\u00e1lis, \u00e1tlagos \u00e9s maxim\u00e1lis bitar\u00e1ny be\u00e1ll\u00edt\u00e1sa, 32-350-ig.<br \/>\n<img decoding=\"async\" loading=\"lazy\" alt=\"DeepRipper bitar\u00e1ny\" src=\"\/\/cuccokhalomban.csillagpor.hu\/pict\/deepripper-screenshot-3.jpg\" width=\"638\" height=\"501\" \/>\n<\/p>\n<p>MP3 min\u0151s\u00e9gi el\u0151be\u00e1ll\u00edt\u00e1sok.<br \/>\n<img decoding=\"async\" loading=\"lazy\" alt=\"DeepRipper mp3\" src=\"\/\/cuccokhalomban.csillagpor.hu\/pict\/deepripper-screenshot-4.jpg\" width=\"638\" height=\"437\" \/>\n<\/p>\n<p>V\u00e1ltoz\u00f3 bitr\u00e1ta min\u0151s\u00e9g meghat\u00e1roz\u00e1sa el\u0151be\u00e1ll\u00edt\u00e1sok alapj\u00e1n.<br \/>\n<img decoding=\"async\" loading=\"lazy\" alt=\"DeepRipper vbr\" src=\"\/\/cuccokhalomban.csillagpor.hu\/pict\/deepripper-screenshot-5.jpg\" width=\"638\" height=\"420\" \/><\/p>\n","protected":false},"excerpt":{"rendered":"<p>A DeepRipper audio CD rippel\u0151 program be\u00e1ll\u00edt\u00e1sai, wav, mp3 vagy ogg form\u00e1tum. Wav \u00e9s ogg be\u00e1ll\u00edt\u00e1sok, mintav\u00e9tel &#8230; &#8230; minim\u00e1lis, \u00e1tlagos \u00e9s maxim\u00e1lis&#46;&#46;&#46;<\/p>\n","protected":false},"author":1,"featured_media":0,"parent":0,"menu_order":0,"comment_status":"closed","ping_status":"closed","template":"","meta":{"footnotes":""},"_links":{"self":[{"href":"https:\/\/csillagpor.hu\/remek\/programok\/wp-json\/wp\/v2\/pages\/1411"}],"collection":[{"href":"https:\/\/csillagpor.hu\/remek\/programok\/wp-json\/wp\/v2\/pages"}],"about":[{"href":"https:\/\/csillagpor.hu\/remek\/programok\/wp-json\/wp\/v2\/types\/page"}],"author":[{"embeddable":true,"href":"https:\/\/csillagpor.hu\/remek\/programok\/wp-json\/wp\/v2\/users\/1"}],"replies":[{"embeddable":true,"href":"https:\/\/csillagpor.hu\/remek\/programok\/wp-json\/wp\/v2\/comments?post=1411"}],"version-history":[{"count":0,"href":"https:\/\/csillagpor.hu\/remek\/programok\/wp-json\/wp\/v2\/pages\/1411\/revisions"}],"wp:attachment":[{"href":"https:\/\/csillagpor.hu\/remek\/programok\/wp-json\/wp\/v2\/media?parent=1411"}],"curies":[{"name":"wp","href":"https:\/\/api.w.org\/{rel}","templated":true}]}}