{"id":1412,"date":"2012-11-24T22:11:11","date_gmt":"2012-11-24T21:11:11","guid":{"rendered":"http:\/\/csillagpor.hu\/remek\/programok\/?page_id=1412"},"modified":"2022-06-30T18:09:11","modified_gmt":"2022-06-30T16:09:11","slug":"mp3jam-screenshot","status":"publish","type":"page","link":"https:\/\/csillagpor.hu\/remek\/programok\/mp3jam-screenshot","title":{"rendered":"MP3jam k\u00e9perny\u0151k\u00e9pek"},"content":{"rendered":"<p>Ha egy tartalomr\u00f3l \u00fagy gondoljuk, hogy jogilag nem megengedett a let\u00f6lt\u00e9se, akkor csak hallgassuk meg! <a target=\"_blank\" title=\"mp3jam\" href=\"\/\/csillagpor.hu\/remek\/programok\/mp3jam\" rel=\"noopener noreferrer\">Az MP3jam mp3 keres\u0151 \u00e9s let\u00f6lt\u0151<\/a> program instant keres\u00e9ssel rendelkezik, azaz nem kell ki\u00edrnunk a teljes kifejez\u00e9st, m\u00e1r k\u00edn\u00e1lja is a lehet\u0151s\u00e9geket. Ez j\u00f3l j\u00f6n pl. akkor, ha nem teljesen eml\u00e9ksz\u00fcnk egy el\u0151ad\u00f3 vagy egy zenem\u0171 nev\u00e9re, c\u00edm\u00e9re.<br \/>\n<img decoding=\"async\" loading=\"lazy\" alt=\"MP3jam keres\u00e9s\" src=\"\/\/cuccokhalomban.csillagpor.hu\/pict\/mp3jam-screenshot-1.jpg\" width=\"802\" height=\"500\" \/>\n<\/p>\n<p>Ha r\u00e1kerest\u00fcnk valamire, akkor folyamatosan jelenik meg egyre t\u00f6bb \u00e9s t\u00f6bb tal\u00e1lat, t\u00f6bbnyire albumok szerint rendezve.<br \/>\n<img decoding=\"async\" loading=\"lazy\" alt=\"MP3jam tal\u00e1lat\" src=\"\/\/cuccokhalomban.csillagpor.hu\/pict\/mp3jam-screenshot-2.jpg\" width=\"800\" height=\"500\" \/>\n<\/p>\n<p>A more tracks-el megn\u00e9zhetj\u00fck az album teljes tartalm\u00e1t. A legfels\u0151t elkezdtem lej\u00e1tszani &#8230;<br \/>\n<img decoding=\"async\" loading=\"lazy\" alt=\"MP3jam album\" src=\"\/\/cuccokhalomban.csillagpor.hu\/pict\/mp3jam-screenshot-3.jpg\" width=\"804\" height=\"500\" \/>\n<\/p>\n<p>&#8230; azt\u00e1n let\u00f6ltj\u00fck a m\u00e1sodik sz\u00e1mot.<br \/>\n<img decoding=\"async\" loading=\"lazy\" alt=\"MP3jam let\u00f6lt\u00e9s\" src=\"\/\/cuccokhalomban.csillagpor.hu\/pict\/mp3jam-screenshot-4.jpg\" width=\"801\" height=\"500\" \/>\n<\/p>\n<p>Let\u00f6lthetj\u00fck az eg\u00e9sz albumot is egy kattint\u00e1ssal, ha baloldalon a Download album-ra kattintunk.<br \/>\n<img decoding=\"async\" loading=\"lazy\" alt=\"MP3jam album let\u00f6lt\u00e9s\" src=\"\/\/cuccokhalomban.csillagpor.hu\/pict\/mp3jam-screenshot-5.jpg\" width=\"801\" height=\"500\" \/>\n<\/p>\n<p>A Download f\u00fcln\u00e9l l\u00e1that\u00f3k a let\u00f6lt\u00f6tt elemek.<br \/>\n<img decoding=\"async\" loading=\"lazy\" alt=\"MP3jam let\u00f6ltve\" src=\"\/\/cuccokhalomban.csillagpor.hu\/pict\/mp3jam-screenshot-6.jpg\" width=\"801\" height=\"500\" \/>\n<\/p>\n<p>Pr\u00f3bak\u00e9pp r\u00e1kerestem egy \u00e9kezetes magyar zenekarra &#8230; semmi probl\u00e9ma. Tal\u00e1n annyi, hogy van n\u00e9ha k\u00f6zt\u00fck egy-k\u00e9t el\u00e9rhetetlen.<br \/>\n<img decoding=\"async\" loading=\"lazy\" alt=\"MP3jam magyar\" src=\"\/\/cuccokhalomban.csillagpor.hu\/pict\/mp3jam-screenshot-7.jpg\" width=\"802\" height=\"500\" \/>\n<\/p>\n<p>Ezek pedig a be\u00e1ll\u00edt\u00e1sai, nem sok minden &#8230; a nyelv \u00e9s a let\u00f6lt\u00e9s helye \u00e1ll\u00edthat\u00f3 be, vagy az, hogy mindig k\u00e9rdezze meg hov\u00e1 akarjuk &#8230; ennyi.<br \/>\n<img decoding=\"async\" loading=\"lazy\" alt=\"MP3jam \u00fatvonal\" src=\"\/\/cuccokhalomban.csillagpor.hu\/pict\/mp3jam-screenshot-8.jpg\" width=\"801\" height=\"500\" \/><\/p>\n","protected":false},"excerpt":{"rendered":"<p>Ha egy tartalomr\u00f3l \u00fagy gondoljuk, hogy jogilag nem megengedett a let\u00f6lt\u00e9se, akkor csak hallgassuk meg! Az MP3jam mp3 keres\u0151 \u00e9s let\u00f6lt\u0151 program instant&#46;&#46;&#46;<\/p>\n","protected":false},"author":1,"featured_media":0,"parent":0,"menu_order":0,"comment_status":"closed","ping_status":"closed","template":"","meta":{"footnotes":""},"_links":{"self":[{"href":"https:\/\/csillagpor.hu\/remek\/programok\/wp-json\/wp\/v2\/pages\/1412"}],"collection":[{"href":"https:\/\/csillagpor.hu\/remek\/programok\/wp-json\/wp\/v2\/pages"}],"about":[{"href":"https:\/\/csillagpor.hu\/remek\/programok\/wp-json\/wp\/v2\/types\/page"}],"author":[{"embeddable":true,"href":"https:\/\/csillagpor.hu\/remek\/programok\/wp-json\/wp\/v2\/users\/1"}],"replies":[{"embeddable":true,"href":"https:\/\/csillagpor.hu\/remek\/programok\/wp-json\/wp\/v2\/comments?post=1412"}],"version-history":[{"count":0,"href":"https:\/\/csillagpor.hu\/remek\/programok\/wp-json\/wp\/v2\/pages\/1412\/revisions"}],"wp:attachment":[{"href":"https:\/\/csillagpor.hu\/remek\/programok\/wp-json\/wp\/v2\/media?parent=1412"}],"curies":[{"name":"wp","href":"https:\/\/api.w.org\/{rel}","templated":true}]}}