{"id":1414,"date":"2012-11-27T12:20:40","date_gmt":"2012-11-27T11:20:40","guid":{"rendered":"http:\/\/csillagpor.hu\/remek\/programok\/?page_id=1414"},"modified":"2022-06-30T18:28:21","modified_gmt":"2022-06-30T16:28:21","slug":"burnaware-free-screenshot","status":"publish","type":"page","link":"https:\/\/csillagpor.hu\/remek\/programok\/burnaware-free-screenshot","title":{"rendered":"BurnAware Free k\u00e9perny\u0151k\u00e9pek"},"content":{"rendered":"<p><a target=\"_blank\" title=\"burnaware free\" href=\"\/\/csillagpor.hu\/remek\/programok\/burnaware-free\" rel=\"noopener noreferrer\">A BurnAware Free<\/a> <a target=\"_blank\" title=\"cd, dvd, blu-ray\" href=\"\/\/csillagpor.hu\/remek\/programok\/cd-dvd-blu-ray-iro-lemezkep-keszito\" rel=\"noopener noreferrer\">optikai lemez \u00edr\u00f3 alkalmaz\u00e1s<\/a> telep\u00edt\u00e9sekor fel szeretne ker\u00fclni az AVG Security eszk\u00f6zt\u00e1r, hogy v\u00e9dje g\u00e9p\u00fcnket. Szeretne tov\u00e1bb\u00e1 az alap\u00e9rtelmezett keres\u0151nk \u00e9s a kezd\u0151lapunk is lenni. Szerintem ha erre v\u00e1gyunk, tegy\u00fck fel k\u00fcl\u00f6n, most ne.<br \/>\n<img decoding=\"async\" loading=\"lazy\" alt=\"BurnAware Free telep\u00edt\u00e9s\" src=\"\/\/cuccokhalomban.csillagpor.hu\/pict\/burnaware-free-screenshot-1.jpg\" width=\"504\" height=\"390\" \/>\n<\/p>\n<p>Itt hozz\u00e1adhatjuk a BurnAware-t az AutoRun men\u00fch\u00f6z, illetve enged\u00e9lyezhetj\u00fck felhaszn\u00e1l\u00f3knak is a CD\/DVD eszk\u00f6z\u00f6kh\u00f6z a hozz\u00e1f\u00e9r\u00e9st.<br \/>\n<img decoding=\"async\" loading=\"lazy\" alt=\"BurnAware Free kieg\u00e9sz\u00edt\u0151 feladatok\" src=\"\/\/cuccokhalomban.csillagpor.hu\/pict\/burnaware-free-screenshot-2.jpg\" width=\"505\" height=\"389\" \/><\/p>\n<p>\u00cdgy indul el a program, innen kiv\u00e1laszthatjuk mit szeretn\u00e9nk. Adatlemez, Blu-ray, boot lemez, egy\u00e9ni lemez, audio CD, MP3 lemez, DVD-Video, k\u00e9pf\u00e1jl \u00edr\u00e1s, m\u00e1sol\u00e1s k\u00e9pf\u00e1jlba, ISO vagy boot ISO k\u00e9sz\u00edt\u00e9s, lemez t\u00f6rl\u00e9se, lemezinform\u00e1ci\u00f3.<br \/>\n<img decoding=\"async\" loading=\"lazy\" alt=\"BurnAware Free lehet\u0151s\u00e9gek\" src=\"\/\/cuccokhalomban.csillagpor.hu\/pict\/burnaware-free-screenshot-3.jpg\" width=\"553\" height=\"427\" \/><\/p>\n<p>Az el\u0151z\u0151k, csak men\u00fcben &#8230;<br \/>\n<img decoding=\"async\" loading=\"lazy\" alt=\"BurnAware Free men\u00fc\" src=\"\/\/cuccokhalomban.csillagpor.hu\/pict\/burnaware-free-screenshot-4.jpg\" width=\"553\" height=\"429\" \/><\/p>\n<p>Automatikus friss\u00edt\u00e9s, \u00e9s alap\u00e9rtelmez\u00e9sek vissza\u00e1ll\u00edt\u00e1sa.<br \/>\n<img decoding=\"async\" loading=\"lazy\" alt=\"BurnAware Free alap\u00e9rtelmez\u00e9sek\" src=\"\/\/cuccokhalomban.csillagpor.hu\/pict\/burnaware-free-screenshot-5.jpg\" width=\"554\" height=\"429\" \/><\/p>\n<p>Adatlemez, kattintson ide a f\u00e1jlok hozz\u00e1ad\u00e1s\u00e1hoz!<br \/>\n<img decoding=\"async\" loading=\"lazy\" alt=\"BurnAware Free adatlemez\" src=\"\/\/cuccokhalomban.csillagpor.hu\/pict\/burnaware-free-screenshot-6.jpg\" width=\"626\" height=\"500\" \/><\/p>\n<p>Az \u00edr\u00f3egys\u00e9g be\u00e1ll\u00edt\u00e1sai, el\u0151-defini\u00e1lt \u00e9rt\u00e9kek, puffer be\u00e1ll\u00edt\u00e1s, puffer t\u00falcsordul\u00e1s v\u00e9delem, stb &#8230;<br \/>\n<img decoding=\"async\" loading=\"lazy\" alt=\"BurnAware Free \u00edr\u00f3egys\u00e9g\" src=\"\/\/cuccokhalomban.csillagpor.hu\/pict\/burnaware-free-screenshot-7.jpg\" width=\"624\" height=\"500\" \/><\/p>\n<p>\u00cdr\u00e1s be\u00e1ll\u00edt\u00e1sok, lemez lez\u00e1r\u00e1sa, adat ellen\u0151rz\u00e9s, szimul\u00e1l\u00e1s, ilyenek &#8230;<br \/>\n<img decoding=\"async\" loading=\"lazy\" alt=\"BurnAware Free \u00edr\u00e1s\" src=\"\/\/cuccokhalomban.csillagpor.hu\/pict\/burnaware-free-screenshot-8.jpg\" width=\"625\" height=\"500\" \/><\/p>\n<p>Tess\u00e9k! Adat. \u00d6ssze\u00e1ll\u00edt\u00e1s \u00edr\u00e1sa, \u00fajra\u00edrhat\u00f3 lemez t\u00f6rl\u00e9se, inform\u00e1ci\u00f3k vagy ki is adathatjuk a lemezt innen.<br \/>\n<img decoding=\"async\" loading=\"lazy\" alt=\"BurnAware Free adat\" src=\"\/\/cuccokhalomban.csillagpor.hu\/pict\/burnaware-free-screenshot-9.jpg\" width=\"624\" height=\"500\" \/><\/p>\n<p>ISO k\u00e9pf\u00e1jl \u00f6ssze\u00e1ll\u00edt\u00e1sa, valamelyik f\u00e1jlrendszerben &#8230;<br \/>\n<img decoding=\"async\" loading=\"lazy\" alt=\"BurnAware Free ISO\" src=\"\/\/cuccokhalomban.csillagpor.hu\/pict\/burnaware-free-screenshot-10.jpg\" width=\"625\" height=\"500\" \/><\/p>\n<p>Itt pedig a DVD-Video \u00f6sszepakol\u00e1s\u00e1t kezdhetj\u00fck meg.<br \/>\n<img decoding=\"async\" loading=\"lazy\" alt=\"BurnAware Free DVD-Video\" src=\"\/\/cuccokhalomban.csillagpor.hu\/pict\/burnaware-free-screenshot-11.jpg\" width=\"625\" height=\"500\" \/><\/p>\n<p>A CD\/DVD \u00edr\u00f3nkr\u00f3l minden &#8230;<br \/>\n<img decoding=\"async\" loading=\"lazy\" alt=\"BurnAware Free meghajt\u00f3 inform\u00e1ci\u00f3\" src=\"\/\/cuccokhalomban.csillagpor.hu\/pict\/burnaware-free-screenshot-12.jpg\" width=\"553\" height=\"492\" \/><\/p>\n<p>&#8230; \u00e9s amit az \u00edrand\u00f3 lemez\u00fcnkr\u0151l lehet tudni.<br \/>\n<img decoding=\"async\" loading=\"lazy\" alt=\"BurnAware Free lemez inform\u00e1ci\u00f3\" src=\"\/\/cuccokhalomban.csillagpor.hu\/pict\/burnaware-free-screenshot-13.jpg\" width=\"552\" height=\"492\" \/><\/p>\n","protected":false},"excerpt":{"rendered":"<p>A BurnAware Free optikai lemez \u00edr\u00f3 alkalmaz\u00e1s telep\u00edt\u00e9sekor fel szeretne ker\u00fclni az AVG Security eszk\u00f6zt\u00e1r, hogy v\u00e9dje g\u00e9p\u00fcnket. Szeretne tov\u00e1bb\u00e1 az alap\u00e9rtelmezett keres\u0151nk&#46;&#46;&#46;<\/p>\n","protected":false},"author":1,"featured_media":0,"parent":0,"menu_order":0,"comment_status":"closed","ping_status":"closed","template":"","meta":{"footnotes":""},"_links":{"self":[{"href":"https:\/\/csillagpor.hu\/remek\/programok\/wp-json\/wp\/v2\/pages\/1414"}],"collection":[{"href":"https:\/\/csillagpor.hu\/remek\/programok\/wp-json\/wp\/v2\/pages"}],"about":[{"href":"https:\/\/csillagpor.hu\/remek\/programok\/wp-json\/wp\/v2\/types\/page"}],"author":[{"embeddable":true,"href":"https:\/\/csillagpor.hu\/remek\/programok\/wp-json\/wp\/v2\/users\/1"}],"replies":[{"embeddable":true,"href":"https:\/\/csillagpor.hu\/remek\/programok\/wp-json\/wp\/v2\/comments?post=1414"}],"version-history":[{"count":0,"href":"https:\/\/csillagpor.hu\/remek\/programok\/wp-json\/wp\/v2\/pages\/1414\/revisions"}],"wp:attachment":[{"href":"https:\/\/csillagpor.hu\/remek\/programok\/wp-json\/wp\/v2\/media?parent=1414"}],"curies":[{"name":"wp","href":"https:\/\/api.w.org\/{rel}","templated":true}]}}