{"id":1421,"date":"2012-12-01T13:04:58","date_gmt":"2012-12-01T12:04:58","guid":{"rendered":"http:\/\/csillagpor.hu\/remek\/programok\/?page_id=1421"},"modified":"2022-06-30T18:07:56","modified_gmt":"2022-06-30T16:07:56","slug":"opera-mini-mobile-screenshot","status":"publish","type":"page","link":"https:\/\/csillagpor.hu\/remek\/programok\/opera-mini-mobile-screenshot","title":{"rendered":"Opera Mini \u00e9s Mobile k\u00e9perny\u0151k\u00e9pek"},"content":{"rendered":"<p>&rarr; <a target=\"_blank\" title=\"androidos opera b\u00f6ng\u00e9sz\u0151k k\u00e9perny\u0151k\u00e9pei\" href=\"\/\/csillagpor.hu\/remek\/programok\/androidos-opera-bongeszok-kepernyokepei\" rel=\"noopener noreferrer\">\u00dajabb k\u00e9pek az Androidos Oper\u00e1r\u00f3l<\/a><\/p>\n<p><a target=\"_blank\" title=\"opera mini mobile\" href=\"\/\/csillagpor.hu\/remek\/programok\/opera-mini-mobile\" rel=\"noopener noreferrer\">Az Opera Mini \u00e9s Mobile b\u00f6ng\u00e9sz\u0151k<\/a> telep\u00edt\u00e9s\u00e9t Android rendszerre a Google play-b\u0151l is ind\u00edthatjuk, \u00edgy nem kell enged\u00e9lyezn\u00fcnk m\u00e1s helyeket.<br \/>\n<img decoding=\"async\" loading=\"lazy\" alt=\"Opera mini \u00e9s mobile telep\u00edt\u00e9s\" src=\"\/\/cuccokhalomban.csillagpor.hu\/pict\/opera-mini-mobile-screenshot-1.jpg\" width=\"730\" height=\"428\" \/>\n<\/p>\n<p>Opera Mini b\u00f6ng\u00e9sz\u0151 telep\u00edt\u00e9se indul, 7.5.1 verzi\u00f3.<br \/>\n<img decoding=\"async\" loading=\"lazy\" alt=\"Opera mini\" src=\"\/\/cuccokhalomban.csillagpor.hu\/pict\/opera-mini-mobile-screenshot-2.jpg\" width=\"730\" height=\"428\" \/>\n<\/p>\n<p>Let\u00f6lt\u0151d\u00f6tt \u00e9s \u00fcdv\u00f6z\u00f6l magyarul.<br \/>\n<img decoding=\"async\" loading=\"lazy\" alt=\"Opera mini elfogad\u00e1s\" src=\"\/\/cuccokhalomban.csillagpor.hu\/pict\/opera-mini-mobile-screenshot-3.jpg\" width=\"730\" height=\"428\" \/>\n<\/p>\n<p>Az Opera j\u00f3l ismert gyorsind\u00edt\u00f3ja.<br \/>\n<img decoding=\"async\" loading=\"lazy\" alt=\"Opera mini gyorsind\u00edt\u00f3\" src=\"\/\/cuccokhalomban.csillagpor.hu\/pict\/opera-mini-mobile-screenshot-4.jpg\" width=\"730\" height=\"428\" \/>\n<\/p>\n<p>Keress\u00fcnk valamit a Google-n!<br \/>\n<img decoding=\"async\" loading=\"lazy\" alt=\"Opera mini Google\" src=\"\/\/cuccokhalomban.csillagpor.hu\/pict\/opera-mini-mobile-screenshot-5.jpg\" width=\"730\" height=\"428\" \/>\n<\/p>\n<p>Az Opera men\u00fc 9 ikonn\u00e1 egyszer\u0171s\u00edtett mobilos v\u00e1ltozata.<br \/>\n<img decoding=\"async\" loading=\"lazy\" alt=\"Opera mini men\u00fc\" src=\"\/\/cuccokhalomban.csillagpor.hu\/pict\/opera-mini-mobile-screenshot-6.jpg\" width=\"730\" height=\"428\" \/>\n<\/p>\n<p>Be\u00e1ll\u00edt\u00e1sok, k\u00e9pek bet\u00f6lt\u00e9se, k\u00e9pmin\u0151s\u00e9g, bet\u0171m\u00e9ret, sz\u00f6veg t\u00f6rdel\u00e9se, Opera link, adatv\u00e9delem &#8230;<br \/>\n<img decoding=\"async\" loading=\"lazy\" alt=\"Opera mini be\u00e1ll\u00edt\u00e1sok\" src=\"\/\/cuccokhalomban.csillagpor.hu\/pict\/opera-mini-mobile-screenshot-7.jpg\" width=\"730\" height=\"428\" \/>\n<\/p>\n<p>Opera halad\u00f3 be\u00e1ll\u00edt\u00e1sok, kil\u00e9p\u00e9s gomb ki-be kapcsol\u00e1sa, protokoll, h\u00e1l\u00f3zati teszt, kezd\u0151lap.<br \/>\n<img decoding=\"async\" loading=\"lazy\" alt=\"Opera mini halad\u00f3\" src=\"\/\/cuccokhalomban.csillagpor.hu\/pict\/opera-mini-mobile-screenshot-8.jpg\" width=\"730\" height=\"428\" \/>\n<\/p>\n<p>A f\u00fcles b\u00f6ng\u00e9sz\u00e9s \u00edgy van megoldva mobilon.<br \/>\n<img decoding=\"async\" loading=\"lazy\" alt=\"Opera mini f\u00fclek\" src=\"\/\/cuccokhalomban.csillagpor.hu\/pict\/opera-mini-mobile-screenshot-9.jpg\" width=\"730\" height=\"428\" \/>\n<\/p>\n<p>Gyorsh\u00edv\u00f3k be\u00e1ll\u00edt\u00e1sa, t\u00f6rl\u00e9s \u00e9s hozz\u00e1ad\u00e1s.<br \/>\n<img decoding=\"async\" loading=\"lazy\" alt=\"Opera mini \u00faj gyorsh\u00edv\u00f3\" src=\"\/\/cuccokhalomban.csillagpor.hu\/pict\/opera-mini-mobile-screenshot-10.jpg\" width=\"730\" height=\"428\" \/>\n<\/p>\n<p>Az Opera Mobile telep\u00edt\u00e9se a Google play-b\u0151l ugyan\u00fagy zajlik, mint a Mini\u00e9.<br \/>\n<img decoding=\"async\" loading=\"lazy\" alt=\"Opera Mobile Google play\" src=\"\/\/cuccokhalomban.csillagpor.hu\/pict\/opera-mini-mobile-screenshot-11.jpg\" width=\"730\" height=\"428\" \/>\n<\/p>\n<p>Ez is ugyanolyan, csak ez a 12.1.2-es Android verzi\u00f3.<br \/>\n<img decoding=\"async\" loading=\"lazy\" alt=\"Opera Mobile for Android\" src=\"\/\/cuccokhalomban.csillagpor.hu\/pict\/opera-mini-mobile-screenshot-12.jpg\" width=\"730\" height=\"428\" \/>\n<\/p>\n<p>Az \u00fcdv\u00f6zl\u00e9s m\u00e1r egy kicsit m\u00e1sk\u00e9pp n\u00e9z ki, de v\u00e9geredm\u00e9nyben ugyanaz&#8230;<br \/>\n<img decoding=\"async\" loading=\"lazy\" alt=\"Opera Mobile \u00fcdv\u00f6zlet\" src=\"\/\/cuccokhalomban.csillagpor.hu\/pict\/opera-mini-mobile-screenshot-13.jpg\" width=\"730\" height=\"428\" \/>\n<\/p>\n<p>Keres\u00e9s a c\u00edmsorb\u00f3l.<br \/>\n<img decoding=\"async\" loading=\"lazy\" alt=\"Opera Mobile keres\u00e9s\" src=\"\/\/cuccokhalomban.csillagpor.hu\/pict\/opera-mini-mobile-screenshot-14.jpg\" width=\"730\" height=\"428\" \/>\n<\/p>\n<p>A be\u00e1ll\u00edt\u00e1sok sem sokban k\u00fcl\u00f6nb\u00f6znek, annyiban, hogy a Mobile v\u00e1ltozatban be\u00e1ll\u00edthat\u00f3 egy nagy\u00edt\u00e1si \u00e9rt\u00e9k el\u0151re &#8230;<br \/>\n<img decoding=\"async\" loading=\"lazy\" alt=\"Opera Mobile nagy\u00edt\u00e1s\" src=\"\/\/cuccokhalomban.csillagpor.hu\/pict\/opera-mini-mobile-screenshot-15.jpg\" width=\"730\" height=\"428\" \/>\n<\/p>\n<p>&#8230; \u00e9s megadhat\u00f3 az User Agent, vagyis, hogy minek l\u00e1ssanak minket k\u00edv\u00fclr\u0151l az oldalak &#8230;<br \/>\n<img decoding=\"async\" loading=\"lazy\" alt=\"Opera Mobile User Agent\" src=\"\/\/cuccokhalomban.csillagpor.hu\/pict\/opera-mini-mobile-screenshot-16.jpg\" width=\"730\" height=\"428\" \/>\n<\/p>\n<p>&#8230; Tablet vagy Desktop, ennek megfelel\u0151en kapjuk a &#8220;sima&#8221; vagy a mobilos oldal verzi\u00f3t, ha l\u00e9tezik.<br \/>\n<img decoding=\"async\" loading=\"lazy\" alt=\"Opera Mobile Tablet vagy Desktop\" src=\"\/\/cuccokhalomban.csillagpor.hu\/pict\/opera-mini-mobile-screenshot-17.jpg\" width=\"730\" height=\"428\" \/>\n<\/p>\n<p>Keres\u0151motorok kezel\u00e9se, ha lenyitjuk a kis nyilat a keres\u0151s\u00e1vb\u00f3l, itt most nem l\u00e1tszik &#8230;<br \/>\n<img decoding=\"async\" loading=\"lazy\" alt=\"Opera mini \u00e9s mobile\" src=\"\/\/cuccokhalomban.csillagpor.hu\/pict\/opera-mini-mobile-screenshot-18.jpg\" width=\"730\" height=\"428\" \/><\/p>\n","protected":false},"excerpt":{"rendered":"<p><a target=\"_blank\" title=\"Opera Mini \u00e9s Mobile k\u00e9perny\u0151k\u00e9pek\" href=\"\/\/csillagpor.hu\/remek\/programok\/opera-mini-mobile-screenshot\" rel=\"noopener noreferrer\"><img decoding=\"async\" loading=\"lazy\" alt=\"Opera\" src=\"\/\/cuccokhalomban.csillagpor.hu\/pict\/opera-mini-kicsi.jpg\" width=\"100\" height=\"59\" class=\"flr\" \/><\/a>Az Opera Mini \u00e9s Mobile b\u00f6ng\u00e9sz\u0151k telep\u00edt\u00e9s\u00e9t Android rendszerre a Google play-b\u0151l is ind\u00edthatjuk. Opera Mini b\u00f6ng\u00e9sz\u0151 telep\u00edt\u00e9se indul&#8230; Let\u00f6lt\u0151d\u00f6tt \u00e9s \u00fcdv\u00f6z\u00f6l magyarul. Az Opera j\u00f3l ismert gyorsind\u00edt\u00f3ja. Az Opera men\u00fc 9 ikonn\u00e1 egyszer\u0171s\u00edtett mobilos v\u00e1ltozata&#8230;<\/p>\n","protected":false},"author":1,"featured_media":0,"parent":0,"menu_order":0,"comment_status":"closed","ping_status":"closed","template":"","meta":{"footnotes":""},"_links":{"self":[{"href":"https:\/\/csillagpor.hu\/remek\/programok\/wp-json\/wp\/v2\/pages\/1421"}],"collection":[{"href":"https:\/\/csillagpor.hu\/remek\/programok\/wp-json\/wp\/v2\/pages"}],"about":[{"href":"https:\/\/csillagpor.hu\/remek\/programok\/wp-json\/wp\/v2\/types\/page"}],"author":[{"embeddable":true,"href":"https:\/\/csillagpor.hu\/remek\/programok\/wp-json\/wp\/v2\/users\/1"}],"replies":[{"embeddable":true,"href":"https:\/\/csillagpor.hu\/remek\/programok\/wp-json\/wp\/v2\/comments?post=1421"}],"version-history":[{"count":0,"href":"https:\/\/csillagpor.hu\/remek\/programok\/wp-json\/wp\/v2\/pages\/1421\/revisions"}],"wp:attachment":[{"href":"https:\/\/csillagpor.hu\/remek\/programok\/wp-json\/wp\/v2\/media?parent=1421"}],"curies":[{"name":"wp","href":"https:\/\/api.w.org\/{rel}","templated":true}]}}