{"id":1423,"date":"2012-12-03T12:03:16","date_gmt":"2012-12-03T11:03:16","guid":{"rendered":"http:\/\/csillagpor.hu\/remek\/programok\/?page_id=1423"},"modified":"2022-06-30T18:17:00","modified_gmt":"2022-06-30T16:17:00","slug":"imacsoft-free-dvd-ripper-screenshot","status":"publish","type":"page","link":"https:\/\/csillagpor.hu\/remek\/programok\/imacsoft-free-dvd-ripper-screenshot","title":{"rendered":"iMacsoft Free DVD Ripper k\u00e9perny\u0151k\u00e9pek"},"content":{"rendered":"<p><a target=\"_blank\" title=\"free-dvd-ripper\" href=\"\/\/csillagpor.hu\/remek\/programok\/free-dvd-ripper\" rel=\"noopener noreferrer\">Az iMacsoft Free DVD Ripper<\/a> elindult, v\u00e1lasszuk ki a profilt, a lemezt \u00e9s kattint\u00e1s a piros Rip gombra.<br \/>\n<img decoding=\"async\" loading=\"lazy\" alt=\"iMacsoft Free DVD Ripper\" src=\"\/\/cuccokhalomban.csillagpor.hu\/pict\/free-dvd-ripper-screenshot-1.jpg\" width=\"656\" height=\"500\" \/>\n<\/p>\n<p>DVD hozz\u00e1ad\u00e1sa.<br \/>\n<img decoding=\"async\" loading=\"lazy\" alt=\"iMacsoft Free DVD Ripper hozz\u00e1ad\u00e1s\" src=\"\/\/cuccokhalomban.csillagpor.hu\/pict\/free-dvd-ripper-screenshot-2.jpg\" width=\"656\" height=\"500\" \/>\n<\/p>\n<p>Rengeteg v\u00e1laszthat\u00f3 el\u0151be\u00e1ll\u00edt\u00e1s a profilok k\u00f6z\u00f6tt, ami itt l\u00e1tszik az kb. a tizede.<br \/>\n<img decoding=\"async\" loading=\"lazy\" alt=\"iMacsoft Free DVD Ripper profil\" src=\"\/\/cuccokhalomban.csillagpor.hu\/pict\/free-dvd-ripper-screenshot-3.jpg\" width=\"538\" height=\"500\" \/>\n<\/p>\n<p>Jobb gombbal egy elemre kattintva ez a men\u00fc j\u00f6n el\u0151.<br \/>\n<img decoding=\"async\" loading=\"lazy\" alt=\"iMacsoft Free DVD Ripper men\u00fc\" src=\"\/\/cuccokhalomban.csillagpor.hu\/pict\/free-dvd-ripper-screenshot-4.jpg\" width=\"658\" height=\"500\" \/>\n<\/p>\n<p>A vide\u00f3 trimmel\u0151 modul. Itt m\u00e9g alak\u00edthatunk is rajta.<br \/>\n<img decoding=\"async\" loading=\"lazy\" alt=\"iMacsoft Free DVD Ripper video trim\" src=\"\/\/cuccokhalomban.csillagpor.hu\/pict\/free-dvd-ripper-screenshot-5.jpg\" width=\"656\" height=\"500\" \/>\n<\/p>\n<p>A kiv\u00e1lasztott film be\u00e1ll\u00edt\u00e1sai, felbont\u00e1s, k\u00e9par\u00e1ny, ilyesmik &#8230;<br \/>\n<img decoding=\"async\" loading=\"lazy\" alt=\"iMacsoft Free DVD Ripper film\" src=\"\/\/cuccokhalomban.csillagpor.hu\/pict\/free-dvd-ripper-screenshot-6.jpg\" width=\"627\" height=\"500\" \/>\n<\/p>\n<p>A program be\u00e1ll\u00edt\u00e1sai, h\u00e1ny folyamat mehet egyszerre, el\u0151n\u00e9zet ar\u00e1ny, renderel\u00e9s, stb&#8230;<br \/>\n<img decoding=\"async\" loading=\"lazy\" alt=\"iMacsoft Free DVD Ripper be\u00e1ll\u00edt\u00e1sok\" src=\"\/\/cuccokhalomban.csillagpor.hu\/pict\/free-dvd-ripper-screenshot-7.jpg\" width=\"655\" height=\"500\" \/>\n<\/p>\n<p>A DVD be\u00e1ll\u00edt\u00e1sai, vide\u00f3 \u00e9s audio be\u00e1ll\u00edt\u00e1sok, hanger\u0151 &#8230;<br \/>\n<img decoding=\"async\" loading=\"lazy\" alt=\"iMacsoft Free DVD Ripper DVD be\u00e1ll\u00edt\u00e1s\" src=\"\/\/cuccokhalomban.csillagpor.hu\/pict\/free-dvd-ripper-screenshot-8.jpg\" width=\"657\" height=\"500\" \/>\n<\/p>\n<p>A baloldali oldals\u00e1vban minden hang \u00e9s vide\u00f3 param\u00e9tert \u00e1t\u00e1ll\u00edthatunk.<br \/>\n<img decoding=\"async\" loading=\"lazy\" alt=\"iMacsoft Free DVD Ripper param\u00e9terek\" src=\"\/\/cuccokhalomban.csillagpor.hu\/pict\/free-dvd-ripper-screenshot-10.jpg\" width=\"658\" height=\"500\" \/>\n<\/p>\n<p>Jobb lent be\u00e1ll\u00edthatjuk, hogy milyen m\u00e9ret\u0171 lemezekre vagdossa sz\u00e9t, ha t\u00fal nagy lesz a rippelt vide\u00f3. Itt l\u00e1that\u00f3 az is, hogy hov\u00e1 menti a k\u00e9sz filmeket. Ez \u00e1t\u00e1ll\u00edthat\u00f3 tetsz\u00e9s szerint.<br \/>\n<img decoding=\"async\" loading=\"lazy\" alt=\"iMacsoft Free DVD Ripper split\" src=\"\/\/cuccokhalomban.csillagpor.hu\/pict\/free-dvd-ripper-screenshot-11.jpg\" width=\"595\" height=\"500\" \/>\n<\/p>\n<p>A legels\u0151t v\u00e1lasztottam csak ki, ezt most MP4 form\u00e1tumba alak\u00edtja \u00e1t.<br \/>\n<img decoding=\"async\" loading=\"lazy\" alt=\"iMacsoft Free DVD Ripper mp4\" src=\"\/\/cuccokhalomban.csillagpor.hu\/pict\/free-dvd-ripper-screenshot-12.jpg\" width=\"658\" height=\"500\" \/><\/p>\n","protected":false},"excerpt":{"rendered":"<p>Az iMacsoft Free DVD Ripper elindult, v\u00e1lasszuk ki a profilt, a lemezt \u00e9s kattint\u00e1s a piros Rip gombra. DVD hozz\u00e1ad\u00e1sa. Rengeteg v\u00e1laszthat\u00f3 el\u0151be\u00e1ll\u00edt\u00e1s&#46;&#46;&#46;<\/p>\n","protected":false},"author":1,"featured_media":0,"parent":0,"menu_order":0,"comment_status":"closed","ping_status":"closed","template":"","meta":{"footnotes":""},"_links":{"self":[{"href":"https:\/\/csillagpor.hu\/remek\/programok\/wp-json\/wp\/v2\/pages\/1423"}],"collection":[{"href":"https:\/\/csillagpor.hu\/remek\/programok\/wp-json\/wp\/v2\/pages"}],"about":[{"href":"https:\/\/csillagpor.hu\/remek\/programok\/wp-json\/wp\/v2\/types\/page"}],"author":[{"embeddable":true,"href":"https:\/\/csillagpor.hu\/remek\/programok\/wp-json\/wp\/v2\/users\/1"}],"replies":[{"embeddable":true,"href":"https:\/\/csillagpor.hu\/remek\/programok\/wp-json\/wp\/v2\/comments?post=1423"}],"version-history":[{"count":0,"href":"https:\/\/csillagpor.hu\/remek\/programok\/wp-json\/wp\/v2\/pages\/1423\/revisions"}],"wp:attachment":[{"href":"https:\/\/csillagpor.hu\/remek\/programok\/wp-json\/wp\/v2\/media?parent=1423"}],"curies":[{"name":"wp","href":"https:\/\/api.w.org\/{rel}","templated":true}]}}