{"id":1425,"date":"2012-12-05T22:04:49","date_gmt":"2012-12-05T21:04:49","guid":{"rendered":"http:\/\/csillagpor.hu\/remek\/programok\/?page_id=1425"},"modified":"2022-06-30T18:25:25","modified_gmt":"2022-06-30T16:25:25","slug":"dvdstyler-screenshot","status":"publish","type":"page","link":"https:\/\/csillagpor.hu\/remek\/programok\/dvdstyler-screenshot","title":{"rendered":"DVDStyler k\u00e9perny\u0151k\u00e9pek"},"content":{"rendered":"<p><a target=\"_blank\" title=\"dvdstyler\" href=\"\/\/csillagpor.hu\/remek\/programok\/dvdstyler\" rel=\"noopener noreferrer\">A DVDStyler vide\u00f3 DVD tervez\u0151<\/a> telep\u00edt\u00e9sekor a Babylon eszk\u00f6zt\u00e1r \u00fagy gondolja, hogy kell nek\u00fcnk. Szerintem t\u00e9ved. A n\u00e9gyzetekb\u0151l ha kivessz\u00fck a pip\u00e1kat, akkor csak a DVDStyler telep\u00fcl, ezen kieg\u00e9sz\u00edt\u0151k n\u00e9lk\u00fcl.<br \/>\n<img decoding=\"async\" loading=\"lazy\" alt=\"DVDStyler telep\u00edt\u00e9s\" src=\"\/\/cuccokhalomban.csillagpor.hu\/pict\/dvdstyler-screenshot-1.jpg\" width=\"505\" height=\"398\" \/>\n<\/p>\n<p>\u00daj DVD projekt l\u00e9trehoz\u00e1sa, c\u00edmke, DVD kapacit\u00e1s, vide\u00f3 min\u0151s\u00e9g \u00e9s form\u00e1tum, k\u00e9par\u00e1ny, hang form\u00e1tum, vagy projekt f\u00e1jl megnyit\u00e1sa.<br \/>\n<img decoding=\"async\" loading=\"lazy\" alt=\"DVDStyler \u00faj projekt\" src=\"\/\/cuccokhalomban.csillagpor.hu\/pict\/dvdstyler-screenshot-2.jpg\" width=\"676\" height=\"500\" \/>\n<\/p>\n<p>DVD men\u00fc mint\u00e1k.<br \/>\n<img decoding=\"async\" loading=\"lazy\" alt=\"DVDStyler men\u00fc\" src=\"\/\/cuccokhalomban.csillagpor.hu\/pict\/dvdstyler-screenshot-3.jpg\" width=\"674\" height=\"500\" \/>\n<\/p>\n<p>Egy kiv\u00e1lasztott minta men\u00fc, lentre kellene h\u00fazni a vide\u00f3t &#8230;<br \/>\n<img decoding=\"async\" loading=\"lazy\" alt=\"DVDStyler\" src=\"\/\/cuccokhalomban.csillagpor.hu\/pict\/dvdstyler-screenshot-4.jpg\" width=\"675\" height=\"500\" \/>\n<\/p>\n<p>DVD jellemz\u0151k, kb. ugyanazok, amik a projekt l\u00e9trehoz\u00e1s\u00e1n\u00e1l megadhat\u00f3k.<br \/>\n<img decoding=\"async\" loading=\"lazy\" alt=\"DVDStyler jellemz\u0151k\" src=\"\/\/cuccokhalomban.csillagpor.hu\/pict\/dvdstyler-screenshot-5.jpg\" width=\"674\" height=\"500\" \/>\n<\/p>\n<p>A program be\u00e1ll\u00edt\u00e1sai, alap\u00e9rtelmezett kapacit\u00e1s, form\u00e1tumok, gomb \u00e9s egyebek.<br \/>\n<img decoding=\"async\" loading=\"lazy\" alt=\"DVDStyler be\u00e1ll\u00edt\u00e1sok\" src=\"\/\/cuccokhalomban.csillagpor.hu\/pict\/dvdstyler-screenshot-6.jpg\" width=\"674\" height=\"500\" \/>\n<\/p>\n<p>DVD be\u00e1ll\u00edt\u00e1sok, a men\u00fc vide\u00f3inak param\u00e9terei, ISO f\u00e1jl \u00edr\u00e1s \u00e9s l\u00e9trehoz\u00e1s parancsai, DVD \u00edr\u00e1s parancs \u00e9s ECC utas\u00edt\u00e1sok.<br \/>\n<img decoding=\"async\" loading=\"lazy\" alt=\"DVDStyler DVD be\u00e1ll\u00edt\u00e1sok\" src=\"\/\/cuccokhalomban.csillagpor.hu\/pict\/dvdstyler-screenshot-7.jpg\" width=\"674\" height=\"500\" \/>\n<\/p>\n<p>A f\u00e1jlb\u00f6ng\u00e9sz\u0151 f\u00fcl.<br \/>\n<img decoding=\"async\" loading=\"lazy\" alt=\"DVDStyler f\u00e1jl\" src=\"\/\/cuccokhalomban.csillagpor.hu\/pict\/dvdstyler-screenshot-8.jpg\" width=\"676\" height=\"500\" \/>\n<\/p>\n<p>A DVD men\u00fcbe illeszthet\u0151 gombok.<br \/>\n<img decoding=\"async\" loading=\"lazy\" alt=\"DVDStyler gombok\" src=\"\/\/cuccokhalomban.csillagpor.hu\/pict\/dvdstyler-screenshot-9.jpg\" width=\"675\" height=\"500\" \/>\n<\/p>\n<p>H\u00e1t, vide\u00f3t azt m\u00e9g nem adtam hozz\u00e1, mindegy &#8230;<br \/>\n<img decoding=\"async\" loading=\"lazy\" alt=\"DVDStyler vide\u00f3\" src=\"\/\/cuccokhalomban.csillagpor.hu\/pict\/dvdstyler-screenshot-10.jpg\" width=\"673\" height=\"500\" \/>\n<\/p>\n<p>Jobb gombbal a men\u00fc el\u0151n\u00e9zet\u00e9re kattintva is megv\u00e1ltoztathat\u00f3 minden.<br \/>\n<img decoding=\"async\" loading=\"lazy\" alt=\"DVDStyler jobb gomb\" src=\"\/\/cuccokhalomban.csillagpor.hu\/pict\/dvdstyler-screenshot-11.jpg\" width=\"675\" height=\"500\" \/>\n<\/p>\n<p>Gomb jellemz\u0151k, esem\u00e9ny \u00e9s l\u00e1tv\u00e1ny be\u00e1ll\u00edt\u00e1sok.<br \/>\n<img decoding=\"async\" loading=\"lazy\" alt=\"DVDStyler esem\u00e9ny, l\u00e1tv\u00e1ny\" src=\"\/\/cuccokhalomban.csillagpor.hu\/pict\/dvdstyler-screenshot-12.jpg\" width=\"664\" height=\"500\" \/><\/p>\n","protected":false},"excerpt":{"rendered":"<p>A DVDStyler vide\u00f3 DVD tervez\u0151 telep\u00edt\u00e9sekor a Babylon eszk\u00f6zt\u00e1r \u00fagy gondolja, hogy kell nek\u00fcnk. Szerintem t\u00e9ved. A n\u00e9gyzetekb\u0151l ha kivessz\u00fck a pip\u00e1kat, akkor&#46;&#46;&#46;<\/p>\n","protected":false},"author":1,"featured_media":0,"parent":0,"menu_order":0,"comment_status":"closed","ping_status":"closed","template":"","meta":{"footnotes":""},"_links":{"self":[{"href":"https:\/\/csillagpor.hu\/remek\/programok\/wp-json\/wp\/v2\/pages\/1425"}],"collection":[{"href":"https:\/\/csillagpor.hu\/remek\/programok\/wp-json\/wp\/v2\/pages"}],"about":[{"href":"https:\/\/csillagpor.hu\/remek\/programok\/wp-json\/wp\/v2\/types\/page"}],"author":[{"embeddable":true,"href":"https:\/\/csillagpor.hu\/remek\/programok\/wp-json\/wp\/v2\/users\/1"}],"replies":[{"embeddable":true,"href":"https:\/\/csillagpor.hu\/remek\/programok\/wp-json\/wp\/v2\/comments?post=1425"}],"version-history":[{"count":0,"href":"https:\/\/csillagpor.hu\/remek\/programok\/wp-json\/wp\/v2\/pages\/1425\/revisions"}],"wp:attachment":[{"href":"https:\/\/csillagpor.hu\/remek\/programok\/wp-json\/wp\/v2\/media?parent=1425"}],"curies":[{"name":"wp","href":"https:\/\/api.w.org\/{rel}","templated":true}]}}