{"id":1428,"date":"2012-12-07T16:45:44","date_gmt":"2012-12-07T15:45:44","guid":{"rendered":"http:\/\/csillagpor.hu\/remek\/programok\/?page_id=1428"},"modified":"2022-06-30T17:40:46","modified_gmt":"2022-06-30T15:40:46","slug":"virtual-clonedrive-screenshot","status":"publish","type":"page","link":"https:\/\/csillagpor.hu\/remek\/programok\/virtual-clonedrive-screenshot","title":{"rendered":"Virtual CloneDrive k\u00e9perny\u0151k\u00e9pek"},"content":{"rendered":"<p><a target=\"_blank\" title=\"virtual-clonedrive\" href=\"\/\/csillagpor.hu\/remek\/programok\/virtual-clonedrive\" rel=\"noopener noreferrer\">A Virtual CloneDrive<\/a> telep\u00edt\u00e9sekor hozz\u00e1rendelhetj\u00fck a ccd, dvd, iso, img, udf, bin lemezk\u00e9pf\u00e1jl t\u00edpusokat.<br \/>\n<img decoding=\"async\" loading=\"lazy\" alt=\"Virtual CloneDrive telep\u00edt\u00e9s\" src=\"\/\/cuccokhalomban.csillagpor.hu\/pict\/virtual-clonedrive-screenshot-1.jpg\" width=\"429\" height=\"293\" \/>\n<\/p>\n<p>Telep\u00edt\u00e9s k\u00f6zben a m\u0171k\u00f6d\u00e9s\u00e9hez sz\u00fcks\u00e9ges t\u00e1rol\u00f3vez\u00e9rl\u0151t is feltelep\u00edti (driver).<br \/>\n<img decoding=\"async\" loading=\"lazy\" alt=\"Virtual CloneDrive driver\" src=\"\/\/cuccokhalomban.csillagpor.hu\/pict\/virtual-clonedrive-screenshot-2.jpg\" width=\"613\" height=\"302\" \/>\n<\/p>\n<p>Be\u00e1ll\u00edthatjuk, hogy h\u00e1ny virtu\u00e1lis meghajt\u00f3t szeretn\u00e9nk, max. 15 lehet. Be\u00e1ll\u00edthatjuk tov\u00e1bb\u00e1 az indul\u00e1skori automatikus csatol\u00e1st is &#8230;<br \/>\n<img decoding=\"async\" loading=\"lazy\" alt=\"Virtual CloneDrive be\u00e1ll\u00edt\u00e1sok\" src=\"\/\/cuccokhalomban.csillagpor.hu\/pict\/virtual-clonedrive-screenshot-3.jpg\" width=\"353\" height=\"309\" \/>\n<\/p>\n<p>Sok nyelven \u00e9l, magyarul m\u00e9g nem.<br \/>\n<img decoding=\"async\" loading=\"lazy\" alt=\"Virtual CloneDrive nyelv\" src=\"\/\/cuccokhalomban.csillagpor.hu\/pict\/virtual-clonedrive-screenshot-4.jpg\" width=\"352\" height=\"285\" \/>\n<\/p>\n<p>Az ELBY CLONEDRIVE SCSI CdRom Devide a feltelep\u00edtett eszk\u00f6zvez\u00e9rl\u0151.<br \/>\n<img decoding=\"async\" loading=\"lazy\" alt=\"Virtual CloneDrive CDROM vez\u00e9rl\u0151\" src=\"\/\/cuccokhalomban.csillagpor.hu\/pict\/virtual-clonedrive-screenshot-5.jpg\" width=\"416\" height=\"464\" \/><\/p>\n","protected":false},"excerpt":{"rendered":"<p>A Virtual CloneDrive telep\u00edt\u00e9sekor hozz\u00e1rendelhetj\u00fck a ccd, dvd, iso, img, udf, bin lemezk\u00e9pf\u00e1jl t\u00edpusokat. Telep\u00edt\u00e9s k\u00f6zben a m\u0171k\u00f6d\u00e9s\u00e9hez sz\u00fcks\u00e9ges t\u00e1rol\u00f3vez\u00e9rl\u0151t is feltelep\u00edti (driver).&#46;&#46;&#46;<\/p>\n","protected":false},"author":1,"featured_media":0,"parent":0,"menu_order":0,"comment_status":"closed","ping_status":"closed","template":"","meta":{"footnotes":""},"_links":{"self":[{"href":"https:\/\/csillagpor.hu\/remek\/programok\/wp-json\/wp\/v2\/pages\/1428"}],"collection":[{"href":"https:\/\/csillagpor.hu\/remek\/programok\/wp-json\/wp\/v2\/pages"}],"about":[{"href":"https:\/\/csillagpor.hu\/remek\/programok\/wp-json\/wp\/v2\/types\/page"}],"author":[{"embeddable":true,"href":"https:\/\/csillagpor.hu\/remek\/programok\/wp-json\/wp\/v2\/users\/1"}],"replies":[{"embeddable":true,"href":"https:\/\/csillagpor.hu\/remek\/programok\/wp-json\/wp\/v2\/comments?post=1428"}],"version-history":[{"count":0,"href":"https:\/\/csillagpor.hu\/remek\/programok\/wp-json\/wp\/v2\/pages\/1428\/revisions"}],"wp:attachment":[{"href":"https:\/\/csillagpor.hu\/remek\/programok\/wp-json\/wp\/v2\/media?parent=1428"}],"curies":[{"name":"wp","href":"https:\/\/api.w.org\/{rel}","templated":true}]}}