{"id":1430,"date":"2012-12-13T12:35:19","date_gmt":"2012-12-13T11:35:19","guid":{"rendered":"http:\/\/csillagpor.hu\/remek\/programok\/?page_id=1430"},"modified":"2022-06-30T18:17:04","modified_gmt":"2022-06-30T16:17:04","slug":"ilunascape-screenshot","status":"publish","type":"page","link":"https:\/\/csillagpor.hu\/remek\/programok\/ilunascape-screenshot","title":{"rendered":"iLunascape k\u00e9perny\u0151k\u00e9pek"},"content":{"rendered":"<p><a target=\"_blank\" title=\"ilunascape\" href=\"\/\/csillagpor.hu\/remek\/programok\/ilunascape\" rel=\"noopener noreferrer\">Az iLunascape b\u00f6ng\u00e9sz\u0151<\/a> a Lunascape mobilos v\u00e1ltozata. Telep\u00edt\u00e9s kezd\u00e9se a Google Play-b\u0151l&#8230;<br \/>\n<img decoding=\"async\" loading=\"lazy\" alt=\"iLunascape b\u00f6ng\u00e9sz\u0151\" src=\"\/\/cuccokhalomban.csillagpor.hu\/pict\/ilunascape-screenshot-2.jpg\" width=\"730\" height=\"428\" \/>\n<\/p>\n<p>Elfogad\u00e1s \u00e9s let\u00f6lt\u00e9s, ha az enged\u00e9lyekkel egyet\u00e9rt\u00fcnk.<br \/>\n<img decoding=\"async\" loading=\"lazy\" alt=\"iLunascape let\u00f6lt\u00e9s\" src=\"\/\/cuccokhalomban.csillagpor.hu\/pict\/ilunascape-screenshot-3.jpg\" width=\"730\" height=\"428\" \/>\n<\/p>\n<p>iLunascape Start, ez a kezd\u0151oldal.<br \/>\n<img decoding=\"async\" loading=\"lazy\" alt=\"iLunascape Start\" src=\"\/\/cuccokhalomban.csillagpor.hu\/pict\/ilunascape-screenshot-4.jpg\" width=\"730\" height=\"428\" \/>\n<\/p>\n<p>El\u0151zm\u00e9nyek.<br \/>\n<img decoding=\"async\" loading=\"lazy\" alt=\"iLunascape el\u0151zm\u00e9nyek\" src=\"\/\/cuccokhalomban.csillagpor.hu\/pict\/ilunascape-screenshot-5.jpg\" width=\"730\" height=\"428\" \/>\n<\/p>\n<p>Lent a men\u00fc, ahonnan a be\u00e1ll\u00edt\u00e1sok is el\u00e9rhet\u0151k.<br \/>\n<img decoding=\"async\" loading=\"lazy\" alt=\"iLunascape men\u00fc\" src=\"\/\/cuccokhalomban.csillagpor.hu\/pict\/ilunascape-screenshot-6.jpg\" width=\"730\" height=\"428\" \/>\n<\/p>\n<p>A men\u00fcb\u0151l a Save Page-t ind\u00edtva ak\u00e1r le is t\u00f6lthetj\u00fck a weboldalt.<br \/>\n<img decoding=\"async\" loading=\"lazy\" alt=\"iLunascape ment\u00e9s\" src=\"\/\/cuccokhalomban.csillagpor.hu\/pict\/ilunascape-screenshot-7.jpg\" width=\"730\" height=\"428\" \/>\n<\/p>\n<p>A be\u00e1ll\u00edt\u00e1sok \u00e9s a kil\u00e9p\u00e9s az egyebekb\u0151l \u00e9rhet\u0151 el.<br \/>\n<img decoding=\"async\" loading=\"lazy\" alt=\"iLunascape be\u00e1ll\u00edt\u00e1sok\" src=\"\/\/cuccokhalomban.csillagpor.hu\/pict\/ilunascape-screenshot-8.jpg\" width=\"730\" height=\"428\" \/>\n<\/p>\n<p>A be\u00e1ll\u00edt\u00e1sokban megakad\u00e1lyozhatjuk az automatikus elforgat\u00e1st, legyen e kil\u00e9p\u00e9s men\u00fcpont vagy ne, a f\u00fclekre vonatkoz\u00f3 be\u00e1ll\u00edt\u00e1sok \u00e9s egyebek tal\u00e1lhat\u00f3k m\u00e9g itt.<br \/>\n<img decoding=\"async\" loading=\"lazy\" alt=\"iLunascape be\u00e1ll\u00edt\u00e1sok\" src=\"\/\/cuccokhalomban.csillagpor.hu\/pict\/ilunascape-screenshot-9.jpg\" width=\"730\" height=\"428\" \/>\n<\/p>\n<p>Kil\u00e9p\u00e9s?<br \/>\n<img decoding=\"async\" loading=\"lazy\" alt=\"iLunascape kil\u00e9p\u00e9s\" src=\"\/\/cuccokhalomban.csillagpor.hu\/pict\/ilunascape-screenshot-10.jpg\" width=\"730\" height=\"428\" \/>\n<\/p>\n<p>Lent l\u00e1that\u00f3k a f\u00fclek.<br \/>\n<img decoding=\"async\" loading=\"lazy\" alt=\"iLunascape f\u00fclek\" src=\"\/\/cuccokhalomban.csillagpor.hu\/pict\/ilunascape-screenshot-11.jpg\" width=\"730\" height=\"428\" \/>\n<\/p>\n<p>Ez pedig az Usen Agent be\u00e1ll\u00edt\u00e1s, vagyis minek l\u00e1tsz\u00f3djunk k\u00edv\u00fclr\u0151l. Az alap\u00e9rtelmezett az iLunascape.<br \/>\n<img decoding=\"async\" loading=\"lazy\" alt=\"iLunascape \" src=\"\/\/cuccokhalomban.csillagpor.hu\/pict\/ilunascape-screenshot-12.jpg\" width=\"730\" height=\"428\" \/><\/p>\n","protected":false},"excerpt":{"rendered":"<p><a target=\"_blank\" title=\"iLunascape k\u00e9perny\u0151k\u00e9pek\" href=\"\/\/csillagpor.hu\/remek\/programok\/ilunascape-screenshot\" rel=\"noopener noreferrer\"><img decoding=\"async\" loading=\"lazy\" alt=\"iLunascape\" src=\"\/\/cuccokhalomban.csillagpor.hu\/pict\/lunascape-kicsi.jpg\" width=\"100\" height=\"100\" class=\"flr\" \/><\/a><\/p>\n<p>Az iLunascape b\u00f6ng\u00e9sz\u0151 a Lunascape mobilos v\u00e1ltozata. Telep\u00edt\u00e9s kezd\u00e9se a Google Play-b\u0151l&#8230; A men\u00fcb\u0151l a Save Page-t ind\u00edtva ak\u00e1r le is t\u00f6lthetj\u00fck a weboldalt. A be\u00e1ll\u00edt\u00e1sokban megakad\u00e1lyozhatjuk az automatikus elforgat\u00e1st, legyen e kil\u00e9p\u00e9s men\u00fcpont vagy ne, a f\u00fclekre vonatkoz\u00f3 be\u00e1ll\u00edt\u00e1sok \u00e9s egyebek tal\u00e1lhat\u00f3k m\u00e9g itt&#8230;.<\/p>\n","protected":false},"author":1,"featured_media":0,"parent":0,"menu_order":0,"comment_status":"closed","ping_status":"closed","template":"","meta":{"footnotes":""},"_links":{"self":[{"href":"https:\/\/csillagpor.hu\/remek\/programok\/wp-json\/wp\/v2\/pages\/1430"}],"collection":[{"href":"https:\/\/csillagpor.hu\/remek\/programok\/wp-json\/wp\/v2\/pages"}],"about":[{"href":"https:\/\/csillagpor.hu\/remek\/programok\/wp-json\/wp\/v2\/types\/page"}],"author":[{"embeddable":true,"href":"https:\/\/csillagpor.hu\/remek\/programok\/wp-json\/wp\/v2\/users\/1"}],"replies":[{"embeddable":true,"href":"https:\/\/csillagpor.hu\/remek\/programok\/wp-json\/wp\/v2\/comments?post=1430"}],"version-history":[{"count":0,"href":"https:\/\/csillagpor.hu\/remek\/programok\/wp-json\/wp\/v2\/pages\/1430\/revisions"}],"wp:attachment":[{"href":"https:\/\/csillagpor.hu\/remek\/programok\/wp-json\/wp\/v2\/media?parent=1430"}],"curies":[{"name":"wp","href":"https:\/\/api.w.org\/{rel}","templated":true}]}}