{"id":1435,"date":"2012-12-17T22:24:36","date_gmt":"2012-12-17T21:24:36","guid":{"rendered":"http:\/\/csillagpor.hu\/remek\/programok\/?page_id=1435"},"modified":"2022-06-30T18:28:31","modified_gmt":"2022-06-30T16:28:31","slug":"bsplayer-android-screenshot","status":"publish","type":"page","link":"https:\/\/csillagpor.hu\/remek\/programok\/bsplayer-android-screenshot","title":{"rendered":"BSPlayer for Android k\u00e9perny\u0151k\u00e9pek"},"content":{"rendered":"<p><a target=\"_blank\" title=\"bsplayer-android\" href=\"\/\/csillagpor.hu\/remek\/programok\/bsplayer-android\" rel=\"noopener noreferrer\">A BSPlayer for Android alkalmaz\u00e1s<\/a> telep\u00edt\u00e9se a Google Play-b\u0151l.<br \/>\n<img decoding=\"async\" loading=\"lazy\" alt=\"BSPlayer for Android telep\u00edt\u00e9s\" src=\"\/\/cuccokhalomban.csillagpor.hu\/pict\/bsplayer-android-screenshot-0.jpg\" width=\"853\" height=\"500\" \/>\n<\/p>\n<p>A telep\u00edt\u00e9skor ilyesmikre adunk enged\u00e9lyt.<br \/>\n<img decoding=\"async\" loading=\"lazy\" alt=\"BSPlayer for Android enged\u00e9lyek\" src=\"\/\/cuccokhalomban.csillagpor.hu\/pict\/bsplayer-android-screenshot-1.jpg\" width=\"853\" height=\"500\" \/>\n<\/p>\n<p>Automatikusan friss\u00edthet\u0151, \u00e9s ezeket telep\u00edtett\u00e9k m\u00e1sok.<br \/>\n<img decoding=\"async\" loading=\"lazy\" alt=\"BSPlayer for Android\" src=\"\/\/cuccokhalomban.csillagpor.hu\/pict\/bsplayer-android-screenshot-2.jpg\" width=\"853\" height=\"500\" \/>\n<\/p>\n<p>A program elindult, az SD k\u00e1rtya k\u00f6nyvt\u00e1rait l\u00e1thatjuk itt.<br \/>\n<img decoding=\"async\" loading=\"lazy\" alt=\"BSPlayer for Android SD k\u00e1rtya\" src=\"\/\/cuccokhalomban.csillagpor.hu\/pict\/bsplayer-android-screenshot-3.jpg\" width=\"853\" height=\"500\" \/>\n<\/p>\n<p>V\u00e1r\u00f3lista lej\u00e1tsz\u00e1s, legt\u00f6bbet j\u00e1tszott, nemr\u00e9g j\u00e1tszott, minden f\u00e1jl \u00e9s a cseng\u0151hangok, no meg egy men\u00fc baloldalt.<br \/>\n<img decoding=\"async\" loading=\"lazy\" alt=\"BSPlayer for Android k\u00f6nyvt\u00e1rak\" src=\"\/\/cuccokhalomban.csillagpor.hu\/pict\/bsplayer-android-screenshot-4.jpg\" width=\"853\" height=\"500\" \/>\n<\/p>\n<p>Lehet\u0151s\u00e9gek, vagyis be\u00e1ll\u00edt\u00e1sok. Felhaszn\u00e1l\u00f3i fel\u00fclet, k\u00e9zmozdulatok, lej\u00e1tsz\u00e1s be\u00e1ll\u00edt\u00e1sai &#8230;<br \/>\n<img decoding=\"async\" loading=\"lazy\" alt=\"BSPlayer for Android be\u00e1ll\u00edt\u00e1sok\" src=\"\/\/cuccokhalomban.csillagpor.hu\/pict\/bsplayer-android-screenshot-5.jpg\" width=\"853\" height=\"500\" \/>\n<\/p>\n<p>T\u00e9ma v\u00e1laszt\u00e1sa.<br \/>\n<img decoding=\"async\" loading=\"lazy\" alt=\"BSPlayer for Android t\u00e9ma\" src=\"\/\/cuccokhalomban.csillagpor.hu\/pict\/bsplayer-android-screenshot-6.jpg\" width=\"853\" height=\"500\" \/>\n<\/p>\n<p>A lej\u00e1tsz\u00f3hoz rendelt hang \u00e9s vide\u00f3 f\u00e1jlkiterjeszt\u00e9sek.<br \/>\n<img decoding=\"async\" loading=\"lazy\" alt=\"BSPlayer for Android kiterjeszt\u00e9sek\" src=\"\/\/cuccokhalomban.csillagpor.hu\/pict\/bsplayer-android-screenshot-7.jpg\" width=\"853\" height=\"500\" \/>\n<\/p>\n<p>\u00c1ltal\u00e1nos be\u00e1ll\u00edt\u00e1sok: k\u00e9perny\u0151 t\u00e1jol\u00e1s, OSD t\u00e1jol\u00e1s, m\u00e9diaf\u00e1jlok automatikus keres\u00e9se &#8230;<br \/>\n<img decoding=\"async\" loading=\"lazy\" alt=\"BSPlayer for Android be\u00e1ll\u00edt\u00e1sok\" src=\"\/\/cuccokhalomban.csillagpor.hu\/pict\/bsplayer-android-screenshot-8.jpg\" width=\"853\" height=\"500\" \/>\n<\/p>\n<p>K\u00e9zmozdulatok be\u00e1ll\u00edt\u00e1sai, \u00e9rint\u00e9s, dupla \u00e9rint\u00e9s \u00e9s h\u00faz\u00e1sok &#8230;<br \/>\n<img decoding=\"async\" loading=\"lazy\" alt=\"BSPlayer for Android k\u00e9zmozdulatok\" src=\"\/\/cuccokhalomban.csillagpor.hu\/pict\/bsplayer-android-screenshot-9.jpg\" width=\"853\" height=\"500\" \/>\n<\/p>\n<p>Tov\u00e1bbi k\u00e9zmozdulat be\u00e1ll\u00edt\u00e1sok, pl. k\u00e9pment\u00e9s k\u00e9sz\u00edt\u00e9s r\u00e1z\u00e1sra.<br \/>\n<img decoding=\"async\" loading=\"lazy\" alt=\"BSPlayer for Android k\u00e9pment\u00e9s\" src=\"\/\/cuccokhalomban.csillagpor.hu\/pict\/bsplayer-android-screenshot-10.jpg\" width=\"853\" height=\"500\" \/>\n<\/p>\n<p>Lej\u00e1tsz\u00e1s be\u00e1ll\u00edt\u00e1sai: hangf\u00e1jlok lej\u00e1tsz\u00e1sa a h\u00e1tt\u00e9rben, kodek \u00e9s dek\u00f3dol\u00e1s be\u00e1ll\u00edt\u00e1sok &#8230;<br \/>\n<img decoding=\"async\" loading=\"lazy\" alt=\"BSPlayer for Android lej\u00e1tsz\u00e1s\" src=\"\/\/cuccokhalomban.csillagpor.hu\/pict\/bsplayer-android-screenshot-11.jpg\" width=\"853\" height=\"500\" \/>\n<\/p>\n<p>Egy hangf\u00e1jl lej\u00e1tsz\u00e1sa hanghull\u00e1mokkal.<br \/>\n<img decoding=\"async\" loading=\"lazy\" alt=\"BSPlayer for Android hangf\u00e1jl lej\u00e1tsz\u00e1s\" src=\"\/\/cuccokhalomban.csillagpor.hu\/pict\/bsplayer-android-screenshot-12.jpg\" width=\"853\" height=\"500\" \/>\n<\/p>\n<p>A men\u00fcben: lej\u00e1tsz\u00e1si m\u00f3d, audio, k\u00e9par\u00e1ny, alv\u00e1s id\u0151z\u00edt\u0151 &#8230; kil\u00e9p\u00e9s.<br \/>\n<img decoding=\"async\" loading=\"lazy\" alt=\"BSPlayer for Android men\u00fc\" src=\"\/\/cuccokhalomban.csillagpor.hu\/pict\/bsplayer-android-screenshot-13.jpg\" width=\"853\" height=\"500\" \/><\/p>\n","protected":false},"excerpt":{"rendered":"<p>A BSPlayer for Android alkalmaz\u00e1s telep\u00edt\u00e9se a Google Play-b\u0151l. A telep\u00edt\u00e9skor ilyesmikre adunk enged\u00e9lyt. Automatikusan friss\u00edthet\u0151, \u00e9s ezeket telep\u00edtett\u00e9k m\u00e1sok. A program elindult,&#46;&#46;&#46;<\/p>\n","protected":false},"author":1,"featured_media":0,"parent":0,"menu_order":0,"comment_status":"closed","ping_status":"closed","template":"","meta":{"footnotes":""},"_links":{"self":[{"href":"https:\/\/csillagpor.hu\/remek\/programok\/wp-json\/wp\/v2\/pages\/1435"}],"collection":[{"href":"https:\/\/csillagpor.hu\/remek\/programok\/wp-json\/wp\/v2\/pages"}],"about":[{"href":"https:\/\/csillagpor.hu\/remek\/programok\/wp-json\/wp\/v2\/types\/page"}],"author":[{"embeddable":true,"href":"https:\/\/csillagpor.hu\/remek\/programok\/wp-json\/wp\/v2\/users\/1"}],"replies":[{"embeddable":true,"href":"https:\/\/csillagpor.hu\/remek\/programok\/wp-json\/wp\/v2\/comments?post=1435"}],"version-history":[{"count":0,"href":"https:\/\/csillagpor.hu\/remek\/programok\/wp-json\/wp\/v2\/pages\/1435\/revisions"}],"wp:attachment":[{"href":"https:\/\/csillagpor.hu\/remek\/programok\/wp-json\/wp\/v2\/media?parent=1435"}],"curies":[{"name":"wp","href":"https:\/\/api.w.org\/{rel}","templated":true}]}}