{"id":1442,"date":"2012-12-30T14:29:56","date_gmt":"2012-12-30T13:29:56","guid":{"rendered":"http:\/\/csillagpor.hu\/remek\/programok\/?page_id=1442"},"modified":"2022-06-30T18:10:52","modified_gmt":"2022-06-30T16:10:52","slug":"maxthon-mobile-screenshot","status":"publish","type":"page","link":"https:\/\/csillagpor.hu\/remek\/programok\/maxthon-mobile-screenshot","title":{"rendered":"Maxthon Mobile k\u00e9perny\u0151k\u00e9pek"},"content":{"rendered":"<p><a target=\"_blank\" title=\"maxthon cloud browser android\" href=\"\/\/csillagpor.hu\/remek\/programok\/maxthon-cloud-browser-android\" rel=\"noopener noreferrer\">A Maxthon Mobile<\/a> <a target=\"_blank\" title=\"b\u00f6ng\u00e9sz\u0151\" href=\"\/\/csillagpor.hu\/remek\/programok\/internet-bongeszo\" rel=\"noopener noreferrer\">b\u00f6ng\u00e9sz\u0151 telep\u00edt\u00e9se<\/a> a Google Play-b\u0151l. Bal lent l\u00e1thatjuk, hogy van egy t\u00e1blag\u00e9pekre (7 h\u00fcvelykt\u0151l nagyobb kijelz\u0151) optimaliz\u00e1lt v\u00e1ltozata is.<br \/>\n<img decoding=\"async\" loading=\"lazy\" alt=\"Maxthon for Android \" src=\"\/\/cuccokhalomban.csillagpor.hu\/pict\/maxthon-cloud-android-2.jpg\" width=\"730\" height=\"428\" \/>\n<\/p>\n<p>A Maxthonnak enged\u00e9lyt adunk adatkezel\u00e9sre.<br \/>\n<img decoding=\"async\" loading=\"lazy\" alt=\"Maxthon for Android enged\u00e9ly\" src=\"\/\/cuccokhalomban.csillagpor.hu\/pict\/maxthon-cloud-android-3.jpg\" width=\"730\" height=\"428\" \/>\n<\/p>\n<p>Automatikusan friss\u00edthet\u0151 \u00e9s az \u00fajdons\u00e1gok.<br \/>\n<img decoding=\"async\" loading=\"lazy\" alt=\"Maxthon for Android friss\u00edthet\u0151\" src=\"\/\/cuccokhalomban.csillagpor.hu\/pict\/maxthon-cloud-android-5.jpg\" width=\"730\" height=\"428\" \/>\n<\/p>\n<p>Telep\u00edt\u00e9s ut\u00e1ni els\u0151 l\u00e9p\u00e9s, hogy t\u00e1j\u00e9koztat a felh\u0151 szolg\u00e1ltat\u00e1sokr\u00f3l, pl. Cloud Tabs, ami eszk\u00f6zr\u0151l eszk\u00f6zre szinkroniz\u00e1lja mag\u00e1t.<br \/>\n<img decoding=\"async\" loading=\"lazy\" alt=\"Maxthon for Android Cloud Tabs\" src=\"\/\/cuccokhalomban.csillagpor.hu\/pict\/maxthon-cloud-android-6.jpg\" width=\"600\" height=\"1024\" \/>\n<\/p>\n<p>A feltelep\u00edtett alkalmaz\u00e1sok \u00e9s tov\u00e1bbi hozz\u00e1ad\u00e1sa.<br \/>\n<img decoding=\"async\" loading=\"lazy\" alt=\"Maxthon for Android alkalmaz\u00e1sok\" src=\"\/\/cuccokhalomban.csillagpor.hu\/pict\/maxthon-cloud-android-7.jpg\" width=\"730\" height=\"428\" \/>\n<\/p>\n<p>Egy weblap hozz\u00e1ad\u00e1sa a kedvencekhez, asztalhoz, megoszt\u00e1s \u00e9s ilyesmik &#8230;<br \/>\n<img decoding=\"async\" loading=\"lazy\" alt=\"Maxthon for Android megoszt\u00e1s\" src=\"\/\/cuccokhalomban.csillagpor.hu\/pict\/maxthon-cloud-android-8.jpg\" width=\"730\" height=\"428\" \/>\n<\/p>\n<p>Bel\u00e9p\u00e9s a Maxthon felh\u0151b\u00f6ng\u00e9sz\u0151j\u00e9be. Priv\u00e1t m\u00f3d, WAP, f\u00e9nyes k\u00e9perny\u0151, \u00e9jjeli m\u00f3d &#8230;<br \/>\n<img decoding=\"async\" loading=\"lazy\" alt=\"Maxthon for Android felh\u0151b\u00f6ng\u00e9sz\u0151\" src=\"\/\/cuccokhalomban.csillagpor.hu\/pict\/maxthon-cloud-android-9.jpg\" width=\"730\" height=\"428\" \/>\n<\/p>\n<p>L\u00e9pj be a Maxthon Felh\u0151b\u00f6ng\u00e9sz\u0151be a m\u00e1s eszk\u00f6z\u00f6kr\u0151l j\u00f6v\u0151 f\u00fclek megtekint\u00e9s\u00e9hez.<br \/>\n<img decoding=\"async\" loading=\"lazy\" alt=\"Maxthon for Android szinkroniz\u00e1l\u00e1s\" src=\"\/\/cuccokhalomban.csillagpor.hu\/pict\/maxthon-cloud-android-10.jpg\" width=\"730\" height=\"428\" \/>\n<\/p>\n<p>Be\u00e1ll\u00edt\u00e1sok: oldalmegjelen\u00edt\u00e9s, priv\u00e1t adatok \u00e9s biztons\u00e1g, r\u00e9szletes be\u00e1ll\u00edt\u00e1sok, s\u00fag\u00f3, v\u00e9lem\u00e9ny, friss\u00edt\u00e9s, alap\u00e9rtelmezett b\u00f6ng\u00e9sz\u0151  &#8230;<br \/>\n<img decoding=\"async\" loading=\"lazy\" alt=\"Maxthon for Android be\u00e1ll\u00edt\u00e1sok\" src=\"\/\/cuccokhalomban.csillagpor.hu\/pict\/maxthon-cloud-android-11.jpg\" width=\"730\" height=\"428\" \/>\n<\/p>\n<p>R\u00e9szletes be\u00e1ll\u00edt\u00e1sok: gyors-vissza funkci\u00f3 enged\u00e9lyez\u00e9se, el\u0151t\u00f6lt\u00e9s bekapcsol\u00e1sa, kedvencek, f\u00fclek, elemek szinkroniz\u00e1l\u00e1sa, \u00faj verzi\u00f3 automatikus keres\u00e9se &#8230;<br \/>\n<img decoding=\"async\" loading=\"lazy\" alt=\"Maxthon for Android r\u00e9szletes be\u00e1ll\u00edt\u00e1sok\" src=\"\/\/cuccokhalomban.csillagpor.hu\/pict\/maxthon-cloud-android-12.jpg\" width=\"730\" height=\"428\" \/>\n<\/p>\n<p>Oldalmegjelen\u00edt\u00e9s: sz\u00f6vegm\u00e9ret, karakterk\u00f3dol\u00e1s, weblinkek megjelen\u00e9se, JavaScript, Flash, mozdulatok &#8230;<br \/>\n<img decoding=\"async\" loading=\"lazy\" alt=\"Maxthon for Android oldalmegjelen\u00edt\u00e9s\" src=\"\/\/cuccokhalomban.csillagpor.hu\/pict\/maxthon-cloud-android-13.jpg\" width=\"730\" height=\"428\" \/>\n<\/p>\n<p>&#8230; gyors g\u00f6rget\u00e9s, nagy\u00edt\u00e1s, sz\u00f6vegt\u00f6rdel\u00e9s, alap\u00e9rtelmezett k\u00e9perny\u0151, \u00e1ttekint\u0151 k\u00e9p &#8230;<br \/>\n<img decoding=\"async\" loading=\"lazy\" alt=\"Maxthon for Android nagy\u00edt\u00e1s\" src=\"\/\/cuccokhalomban.csillagpor.hu\/pict\/maxthon-cloud-android-14.jpg\" width=\"730\" height=\"428\" \/>\n<\/p>\n<p>Itt l\u00e1that\u00f3k a b\u00f6ng\u00e9sz\u0151 nyitott f\u00fclei, a h\u00e1tt\u00e9r els\u00f6t\u00e9t\u00fcl &#8230;<br \/>\n<img decoding=\"async\" loading=\"lazy\" alt=\"Maxthon for Android f\u00fclek\" src=\"\/\/cuccokhalomban.csillagpor.hu\/pict\/maxthon-cloud-android-16.jpg\" width=\"730\" height=\"428\" \/>\n<\/p>\n<p>&#8230; ezen a korongon is l\u00e1that\u00f3, hogy 4 nyitott f\u00fcl van, tov\u00e1bb\u00e1 el\u0151re\/h\u00e1tra, kezd\u0151lap, be\u00e1ll\u00edt\u00e1sok &#8230;<br \/>\n<img decoding=\"async\" loading=\"lazy\" alt=\"Maxthon for Android korong\" src=\"\/\/cuccokhalomban.csillagpor.hu\/pict\/maxthon-cloud-android-17.jpg\" width=\"730\" height=\"428\" \/><\/p>\n","protected":false},"excerpt":{"rendered":"<p><a target=\"_blank\" title=\"maxthon\" href=\"\/\/csillagpor.hu\/remek\/programok\/maxthon-cloud-browser-android\" rel=\"noopener noreferrer\"><img decoding=\"async\" loading=\"lazy\" alt=\"Maxthon\" src=\"\/\/cuccokhalomban.csillagpor.hu\/pict\/maxthon-kicsi.jpg\" width=\"100\" height=\"105\" class=\"flr\" \/><\/a>A Maxthon Mobile b\u00f6ng\u00e9sz\u0151 telep\u00edt\u00e9se a Google Play-b\u0151l. A Maxthonnak enged\u00e9lyt adunk adatkezel\u00e9sre. Automatikusan friss\u00edthet\u0151 \u00e9s az \u00fajdons\u00e1gok. Telep\u00edt\u00e9s ut\u00e1ni els\u0151 l\u00e9p\u00e9s, hogy t\u00e1j\u00e9koztat a felh\u0151 szolg\u00e1ltat\u00e1sokr\u00f3l, pl. Cloud Tabs, ami eszk\u00f6zr\u0151l eszk\u00f6zre szinkroniz\u00e1lja mag\u00e1t. Bel\u00e9p\u00e9s a Maxthon felh\u0151b\u00f6ng\u00e9sz\u0151j\u00e9be. Priv\u00e1t m\u00f3d, WAP, f\u00e9nyes k\u00e9perny\u0151, \u00e9jjeli m\u00f3d &#8230;<\/p>\n","protected":false},"author":1,"featured_media":0,"parent":0,"menu_order":0,"comment_status":"closed","ping_status":"closed","template":"","meta":{"footnotes":""},"_links":{"self":[{"href":"https:\/\/csillagpor.hu\/remek\/programok\/wp-json\/wp\/v2\/pages\/1442"}],"collection":[{"href":"https:\/\/csillagpor.hu\/remek\/programok\/wp-json\/wp\/v2\/pages"}],"about":[{"href":"https:\/\/csillagpor.hu\/remek\/programok\/wp-json\/wp\/v2\/types\/page"}],"author":[{"embeddable":true,"href":"https:\/\/csillagpor.hu\/remek\/programok\/wp-json\/wp\/v2\/users\/1"}],"replies":[{"embeddable":true,"href":"https:\/\/csillagpor.hu\/remek\/programok\/wp-json\/wp\/v2\/comments?post=1442"}],"version-history":[{"count":0,"href":"https:\/\/csillagpor.hu\/remek\/programok\/wp-json\/wp\/v2\/pages\/1442\/revisions"}],"wp:attachment":[{"href":"https:\/\/csillagpor.hu\/remek\/programok\/wp-json\/wp\/v2\/media?parent=1442"}],"curies":[{"name":"wp","href":"https:\/\/api.w.org\/{rel}","templated":true}]}}