{"id":1456,"date":"2013-01-24T22:50:44","date_gmt":"2013-01-24T21:50:44","guid":{"rendered":"http:\/\/csillagpor.hu\/remek\/programok\/?page_id=1456"},"modified":"2022-06-30T18:10:17","modified_gmt":"2022-06-30T16:10:17","slug":"microsoft-security-essentials-screenshot","status":"publish","type":"page","link":"https:\/\/csillagpor.hu\/remek\/programok\/microsoft-security-essentials-screenshot","title":{"rendered":"Microsoft Security Essentials k\u00e9perny\u0151k\u00e9pek"},"content":{"rendered":"<p><a target=\"_blank\" title=\"microsoft security essentials\" href=\"\/\/csillagpor.hu\/remek\/programok\/microsoft-security-essentials\" rel=\"noopener noreferrer\">Microsoft Security Essentials<\/a> v\u00edrusirt\u00f3 telep\u00edt\u00e9sekor eld\u00f6nthetj\u00fck szeretn\u00e9nk e m\u00e9g fokozni &#8230;<br \/>\n<img decoding=\"async\" loading=\"lazy\" alt=\"Microsoft Security Essentials telep\u00edt\u00e9s\" src=\"\/\/cuccokhalomban.csillagpor.hu\/pict\/microsoft-security-essentials-screenshot-1.jpg\" width=\"632\" height=\"396\" \/>\n<\/p>\n<p>Ha nincs bekapcsolva a t\u0171zfal, kapcsolja be a Windows t\u0171zfalat.<br \/>\n<img decoding=\"async\" loading=\"lazy\" alt=\"Microsoft Security Essentials t\u0171zfal\" src=\"\/\/cuccokhalomban.csillagpor.hu\/pict\/microsoft-security-essentials-screenshot-2.jpg\" width=\"631\" height=\"391\" \/>\n<\/p>\n<p>M\u00e1s v\u00edruskeres\u0151t vagy k\u00e9mprogram elh\u00e1r\u00edt\u00f3t ki kell kapcsolni.<br \/>\n<img decoding=\"async\" loading=\"lazy\" alt=\"Microsoft Security Essentials\" src=\"\/\/cuccokhalomban.csillagpor.hu\/pict\/microsoft-security-essentials-screenshot-3.jpg\" width=\"631\" height=\"396\" \/>\n<\/p>\n<p>Friss\u00edt\u00e9sek beszerz\u00e9se, fenyeget\u00e9sek elh\u00e1r\u00edt\u00e1sa.<br \/>\n<img decoding=\"async\" loading=\"lazy\" alt=\"Microsoft Security Essentials friss\u00edt\u00e9s\" src=\"\/\/cuccokhalomban.csillagpor.hu\/pict\/microsoft-security-essentials-screenshot-4.jpg\" width=\"632\" height=\"396\" \/>\n<\/p>\n<p>V\u00edrus \u00e9s k\u00e9mprogram defin\u00edci\u00f3k friss\u00edt\u00e9se &#8230;<br \/>\n<img decoding=\"async\" loading=\"lazy\" alt=\"Microsoft Security Essentials\" src=\"\/\/cuccokhalomban.csillagpor.hu\/pict\/microsoft-security-essentials-screenshot-5.jpg\" width=\"714\" height=\"500\" \/>\n<\/p>\n<p>A vizsg\u00e1lat nem \u00e9szlelt vesz\u00e9lyforr\u00e1sokat a sz\u00e1m\u00edt\u00f3g\u00e9pen.<br \/>\n<img decoding=\"async\" loading=\"lazy\" alt=\"Microsoft Security Essentials nincs vesz\u00e9ly\" src=\"\/\/cuccokhalomban.csillagpor.hu\/pict\/microsoft-security-essentials-screenshot-6.jpg\" width=\"715\" height=\"500\" \/>\n<\/p>\n<p>El\u0151zm\u00e9nyek: karant\u00e9nba z\u00e1rt elemek, enged\u00e9lyezett elemek, minden \u00e9szlelt elem.<br \/>\n<img decoding=\"async\" loading=\"lazy\" alt=\"Microsoft Security Essentials el\u0151zm\u00e9nyek\" src=\"\/\/cuccokhalomban.csillagpor.hu\/pict\/microsoft-security-essentials-screenshot-7.jpg\" width=\"714\" height=\"500\" \/>\n<\/p>\n<p>Be\u00e1ll\u00edt\u00e1s: \u00dctemezett vizsg\u00e1lat.<br \/>\n<img decoding=\"async\" loading=\"lazy\" alt=\"Microsoft Security Essentials \u00fctemezett vizsg\u00e1lat\" src=\"\/\/cuccokhalomban.csillagpor.hu\/pict\/microsoft-security-essentials-screenshot-8.jpg\" width=\"715\" height=\"500\" \/>\n<\/p>\n<p>S\u00falyos, kritikus, fontos \u00e9s t\u00e1j\u00e9koztat\u00f3 riaszt\u00e1si szinthez k\u00fcl\u00f6n \u00e1ll\u00edthat\u00f3 be m\u0171velet.<br \/>\n<img decoding=\"async\" loading=\"lazy\" alt=\"Microsoft Security Essentials riaszt\u00e1s\" src=\"\/\/cuccokhalomban.csillagpor.hu\/pict\/microsoft-security-essentials-screenshot-9.jpg\" width=\"716\" height=\"500\" \/>\n<\/p>\n<p>Val\u00f3sidej\u0171 v\u00e9delem bekapcsol\u00e1sa.<br \/>\n<img decoding=\"async\" loading=\"lazy\" alt=\"Microsoft Security Essentials val\u00f3sidej\u0171 v\u00e9delem\" src=\"\/\/cuccokhalomban.csillagpor.hu\/pict\/microsoft-security-essentials-screenshot-10.jpg\" width=\"716\" height=\"500\" \/>\n<\/p>\n<p>Kiz\u00e1rt f\u00e1jlok \u00e9s helyek.<br \/>\n<img decoding=\"async\" loading=\"lazy\" alt=\"Microsoft Security Essentials kiz\u00e1rt\" src=\"\/\/cuccokhalomban.csillagpor.hu\/pict\/microsoft-security-essentials-screenshot-11.jpg\" width=\"715\" height=\"500\" \/>\n<\/p>\n<p>Speci\u00e1lis: arch\u00edv f\u00e1jlok vizsg\u00e1lata, cser\u00e9lhet\u0151 adathordoz\u00f3k, rendszer-vissza\u00e1ll\u00edt\u00e1si pont, egyebek &#8230;<br \/>\n<img decoding=\"async\" loading=\"lazy\" alt=\"Microsoft Security Essentials speci\u00e1lis\" src=\"\/\/cuccokhalomban.csillagpor.hu\/pict\/microsoft-security-essentials-screenshot-12.jpg\" width=\"715\" height=\"500\" \/>\n<\/p>\n<p>MAPS (Microsoft Active Protection Service)  k\u00f6z\u00f6ss\u00e9g.<br \/>\n<img decoding=\"async\" loading=\"lazy\" alt=\"Microsoft Security Essentials MAPS\" src=\"\/\/cuccokhalomban.csillagpor.hu\/pict\/microsoft-security-essentials-screenshot-13.jpg\" width=\"714\" height=\"500\" \/><\/p>\n","protected":false},"excerpt":{"rendered":"<p>Microsoft Security Essentials v\u00edrusirt\u00f3 telep\u00edt\u00e9sekor eld\u00f6nthetj\u00fck szeretn\u00e9nk e m\u00e9g fokozni &#8230; Ha nincs bekapcsolva a t\u0171zfal, kapcsolja be a Windows t\u0171zfalat. M\u00e1s v\u00edruskeres\u0151t&#46;&#46;&#46;<\/p>\n","protected":false},"author":1,"featured_media":0,"parent":0,"menu_order":0,"comment_status":"closed","ping_status":"closed","template":"","meta":{"footnotes":""},"_links":{"self":[{"href":"https:\/\/csillagpor.hu\/remek\/programok\/wp-json\/wp\/v2\/pages\/1456"}],"collection":[{"href":"https:\/\/csillagpor.hu\/remek\/programok\/wp-json\/wp\/v2\/pages"}],"about":[{"href":"https:\/\/csillagpor.hu\/remek\/programok\/wp-json\/wp\/v2\/types\/page"}],"author":[{"embeddable":true,"href":"https:\/\/csillagpor.hu\/remek\/programok\/wp-json\/wp\/v2\/users\/1"}],"replies":[{"embeddable":true,"href":"https:\/\/csillagpor.hu\/remek\/programok\/wp-json\/wp\/v2\/comments?post=1456"}],"version-history":[{"count":0,"href":"https:\/\/csillagpor.hu\/remek\/programok\/wp-json\/wp\/v2\/pages\/1456\/revisions"}],"wp:attachment":[{"href":"https:\/\/csillagpor.hu\/remek\/programok\/wp-json\/wp\/v2\/media?parent=1456"}],"curies":[{"name":"wp","href":"https:\/\/api.w.org\/{rel}","templated":true}]}}