{"id":1459,"date":"2013-01-26T23:00:10","date_gmt":"2013-01-26T22:00:10","guid":{"rendered":"http:\/\/csillagpor.hu\/remek\/programok\/?page_id=1459"},"modified":"2022-06-30T17:36:15","modified_gmt":"2022-06-30T15:36:15","slug":"windows-essentials-screenshot","status":"publish","type":"page","link":"https:\/\/csillagpor.hu\/remek\/programok\/windows-essentials-screenshot","title":{"rendered":"Windows Essentials k\u00e9perny\u0151k\u00e9pek"},"content":{"rendered":"<p><a target=\"_blank\" title=\"windows live essentials\" href=\"\/\/csillagpor.hu\/remek\/programok\/windows_live_essentials\" rel=\"noopener noreferrer\">A Windows Live Essentials 2012<\/a> telep\u00edt\u00e9se m\u00e9g Windows 10-re is lehets\u00e9ges&#8230; Hogy \u00e9rdemes e ezt tenni? V\u00e1ltoz\u00f3 &#8230; igaz\u00e1b\u00f3l a Movie Maker lehet a legf\u0151bb \u00e9rv. Mindj\u00e1rt l\u00e1tjuk, hogy ennyi program az\u00e9rt m\u00e1r b\u0151ven nem el\u00e9rhet\u0151 &#8230;<br \/>\n<img decoding=\"async\" loading=\"lazy\" alt=\"Windows Live Essentials Windows 10\" src=\"\/\/cuccokhalomban.csillagpor.hu\/pict\/windows-live-essentials-kepernyokep-1.jpg\" width=\"626\" height=\"528\" \/>\n<\/p>\n<p>Teh\u00e1t akkor a Live Mail, Writer, Fot\u00f3t\u00e1r \u00e9s Movie Maker, no meg a Messenger, ami azonnal friss\u00fcl is a leg\u00fajabb Skype-ra.<br \/>\nA Microsoft OneDrive pedig m\u00e1r ugye a Windows 10 r\u00e9sze.<br \/>\n<img decoding=\"async\" loading=\"lazy\" alt=\"Windows Live Essentials programjai Windows 10-en\" src=\"\/\/cuccokhalomban.csillagpor.hu\/pict\/windows-live-essentials-kepernyokep-2.jpg\" width=\"626\" height=\"528\" \/>\n<\/p>\n<p>Err\u0151l besz\u00e9ltem feljebb, a Messenger Skype-ra friss\u00fcl, azt az \u00fajabb verzi\u00f3j\u00e1nak titul\u00e1lva.<br \/>\n<img decoding=\"async\" loading=\"lazy\" alt=\"Windows Live Essentials Skypera friss\u00edt\u00e9s\" src=\"\/\/cuccokhalomban.csillagpor.hu\/pict\/windows-live-essentials-kepernyokep-3.jpg\" width=\"402\" height=\"206\" \/>\n<\/p>\n<p>Skype<br \/>\n<img decoding=\"async\" loading=\"lazy\" alt=\"Windows Live Essentials Skype telep\u00edt\u00e9s\" src=\"\/\/cuccokhalomban.csillagpor.hu\/pict\/windows-live-essentials-kepernyokep-4.jpg\" width=\"722\" height=\"517\" \/>\n<\/p>\n<p>R\u00e9gebbi k\u00e9pek &#8230;<\/p>\n<p><a target=\"_blank\" title=\"windows live essentials\" href=\"\/\/csillagpor.hu\/remek\/programok\/windows_live_essentials\" rel=\"noopener noreferrer\">A Windows Essentials 2012<\/a> telep\u00edt\u00e9s\u00e9nek legelej\u00e9n magunk is v\u00e1logathatunk, vagy elfogadjuk, hogy automatikusan telep\u00fclnek a k\u00f6vetkez\u0151 programok: Messenger, Fot\u00f3t\u00e1r, Movie Maker, Mail, Writer, Csal\u00e1dbiztons\u00e1g, Microsoft SkyDrive, Outlook Connector Pack.<br \/>\n<img decoding=\"async\" loading=\"lazy\" alt=\"Microsoft Essentials\" src=\"\/\/cuccokhalomban.csillagpor.hu\/pict\/microsoft-live-essentials-screenshot-1.jpg\" width=\"590\" height=\"500\" \/>\n<\/p>\n<p>A telep\u00edteni k\u00edv\u00e1nt programok kiv\u00e1laszt\u00e1sa opci\u00f3 eset\u00e9n, mi adhatjuk meg, hogy telep\u00fcljenek e ezek a programok.<br \/>\n<img decoding=\"async\" loading=\"lazy\" alt=\"Microsoft Essentials v\u00e1logat\u00e1s\" src=\"\/\/cuccokhalomban.csillagpor.hu\/pict\/microsoft-live-essentials-screenshot-2.jpg\" width=\"592\" height=\"500\" \/>\n<\/p>\n<p>Itt el kell fogadni a Microsoft Szolg\u00e1ltat\u00e1si Szerz\u0151d\u00e9st.<br \/>\n<img decoding=\"async\" loading=\"lazy\" alt=\"Microsoft Essentials szerz\u0151d\u00e9s\" src=\"\/\/cuccokhalomban.csillagpor.hu\/pict\/microsoft-live-essentials-screenshot-3.jpg\" width=\"595\" height=\"500\" \/>\n<\/p>\n<p>A Microsoft-fi\u00f3kba bejelentkez\u00fcnk vagy regisztr\u00e1lunk.<br \/>\n<img decoding=\"async\" loading=\"lazy\" alt=\"Microsoft Essentials bejelentkez\u00e9s\" src=\"\/\/cuccokhalomban.csillagpor.hu\/pict\/microsoft-live-essentials-screenshot-4.jpg\" width=\"591\" height=\"500\" \/>\n<\/p>\n<p>\u00d6sszekapcsol\u00f3dhatunk m\u00e1s szolg\u00e1ltat\u00e1sokkal, pl. a Facebookkal is.<br \/>\n<img decoding=\"async\" loading=\"lazy\" alt=\"Microsoft Essentials Facebook\" src=\"\/\/cuccokhalomban.csillagpor.hu\/pict\/microsoft-live-essentials-screenshot-5.jpg\" width=\"591\" height=\"500\" \/>\n<\/p>\n<p>A Windows Essentials programjair\u00f3l k\u00e9sz\u00fclt k\u00e9perny\u0151k\u00e9pek:<br \/>\n<a target=\"_blank\" title=\"windows live movie maker k\u00e9perny\u0151k\u00e9pek\" href=\"\/\/csillagpor.hu\/remek\/programok\/windows-live-movie-maker-screenshot\" rel=\"noopener noreferrer\">Windows Live Movie Maker<\/a><br \/>\n<a target=\"_blank\" title=\"windows live mail \u00e9s csal\u00e1dbiztons\u00e1g k\u00e9perny\u0151k\u00e9pek\" href=\"\/\/csillagpor.hu\/remek\/programok\/windows-live-mail-es-csaladbiztonsag-screenshot\" rel=\"noopener noreferrer\">Windows Live Mail \u00e9s Csal\u00e1dbiztons\u00e1g<\/a><br \/>\n<a target=\"_blank\" title=\"windows live messenger k\u00e9perny\u0151k\u00e9pek\" href=\"\/\/csillagpor.hu\/remek\/programok\/windows-live-messenger-screenshot\" rel=\"noopener noreferrer\">Windows Live Messenger<\/a><br \/>\n<a target=\"_blank\" title=\"fot\u00f3t\u00e1r k\u00e9perny\u0151k\u00e9pek\" href=\"\/\/csillagpor.hu\/remek\/programok\/fototar-screenshot\" rel=\"noopener noreferrer\">Fot\u00f3t\u00e1r<\/a><br \/>\n<a target=\"_blank\" title=\"skydrive k\u00e9perny\u0151k\u00e9pek\" href=\"\/\/csillagpor.hu\/remek\/programok\/skydrive-screenshot\" rel=\"noopener noreferrer\">SkyDrive<\/a><\/p>\n","protected":false},"excerpt":{"rendered":"<p><a target=\"_blank\" title=\"windows essentials k\u00e9perny\u0151k\u00e9pek\" href=\"\/\/csillagpor.hu\/remek\/programok\/windows-essentials-screenshot\" rel=\"noopener noreferrer\"><img decoding=\"async\" loading=\"lazy\" alt=\"Windows Live Essentials\" src=\"\/\/cuccokhalomban.csillagpor.hu\/pict\/live_essentials.jpg\" width=\"100\" height=\"78\" class=\"flr\" \/><\/a><\/p>\n<p><a target=\"_blank\" title=\"windows live essentials\" href=\"\/\/csillagpor.hu\/remek\/programok\/windows_live_essentials\" rel=\"noopener noreferrer\">A Windows Essentials 2012 telep\u00edt\u00e9s\u00e9nek legelej\u00e9n magunk is v\u00e1logathatunk, vagy elfogadjuk, hogy automatikusan telep\u00fclnek a k\u00f6vetkez\u0151 programok: Messenger, Fot\u00f3t\u00e1r, Movie Maker, Mail, Writer, Csal\u00e1dbiztons\u00e1g, Microsoft OneDrive, Outlook Connector Pack. A telep\u00edteni k\u00edv\u00e1nt programok kiv\u00e1laszt\u00e1sa opci\u00f3 eset\u00e9n, mi adhatjuk meg, hogy telep\u00fcljenek e ezek a programok. A Microsoft-fi\u00f3kba bejelentkez\u00fcnk vagy regisztr\u00e1lunk. \u00d6sszekapcsol\u00f3dhatunk m\u00e1s szolg\u00e1ltat\u00e1sokkal, pl. a Facebookkal is&#8230;<\/p>\n","protected":false},"author":1,"featured_media":0,"parent":0,"menu_order":0,"comment_status":"closed","ping_status":"closed","template":"","meta":{"footnotes":""},"_links":{"self":[{"href":"https:\/\/csillagpor.hu\/remek\/programok\/wp-json\/wp\/v2\/pages\/1459"}],"collection":[{"href":"https:\/\/csillagpor.hu\/remek\/programok\/wp-json\/wp\/v2\/pages"}],"about":[{"href":"https:\/\/csillagpor.hu\/remek\/programok\/wp-json\/wp\/v2\/types\/page"}],"author":[{"embeddable":true,"href":"https:\/\/csillagpor.hu\/remek\/programok\/wp-json\/wp\/v2\/users\/1"}],"replies":[{"embeddable":true,"href":"https:\/\/csillagpor.hu\/remek\/programok\/wp-json\/wp\/v2\/comments?post=1459"}],"version-history":[{"count":0,"href":"https:\/\/csillagpor.hu\/remek\/programok\/wp-json\/wp\/v2\/pages\/1459\/revisions"}],"wp:attachment":[{"href":"https:\/\/csillagpor.hu\/remek\/programok\/wp-json\/wp\/v2\/media?parent=1459"}],"curies":[{"name":"wp","href":"https:\/\/api.w.org\/{rel}","templated":true}]}}