{"id":1461,"date":"2013-01-27T12:44:45","date_gmt":"2013-01-27T11:44:45","guid":{"rendered":"http:\/\/csillagpor.hu\/remek\/programok\/?page_id=1461"},"modified":"2022-06-30T17:36:11","modified_gmt":"2022-06-30T15:36:11","slug":"windows-live-mail-es-csaladbiztonsag-screenshot","status":"publish","type":"page","link":"https:\/\/csillagpor.hu\/remek\/programok\/windows-live-mail-es-csaladbiztonsag-screenshot","title":{"rendered":"Windows Live Mail \u00e9s Csal\u00e1dbiztons\u00e1g k\u00e9perny\u0151k\u00e9pek"},"content":{"rendered":"<p><a target=\"_blank\" title=\"windows live mail\" href=\"\/\/csillagpor.hu\/remek\/programok\/windows-live-mail\" rel=\"noopener noreferrer\">Windows Live Mail<\/a> bejelentkez\u00e9s Windows Live azonos\u00edt\u00f3val.<br \/>\n<img decoding=\"async\" loading=\"lazy\" alt=\"Windows Live Mail bejelentkez\u00e9s\" src=\"\/\/cuccokhalomban.csillagpor.hu\/pict\/windows-live-mail-screenshot-1.jpg\" width=\"730\" height=\"396\" \/>\n<\/p>\n<p>Egy \u00fczenet \u00e1thelyez\u00e9se a lev\u00e9lszem\u00e9t mapp\u00e1ba, ha akarjuk k\u00e9rd\u00e9s n\u00e9lk\u00fcl is megcsin\u00e1lja.<br \/>\n<img decoding=\"async\" loading=\"lazy\" alt=\"Windows Live Mail spam\" src=\"\/\/cuccokhalomban.csillagpor.hu\/pict\/windows-live-mail-screenshot-2.jpg\" width=\"730\" height=\"397\" \/>\n<\/p>\n<p>Biztons\u00e1gi be\u00e1ll\u00edt\u00e1sok, azon bel\u00fcl is a lev\u00e9lszem\u00e9t elleni v\u00e9delem szintj\u00e9nek kiv\u00e1laszt\u00e1sa.<br \/>\n<img decoding=\"async\" loading=\"lazy\" alt=\"Windows Live Mail biztons\u00e1g\" src=\"\/\/cuccokhalomban.csillagpor.hu\/pict\/windows-live-mail-screenshot-3.jpg\" width=\"730\" height=\"397\" \/>\n<\/p>\n<p>Ebben a n\u00e9zetben minden l\u00e1that\u00f3: napt\u00e1r, esem\u00e9nyek, levelek \u00e9s azok tartalma, gyorsn\u00e9zetek, \u00e1llapotsor &#8230; \u00e9s rendezhetj\u00fck t\u00e9mak\u00f6r\u00f6k szerint.<br \/>\n<img decoding=\"async\" loading=\"lazy\" alt=\"Windows Live Mail n\u00e9zet\" src=\"\/\/cuccokhalomban.csillagpor.hu\/pict\/windows-live-mail-screenshot-4.jpg\" width=\"730\" height=\"398\" \/>\n<\/p>\n<p>Be\u00e1ll\u00edt\u00e1sok: levelek, e-mail fi\u00f3kok, h\u00edrcsoportok, h\u00edrcsatorn\u00e1k, biztons\u00e1gi be\u00e1ll\u00edt\u00e1sok&#8230;<br \/>\n<img decoding=\"async\" loading=\"lazy\" alt=\"Windows Live Mail be\u00e1ll\u00edt\u00e1sok\" src=\"\/\/cuccokhalomban.csillagpor.hu\/pict\/windows-live-mail-screenshot-5.jpg\" width=\"730\" height=\"398\" \/>\n<\/p>\n<p>\u00c1ltal\u00e1nos be\u00e1ll\u00edt\u00e1sok, pl. automatikus bejelentkez\u00e9s vagy h\u00e1ny percenk\u00e9nt keressen \u00faj \u00fczeneteket &#8230;<br \/>\n<img decoding=\"async\" loading=\"lazy\" alt=\"Windows Live Mail \u00e1ltal\u00e1nos\" src=\"\/\/cuccokhalomban.csillagpor.hu\/pict\/windows-live-mail-screenshot-6.jpg\" width=\"730\" height=\"397\" \/>\n<\/p>\n<p>Helyes\u00edr\u00e1s-ellen\u0151rz\u00e9s be\u00e1ll\u00edt\u00e1sai, helyes\u00edr\u00e1s-ellen\u0151rz\u00e9s sz\u00f6veg be\u00edr\u00e1sakor &#8230;<br \/>\n<img decoding=\"async\" loading=\"lazy\" alt=\"Windows Live Mail helyes\u00edr\u00e1s\" src=\"\/\/cuccokhalomban.csillagpor.hu\/pict\/windows-live-mail-screenshot-7.jpg\" width=\"730\" height=\"396\" \/>\n<\/p>\n<p>Na ez hogy ker\u00fclt ide &#8230;? Sz\u00f3val Csal\u00e1dbiztons\u00e1g. Itt lehet bel\u00e9pni \u00e9s korl\u00e1tozni valakit, mondjuk a gyereket&#8230;<br \/>\n<img decoding=\"async\" loading=\"lazy\" alt=\"Csal\u00e1dbiztons\u00e1g\" src=\"\/\/cuccokhalomban.csillagpor.hu\/pict\/windows-live-mail-screenshot-8.jpg\" width=\"580\" height=\"500\" \/>\n<\/p>\n<p>Fel\u00fcgyelend\u0151 Windows fi\u00f3k kijel\u00f6l\u00e9se.<br \/>\n<img decoding=\"async\" loading=\"lazy\" alt=\"Csal\u00e1dbiztons\u00e1g \u00e1ltal fel\u00fcgyelt fi\u00f3k\" src=\"\/\/cuccokhalomban.csillagpor.hu\/pict\/windows-live-mail-screenshot-9.jpg\" width=\"620\" height=\"500\" \/>\n<\/p>\n<p>A Windows Live Csal\u00e1dbiztons\u00e1g mindk\u00e9t sz\u00fcl\u0151h\u00f6z tartozik?<br \/>\n<img decoding=\"async\" loading=\"lazy\" alt=\"Windows Live Csal\u00e1dbiztons\u00e1g\" src=\"\/\/cuccokhalomban.csillagpor.hu\/pict\/windows-live-mail-screenshot-10.jpg\" width=\"623\" height=\"500\" \/><\/p>\n","protected":false},"excerpt":{"rendered":"<p><a target=\"_blank\" title=\"mail k\u00e9perny\u0151k\u00e9pek\" href=\"\/\/csillagpor.hu\/remek\/programok\/windows-live-mail-es-csaladbiztonsag-screenshot\" rel=\"noopener noreferrer\"><img decoding=\"async\" loading=\"lazy\" alt=\"Windows Live Mail\" src=\"\/\/cuccokhalomban.csillagpor.hu\/pict\/windows-live-mail-kicsi.jpg\" width=\"100\" height=\"54\" class=\"flr\" \/><\/a>Windows Live Mail bejelentkez\u00e9s Windows Live azonos\u00edt\u00f3val. Egy \u00fczenet \u00e1thelyez\u00e9se a lev\u00e9lszem\u00e9t mapp\u00e1ba, ha akarjuk k\u00e9rd\u00e9s n\u00e9lk\u00fcl is megcsin\u00e1lja. Biztons\u00e1gi be\u00e1ll\u00edt\u00e1sok, azon bel\u00fcl is a lev\u00e9lszem\u00e9t elleni v\u00e9delem szintj\u00e9nek kiv\u00e1laszt\u00e1sa. Ebben a n\u00e9zetben minden l\u00e1that\u00f3: napt\u00e1r, esem\u00e9nyek, levelek \u00e9s azok tartalma, gyorsn\u00e9zetek, \u00e1llapotsor &#8230; \u00e9s rendezhetj\u00fck t\u00e9mak\u00f6r\u00f6k szerint&#8230;<\/p>\n","protected":false},"author":1,"featured_media":0,"parent":0,"menu_order":0,"comment_status":"closed","ping_status":"closed","template":"","meta":{"footnotes":""},"_links":{"self":[{"href":"https:\/\/csillagpor.hu\/remek\/programok\/wp-json\/wp\/v2\/pages\/1461"}],"collection":[{"href":"https:\/\/csillagpor.hu\/remek\/programok\/wp-json\/wp\/v2\/pages"}],"about":[{"href":"https:\/\/csillagpor.hu\/remek\/programok\/wp-json\/wp\/v2\/types\/page"}],"author":[{"embeddable":true,"href":"https:\/\/csillagpor.hu\/remek\/programok\/wp-json\/wp\/v2\/users\/1"}],"replies":[{"embeddable":true,"href":"https:\/\/csillagpor.hu\/remek\/programok\/wp-json\/wp\/v2\/comments?post=1461"}],"version-history":[{"count":0,"href":"https:\/\/csillagpor.hu\/remek\/programok\/wp-json\/wp\/v2\/pages\/1461\/revisions"}],"wp:attachment":[{"href":"https:\/\/csillagpor.hu\/remek\/programok\/wp-json\/wp\/v2\/media?parent=1461"}],"curies":[{"name":"wp","href":"https:\/\/api.w.org\/{rel}","templated":true}]}}