{"id":1464,"date":"2013-01-27T22:00:35","date_gmt":"2013-01-27T21:00:35","guid":{"rendered":"http:\/\/csillagpor.hu\/remek\/programok\/?page_id=1464"},"modified":"2022-06-30T18:00:15","modified_gmt":"2022-06-30T16:00:15","slug":"skydrive-screenshot","status":"publish","type":"page","link":"https:\/\/csillagpor.hu\/remek\/programok\/skydrive-screenshot","title":{"rendered":"SkyDrive k\u00e9perny\u0151k\u00e9pek"},"content":{"rendered":"<p>SkyDrive asztali alkalmaz\u00e1s let\u00f6lt\u00e9se Windows rendszerre.<br \/>\n<img decoding=\"async\" loading=\"lazy\" alt=\"SkyDrive telep\u00edt\u00e9s Windowsra\" src=\"\/\/cuccokhalomban.csillagpor.hu\/pict\/live-com-screenshot-5.jpg\" width=\"730\" height=\"408\" \/>\n<\/p>\n<p>SkyDrive telep\u00edt\u00e9se Androidos eszk\u00f6z\u00f6kre.<br \/>\n<img decoding=\"async\" loading=\"lazy\" alt=\"SkyDrive Android\" src=\"\/\/cuccokhalomban.csillagpor.hu\/pict\/live-com-screenshot-6.jpg\" width=\"730\" height=\"403\" \/>\n<\/p>\n<p>SkyDrive telep\u00edt\u00e9s \u00e9s \u00fcdv\u00f6zlet, legfontosabb f\u00e1jljait b\u00e1rhonnan, b\u00e1rmilyen eszk\u00f6zr\u0151l el\u00e9rheti.<br \/>\n<img decoding=\"async\" loading=\"lazy\" alt=\"SkyDrive\" src=\"\/\/cuccokhalomban.csillagpor.hu\/pict\/microsoft-skydrive-screenshot-1.jpg\" width=\"532\" height=\"500\" \/>\n<\/p>\n<p>Bejelentkez\u00e9s a Microsoft fi\u00f3k azonos\u00edt\u00f3val vagy regisztr\u00e1l\u00e1s.<br \/>\n<img decoding=\"async\" loading=\"lazy\" alt=\"SkyDrive bejelentkez\u00e9s\" src=\"\/\/cuccokhalomban.csillagpor.hu\/pict\/microsoft-skydrive-screenshot-2.jpg\" width=\"531\" height=\"500\" \/>\n<\/p>\n<p>A SkyDrive mappa megad\u00e1sa. Keresse meg SkyDrive mapp\u00e1j\u00e1t a f\u00e1jlkezel\u0151ben. Ott tal\u00e1lhat\u00f3k a t\u00f6bbi eszk\u00f6z\u00e9n \u00e9s a SkyDrive t\u00e1rhely\u00e9n l\u00e9v\u0151 f\u00e1jlok.<br \/>\n<img decoding=\"async\" loading=\"lazy\" alt=\"SkyDrive mappa\" src=\"\/\/cuccokhalomban.csillagpor.hu\/pict\/microsoft-skydrive-screenshot-3.jpg\" width=\"531\" height=\"500\" \/>\n<\/p>\n<p>F\u00e1jlok leh\u00edv\u00e1sa b\u00e1rhonnan. El\u00e9rhet\u0151k legyenek e vagy nem a SkyDrive.b\u00f3l a sz\u00e1m\u00edt\u00f3g\u00e9pen t\u00e1rolt f\u00e1jlok?<br \/>\n<img decoding=\"async\" loading=\"lazy\" alt=\"SkyDrive el\u00e9rhet\u0151\" src=\"\/\/cuccokhalomban.csillagpor.hu\/pict\/microsoft-skydrive-screenshot-4.jpg\" width=\"532\" height=\"500\" \/>\n<\/p>\n<p>Szinkroniz\u00e1land\u00f3 mapp\u00e1k kiv\u00e1laszt\u00e1sa.<br \/>\n<img decoding=\"async\" loading=\"lazy\" alt=\"SkyDrive szinkroniz\u00e1l\u00e1s\" src=\"\/\/cuccokhalomban.csillagpor.hu\/pict\/microsoft-skydrive-screenshot-5.jpg\" width=\"642\" height=\"500\" \/>\n<\/p>\n<p>A live.com-on a SkyDrive n\u00e9gyzet meg egyebek &#8230;<br \/>\n<img decoding=\"async\" loading=\"lazy\" alt=\"SkyDrive live.com\" src=\"\/\/cuccokhalomban.csillagpor.hu\/pict\/live-com-screenshot-1.jpg\" width=\"730\" height=\"404\" \/>\n<\/p>\n<p>skydrive.live.com, a f\u00e1jlok Documents, Pistures \u00e9s Public szerint rendezve. Lent a 7 GB t\u00e1rhely, lomt\u00e1r, miegym\u00e1s l\u00e1tszik.<br \/>\n<img decoding=\"async\" loading=\"lazy\" alt=\"SkyDrive skydrive.live.com\" src=\"\/\/cuccokhalomban.csillagpor.hu\/pict\/live-com-screenshot-4.jpg\" width=\"730\" height=\"408\" \/><\/p>\n","protected":false},"excerpt":{"rendered":"<p><a target=\"_blank\" title=\"SkyDrive k\u00e9perny\u0151k\u00e9pek\" href=\"\/\/csillagpor.hu\/remek\/programok\/skydrive-screenshot\" rel=\"noopener noreferrer\"><img decoding=\"async\" loading=\"lazy\" alt=\"Windows Live Essentials\" src=\"\/\/cuccokhalomban.csillagpor.hu\/pict\/live_essentials.jpg\" width=\"100\" height=\"78\" class=\"flr\" \/><\/a>SkyDrive asztali alkalmaz\u00e1s let\u00f6lt\u00e9se Windows rendszerre. SkyDrive telep\u00edt\u00e9se Androidos eszk\u00f6z\u00f6kre. Telep\u00edt\u00e9s \u00e9s \u00fcdv\u00f6zlet, legfontosabb f\u00e1jljait b\u00e1rhonnan, b\u00e1rmilyen eszk\u00f6zr\u0151l el\u00e9rheti. Bejelentkez\u00e9s a Microsoft fi\u00f3k azonos\u00edt\u00f3val vagy regisztr\u00e1l\u00e1s. F\u00e1jlok leh\u00edv\u00e1sa b\u00e1rhonnan. El\u00e9rhet\u0151k legyenek e vagy nem a SkyDrive.b\u00f3l a sz\u00e1m\u00edt\u00f3g\u00e9pen t\u00e1rolt f\u00e1jlok?<br \/>\n<a target=\"_blank\" title=\"Windows alkatr\u00e9szek\" href=\"\/\/csillagpor.hu\/remek\/programok\/windows-alkatreszek\" rel=\"noopener noreferrer\">Windows alkatr\u00e9szek: Live Essentials<\/a><\/p>\n","protected":false},"author":1,"featured_media":0,"parent":0,"menu_order":0,"comment_status":"closed","ping_status":"closed","template":"","meta":{"footnotes":""},"_links":{"self":[{"href":"https:\/\/csillagpor.hu\/remek\/programok\/wp-json\/wp\/v2\/pages\/1464"}],"collection":[{"href":"https:\/\/csillagpor.hu\/remek\/programok\/wp-json\/wp\/v2\/pages"}],"about":[{"href":"https:\/\/csillagpor.hu\/remek\/programok\/wp-json\/wp\/v2\/types\/page"}],"author":[{"embeddable":true,"href":"https:\/\/csillagpor.hu\/remek\/programok\/wp-json\/wp\/v2\/users\/1"}],"replies":[{"embeddable":true,"href":"https:\/\/csillagpor.hu\/remek\/programok\/wp-json\/wp\/v2\/comments?post=1464"}],"version-history":[{"count":0,"href":"https:\/\/csillagpor.hu\/remek\/programok\/wp-json\/wp\/v2\/pages\/1464\/revisions"}],"wp:attachment":[{"href":"https:\/\/csillagpor.hu\/remek\/programok\/wp-json\/wp\/v2\/media?parent=1464"}],"curies":[{"name":"wp","href":"https:\/\/api.w.org\/{rel}","templated":true}]}}