{"id":1470,"date":"2013-02-08T14:49:39","date_gmt":"2013-02-08T13:49:39","guid":{"rendered":"http:\/\/csillagpor.hu\/remek\/programok\/?page_id=1470"},"modified":"2022-06-30T18:24:34","modified_gmt":"2022-06-30T16:24:34","slug":"eudora-screenshot","status":"publish","type":"page","link":"https:\/\/csillagpor.hu\/remek\/programok\/eudora-screenshot","title":{"rendered":"Eudora k\u00e9perny\u0151k\u00e9pek"},"content":{"rendered":"<p>Az <a target=\"_blank\" title=\"eudora\" href=\"\/\/csillagpor.hu\/remek\/programok\/eudora-levelezo-program\" rel=\"noopener noreferrer\">Eudora levelez\u0151program<\/a> telep\u00edt\u00e9se, Custom, azaz v\u00e1logassuk ki mi kell, mi nem.<br \/>\n<img decoding=\"async\" loading=\"lazy\" alt=\"Eudora telep\u00edt\u00e9s\" src=\"\/\/cuccokhalomban.csillagpor.hu\/pict\/eudora-screenshot-1.jpg\" width=\"505\" height=\"390\" \/>\n<\/p>\n<p>Postafi\u00f3k be\u00e1ll\u00edt\u00e1sa, vagy Cancel \u00e9s k\u00e9s\u0151bb &#8230;<br \/>\n<img decoding=\"async\" loading=\"lazy\" alt=\"Eudora postafi\u00f3k\" src=\"\/\/cuccokhalomban.csillagpor.hu\/pict\/eudora-screenshot-2.jpg\" width=\"616\" height=\"500\" \/>\n<\/p>\n<p>&#8230; p\u00e9ld\u00e1ul itt, szerver t\u00edpus \u00e9s n\u00e9v, felhaszn\u00e1l\u00f3i n\u00e9v, port \u00e9s egyebek.<br \/>\n<img decoding=\"async\" loading=\"lazy\" alt=\"Eudora postafi\u00f3k be\u00e1ll\u00edt\u00e1sok\" src=\"\/\/cuccokhalomban.csillagpor.hu\/pict\/eudora-screenshot-3.jpg\" width=\"614\" height=\"500\" \/>\n<\/p>\n<p>Lemez ter\u00fclet kezel\u00e9s be\u00e1ll\u00edt\u00e1sai.<br \/>\n<img decoding=\"async\" loading=\"lazy\" alt=\"Eudora lemez\" src=\"\/\/cuccokhalomban.csillagpor.hu\/pict\/eudora-screenshot-4.jpg\" width=\"614\" height=\"500\" \/>\n<\/p>\n<p>Eudora eszk\u00f6z\u00f6k, c\u00edmjegyz\u00e9k, kieg\u00e9sz\u00edt\u0151k, \u00fczenet sz\u0171r\u0151k, import\u00e1l\u00e1s, be\u00e1ll\u00edt\u00e1sok \u00e9s m\u00e1sok.<br \/>\n<img decoding=\"async\" loading=\"lazy\" alt=\"Eudora eszk\u00f6z\u00f6k\" src=\"\/\/cuccokhalomban.csillagpor.hu\/pict\/eudora-screenshot-5.jpg\" width=\"614\" height=\"500\" \/>\n<\/p>\n<p>Be\u00e1ll\u00edt\u00e1sok, pl. kezd\u0151oldal \u00e9s hangjelz\u00e9sek, vagy a kieg\u00e9sz\u00edt\u0151k.<br \/>\n<img decoding=\"async\" loading=\"lazy\" alt=\"Eudora be\u00e1ll\u00edt\u00e1sok\" src=\"\/\/cuccokhalomban.csillagpor.hu\/pict\/eudora-screenshot-6.jpg\" width=\"617\" height=\"500\" \/>\n<\/p>\n<p>Lev\u00e9lszem\u00e9ttel kapcsolatos biztons\u00e1gi be\u00e1ll\u00edt\u00e1sok.<br \/>\n<img decoding=\"async\" loading=\"lazy\" alt=\"Eudora szem\u00e9t\" src=\"\/\/cuccokhalomban.csillagpor.hu\/pict\/eudora-screenshot-7.jpg\" width=\"616\" height=\"500\" \/>\n<\/p>\n<p>Az igazi Eudora, vagyis a Penelope be\u00e1ll\u00edt\u00e1sai. 3 paneles n\u00e9zet, postafi\u00f3k automatikus megnyit\u00e1sa, ha olvasatlan \u00fczenetet tartalmaz.<br \/>\n<img decoding=\"async\" loading=\"lazy\" alt=\"Eudora Penelope\" src=\"\/\/cuccokhalomban.csillagpor.hu\/pict\/eudora-screenshot-8.jpg\" width=\"616\" height=\"500\" \/>\n<\/p>\n<p>Rengeteg m\u00f3don rendezhetj\u00fck leveleinket.<br \/>\n<img decoding=\"async\" loading=\"lazy\" alt=\"Eudora rendezett levelek\" src=\"\/\/cuccokhalomban.csillagpor.hu\/pict\/eudora-screenshot-9.jpg\" width=\"617\" height=\"500\" \/>\n<\/p>\n<p>Men\u00fc szerkeszt\u0151.<br \/>\n<img decoding=\"async\" loading=\"lazy\" alt=\"Eudora men\u00fc\" src=\"\/\/cuccokhalomban.csillagpor.hu\/pict\/eudora-screenshot-10.jpg\" width=\"614\" height=\"500\" \/>\n<\/p>\n<p>\u00dczenetek keres\u00e9se, \u00e9s \u00fczenetekben keres\u00e9s sz\u0171r\u0151kkel.<br \/>\n<img decoding=\"async\" loading=\"lazy\" alt=\"Eudora keres\u00e9s\" src=\"\/\/cuccokhalomban.csillagpor.hu\/pict\/eudora-screenshot-11.jpg\" width=\"616\" height=\"500\" \/><\/p>\n","protected":false},"excerpt":{"rendered":"<p>Az Eudora levelez\u0151program telep\u00edt\u00e9se, Custom, azaz v\u00e1logassuk ki mi kell, mi nem. Postafi\u00f3k be\u00e1ll\u00edt\u00e1sa, vagy Cancel \u00e9s k\u00e9s\u0151bb &#8230; &#8230; p\u00e9ld\u00e1ul itt, szerver&#46;&#46;&#46;<\/p>\n","protected":false},"author":1,"featured_media":0,"parent":0,"menu_order":0,"comment_status":"closed","ping_status":"closed","template":"","meta":{"footnotes":""},"_links":{"self":[{"href":"https:\/\/csillagpor.hu\/remek\/programok\/wp-json\/wp\/v2\/pages\/1470"}],"collection":[{"href":"https:\/\/csillagpor.hu\/remek\/programok\/wp-json\/wp\/v2\/pages"}],"about":[{"href":"https:\/\/csillagpor.hu\/remek\/programok\/wp-json\/wp\/v2\/types\/page"}],"author":[{"embeddable":true,"href":"https:\/\/csillagpor.hu\/remek\/programok\/wp-json\/wp\/v2\/users\/1"}],"replies":[{"embeddable":true,"href":"https:\/\/csillagpor.hu\/remek\/programok\/wp-json\/wp\/v2\/comments?post=1470"}],"version-history":[{"count":0,"href":"https:\/\/csillagpor.hu\/remek\/programok\/wp-json\/wp\/v2\/pages\/1470\/revisions"}],"wp:attachment":[{"href":"https:\/\/csillagpor.hu\/remek\/programok\/wp-json\/wp\/v2\/media?parent=1470"}],"curies":[{"name":"wp","href":"https:\/\/api.w.org\/{rel}","templated":true}]}}