{"id":1483,"date":"2013-03-09T20:41:05","date_gmt":"2013-03-09T19:41:05","guid":{"rendered":"http:\/\/csillagpor.hu\/remek\/programok\/?page_id=1483"},"modified":"2022-06-30T18:03:28","modified_gmt":"2022-06-30T16:03:28","slug":"pegasus-mail-screenshot","status":"publish","type":"page","link":"https:\/\/csillagpor.hu\/remek\/programok\/pegasus-mail-screenshot","title":{"rendered":"Pegasus Mail k\u00e9perny\u0151k\u00e9pek"},"content":{"rendered":"<p><a target=\"_blank\" title=\"pegasus mail\" href=\"\/\/csillagpor.hu\/remek\/programok\/pegasus-mail\" rel=\"noopener noreferrer\">A Pegasus Mail<\/a> <a target=\"_blank\" title=\"levelez\u0151 programok\" href=\"\/\/csillagpor.hu\/remek\/programok\/levelezo-programok\" rel=\"noopener noreferrer\">levelez\u0151 program<\/a> telep\u00edt\u00e9skor nem a szok\u00e1sos Windows programok mapp\u00e1j\u00e1ba telep\u00fcl, de ha akarunk ezen v\u00e1ltoztathatunk.<br \/>\n<img decoding=\"async\" loading=\"lazy\" alt=\"Pegasus Mail telep\u00edt\u00e9s\" src=\"\/\/cuccokhalomban.csillagpor.hu\/pict\/pegasus-mail-screenshot-1.jpg\" width=\"443\" height=\"375\" \/>\n<\/p>\n<p>A m\u00e1r klasszikusnak sz\u00e1m\u00edt\u00f3 mappa, e-mail \u00e9s sz\u00f6veg n\u00e9zet. Fent minden el\u00e9rhet\u0151 m\u0171velethez ikonok.<br \/>\n<img decoding=\"async\" loading=\"lazy\" alt=\"Pegasus Mail klasszikus n\u00e9zet\" src=\"\/\/cuccokhalomban.csillagpor.hu\/pict\/pegasus-mail-screenshot-3.jpg\" width=\"704\" height=\"500\" \/>\n<\/p>\n<p>\u00daj lev\u00e9l \u00edr\u00e1sa, lent a HTML szerkeszt\u0151.<br \/>\n<img decoding=\"async\" loading=\"lazy\" alt=\"Pegasus Mail lev\u00e9l \u00edr\u00e1s\" src=\"\/\/cuccokhalomban.csillagpor.hu\/pict\/pegasus-mail-screenshot-4.jpg\" width=\"703\" height=\"500\" \/>\n<\/p>\n<p>A k\u00fcldend\u0151 \u00fczenethez mint\u00e1k, \u00e9s a File men\u00fcb\u0151l el\u00e9rhet\u0151 az offline m\u00f3d is.<br \/>\n<img decoding=\"async\" loading=\"lazy\" alt=\"Pegasus Mail mint\u00e1k\" src=\"\/\/cuccokhalomban.csillagpor.hu\/pict\/pegasus-mail-screenshot-5.jpg\" width=\"704\" height=\"500\" \/>\n<\/p>\n<p>A levelek HTML szerkeszt\u0151je, t\u00e1bl\u00e1zat, k\u00e9p, stb. beilleszt\u00e9si lehet\u0151s\u00e9ggel \u00e9s mindenf\u00e9le sz\u00ednez\u00e9ssel, form\u00e1z\u00e1ssal.<br \/>\n<img decoding=\"async\" loading=\"lazy\" alt=\"Pegasus Mail \" src=\"\/\/cuccokhalomban.csillagpor.hu\/pict\/pegasus-mail-screenshot-6.jpg\" width=\"702\" height=\"500\" \/>\n<\/p>\n<p>A nagyon r\u00e9szletes be\u00e1ll\u00edt\u00e1si lehet\u0151s\u00e9gek k\u00f6z\u00f6tt olyan is szerepel, hogy egyenk\u00e9nt be\u00e1ll\u00edthatjuk a mell\u00e9kletek f\u00e1jlkiterjeszt\u00e9seihez a megjelen\u00edt\u0151 programokat.<br \/>\n<img decoding=\"async\" loading=\"lazy\" alt=\"Pegasus Mail f\u00e1jlt\u00edpusok\" src=\"\/\/cuccokhalomban.csillagpor.hu\/pict\/pegasus-mail-screenshot-7.jpg\" width=\"704\" height=\"500\" \/>\n<\/p>\n<p>C\u00edmjegyz\u00e9k.<br \/>\n<img decoding=\"async\" loading=\"lazy\" alt=\"Pegasus Mail c\u00edmjegyz\u00e9k\" src=\"\/\/cuccokhalomban.csillagpor.hu\/pict\/pegasus-mail-screenshot-8.jpg\" width=\"703\" height=\"500\" \/>\n<\/p>\n<p>Eszk\u00f6z\u00f6k, spam sz\u0171r\u0151 be\u00e1ll\u00edt\u00e1sok.<br \/>\n<img decoding=\"async\" loading=\"lazy\" alt=\"Pegasus Mail spam\" src=\"\/\/cuccokhalomban.csillagpor.hu\/pict\/pegasus-mail-screenshot-9.jpg\" width=\"703\" height=\"500\" \/>\n<\/p>\n<p>Felhaszn\u00e1l\u00f3 keres\u00e9se ak\u00e1r szerverenk\u00e9nt.<br \/>\n<img decoding=\"async\" loading=\"lazy\" alt=\"Pegasus Mail felhaszn\u00e1l\u00f3k\" src=\"\/\/cuccokhalomban.csillagpor.hu\/pict\/pegasus-mail-screenshot-11.jpg\" width=\"705\" height=\"500\" \/><\/p>\n","protected":false},"excerpt":{"rendered":"<p>A Pegasus Mail levelez\u0151 program telep\u00edt\u00e9skor nem a szok\u00e1sos Windows programok mapp\u00e1j\u00e1ba telep\u00fcl, de ha akarunk ezen v\u00e1ltoztathatunk. A m\u00e1r klasszikusnak sz\u00e1m\u00edt\u00f3 mappa,&#46;&#46;&#46;<\/p>\n","protected":false},"author":1,"featured_media":0,"parent":0,"menu_order":0,"comment_status":"closed","ping_status":"closed","template":"","meta":{"footnotes":""},"_links":{"self":[{"href":"https:\/\/csillagpor.hu\/remek\/programok\/wp-json\/wp\/v2\/pages\/1483"}],"collection":[{"href":"https:\/\/csillagpor.hu\/remek\/programok\/wp-json\/wp\/v2\/pages"}],"about":[{"href":"https:\/\/csillagpor.hu\/remek\/programok\/wp-json\/wp\/v2\/types\/page"}],"author":[{"embeddable":true,"href":"https:\/\/csillagpor.hu\/remek\/programok\/wp-json\/wp\/v2\/users\/1"}],"replies":[{"embeddable":true,"href":"https:\/\/csillagpor.hu\/remek\/programok\/wp-json\/wp\/v2\/comments?post=1483"}],"version-history":[{"count":0,"href":"https:\/\/csillagpor.hu\/remek\/programok\/wp-json\/wp\/v2\/pages\/1483\/revisions"}],"wp:attachment":[{"href":"https:\/\/csillagpor.hu\/remek\/programok\/wp-json\/wp\/v2\/media?parent=1483"}],"curies":[{"name":"wp","href":"https:\/\/api.w.org\/{rel}","templated":true}]}}