{"id":1486,"date":"2013-03-12T22:23:56","date_gmt":"2013-03-12T21:23:56","guid":{"rendered":"http:\/\/csillagpor.hu\/remek\/programok\/?page_id=1486"},"modified":"2022-06-30T18:00:28","modified_gmt":"2022-06-30T16:00:28","slug":"seamonkey-screenshot","status":"publish","type":"page","link":"https:\/\/csillagpor.hu\/remek\/programok\/seamonkey-screenshot","title":{"rendered":"SeaMonkey k\u00e9perny\u0151k\u00e9pek"},"content":{"rendered":"<p><a target=\"_blank\" title=\"SeaMonkey\" href=\"\/\/csillagpor.hu\/remek\/programok\/seamonkey\" rel=\"noopener noreferrer\">A SeaMonkey<\/a> 2.46 most \u00edgy n\u00e9z ki Windows 10-en. B\u00f6ng\u00e9sz\u0151, levelez\u0151 program, HTML szerkeszt\u0151, c\u00edmjegyz\u00e9k &#8230;<br \/>\n<img decoding=\"async\" loading=\"lazy\" alt=\"SeaMonkey Windows 10\" src=\"\/\/cuccokhalomban.csillagpor.hu\/pict\/seamonkey-kepernyokep.jpg\" width=\"730\" height=\"518\" \/>\n<\/p>\n<p><a target=\"_blank\" title=\"seamonkey\" href=\"\/\/csillagpor.hu\/remek\/programok\/seamonkey\" rel=\"noopener noreferrer\">A SeaMonkey<\/a>, a levelez\u0151 modulja r\u00e9sz\u00e9re tudja import\u00e1lni az adatokat \u00e9s be\u00e1ll\u00edt\u00e1sokat a Thunderbirdb\u0151l.<br \/>\n<img decoding=\"async\" loading=\"lazy\" alt=\"SeaMonkey Thunderbird import\" src=\"\/\/cuccokhalomban.csillagpor.hu\/pict\/sea-monkey-screenshot-1.jpg\" width=\"489\" height=\"414\" \/>\n<\/p>\n<p>Elindult a b\u00f6ng\u00e9sz\u0151, r\u00e1k\u00e9rdez, hogy milyen m\u0171veletekre szeretn\u00e9nk haszn\u00e1lni alap\u00e9rtelmezettk\u00e9nt.<br \/>\n<img decoding=\"async\" loading=\"lazy\" alt=\"SeaMonkey alap\u00e9rtelmezett\" src=\"\/\/cuccokhalomban.csillagpor.hu\/pict\/sea-monkey-screenshot-2.jpg\" width=\"476\" height=\"500\" \/>\n<\/p>\n<p>\u00cdgy m\u00e1r kicsit norm\u00e1lisabb a m\u00e9rete &#8230; megismerhetj\u00fck a jogainkat is a Mozill\u00e1t\u00f3l megszokott m\u00f3don.<br \/>\n<img decoding=\"async\" loading=\"lazy\" alt=\"SeaMonkey m\u00e1s m\u00e9ret\" src=\"\/\/cuccokhalomban.csillagpor.hu\/pict\/sea-monkey-screenshot-3.jpg\" width=\"730\" height=\"489\" \/>\n<\/p>\n<p>Be\u00e1ll\u00edt\u00e1sok, p\u00e9ld\u00e1ul, hogy indul\u00e1skor milyen ablakok ny\u00edljanak meg.<br \/>\n<img decoding=\"async\" loading=\"lazy\" alt=\"SeaMonkey be\u00e1ll\u00edt\u00e1sok\" src=\"\/\/cuccokhalomban.csillagpor.hu\/pict\/sea-monkey-screenshot-4.jpg\" width=\"730\" height=\"490\" \/>\n<\/p>\n<p>A magyar nyelv\u0171 helyes\u00edr\u00e1s ellen\u0151rz\u00e9s be\u00e1ll\u00edt\u00e1sai.<br \/>\n<img decoding=\"async\" loading=\"lazy\" alt=\"SeaMonkey helyes\u00edr\u00e1s\" src=\"\/\/cuccokhalomban.csillagpor.hu\/pict\/sea-monkey-screenshot-5.jpg\" width=\"730\" height=\"489\" \/>\n<\/p>\n<p>A levelez\u0151 program be\u00e1ll\u00edt\u00e1sai.<br \/>\n<img decoding=\"async\" loading=\"lazy\" alt=\"SeaMonkey levelez\u0151\" src=\"\/\/cuccokhalomban.csillagpor.hu\/pict\/sea-monkey-screenshot-6.jpg\" width=\"730\" height=\"490\" \/>\n<\/p>\n<p>SeaMonkey Sync &#8230; a szinkroniz\u00e1l\u00e1s be\u00e1ll\u00edt\u00e1sai.<br \/>\n<img decoding=\"async\" loading=\"lazy\" alt=\"SeaMonkey\" src=\"\/\/cuccokhalomban.csillagpor.hu\/pict\/sea-monkey-screenshot-7.jpg\" width=\"730\" height=\"489\" \/>\n<\/p>\n<p>Halad\u00f3 be\u00e1ll\u00edt\u00e1sokn\u00e1l, pl. a g\u00e9pel\u0151keres\u00e9s.<br \/>\n<img decoding=\"async\" loading=\"lazy\" alt=\"SeaMonkey halad\u00f3\" src=\"\/\/cuccokhalomban.csillagpor.hu\/pict\/sea-monkey-screenshot-8.jpg\" width=\"730\" height=\"490\" \/>\n<\/p>\n<p>Levelez\u0151 program postafi\u00f3k be\u00e1ll\u00edt\u00e1sai, lev\u00e9l, RSS vagy h\u00edrcsoportok.<br \/>\n<img decoding=\"async\" loading=\"lazy\" alt=\"SeaMonkey postafi\u00f3k\" src=\"\/\/cuccokhalomban.csillagpor.hu\/pict\/sea-monkey-screenshot-9.jpg\" width=\"730\" height=\"489\" \/>\n<\/p>\n<p>HTML szerkeszt\u0151 &#8230; egy r\u00e9teg k\u00f6z\u00e9pre, elemek megjelen\u00edt\u00e9se n\u00e9zet.<br \/>\n<img decoding=\"async\" loading=\"lazy\" alt=\"SeaMonkey HTML szerkeszt\u0151\" src=\"\/\/cuccokhalomban.csillagpor.hu\/pict\/sea-monkey-screenshot-10.jpg\" width=\"730\" height=\"489\" \/>\n<\/p>\n<p>Ez pedig a ChatZilla, egy f\u00e9lig leford\u00edtott IRC kliens, azaz csetprogram.<br \/>\n<img decoding=\"async\" loading=\"lazy\" alt=\"SeaMonkey ChatZilla\" src=\"\/\/cuccokhalomban.csillagpor.hu\/pict\/sea-monkey-screenshot-11.jpg\" width=\"730\" height=\"490\" \/><\/p>\n","protected":false},"excerpt":{"rendered":"<p><a target=\"_blank\" title=\"SeaMonkey k\u00e9perny\u0151k\u00e9pek\" href=\"\/\/csillagpor.hu\/remek\/programok\/seamonkey-screenshot\" rel=\"noopener noreferrer\"><img decoding=\"async\" loading=\"lazy\" alt=\"SeaMonkey\" src=\"\/\/cuccokhalomban.csillagpor.hu\/pict\/sea-monkey-kicsi.jpg\" width=\"100\" height=\"67\" class=\"flr\" \/><\/a>A SeaMonkey levelez\u0151 modulja r\u00e9sz\u00e9re tudja import\u00e1lni az adatokat \u00e9s be\u00e1ll\u00edt\u00e1sokat a Thunderbirdb\u0151l. Elindult a b\u00f6ng\u00e9sz\u0151, r\u00e1k\u00e9rdez, hogy milyen m\u0171veletekre szeretn\u00e9nk haszn\u00e1lni alap\u00e9rtelmezettk\u00e9nt. Be\u00e1ll\u00edt\u00e1sok, p\u00e9ld\u00e1ul, hogy indul\u00e1skor milyen ablakok ny\u00edljanak meg. A magyar nyelv\u0171 helyes\u00edr\u00e1s ellen\u0151rz\u00e9s be\u00e1ll\u00edt\u00e1sai&#8230;<\/p>\n","protected":false},"author":1,"featured_media":0,"parent":0,"menu_order":0,"comment_status":"closed","ping_status":"closed","template":"","meta":{"footnotes":""},"_links":{"self":[{"href":"https:\/\/csillagpor.hu\/remek\/programok\/wp-json\/wp\/v2\/pages\/1486"}],"collection":[{"href":"https:\/\/csillagpor.hu\/remek\/programok\/wp-json\/wp\/v2\/pages"}],"about":[{"href":"https:\/\/csillagpor.hu\/remek\/programok\/wp-json\/wp\/v2\/types\/page"}],"author":[{"embeddable":true,"href":"https:\/\/csillagpor.hu\/remek\/programok\/wp-json\/wp\/v2\/users\/1"}],"replies":[{"embeddable":true,"href":"https:\/\/csillagpor.hu\/remek\/programok\/wp-json\/wp\/v2\/comments?post=1486"}],"version-history":[{"count":0,"href":"https:\/\/csillagpor.hu\/remek\/programok\/wp-json\/wp\/v2\/pages\/1486\/revisions"}],"wp:attachment":[{"href":"https:\/\/csillagpor.hu\/remek\/programok\/wp-json\/wp\/v2\/media?parent=1486"}],"curies":[{"name":"wp","href":"https:\/\/api.w.org\/{rel}","templated":true}]}}