{"id":1492,"date":"2013-03-25T13:27:01","date_gmt":"2013-03-25T12:27:01","guid":{"rendered":"http:\/\/csillagpor.hu\/remek\/programok\/?page_id=1492"},"modified":"2022-06-30T18:28:49","modified_gmt":"2022-06-30T16:28:49","slug":"bitnami-screenshot","status":"publish","type":"page","link":"https:\/\/csillagpor.hu\/remek\/programok\/bitnami-screenshot","title":{"rendered":"BitNami k\u00e9perny\u0151k\u00e9pek"},"content":{"rendered":"<p><a target=\"_blank\" title=\"bitnami\" href=\"\/\/csillagpor.hu\/remek\/programok\/bitnami\" rel=\"noopener noreferrer\">A BitNami XAMPP kiterjeszt\u00e9s<\/a> telep\u00edt\u00e9sekor kiv\u00e1laszthatjuk, hogy melyik CMS rendszert szeretn\u00e9nk telep\u00edteni.<br \/>\n<img decoding=\"async\" loading=\"lazy\" alt=\"BitNami telep\u00edt\u00e9s\" src=\"\/\/cuccokhalomban.csillagpor.hu\/pict\/bitnami-screenshot-2.jpg\" width=\"516\" height=\"431\" \/>\n<\/p>\n<p>Itt az XAMPP hely\u00e9t kell megadni. Alapban a c:\\xampp k\u00f6nyvt\u00e1rban van, ha ett\u0151l elt\u00e9r, akkor \u00edrjuk ide!<br \/>\n<img decoding=\"async\" loading=\"lazy\" alt=\"BitNami XAMPP\" src=\"\/\/cuccokhalomban.csillagpor.hu\/pict\/bitnami-screenshot-3.jpg\" width=\"516\" height=\"431\" \/>\n<\/p>\n<p>A telep\u00fcl\u0151 rendszerekhez az itt megadott felhaszn\u00e1l\u00f3 n\u00e9v, val\u00f3s n\u00e9v \u00e9s jelsz\u00f3 lesz felhaszn\u00e1lva. Vagyis ezekkel az adatokkal lehet majd bel\u00e9pni az adminisztr\u00e1ci\u00f3s fel\u00fcletre.<br \/>\n<img decoding=\"async\" loading=\"lazy\" alt=\"BitNami adatok\" src=\"\/\/cuccokhalomban.csillagpor.hu\/pict\/bitnami-screenshot-4.jpg\" width=\"516\" height=\"431\" \/>\n<\/p>\n<p>Lehet a GMail is az alap\u00e9rtelmezett lev\u00e9lk\u00fcld\u0151nk.<br \/>\n<img decoding=\"async\" loading=\"lazy\" alt=\"BitNami GMail\" src=\"\/\/cuccokhalomban.csillagpor.hu\/pict\/bitnami-screenshot-5.jpg\" width=\"516\" height=\"431\" \/>\n<\/p>\n<p>Az XAMPP admin fel\u00fclet\u00e9n az Applications men\u00fcpontn\u00e1l tal\u00e1lhatjuk a feltelep\u00edtett kieg\u00e9sz\u00edt\u0151ket.<br \/>\n<img decoding=\"async\" loading=\"lazy\" alt=\"BitNami alkalmaz\u00e1sok\" src=\"\/\/cuccokhalomban.csillagpor.hu\/pict\/bitnami-screenshot-6.jpg\" width=\"989\" height=\"500\" \/>\n<\/p>\n<p>BitNami WordPress, Drupal \u00e9s Joomla. Innen (is) ind\u00edthatjuk \u0151ket.<br \/>\n<img decoding=\"async\" loading=\"lazy\" alt=\"BitNami WordPress, Drupal, Joomla\" src=\"\/\/cuccokhalomban.csillagpor.hu\/pict\/bitnami-screenshot-7.jpg\" width=\"989\" height=\"500\" \/>\n<\/p>\n<p>localhost\/wordpress &#8230; ez pedig a WordPress admin fel\u00fclete.<br \/>\n<img decoding=\"async\" loading=\"lazy\" alt=\"BitNami WordPress\" src=\"\/\/cuccokhalomban.csillagpor.hu\/pict\/bitnami-screenshot-8.jpg\" width=\"990\" height=\"500\" \/>\n<\/p>\n<p>localhost\/drupal &#8230; itt pedig a Drupalt konfigur\u00e1lhatjuk.<br \/>\n<img decoding=\"async\" loading=\"lazy\" alt=\"BitNami Drupal\" src=\"\/\/cuccokhalomban.csillagpor.hu\/pict\/bitnami-screenshot-9.jpg\" width=\"989\" height=\"500\" \/>\n<\/p>\n<p>localhost\/joomla &#8230; \u00e9s ez a Joomla Control Panel.<br \/>\n<img decoding=\"async\" loading=\"lazy\" alt=\"BitNami Joomla\" src=\"\/\/cuccokhalomban.csillagpor.hu\/pict\/bitnami-screenshot-10.jpg\" width=\"991\" height=\"500\" \/><\/p>\n","protected":false},"excerpt":{"rendered":"<p>A BitNami XAMPP kiterjeszt\u00e9s telep\u00edt\u00e9sekor kiv\u00e1laszthatjuk, hogy melyik CMS rendszert szeretn\u00e9nk telep\u00edteni. Itt az XAMPP hely\u00e9t kell megadni. Alapban a c:\\xampp k\u00f6nyvt\u00e1rban van,&#46;&#46;&#46;<\/p>\n","protected":false},"author":1,"featured_media":0,"parent":0,"menu_order":0,"comment_status":"closed","ping_status":"closed","template":"","meta":{"footnotes":""},"_links":{"self":[{"href":"https:\/\/csillagpor.hu\/remek\/programok\/wp-json\/wp\/v2\/pages\/1492"}],"collection":[{"href":"https:\/\/csillagpor.hu\/remek\/programok\/wp-json\/wp\/v2\/pages"}],"about":[{"href":"https:\/\/csillagpor.hu\/remek\/programok\/wp-json\/wp\/v2\/types\/page"}],"author":[{"embeddable":true,"href":"https:\/\/csillagpor.hu\/remek\/programok\/wp-json\/wp\/v2\/users\/1"}],"replies":[{"embeddable":true,"href":"https:\/\/csillagpor.hu\/remek\/programok\/wp-json\/wp\/v2\/comments?post=1492"}],"version-history":[{"count":0,"href":"https:\/\/csillagpor.hu\/remek\/programok\/wp-json\/wp\/v2\/pages\/1492\/revisions"}],"wp:attachment":[{"href":"https:\/\/csillagpor.hu\/remek\/programok\/wp-json\/wp\/v2\/media?parent=1492"}],"curies":[{"name":"wp","href":"https:\/\/api.w.org\/{rel}","templated":true}]}}