{"id":1499,"date":"2013-04-12T16:23:31","date_gmt":"2013-04-12T14:23:31","guid":{"rendered":"http:\/\/csillagpor.hu\/remek\/programok\/?page_id=1499"},"modified":"2022-06-30T17:41:12","modified_gmt":"2022-06-30T15:41:12","slug":"undelete-plus-screenshot","status":"publish","type":"page","link":"https:\/\/csillagpor.hu\/remek\/programok\/undelete-plus-screenshot","title":{"rendered":"Undelete PLUS k\u00e9perny\u0151k\u00e9pek"},"content":{"rendered":"<p><a target=\"_blank\" title=\"undelete\" href=\"\/\/csillagpor.hu\/remek\/programok\/undelete-plus-letoltese\" rel=\"noopener noreferrer\">Az Undelete PLUS t\u00f6r\u00f6lt f\u00e1jl vissza\u00e1ll\u00edt\u00f3<\/a> angolul indul &#8230;<br \/>\n<img decoding=\"async\" loading=\"lazy\" alt=\"Undelete PLUS angolul\" src=\"\/\/cuccokhalomban.csillagpor.hu\/pict\/undelete-screenshot-1.jpg\" width=\"768\" height=\"500\" \/>\n<\/p>\n<p>&#8230; de azt\u00e1n k\u00f6z\u00e9pen a magyar z\u00e1szl\u00f3ra kattintva magyar nyelv\u0171v\u00e9 tehetj\u00fck a fel\u00fcletet.<br \/>\n<img decoding=\"async\" loading=\"lazy\" alt=\"Undelete magyar\" src=\"\/\/cuccokhalomban.csillagpor.hu\/pict\/undelete-screenshot-2.jpg\" width=\"767\" height=\"500\" \/>\n<\/p>\n<p>Itt m\u00e1r lefutott a vissza\u00e1ll\u00edthat\u00f3 f\u00e1jlok keres\u00e9se, l\u00e1thatjuk a list\u00e1t \u00e9s benne az \u00e1llapotot, ami most nagyon j\u00f3.<br \/>\n<img decoding=\"async\" loading=\"lazy\" alt=\"Undelete keres\u00e9s v\u00e9ge\" src=\"\/\/cuccokhalomban.csillagpor.hu\/pict\/undelete-screenshot-3.jpg\" width=\"767\" height=\"500\" \/>\n<\/p>\n<p>Egyenk\u00e9nt vagy mindent egyszerre is vissza\u00e1ll\u00edthatjuk a jobb gombos men\u00fcb\u0151l.<br \/>\n<img decoding=\"async\" loading=\"lazy\" alt=\"Undelete vissza\u00e1ll\u00edt\u00e1s\" src=\"\/\/cuccokhalomban.csillagpor.hu\/pict\/undelete-screenshot-4.jpg\" width=\"767\" height=\"500\" \/>\n<\/p>\n<p>Sz\u0171r\u0151 be\u00e1ll\u00edt\u00e1sa.<br \/>\n<img decoding=\"async\" loading=\"lazy\" alt=\"Undelete sz\u0171r\u0151\" src=\"\/\/cuccokhalomban.csillagpor.hu\/pict\/undelete-screenshot-5.jpg\" width=\"767\" height=\"500\" \/>\n<\/p>\n<p>Baloldalt a mappa b\u00f6ng\u00e9sz\u0151 n\u00e9zet.<br \/>\n<img decoding=\"async\" loading=\"lazy\" alt=\"Undelete mappa\" src=\"\/\/cuccokhalomban.csillagpor.hu\/pict\/undelete-screenshot-6.jpg\" width=\"767\" height=\"500\" \/>\n<\/p>\n<p>Itt pedig a meghajt\u00f3 n\u00e9zet.<br \/>\n<img decoding=\"async\" loading=\"lazy\" alt=\"Undelete meghajt\u00f3\" src=\"\/\/cuccokhalomban.csillagpor.hu\/pict\/undelete-screenshot-7.jpg\" width=\"766\" height=\"500\" \/><\/p>\n","protected":false},"excerpt":{"rendered":"<p><a target=\"_blank\" title=\"Undelete PLUS k\u00e9perny\u0151k\u00e9pek\" href=\"\/\/csillagpor.hu\/remek\/programok\/undelete-plus-letoltese\" rel=\"noopener noreferrer\"><img decoding=\"async\" loading=\"lazy\" alt=\"Undelete Plus\" src=\"\/\/cuccokhalomban.csillagpor.hu\/pict\/undelete.jpg\" width=\"100\" height=\"21\" class=\"flr\" \/><\/a>Az Undelete PLUS t\u00f6r\u00f6lt f\u00e1jl vissza\u00e1ll\u00edt\u00f3 angolul indul &#8230; de azt\u00e1n k\u00f6z\u00e9pen a magyar z\u00e1szl\u00f3ra kattintva magyar nyelv\u0171v\u00e9 tehetj\u00fck a fel\u00fcletet. Itt m\u00e1r lefutott a vissza\u00e1ll\u00edthat\u00f3 f\u00e1jlok keres\u00e9se, l\u00e1thatjuk a list\u00e1t \u00e9s benne az \u00e1llapotot, ami most nagyon j\u00f3. Egyenk\u00e9nt vagy mindent egyszerre is vissza\u00e1ll\u00edthatjuk a jobb gombos men\u00fcb\u0151l&#8230;<\/p>\n","protected":false},"author":1,"featured_media":0,"parent":0,"menu_order":0,"comment_status":"closed","ping_status":"closed","template":"","meta":{"footnotes":""},"_links":{"self":[{"href":"https:\/\/csillagpor.hu\/remek\/programok\/wp-json\/wp\/v2\/pages\/1499"}],"collection":[{"href":"https:\/\/csillagpor.hu\/remek\/programok\/wp-json\/wp\/v2\/pages"}],"about":[{"href":"https:\/\/csillagpor.hu\/remek\/programok\/wp-json\/wp\/v2\/types\/page"}],"author":[{"embeddable":true,"href":"https:\/\/csillagpor.hu\/remek\/programok\/wp-json\/wp\/v2\/users\/1"}],"replies":[{"embeddable":true,"href":"https:\/\/csillagpor.hu\/remek\/programok\/wp-json\/wp\/v2\/comments?post=1499"}],"version-history":[{"count":0,"href":"https:\/\/csillagpor.hu\/remek\/programok\/wp-json\/wp\/v2\/pages\/1499\/revisions"}],"wp:attachment":[{"href":"https:\/\/csillagpor.hu\/remek\/programok\/wp-json\/wp\/v2\/media?parent=1499"}],"curies":[{"name":"wp","href":"https:\/\/api.w.org\/{rel}","templated":true}]}}