{"id":1500,"date":"2013-04-12T21:16:08","date_gmt":"2013-04-12T19:16:08","guid":{"rendered":"http:\/\/csillagpor.hu\/remek\/programok\/?page_id=1500"},"modified":"2022-09-30T10:37:36","modified_gmt":"2022-09-30T08:37:36","slug":"easycleaner-screenshot","status":"publish","type":"page","link":"https:\/\/csillagpor.hu\/remek\/programok\/easycleaner-screenshot","title":{"rendered":"EasyCleaner k\u00e9perny\u0151k\u00e9pek"},"content":{"rendered":"<p><a target=\"_blank\" title=\"easycleaner\" href=\"\/\/csillagpor.hu\/remek\/programok\/easycleaner-letoltese\" rel=\"noopener\">Az EasyCleaner Windows tiszt\u00edt\u00f3<\/a> telep\u00edt\u00e9s\u00e9n\u00e9l kiv\u00e1laszthatjuk a magyar fel\u00fcletet &#8230; alap\u00e9rtelmezetten nem az.<br \/>\n<img decoding=\"async\" loading=\"lazy\" alt=\"EasyCleaner telep\u00edt\u00e9s\" src=\"\/\/cuccokhalomban.csillagpor.hu\/pict\/easycleaner-screenshot-1.jpg\" width=\"343\" height=\"231\" \/>\n<\/p>\n<p>\u00c1ttekinthet\u0151 egyszer\u0171 fel\u00fclet magyarul, jobboldalon mindenhez a magyar\u00e1zat.<br \/>\n<img decoding=\"async\" loading=\"lazy\" alt=\"EasyCleaner fel\u00fclet\" src=\"\/\/cuccokhalomban.csillagpor.hu\/pict\/easycleaner-screenshot-2.jpg\" width=\"509\" height=\"500\" \/>\n<\/p>\n<p>A registry karbantart\u00e1sa folyamatban &#8230;<br \/>\n<img decoding=\"async\" loading=\"lazy\" alt=\"EasyCleaner registry\" src=\"\/\/cuccokhalomban.csillagpor.hu\/pict\/easycleaner-screenshot-3.jpg\" width=\"637\" height=\"500\" \/>\n<\/p>\n<p>Program hozz\u00e1ad\u00e1s \u00e9s elt\u00e1vol\u00edt\u00e1s \u00e9s r\u00e9szletes adatok a szoftverr\u0151l.<br \/>\n<img decoding=\"async\" loading=\"lazy\" alt=\"EasyCleaner program elt\u00e1vol\u00edt\u00e1s\" src=\"\/\/cuccokhalomban.csillagpor.hu\/pict\/easycleaner-screenshot-4.jpg\" width=\"649\" height=\"500\" \/>\n<\/p>\n<p>Duplik\u00e1lt f\u00e1jlok keres\u00e9se, vagyis amik feleslegesen t\u00f6bbsz\u00f6r is megvannak az adott part\u00edci\u00f3n.<br \/>\n<img decoding=\"async\" loading=\"lazy\" alt=\"EasyCleaner duplik\u00e1tumok\" src=\"\/\/cuccokhalomban.csillagpor.hu\/pict\/easycleaner-screenshot-5.jpg\" width=\"627\" height=\"500\" \/>\n<\/p>\n<p>Felesleges f\u00e1jlok keres\u00e9se, most \u00e9ppen a C: meghajt\u00f3n. Be\u00e1ll\u00edthat\u00f3 miket keressen \u00e9s miket ne.<br \/>\n<img decoding=\"async\" loading=\"lazy\" alt=\"EasyCleaner felesleges f\u00e1jlok\" src=\"\/\/cuccokhalomban.csillagpor.hu\/pict\/easycleaner-screenshot-6.jpg\" width=\"593\" height=\"500\" \/>\n<\/p>\n<p>Hib\u00e1s parancsikonok keres\u00e9se, szint\u00e9n mindenf\u00e9le inform\u00e1ci\u00f3k k\u00eds\u00e9ret\u00e9ben.<br \/>\n<img decoding=\"async\" loading=\"lazy\" alt=\"EasyCleaner parancsikonok\" src=\"\/\/cuccokhalomban.csillagpor.hu\/pict\/easycleaner-screenshot-7.jpg\" width=\"586\" height=\"500\" \/>\n<\/p>\n<p>Lemezter\u00fclet foglalts\u00e1g, m\u00e9ret k\u00f6nyvt\u00e1rank\u00e9nt is.<br \/>\n<img decoding=\"async\" loading=\"lazy\" alt=\"EasyCleaner lemezter\u00fclet\" src=\"\/\/cuccokhalomban.csillagpor.hu\/pict\/easycleaner-screenshot-8.jpg\" width=\"718\" height=\"500\" \/>\n<\/p>\n<p>Rendszerind\u00edt\u00e1s fel\u00fcgyel\u0151, itt nem sok lom van nekem &#8230;<br \/>\n<img decoding=\"async\" loading=\"lazy\" alt=\"EasyCleaner rendszerind\u00edt\u00e1s\" src=\"\/\/cuccokhalomban.csillagpor.hu\/pict\/easycleaner-screenshot-9.jpg\" width=\"578\" height=\"500\" \/>\n<\/p>\n<p>Visszavon\u00e1s &#8230; m\u00e9g nincs mit visszavonni.<br \/>\n<img decoding=\"async\" loading=\"lazy\" alt=\"EasyCleaner visszavon\u00e1s\" src=\"\/\/cuccokhalomban.csillagpor.hu\/pict\/easycleaner-screenshot-10.jpg\" width=\"636\" height=\"500\" \/>\n<\/p>\n<p>Be\u00e1ll\u00edt\u00e1sok, \u00e1ltal\u00e1nos, pl. EasyCleaner ind\u00edt\u00e1sa rendszerind\u00edt\u00e1skor.<br \/>\n<img decoding=\"async\" loading=\"lazy\" alt=\"EasyCleaner be\u00e1ll\u00edt\u00e1sok\" src=\"\/\/cuccokhalomban.csillagpor.hu\/pict\/easycleaner-screenshot-11.jpg\" width=\"509\" height=\"500\" \/>\n<\/p>\n<p>Megjelen\u00e9s, itt v\u00e1lthatunk nyelven, bet\u0171t\u00edpust &#8230;<br \/>\n<img decoding=\"async\" loading=\"lazy\" alt=\"EasyCleaner megjelen\u00e9s\" src=\"\/\/cuccokhalomban.csillagpor.hu\/pict\/easycleaner-screenshot-12.jpg\" width=\"509\" height=\"500\" \/>\n<\/p>\n<p>Registry, hov\u00e1 mentse a visszavon\u00e1shoz sz\u00fcks\u00e9ges f\u00e1jlt, meg ilyenek &#8230;<br \/>\n<img decoding=\"async\" loading=\"lazy\" alt=\"EasyCleaner registry\" src=\"\/\/cuccokhalomban.csillagpor.hu\/pict\/easycleaner-screenshot-13.jpg\" width=\"508\" height=\"500\" \/>\n<\/p>\n<p>Duplik\u00e1lt f\u00e1jlok t\u00f6rl\u00e9s\u00e9nek be\u00e1ll\u00edt\u00e1sai.<br \/>\n<img decoding=\"async\" loading=\"lazy\" alt=\"EasyCleaner\" src=\"\/\/cuccokhalomban.csillagpor.hu\/pict\/easycleaner-screenshot-14.jpg\" width=\"509\" height=\"500\" \/>\n<\/p>\n<p>Felesleges f\u00e1jlok be\u00e1ll\u00edt\u00e1sai, pl. hagyja ki a rejtetteket.<br \/>\n<img decoding=\"async\" loading=\"lazy\" alt=\"EasyCleaner felesleges\" src=\"\/\/cuccokhalomban.csillagpor.hu\/pict\/easycleaner-screenshot-15.jpg\" width=\"509\" height=\"500\" \/><\/p>\n","protected":false},"excerpt":{"rendered":"<p><a target=\"_blank\" title=\"easycleaner k\u00e9perny\u0151k\u00e9pek\" href=\"\/\/csillagpor.hu\/remek\/programok\/easycleaner-screenshot\" rel=\"noopener noreferrer\"><img decoding=\"async\" loading=\"lazy\" alt=\"EasyCleaner\" src=\"\/\/cuccokhalomban.csillagpor.hu\/pict\/easycleaner.jpg\" width=\"80\" height=\"75\" class=\"flr\" \/><\/a><\/p>\n<p><a target=\"_blank\" title=\"easycleaner\" href=\"\/\/csillagpor.hu\/remek\/programok\/easycleaner-letoltese\" rel=\"noopener noreferrer\">EasyCleaner k\u00e9perny\u0151k\u00e9pek &#8230; Az EasyCleaner Windows tiszt\u00edt\u00f3telep\u00edt\u00e9s\u00e9n\u00e9l kiv\u00e1laszthatjuk a magyar fel\u00fcletet &#8230; alap\u00e9rtelmezetten nem az. \u00c1ttekinthet\u0151, egyszer\u0171 fel\u00fclet, jobboldalon mindenhez a magyar\u00e1zat. A registry karbantart\u00e1sa folyamatban &#8230;<\/p>\n","protected":false},"author":1,"featured_media":0,"parent":0,"menu_order":0,"comment_status":"closed","ping_status":"closed","template":"","meta":{"footnotes":""},"_links":{"self":[{"href":"https:\/\/csillagpor.hu\/remek\/programok\/wp-json\/wp\/v2\/pages\/1500"}],"collection":[{"href":"https:\/\/csillagpor.hu\/remek\/programok\/wp-json\/wp\/v2\/pages"}],"about":[{"href":"https:\/\/csillagpor.hu\/remek\/programok\/wp-json\/wp\/v2\/types\/page"}],"author":[{"embeddable":true,"href":"https:\/\/csillagpor.hu\/remek\/programok\/wp-json\/wp\/v2\/users\/1"}],"replies":[{"embeddable":true,"href":"https:\/\/csillagpor.hu\/remek\/programok\/wp-json\/wp\/v2\/comments?post=1500"}],"version-history":[{"count":0,"href":"https:\/\/csillagpor.hu\/remek\/programok\/wp-json\/wp\/v2\/pages\/1500\/revisions"}],"wp:attachment":[{"href":"https:\/\/csillagpor.hu\/remek\/programok\/wp-json\/wp\/v2\/media?parent=1500"}],"curies":[{"name":"wp","href":"https:\/\/api.w.org\/{rel}","templated":true}]}}