{"id":1504,"date":"2013-04-23T23:26:05","date_gmt":"2013-04-23T21:26:05","guid":{"rendered":"http:\/\/csillagpor.hu\/remek\/programok\/?page_id=1504"},"modified":"2022-06-30T18:18:47","modified_gmt":"2022-06-30T16:18:47","slug":"google-fold-screenshot","status":"publish","type":"page","link":"https:\/\/csillagpor.hu\/remek\/programok\/google-fold-screenshot","title":{"rendered":"Google F\u00f6ld k\u00e9perny\u0151k\u00e9pek"},"content":{"rendered":"<p><a target=\"_blank\" title=\"google f\u00f6ld\" href=\"\/\/csillagpor.hu\/remek\/programok\/google-fold\" rel=\"noopener noreferrer\">A Google F\u00f6ld virtu\u00e1lis f\u00f6ldg\u00f6mb alkalmaz\u00e1s.<\/a><br \/>\n<img decoding=\"async\" loading=\"lazy\" alt=\"Google F\u00f6ld\" src=\"\/\/cuccokhalomban.csillagpor.hu\/pict\/google-earth-screenshot-1.jpg\" width=\"889\" height=\"500\" \/>\n<\/p>\n<p>Atmoszf\u00e9ra, t\u00faravezet\u0151 \u00e9s v\u00edzfelsz\u00edn bekapcsolva. Felfedez\u00e9s: F\u00f6ld, Mars, Hold vagy \u00e9gbolt.<br \/>\n<img decoding=\"async\" loading=\"lazy\" alt=\"Google F\u00f6ld felfedez\u00e9s\" src=\"\/\/cuccokhalomban.csillagpor.hu\/pict\/google-earth-screenshot-2.jpg\" width=\"889\" height=\"500\" \/>\n<\/p>\n<p>Hold \u00e9s az id\u0151 m\u00fal\u00e1sa kicsit f\u00f6lgyors\u00edtva.<br \/>\n<img decoding=\"async\" loading=\"lazy\" alt=\"Google F\u00f6ld Hold\" src=\"\/\/cuccokhalomban.csillagpor.hu\/pict\/google-earth-screenshot-3.jpg\" width=\"889\" height=\"500\" \/>\n<\/p>\n<p>Ez pedig a Mars, kev\u00e9sb\u00e9 felt\u00e9rk\u00e9pezve.<br \/>\n<img decoding=\"async\" loading=\"lazy\" alt=\"Google F\u00f6ld Mars\" src=\"\/\/cuccokhalomban.csillagpor.hu\/pict\/google-earth-screenshot-4.jpg\" width=\"889\" height=\"500\" \/>\n<\/p>\n<p>Az \u00e9gbolt, az otthonunk, a Tej\u00fat rendszer.<br \/>\n<img decoding=\"async\" loading=\"lazy\" alt=\"Google F\u00f6ld \u00e9gbolt\" src=\"\/\/cuccokhalomban.csillagpor.hu\/pict\/google-earth-screenshot-5.jpg\" width=\"889\" height=\"500\" \/>\n<\/p>\n<p>GPS import\u00e1l\u00e1s be\u00e1ll\u00edt\u00e1sai.<br \/>\n<img decoding=\"async\" loading=\"lazy\" alt=\"Google F\u00f6ld GPS\" src=\"\/\/cuccokhalomban.csillagpor.hu\/pict\/google-earth-screenshot-6.jpg\" width=\"889\" height=\"500\" \/>\n<\/p>\n<p>Rep\u00fcl\u0151g\u00e9p-szimul\u00e1tor, a rep\u00fcl\u0151g\u00e9p kiv\u00e1laszt\u00e1sa \u00e9s m\u00e1s be\u00e1ll\u00edt\u00e1sok.<br \/>\n<img decoding=\"async\" loading=\"lazy\" alt=\"Google F\u00f6ld rep\u00fcl\u0151g\u00e9p\" src=\"\/\/cuccokhalomban.csillagpor.hu\/pict\/google-earth-screenshot-7.jpg\" width=\"889\" height=\"500\" \/>\n<\/p>\n<p>Google Earth opci\u00f3k, a 3D-s n\u00e9zet be\u00e1ll\u00edt\u00e1sai, pl: DirectX vagy OpenGL gener\u00e1lja e a l\u00e1tv\u00e1nyt.<br \/>\n<img decoding=\"async\" loading=\"lazy\" alt=\"Google F\u00f6ld 3D\" src=\"\/\/cuccokhalomban.csillagpor.hu\/pict\/google-earth-screenshot-8.jpg\" width=\"889\" height=\"500\" \/>\n<\/p>\n<p>K\u00f6rutaz\u00e1s be\u00e1ll\u00edt\u00e1sok.<br \/>\n<img decoding=\"async\" loading=\"lazy\" alt=\"Google F\u00f6ld k\u00f6rutaz\u00e1s\" src=\"\/\/cuccokhalomban.csillagpor.hu\/pict\/google-earth-screenshot-9.jpg\" width=\"889\" height=\"500\" \/>\n<\/p>\n<p>Navig\u00e1ci\u00f3, pl. rep\u00fcl\u00e9si sebess\u00e9g.<br \/>\n<img decoding=\"async\" loading=\"lazy\" alt=\"Google F\u00f6ld navig\u00e1ci\u00f3\" src=\"\/\/cuccokhalomban.csillagpor.hu\/pict\/google-earth-screenshot-10.jpg\" width=\"889\" height=\"500\" \/>\n<\/p>\n<p>\u00c9s ugyanez OpenSUSE Linuxon &#8230;<\/p>\n<p>Navig\u00e1l\u00e1s a Google F\u00f6ld programban.<br \/>\n<img decoding=\"async\" loading=\"lazy\" alt=\"Google F\u00f6ld navig\u00e1ci\u00f3\" src=\"\/\/cuccokhalomban.csillagpor.hu\/pict\/google-earth-screenshot-l1.jpg\" width=\"889\" height=\"500\" \/>\n<\/p>\n<p>K\u00f6z\u00e9p-Eur\u00f3pa Magyarorsz\u00e1ggal \u00e9s az orsz\u00e1ghat\u00e1rokkal.<br \/>\n<img decoding=\"async\" loading=\"lazy\" alt=\"Google F\u00f6ld Eur\u00f3pa\" src=\"\/\/cuccokhalomban.csillagpor.hu\/pict\/google-earth-screenshot-l2.jpg\" width=\"889\" height=\"500\" \/>\n<\/p>\n<p>Budapest utcan\u00e9zet.<br \/>\n<img decoding=\"async\" loading=\"lazy\" alt=\"Google F\u00f6ld Budapest utcan\u00e9zet\" src=\"\/\/cuccokhalomban.csillagpor.hu\/pict\/google-earth-screenshot-l3.jpg\" width=\"889\" height=\"500\" \/>\n<\/p>\n<p>A rep\u00fcl\u0151g\u00e9p-szimul\u00e1tor m\u0171k\u00f6d\u00e9s k\u00f6zben.<br \/>\n<img decoding=\"async\" loading=\"lazy\" alt=\"Google F\u00f6ld rep\u00fcl\u0151g\u00e9p\" src=\"\/\/cuccokhalomban.csillagpor.hu\/pict\/google-earth-screenshot-l4.jpg\" width=\"889\" height=\"500\" \/>\n<\/p>\n<p>Budapest fel\u00fcln\u00e9zetben, bekapcsolva a t\u00f6rt\u00e9nelmi k\u00e9pek, azaz egy cs\u00faszk\u00e1val visszamehet\u00fcnk az id\u0151ben.<br \/>\n<img decoding=\"async\" loading=\"lazy\" alt=\"Google F\u00f6ld t\u00f6rt\u00e9nelem\" src=\"\/\/cuccokhalomban.csillagpor.hu\/pict\/google-earth-screenshot-l5.jpg\" width=\"889\" height=\"500\" \/>\n<\/p>\n<p>Napfelkelte a Marson.<br \/>\n<img decoding=\"async\" loading=\"lazy\" alt=\"Google F\u00f6ld Mars\" src=\"\/\/cuccokhalomban.csillagpor.hu\/pict\/google-earth-screenshot-l6.jpg\" width=\"889\" height=\"500\" \/>\n<\/p>\n<p>Sz\u00e9p felh\u0151s F\u00f6ld hat\u00e1rok n\u00e9lk\u00fcl.<br \/>\n<img decoding=\"async\" loading=\"lazy\" alt=\"Google F\u00f6ld id\u0151j\u00e1r\u00e1s\" src=\"\/\/cuccokhalomban.csillagpor.hu\/pict\/google-earth-screenshot-l7.jpg\" width=\"889\" height=\"500\" \/><\/p>\n","protected":false},"excerpt":{"rendered":"<p>A Google F\u00f6ld virtu\u00e1lis f\u00f6ldg\u00f6mb alkalmaz\u00e1s. Atmoszf\u00e9ra, t\u00faravezet\u0151 \u00e9s v\u00edzfelsz\u00edn bekapcsolva. Felfedez\u00e9s: F\u00f6ld, Mars, Hold vagy \u00e9gbolt. Hold \u00e9s az id\u0151 m\u00fal\u00e1sa kicsit&#46;&#46;&#46;<\/p>\n","protected":false},"author":1,"featured_media":0,"parent":0,"menu_order":0,"comment_status":"closed","ping_status":"closed","template":"","meta":{"footnotes":""},"_links":{"self":[{"href":"https:\/\/csillagpor.hu\/remek\/programok\/wp-json\/wp\/v2\/pages\/1504"}],"collection":[{"href":"https:\/\/csillagpor.hu\/remek\/programok\/wp-json\/wp\/v2\/pages"}],"about":[{"href":"https:\/\/csillagpor.hu\/remek\/programok\/wp-json\/wp\/v2\/types\/page"}],"author":[{"embeddable":true,"href":"https:\/\/csillagpor.hu\/remek\/programok\/wp-json\/wp\/v2\/users\/1"}],"replies":[{"embeddable":true,"href":"https:\/\/csillagpor.hu\/remek\/programok\/wp-json\/wp\/v2\/comments?post=1504"}],"version-history":[{"count":0,"href":"https:\/\/csillagpor.hu\/remek\/programok\/wp-json\/wp\/v2\/pages\/1504\/revisions"}],"wp:attachment":[{"href":"https:\/\/csillagpor.hu\/remek\/programok\/wp-json\/wp\/v2\/media?parent=1504"}],"curies":[{"name":"wp","href":"https:\/\/api.w.org\/{rel}","templated":true}]}}