{"id":1511,"date":"2013-04-27T16:48:20","date_gmt":"2013-04-27T14:48:20","guid":{"rendered":"http:\/\/csillagpor.hu\/remek\/programok\/?page_id=1511"},"modified":"2022-06-30T18:11:05","modified_gmt":"2022-06-30T16:11:05","slug":"mapsphere-screenshot","status":"publish","type":"page","link":"https:\/\/csillagpor.hu\/remek\/programok\/mapsphere-screenshot","title":{"rendered":"MapSphere k\u00e9perny\u0151k\u00e9pek"},"content":{"rendered":"<p><a target=\"_blank\" title=\"mapsphere\" href=\"\/\/csillagpor.hu\/remek\/programok\/mapsphere\" rel=\"noopener noreferrer\">A MapSphere t\u00e9rk\u00e9p, m\u0171hold, GPS<\/a> \u00e9s internet seg\u00edts\u00e9g\u00e9vel jelen\u00edti meg utunkat.<br \/>\nItt regisztr\u00e1lhatunk, megtekinthet\u00fcnk egy bemutat\u00f3t \u00e9s oktat\u00e1st \u00e9s v\u00e9g\u00fcl elkezdhetj\u00fck haszn\u00e1lni.<br \/>\n<img decoding=\"async\" loading=\"lazy\" alt=\"MapSphere indul\u00e1s\" src=\"\/\/cuccokhalomban.csillagpor.hu\/pict\/mapsphere-screenshot-1.jpg\" width=\"966\" height=\"500\" \/>\n<\/p>\n<p>Bejelentkez\u00e9s &#8230; ezt megtehetj\u00fck n\u00e9vtelen\u00fcl is, ha akarjuk.<br \/>\n<img decoding=\"async\" loading=\"lazy\" alt=\"MapSphere bejelentkez\u00e9s\" src=\"\/\/cuccokhalomban.csillagpor.hu\/pict\/mapsphere-screenshot-2.jpg\" width=\"966\" height=\"500\" \/>\n<\/p>\n<p>Eur\u00f3p\u00e1ra k\u00f6zel\u00edtve &#8230;<br \/>\n<img decoding=\"async\" loading=\"lazy\" alt=\"MapSphere Eur\u00f3pa\" src=\"\/\/cuccokhalomban.csillagpor.hu\/pict\/mapsphere-screenshot-3.jpg\" width=\"965\" height=\"500\" \/>\n<\/p>\n<p>M\u00e9g k\u00f6zelebb megy\u00fcnk, l\u00e1that\u00f3 baloldalon m\u00e9g k\u00e9t t\u00e9rk\u00e9p n\u00e9zet, fent pedig kiv\u00e1laszthatjuk melyik t\u00e9rk\u00e9p szolg\u00e1ltat\u00e1s kell nek\u00fcnk.<br \/>\n<img decoding=\"async\" loading=\"lazy\" alt=\"MapSphere t\u00e9rk\u00e9p\" src=\"\/\/cuccokhalomban.csillagpor.hu\/pict\/mapsphere-screenshot-4.jpg\" width=\"965\" height=\"500\" \/>\n<\/p>\n<p>Keres\u00e9s Budapestre, viszonylag sok tal\u00e1lat van. Ja. ez m\u00e1r egy m\u00e1sik t\u00e9rk\u00e9p.<br \/>\n<img decoding=\"async\" loading=\"lazy\" alt=\"MapSphere Budapest\" src=\"\/\/cuccokhalomban.csillagpor.hu\/pict\/mapsphere-screenshot-5.jpg\" width=\"965\" height=\"500\" \/>\n<\/p>\n<p>Az aktivit\u00e1sokn\u00e1l sok j\u00e1rm\u0171 van, a gyalogl\u00e1son k\u00edv\u00fcl.<br \/>\n<img decoding=\"async\" loading=\"lazy\" alt=\"MapSphere aktivit\u00e1s\" src=\"\/\/cuccokhalomban.csillagpor.hu\/pict\/mapsphere-screenshot-6.jpg\" width=\"966\" height=\"500\" \/>\n<\/p>\n<p>Be\u00e1ll\u00edt\u00e1sok, m\u00e9rt\u00e9kegys\u00e9gek.<br \/>\n<img decoding=\"async\" loading=\"lazy\" alt=\"MapSphere m\u00e9rt\u00e9kegys\u00e9g\" src=\"\/\/cuccokhalomban.csillagpor.hu\/pict\/mapsphere-screenshot-7.jpg\" width=\"966\" height=\"500\" \/>\n<\/p>\n<p>Automatikus csatlakoz\u00e1s \u00e9s milyen felhaszn\u00e1l\u00f3kat szeretn\u00e9nk l\u00e1tni.<br \/>\n<img decoding=\"async\" loading=\"lazy\" alt=\"MapSphere felhaszn\u00e1l\u00f3k\" src=\"\/\/cuccokhalomban.csillagpor.hu\/pict\/mapsphere-screenshot-8.jpg\" width=\"966\" height=\"500\" \/>\n<\/p>\n<p>Biztons\u00e1gi be\u00e1ll\u00edt\u00e1sok, a mi l\u00e1that\u00f3s\u00e1gi szint\u00fcnk.<br \/>\n<img decoding=\"async\" loading=\"lazy\" alt=\"MapSphere l\u00e1that\u00f3s\u00e1g\" src=\"\/\/cuccokhalomban.csillagpor.hu\/pict\/mapsphere-screenshot-9.jpg\" width=\"966\" height=\"500\" \/>\n<\/p>\n<p>Keres\u00e9s Magyarorsz\u00e1gon, 10 tal\u00e1lat egyszerre.<br \/>\n<img decoding=\"async\" loading=\"lazy\" alt=\"MapSphere keres\u00e9s\" src=\"\/\/cuccokhalomban.csillagpor.hu\/pict\/mapsphere-screenshot-10.jpg\" width=\"966\" height=\"500\" \/>\n<\/p>\n<p>M\u0171holdk\u00e9p, lent a n\u00e9zet be\u00e1ll\u00edt\u00e1sai.<br \/>\n<img decoding=\"async\" loading=\"lazy\" alt=\"MapSphere n\u00e9zet\" src=\"\/\/cuccokhalomban.csillagpor.hu\/pict\/mapsphere-screenshot-11.jpg\" width=\"966\" height=\"500\" \/>\n<\/p>\n<p>Windows XP-n, bejelentkezve, lent az utaz\u00e1sok, hozz\u00e1 is sz\u00f3lhatn\u00e1nk &#8230;<br \/>\n<img decoding=\"async\" loading=\"lazy\" alt=\"MapSphere Windows XP\" src=\"\/\/cuccokhalomban.csillagpor.hu\/pict\/mapsphere-screenshot-12.jpg\" width=\"984\" height=\"500\" \/>\n<\/p>\n<p>Ha fent a 3D be van kapcsolva, akkor a legals\u00f3 Tilt cs\u00faszka is \u00e9rtelmet nyer, mint l\u00e1thatjuk. B\u00e1r mi a haszna, azt nem tudom.<br \/>\n<img decoding=\"async\" loading=\"lazy\" alt=\"MapSphere 3D\" src=\"\/\/cuccokhalomban.csillagpor.hu\/pict\/mapsphere-screenshot-13.jpg\" width=\"984\" height=\"500\" \/><\/p>\n","protected":false},"excerpt":{"rendered":"<p>A MapSphere t\u00e9rk\u00e9p, m\u0171hold, GPS \u00e9s internet seg\u00edts\u00e9g\u00e9vel jelen\u00edti meg utunkat. Itt regisztr\u00e1lhatunk, megtekinthet\u00fcnk egy bemutat\u00f3t \u00e9s oktat\u00e1st \u00e9s v\u00e9g\u00fcl elkezdhetj\u00fck haszn\u00e1lni. Bejelentkez\u00e9s&#46;&#46;&#46;<\/p>\n","protected":false},"author":1,"featured_media":0,"parent":0,"menu_order":0,"comment_status":"closed","ping_status":"closed","template":"","meta":{"footnotes":""},"_links":{"self":[{"href":"https:\/\/csillagpor.hu\/remek\/programok\/wp-json\/wp\/v2\/pages\/1511"}],"collection":[{"href":"https:\/\/csillagpor.hu\/remek\/programok\/wp-json\/wp\/v2\/pages"}],"about":[{"href":"https:\/\/csillagpor.hu\/remek\/programok\/wp-json\/wp\/v2\/types\/page"}],"author":[{"embeddable":true,"href":"https:\/\/csillagpor.hu\/remek\/programok\/wp-json\/wp\/v2\/users\/1"}],"replies":[{"embeddable":true,"href":"https:\/\/csillagpor.hu\/remek\/programok\/wp-json\/wp\/v2\/comments?post=1511"}],"version-history":[{"count":0,"href":"https:\/\/csillagpor.hu\/remek\/programok\/wp-json\/wp\/v2\/pages\/1511\/revisions"}],"wp:attachment":[{"href":"https:\/\/csillagpor.hu\/remek\/programok\/wp-json\/wp\/v2\/media?parent=1511"}],"curies":[{"name":"wp","href":"https:\/\/api.w.org\/{rel}","templated":true}]}}