{"id":1513,"date":"2013-05-04T19:48:42","date_gmt":"2013-05-04T17:48:42","guid":{"rendered":"http:\/\/csillagpor.hu\/remek\/programok\/?page_id=1513"},"modified":"2022-06-30T18:12:05","modified_gmt":"2022-06-30T16:12:05","slug":"lingoes-screenshot","status":"publish","type":"page","link":"https:\/\/csillagpor.hu\/remek\/programok\/lingoes-screenshot","title":{"rendered":"Lingoes k\u00e9perny\u0151k\u00e9pek"},"content":{"rendered":"<p><a target=\"_blank\" title=\"lingoes\" href=\"\/\/csillagpor.hu\/remek\/programok\/lingoes\" rel=\"noopener noreferrer\">A Lingoes sz\u00f3t\u00e1r \u00e9s ford\u00edt\u00f3program<\/a> legt\u00f6bb\u00fcnk sz\u00e1m\u00e1ra \u00e9rtelmezhetetlen fel\u00fclettel kezdi a telep\u00edt\u00e9si folyamatot. A fels\u0151 leny\u00edl\u00f3 men\u00fcb\u0151l v\u00e1lasszuk ki az englisht, majd &#8230;<br \/>\n<img decoding=\"async\" loading=\"lazy\" alt=\"Lingoes nyelv\" src=\"\/\/cuccokhalomban.csillagpor.hu\/pict\/lingoes-screenshot-1.jpg\" width=\"303\" height=\"318\" \/>\n<\/p>\n<p>&#8230; kattintsunk a jobboldali gombra a folytat\u00e1shoz.<br \/>\n<img decoding=\"async\" loading=\"lazy\" alt=\"Lingoes telep\u00edt\u00e9s\" src=\"\/\/cuccokhalomban.csillagpor.hu\/pict\/lingoes-screenshot-2.jpg\" width=\"303\" height=\"153\" \/>\n<\/p>\n<p>Ez a kezd\u0151oldala telep\u00edt\u00e9s ut\u00e1n. A baloldali Dictionaries men\u00fcpontn\u00e1l adhatunk hozz\u00e1 sz\u00f3t\u00e1rakat, \u00e9s ki-be kapcsolhatjuk \u0151ket.<br \/>\n<img decoding=\"async\" loading=\"lazy\" alt=\"Lingoes k\u00e9sz\" src=\"\/\/cuccokhalomban.csillagpor.hu\/pict\/lingoes-screenshot-3.jpg\" width=\"656\" height=\"500\" \/>\n<\/p>\n<p>Itt let\u00f6lthet\u00fcnk sz\u00f3t\u00e1rakat a weboldal\u00e1r\u00f3l &#8230;<br \/>\n<img decoding=\"async\" loading=\"lazy\" alt=\"Lingoes let\u00f6lt\u00e9s\" src=\"\/\/cuccokhalomban.csillagpor.hu\/pict\/lingoes-screenshot-4.jpg\" width=\"657\" height=\"500\" \/>\n<\/p>\n<p>&#8230; itt pedig a let\u00f6lt\u00f6tt sz\u00f3t\u00e1rf\u00e1jlokat megkeresve telep\u00edthetj\u00fck \u0151ket.<br \/>\n<img decoding=\"async\" loading=\"lazy\" alt=\"Lingoes telep\u00edt\u00e9s\" src=\"\/\/cuccokhalomban.csillagpor.hu\/pict\/lingoes-screenshot-5.jpg\" width=\"656\" height=\"500\" \/>\n<\/p>\n<p>Index \u00e9s sz\u00f6veg csoportokhoz ad\u00e1s. Ez a keres\u00e9shez sz\u00fcks\u00e9ges.<br \/>\n<img decoding=\"async\" loading=\"lazy\" alt=\"Lingoes index \u00e9s sz\u00f6veg\" src=\"\/\/cuccokhalomban.csillagpor.hu\/pict\/lingoes-screenshot-6.jpg\" width=\"656\" height=\"500\" \/>\n<\/p>\n<p>A kieg\u00e9sz\u00edt\u0151k k\u00f6z\u00f6tt tal\u00e1lunk sok mindent, m\u00e9g sz\u00e1mol\u00f3g\u00e9pet is, de ak\u00e1r j\u00e1t\u00e9kokat is telep\u00edthet\u00fcnk. Ezek itt \u00e9ppen a rendhagy\u00f3 ig\u00e9k.<br \/>\n<img decoding=\"async\" loading=\"lazy\" alt=\"Lingoes kieg\u00e9sz\u00edt\u0151k\" src=\"\/\/cuccokhalomban.csillagpor.hu\/pict\/lingoes-screenshot-7.jpg\" width=\"656\" height=\"500\" \/>\n<\/p>\n<p>\u00c9s itt pedig \u00e9szrevettem, hogy magyarra is lehet \u00e1ll\u00edtani a fel\u00fcletet! :)<br \/>\n<img decoding=\"async\" loading=\"lazy\" alt=\"Lingoes magyar nyelv\" src=\"\/\/cuccokhalomban.csillagpor.hu\/pict\/lingoes-screenshot-8.jpg\" width=\"656\" height=\"500\" \/>\n<\/p>\n<p>Akkor egy kis kieg\u00e9sz\u00edt\u00e9s a magyar nyelvre \u00e1ll\u00edt\u00e1sr\u00f3l &#8230; a Configurationra kattintva indul a be\u00e1ll\u00edt\u00e1sok ablak.<br \/>\n<img decoding=\"async\" loading=\"lazy\" alt=\"Be\u00e1ll\u00edt\u00e1sok\" src=\"\/\/cuccokhalomban.csillagpor.hu\/pict\/lingoes-screenshot-hu-1.jpg\" width=\"656\" height=\"500\" \/>\n<\/p>\n<p>Itt a Hungariant kiv\u00e1lasztva az OK-ra kattint\u00e1s ut\u00e1n, magyar nyelv\u0171 fel\u00fclettel indul \u00fajra a program.<br \/>\n<img decoding=\"async\" loading=\"lazy\" alt=\"Hungarian\" src=\"\/\/cuccokhalomban.csillagpor.hu\/pict\/lingoes-screenshot-hu-2.jpg\" width=\"520\" height=\"500\" \/>\n<\/p>\n<p>Itt \u00e1ll\u00edthat\u00f3 \u00e1t a fel\u00fclet nyelve, webkeres\u00e9s, f\u00e1jl hozz\u00e1rendel\u00e9s \u00e9s egyebek be\u00e1ll\u00edt\u00e1sai.<br \/>\n<img decoding=\"async\" loading=\"lazy\" alt=\"Lingoes be\u00e1ll\u00edt\u00e1sok\" src=\"\/\/cuccokhalomban.csillagpor.hu\/pict\/lingoes-screenshot-9.jpg\" width=\"656\" height=\"500\" \/>\n<\/p>\n<p>Az azonnali ford\u00edt\u00e1s be\u00e1ll\u00edt\u00e1sai.<br \/>\n<img decoding=\"async\" loading=\"lazy\" alt=\"Lingoes azonnali ford\u00edt\u00e1s\" src=\"\/\/cuccokhalomban.csillagpor.hu\/pict\/lingoes-screenshot-10.jpg\" width=\"656\" height=\"500\" \/>\n<\/p>\n<p>A sz\u00f6veg felv\u00e9tel be\u00e1ll\u00edt\u00e1sai, telep\u00edteni kell hozz\u00e1 lent a b\u00f6ng\u00e9sz\u0151 plugineket.<br \/>\n<img decoding=\"async\" loading=\"lazy\" alt=\"Lingoes plugin\" src=\"\/\/cuccokhalomban.csillagpor.hu\/pict\/lingoes-screenshot-11.jpg\" width=\"656\" height=\"500\" \/>\n<\/p>\n<p>A besz\u00e9d konfigur\u00e1l\u00e1sa.<br \/>\n<img decoding=\"async\" loading=\"lazy\" alt=\"Lingoes besz\u00e9d\" src=\"\/\/cuccokhalomban.csillagpor.hu\/pict\/lingoes-screenshot-12.jpg\" width=\"656\" height=\"500\" \/>\n<\/p>\n<p>Telep\u00edtett sz\u00f3t\u00e1rak, most csak a magyar-angol, angol-magyarok bekapcsolva.<br \/>\n<img decoding=\"async\" loading=\"lazy\" alt=\"Lingoes sz\u00f3t\u00e1rak\" src=\"\/\/cuccokhalomban.csillagpor.hu\/pict\/lingoes-screenshot-13.jpg\" width=\"655\" height=\"500\" \/>\n<\/p>\n<p>Kieg\u00e9sz\u00edt\u0151 modul be\u00e1ll\u00edt\u00e1sok. Alapban ezek \u00e9rkeznek a programmal.<br \/>\n<img decoding=\"async\" loading=\"lazy\" alt=\"Lingoes kieg\u00e9sz\u00edt\u0151 modulok\" src=\"\/\/cuccokhalomban.csillagpor.hu\/pict\/lingoes-screenshot-14.jpg\" width=\"656\" height=\"500\" \/>\n<\/p>\n<p>A h\u00e1tt\u00e9rben a peri\u00f3dusos t\u00e1bla kieg\u00e9sz\u00edt\u0151, el\u0151t\u00e9rben a men\u00fc.<br \/>\n<img decoding=\"async\" loading=\"lazy\" alt=\"Lingoes men\u00fc\" src=\"\/\/cuccokhalomban.csillagpor.hu\/pict\/lingoes-screenshot-15.jpg\" width=\"656\" height=\"500\" \/>\n<\/p>\n<p>A Freedict Hungarian-English Dictionary &#8230; kutya.<br \/>\n<img decoding=\"async\" loading=\"lazy\" alt=\"Lingoes kutya\" src=\"\/\/cuccokhalomban.csillagpor.hu\/pict\/lingoes-screenshot-16.jpg\" width=\"656\" height=\"500\" \/>\n<\/p>\n<p>English-Hungary dictionary &#8230; draft agency.<br \/>\n<img decoding=\"async\" loading=\"lazy\" alt=\"Lingoes hadkieg\u00e9sz\u00edt\u0151 parancsnoks\u00e1g\" src=\"\/\/cuccokhalomban.csillagpor.hu\/pict\/lingoes-screenshot-17.jpg\" width=\"656\" height=\"500\" \/>\n<\/p>\n<p>F\u00e1jlt\u00edpus &#8220;sz\u00f3t\u00e1r&#8221;, JPG, \u00e9s a lehets\u00e9ges webes keres\u0151k.<br \/>\n<img decoding=\"async\" loading=\"lazy\" alt=\"Lingoes keres\u0151k\" src=\"\/\/cuccokhalomban.csillagpor.hu\/pict\/lingoes-screenshot-18.jpg\" width=\"645\" height=\"500\" \/><\/p>\n","protected":false},"excerpt":{"rendered":"<p>A Lingoes sz\u00f3t\u00e1r \u00e9s ford\u00edt\u00f3program legt\u00f6bb\u00fcnk sz\u00e1m\u00e1ra \u00e9rtelmezhetetlen fel\u00fclettel kezdi a telep\u00edt\u00e9si folyamatot. A fels\u0151 leny\u00edl\u00f3 men\u00fcb\u0151l v\u00e1lasszuk ki az englisht, majd &#8230;&#46;&#46;&#46;<\/p>\n","protected":false},"author":1,"featured_media":0,"parent":0,"menu_order":0,"comment_status":"closed","ping_status":"closed","template":"","meta":{"footnotes":""},"_links":{"self":[{"href":"https:\/\/csillagpor.hu\/remek\/programok\/wp-json\/wp\/v2\/pages\/1513"}],"collection":[{"href":"https:\/\/csillagpor.hu\/remek\/programok\/wp-json\/wp\/v2\/pages"}],"about":[{"href":"https:\/\/csillagpor.hu\/remek\/programok\/wp-json\/wp\/v2\/types\/page"}],"author":[{"embeddable":true,"href":"https:\/\/csillagpor.hu\/remek\/programok\/wp-json\/wp\/v2\/users\/1"}],"replies":[{"embeddable":true,"href":"https:\/\/csillagpor.hu\/remek\/programok\/wp-json\/wp\/v2\/comments?post=1513"}],"version-history":[{"count":0,"href":"https:\/\/csillagpor.hu\/remek\/programok\/wp-json\/wp\/v2\/pages\/1513\/revisions"}],"wp:attachment":[{"href":"https:\/\/csillagpor.hu\/remek\/programok\/wp-json\/wp\/v2\/media?parent=1513"}],"curies":[{"name":"wp","href":"https:\/\/api.w.org\/{rel}","templated":true}]}}