{"id":1525,"date":"2013-05-10T17:10:51","date_gmt":"2013-05-10T15:10:51","guid":{"rendered":"http:\/\/csillagpor.hu\/remek\/programok\/?page_id=1525"},"modified":"2022-06-30T18:11:57","modified_gmt":"2022-06-30T16:11:57","slug":"linguarde-screenshot","status":"publish","type":"page","link":"https:\/\/csillagpor.hu\/remek\/programok\/linguarde-screenshot","title":{"rendered":"Linguarde k\u00e9perny\u0151k\u00e9pek"},"content":{"rendered":"<p><a target=\"_blank\" title=\"linguarde\" href=\"\/\/csillagpor.hu\/remek\/programok\/linguarde\" rel=\"noopener noreferrer\">A Linguarde ford\u00edt\u00f3program<\/a> telep\u00edt\u00e9se elej\u00e9n szerintem v\u00e1ltsunk angol nyelvre &#8230;<br \/>\n<img decoding=\"async\" loading=\"lazy\" alt=\"Linguarde telep\u00edt\u00e9s\" src=\"\/\/cuccokhalomban.csillagpor.hu\/pict\/linguarde-screenshot-1.jpg\" width=\"303\" height=\"153\" \/>\n<\/p>\n<p>Felismerte, hogy angolul \u00edrtam, \u00e9s a be\u00e1ll\u00edtott magyar nyelvre ford\u00edtotta. Be\u00e1ll\u00edthat\u00f3, hogy mindig fel\u00fcl maradjon az ablaka, \u00e9s \u00e1tl\u00e1tsz\u00f3s\u00e1g is megadhat\u00f3.<br \/>\n<img decoding=\"async\" loading=\"lazy\" alt=\"Linguarde nyelvfelismer\u00e9s\" src=\"\/\/cuccokhalomban.csillagpor.hu\/pict\/linguarde-screenshot-2.jpg\" width=\"760\" height=\"470\" \/>\n<\/p>\n<p>Gondolhatn\u00e1nk, hogy nagy dolog &#8230; de ha a ford\u00edtand\u00f3 sz\u00f6veg f\u00f6l\u00e9 vissz\u00fck az \u00e1tl\u00e1tsz\u00f3 ablakot, akkor a ford\u00edt\u00f3ba \u00edr\u00e1shoz rendk\u00edv\u00fcl hasznos.<br \/>\n<img decoding=\"async\" loading=\"lazy\" alt=\"Linguarde \u00e1tl\u00e1tsz\u00f3 ablak\" src=\"\/\/cuccokhalomban.csillagpor.hu\/pict\/linguarde-screenshot-3.jpg\" width=\"760\" height=\"470\" \/>\n<\/p>\n<p>Nagy\u00edthatjuk is a sz\u00f6veget.<br \/>\n<img decoding=\"async\" loading=\"lazy\" alt=\"Linguarde nagy\u00edt\u00e1s\" src=\"\/\/cuccokhalomban.csillagpor.hu\/pict\/linguarde-screenshot-4.jpg\" width=\"760\" height=\"470\" \/>\n<\/p>\n<p>Menthetj\u00fck a forr\u00e1s \u00e9s a m\u00e1r leford\u00edtott sz\u00f6veget is f\u00e1jlba.<br \/>\n<img decoding=\"async\" loading=\"lazy\" alt=\"Linguarde ment\u00e9s\" src=\"\/\/cuccokhalomban.csillagpor.hu\/pict\/linguarde-screenshot-5.jpg\" width=\"760\" height=\"470\" \/>\n<\/p>\n<p>\u00c1ltal\u00e1nos be\u00e1ll\u00edt\u00e1sok, itt nyelvfelismer\u00e9ssel ford\u00edt magyarra, de ha a c\u00e9l nyelv megegyezik a forr\u00e1ssal, akkor angolra.<br \/>\n<img decoding=\"async\" loading=\"lazy\" alt=\"Linguarde nyelv be\u00e1ll\u00edt\u00e1s\" src=\"\/\/cuccokhalomban.csillagpor.hu\/pict\/linguarde-screenshot-6.jpg\" width=\"760\" height=\"470\" \/>\n<\/p>\n<p>A program fut\u00e1sa k\u00f6zben (l\u00e1that\u00f3 az \u00f3ra mellett), ha kijel\u00f6l\u00fcnk egy sz\u00f6veget a b\u00f6ng\u00e9sz\u0151ben, akkor megjelenik egy kis ikon mellette &#8230; kurzor ford\u00edt\u00e1s.<br \/>\n<img decoding=\"async\" loading=\"lazy\" alt=\"Linguarde kurzor ford\u00edt\u00e1s\" src=\"\/\/cuccokhalomban.csillagpor.hu\/pict\/linguarde-screenshot-7.jpg\" width=\"326\" height=\"218\" \/>\n<\/p>\n<p>&#8230; arra kattintva el\u0151ugrik a leford\u00edtott sz\u00f6veg.<br \/>\n<img decoding=\"async\" loading=\"lazy\" alt=\"Linguarde leford\u00edtva\" src=\"\/\/cuccokhalomban.csillagpor.hu\/pict\/linguarde-screenshot-8.jpg\" width=\"363\" height=\"212\" \/>\n<\/p>\n<p>Itt be\u00e1ll\u00edthatjuk a billenty\u0171parancsokat.<br \/>\n<img decoding=\"async\" loading=\"lazy\" alt=\"Linguarde billenty\u0171\" src=\"\/\/cuccokhalomban.csillagpor.hu\/pict\/linguarde-screenshot-9.jpg\" width=\"760\" height=\"477\" \/>\n<\/p>\n<p>Itt pedig, hogy friss\u00fclj\u00f6n e automatikusan, kapjunk e figyelmeztet\u00e9seket \u00e9s induljon e a Windowszal.<br \/>\n<img decoding=\"async\" loading=\"lazy\" alt=\"Linguarde akci\u00f3k\" src=\"\/\/cuccokhalomban.csillagpor.hu\/pict\/linguarde-screenshot-10.jpg\" width=\"760\" height=\"477\" \/>\n<\/p>\n<p>A gombok &#8230; a k\u00e9t v\u00e1lasztott nyelv k\u00f6z\u00f6tt a nyelvcsere, azt\u00e1n a nagyobbak &#8230; v\u00e1g\u00f3lapra m\u00e1sol\u00e1s, a ford\u00edt\u00e1s f\u00e1jlba ment\u00e9se, \u00e9s a legfontosabb, a ford\u00edt\u00e1s gomb.<br \/>\n<img decoding=\"async\" loading=\"lazy\" alt=\"Linguarde \" src=\"\/\/cuccokhalomban.csillagpor.hu\/pict\/linguarde-screenshot-11.jpg\" width=\"760\" height=\"477\" \/><\/p>\n","protected":false},"excerpt":{"rendered":"<p>A Linguarde ford\u00edt\u00f3program telep\u00edt\u00e9se elej\u00e9n szerintem v\u00e1ltsunk angol nyelvre &#8230; Felismerte, hogy angolul \u00edrtam, \u00e9s a be\u00e1ll\u00edtott magyar nyelvre ford\u00edtotta. Be\u00e1ll\u00edthat\u00f3, hogy mindig&#46;&#46;&#46;<\/p>\n","protected":false},"author":1,"featured_media":0,"parent":0,"menu_order":0,"comment_status":"closed","ping_status":"closed","template":"","meta":{"footnotes":""},"_links":{"self":[{"href":"https:\/\/csillagpor.hu\/remek\/programok\/wp-json\/wp\/v2\/pages\/1525"}],"collection":[{"href":"https:\/\/csillagpor.hu\/remek\/programok\/wp-json\/wp\/v2\/pages"}],"about":[{"href":"https:\/\/csillagpor.hu\/remek\/programok\/wp-json\/wp\/v2\/types\/page"}],"author":[{"embeddable":true,"href":"https:\/\/csillagpor.hu\/remek\/programok\/wp-json\/wp\/v2\/users\/1"}],"replies":[{"embeddable":true,"href":"https:\/\/csillagpor.hu\/remek\/programok\/wp-json\/wp\/v2\/comments?post=1525"}],"version-history":[{"count":0,"href":"https:\/\/csillagpor.hu\/remek\/programok\/wp-json\/wp\/v2\/pages\/1525\/revisions"}],"wp:attachment":[{"href":"https:\/\/csillagpor.hu\/remek\/programok\/wp-json\/wp\/v2\/media?parent=1525"}],"curies":[{"name":"wp","href":"https:\/\/api.w.org\/{rel}","templated":true}]}}