{"id":1527,"date":"2013-05-11T21:44:21","date_gmt":"2013-05-11T19:44:21","guid":{"rendered":"http:\/\/csillagpor.hu\/remek\/programok\/?page_id=1527"},"modified":"2022-06-30T18:19:26","modified_gmt":"2022-06-30T16:19:26","slug":"free-virtual-keyboard-screenshot","status":"publish","type":"page","link":"https:\/\/csillagpor.hu\/remek\/programok\/free-virtual-keyboard-screenshot","title":{"rendered":"Free Virtual Keyboard k\u00e9perny\u0151k\u00e9pek"},"content":{"rendered":"<p><a target=\"_blank\" title=\"free virtual keyboard\" href=\"\/\/csillagpor.hu\/remek\/programok\/free-virtual-keyboard\" rel=\"noopener noreferrer\">A Free Virtual Keyboard<\/a> virtu\u00e1lis billenty\u0171zet \u00edgy indul el\u0151sz\u00f6r.<br \/>\n<img decoding=\"async\" loading=\"lazy\" alt=\"Free Virtual Keyboard els\u0151 ind\u00edt\u00e1s\" src=\"\/\/cuccokhalomban.csillagpor.hu\/pict\/free-virtual-keyboard-screenshot-1.jpg\" width=\"457\" height=\"219\" \/>\n<\/p>\n<p>A Caps Lock lenyom\u00e1s\u00e1ra term\u00e9szetesen minden bet\u0171 naggy\u00e1 v\u00e1lik tart\u00f3san.<br \/>\n<img decoding=\"async\" loading=\"lazy\" alt=\"Free Virtual Keyboard Caps Lock\" src=\"\/\/cuccokhalomban.csillagpor.hu\/pict\/free-virtual-keyboard-screenshot-2.jpg\" width=\"457\" height=\"219\" \/>\n<\/p>\n<p>Be\u00e1ll\u00edt\u00e1sok a bal fels\u0151 kis ikonra jobb gombbal kattintva. V\u00e1ltsunk most billenty\u0171zet t\u00edpust&#8230;<br \/>\n<img decoding=\"async\" loading=\"lazy\" alt=\"Free Virtual Keyboard t\u00edpus\" src=\"\/\/cuccokhalomban.csillagpor.hu\/pict\/free-virtual-keyboard-screenshot-3.jpg\" width=\"457\" height=\"300\" \/>\n<\/p>\n<p>A legegyszer\u0171bb v\u00e1ltozat.<br \/>\n<img decoding=\"async\" loading=\"lazy\" alt=\"Free Virtual Keyboard egyszer\u0171\" src=\"\/\/cuccokhalomban.csillagpor.hu\/pict\/free-virtual-keyboard-screenshot-4.jpg\" width=\"457\" height=\"189\" \/>\n<\/p>\n<p>Itt m\u00e1r kurzor billenty\u0171k is haszn\u00e1lhat\u00f3k.<br \/>\n<img decoding=\"async\" loading=\"lazy\" alt=\"Free Virtual Keyboard kurzor\" src=\"\/\/cuccokhalomban.csillagpor.hu\/pict\/free-virtual-keyboard-screenshot-5.jpg\" width=\"457\" height=\"219\" \/>\n<\/p>\n<p>Ha a m\u00e9reten \u00e1ll\u00edtunk lehet ilyen is, ak\u00e1r \u00e1tl\u00e1tsz\u00f3ban is. Ez a jobb lenti cs\u00faszk\u00e1val \u00e1ll\u00edthat\u00f3.<br \/>\n<img decoding=\"async\" loading=\"lazy\" alt=\"Free Virtual Keyboard m\u00e9ret\" src=\"\/\/cuccokhalomban.csillagpor.hu\/pict\/free-virtual-keyboard-screenshot-6.jpg\" width=\"1024\" height=\"395\" \/>\n<\/p>\n<p>Akkor most v\u00e1ltogassuk a sz\u00ednt &#8230;<br \/>\n<img decoding=\"async\" loading=\"lazy\" alt=\"Free Virtual Keyboard sz\u00edn\" src=\"\/\/cuccokhalomban.csillagpor.hu\/pict\/free-virtual-keyboard-screenshot-7.jpg\" width=\"1024\" height=\"395\" \/>\n<\/p>\n<p>fekete-feh\u00e9r &#8230;<br \/>\n<img decoding=\"async\" loading=\"lazy\" alt=\"Free Virtual Keyboard fekete-feh\u00e9r\" src=\"\/\/cuccokhalomban.csillagpor.hu\/pict\/free-virtual-keyboard-screenshot-8.jpg\" width=\"1024\" height=\"395\" \/>\n<\/p>\n<p>ugyanez ford\u00edtva &#8230;<br \/>\n<img decoding=\"async\" loading=\"lazy\" alt=\"Free Virtual Keyboard feh\u00e9r-fekete\" src=\"\/\/cuccokhalomban.csillagpor.hu\/pict\/free-virtual-keyboard-screenshot-9.jpg\" width=\"1024\" height=\"395\" \/>\n<\/p>\n<p>Ez meg &#8230; ilyen. Ha a jobb eg\u00e9rgombbal b\u00e1rhov\u00e1 kattintunk, illetve \u00fagy tartjuk, az a Shift lenyom\u00e1s\u00e1nak felel meg.<br \/>\n<img decoding=\"async\" loading=\"lazy\" alt=\"Free Virtual Keyboard jobb eg\u00e9rgomb\" src=\"\/\/cuccokhalomban.csillagpor.hu\/pict\/free-virtual-keyboard-screenshot-10.jpg\" width=\"1024\" height=\"395\" \/><\/p>\n","protected":false},"excerpt":{"rendered":"<p><a target=\"_blank\" title=\"Free Virtual Keyboard k\u00e9perny\u0151k\u00e9pek\" href=\"\/\/csillagpor.hu\/remek\/programok\/free-virtual-keyboard-screenshot\" rel=\"noopener noreferrer\"><img decoding=\"async\" loading=\"lazy\" alt=\"Virtual Keyboard\" src=\"\/\/cuccokhalomban.csillagpor.hu\/pict\/free-virtual-keyboard-kicsi.jpg\" width=\"100\" height=\"48\" class=\"flr\" \/><\/a>A Free Virtual Keyboard virtu\u00e1lis billenty\u0171zet \u00edgy indul el\u0151sz\u00f6r. A Caps Lock lenyom\u00e1s\u00e1ra term\u00e9szetesen minden bet\u0171 naggy\u00e1 v\u00e1lik tart\u00f3san. Be\u00e1ll\u00edt\u00e1sok a bal fels\u0151 kis ikonra jobb gombbal kattintva. V\u00e1ltsunk most billenty\u0171zet t\u00edpust&#8230; A legegyszer\u0171bb v\u00e1ltozat. Itt m\u00e1r kurzor billenty\u0171k is haszn\u00e1lhat\u00f3k. Ha a m\u00e9reten \u00e1ll\u00edtunk lehet ilyen is, ak\u00e1r \u00e1tl\u00e1tsz\u00f3ban is. Ez a jobb lenti cs\u00faszk\u00e1val \u00e1ll\u00edthat\u00f3. Akkor most v\u00e1ltogassuk a sz\u00ednt &#8230;<\/p>\n","protected":false},"author":1,"featured_media":0,"parent":0,"menu_order":0,"comment_status":"closed","ping_status":"closed","template":"","meta":{"footnotes":""},"_links":{"self":[{"href":"https:\/\/csillagpor.hu\/remek\/programok\/wp-json\/wp\/v2\/pages\/1527"}],"collection":[{"href":"https:\/\/csillagpor.hu\/remek\/programok\/wp-json\/wp\/v2\/pages"}],"about":[{"href":"https:\/\/csillagpor.hu\/remek\/programok\/wp-json\/wp\/v2\/types\/page"}],"author":[{"embeddable":true,"href":"https:\/\/csillagpor.hu\/remek\/programok\/wp-json\/wp\/v2\/users\/1"}],"replies":[{"embeddable":true,"href":"https:\/\/csillagpor.hu\/remek\/programok\/wp-json\/wp\/v2\/comments?post=1527"}],"version-history":[{"count":0,"href":"https:\/\/csillagpor.hu\/remek\/programok\/wp-json\/wp\/v2\/pages\/1527\/revisions"}],"wp:attachment":[{"href":"https:\/\/csillagpor.hu\/remek\/programok\/wp-json\/wp\/v2\/media?parent=1527"}],"curies":[{"name":"wp","href":"https:\/\/api.w.org\/{rel}","templated":true}]}}