{"id":1549,"date":"2013-05-24T22:44:19","date_gmt":"2013-05-24T20:44:19","guid":{"rendered":"http:\/\/csillagpor.hu\/remek\/programok\/?page_id=1549"},"modified":"2022-06-30T18:20:18","modified_gmt":"2022-06-30T16:20:18","slug":"fotor-screenshot","status":"publish","type":"page","link":"https:\/\/csillagpor.hu\/remek\/programok\/fotor-screenshot","title":{"rendered":"Fotor k\u00e9perny\u0151k\u00e9pek"},"content":{"rendered":"<p><a target=\"_blank\" title=\"fotor\" href=\"\/\/csillagpor.hu\/remek\/programok\/fotor\" rel=\"noopener noreferrer\">Az \u00fajabb Fotor<\/a> verzi\u00f3ban (2.0.2) ind\u00edt\u00e1skor innen lehet v\u00e1lasztani, hogy mit szeretn\u00e9nk &#8230; m\u00e1r kieg\u00e9sz\u00fclt a k\u00f6tegelt feldolgoz\u00f3val is (Batch).<br \/>\n<img decoding=\"async\" loading=\"lazy\" alt=\"Fotor \u00faj v\u00e1laszt\u00e1s\" src=\"\/\/cuccokhalomban.csillagpor.hu\/pict\/fotor-new-screenshot-1.jpg\" width=\"641\" height=\"370\" \/>\n<\/p>\n<p>A k\u00e9pszerkeszt\u0151nek n\u00e9mik\u00e9pp v\u00e1ltozott a fel\u00fclete, ez itt pl. a v\u00e1g\u00e1s.<br \/>\n<img decoding=\"async\" loading=\"lazy\" alt=\"Fotor v\u00e1g\u00e1s\" src=\"\/\/cuccokhalomban.csillagpor.hu\/pict\/fotor-new-screenshot-2.jpg\" width=\"708\" height=\"500\" \/>\n<\/p>\n<p>Ez pedig az \u00faj, k\u00f6tegelt feldolgoz\u00f3 r\u00e9sze.<br \/>\n<img decoding=\"async\" loading=\"lazy\" alt=\"Fotor Batch\" src=\"\/\/cuccokhalomban.csillagpor.hu\/pict\/fotor-new-screenshot-3.jpg\" width=\"693\" height=\"500\" \/>\n<\/p>\n<p>Innent\u0151l az 1.1-es verzi\u00f3 k\u00e9pei &#8230;<\/p>\n<p>Mire feltettem a Fotor egyes verzi\u00f3j\u00e1t, megjelent (nem \u0151k voltak gyorsak, \u00e9n voltam lass\u00fa) az 1.1-es, amibe be van \u00e9p\u00edtve a nagyszer\u0171 koll\u00e1zsk\u00e9sz\u00edt\u0151. Az elej\u00e9n kell v\u00e1lasztani, hogy mit szeretn\u00e9nk \u00e9ppen.<br \/>\n<img decoding=\"async\" loading=\"lazy\" alt=\"Fotor v\u00e1laszt\u00e1s\" src=\"\/\/cuccokhalomban.csillagpor.hu\/pict\/fotor-screenshot-01.jpg\" width=\"581\" height=\"321\" \/>\n<\/p>\n<p>Baloldalra bet\u00f6ltj\u00fck a k\u00e9peket, jobboldalon be\u00e1ll\u00edtjuk az elrendez\u00e9s st\u00edlus\u00e1t, \u00e9s bedob\u00e1ljuk a k\u00e9peket ahov\u00e1 akarjuk, majd \u00e1ll\u00edtgatunk ezt azt.<br \/>\n<img decoding=\"async\" loading=\"lazy\" alt=\"Fotor koll\u00e1zs\" src=\"\/\/cuccokhalomban.csillagpor.hu\/pict\/fotor-screenshot-02.jpg\" width=\"986\" height=\"500\" \/>\n<\/p>\n<p>Koll\u00e1zs szabad st\u00edlusban.<br \/>\n<img decoding=\"async\" loading=\"lazy\" alt=\"Fotor koll\u00e1zs szabadon\" src=\"\/\/cuccokhalomban.csillagpor.hu\/pict\/fotor-screenshot-03.jpg\" width=\"988\" height=\"500\" \/>\n<\/p>\n<p><a target=\"_blank\" title=\"fotor\" href=\"\/\/csillagpor.hu\/remek\/programok\/fotor\" rel=\"noopener noreferrer\">A Fotor k\u00e9pszerkeszt\u0151 \u00e9s effektez\u0151 program<\/a> elindult, jobb oldalon v\u00e1laszthatjuk az eszk\u00f6z\u00f6ket. Ez az eredeti k\u00e9p\u00fcnk.<br \/>\n<img decoding=\"async\" loading=\"lazy\" alt=\"Fotor eszk\u00f6z\u00f6k\" src=\"\/\/cuccokhalomban.csillagpor.hu\/pict\/fotor-screenshot-1.jpg\" width=\"786\" height=\"500\" \/>\n<\/p>\n<p>Az Auto korrekci\u00f3, automatikusan jav\u00edt a vil\u00e1goss\u00e1gon, kontraszton, tal\u00e1n a sz\u00ednen \u00e9s m\u00e9g nem tudom &#8230; Sok esetben a legjobb v\u00e1laszt\u00e1s.<br \/>\n<img decoding=\"async\" loading=\"lazy\" alt=\"Fotor auto\" src=\"\/\/cuccokhalomban.csillagpor.hu\/pict\/fotor-screenshot-2.jpg\" width=\"787\" height=\"500\" \/>\n<\/p>\n<p>A Flash hat\u00e1s &#8230; p\u00e9ld\u00e1ul.<br \/>\n<img decoding=\"async\" loading=\"lazy\" alt=\"Fotor flash\" src=\"\/\/cuccokhalomban.csillagpor.hu\/pict\/fotor-screenshot-3.jpg\" width=\"787\" height=\"500\" \/>\n<\/p>\n<p>V\u00e1ghatjuk el\u0151re be\u00e1ll\u00edtott m\u00e9retekre, vagy szabadon be\u00e1ll\u00edthatjuk, hogy mekkor\u00e1t \u00e9s honnan v\u00e1gn\u00e1nk ki.<br \/>\n<img decoding=\"async\" loading=\"lazy\" alt=\"Fotor v\u00e1g\u00e1s\" src=\"\/\/cuccokhalomban.csillagpor.hu\/pict\/fotor-screenshot-4.jpg\" width=\"787\" height=\"500\" \/>\n<\/p>\n<p>\u00c9less\u00e9g, elmos\u00e1s, feh\u00e9regyens\u00faly, c\u00edmke \u00e9s kiegyenes\u00edt\u00e9s &#8230; \u00e9s most az Undo-ra kattintottam :)<br \/>\n<img decoding=\"async\" loading=\"lazy\" alt=\"Fotor effektek\" src=\"\/\/cuccokhalomban.csillagpor.hu\/pict\/fotor-screenshot-5.jpg\" width=\"789\" height=\"500\" \/>\n<\/p>\n<p>El\u0151re be\u00e1ll\u00edtott remek hat\u00e1sok \u00e9s az intenzit\u00e1suk, ez itt a Red Wash.<br \/>\n<img decoding=\"async\" loading=\"lazy\" alt=\"Fotor el\u0151re be\u00e1ll\u00edtva\" src=\"\/\/cuccokhalomban.csillagpor.hu\/pict\/fotor-screenshot-6.jpg\" width=\"787\" height=\"500\" \/>\n<\/p>\n<p>\u00c9s j\u00f3 sok el\u0151re elk\u00e9sz\u00edtett keret &#8230; ez valami\u00e9rt a Memory nevet kapta.<br \/>\n<img decoding=\"async\" loading=\"lazy\" alt=\"Fotor keretek\" src=\"\/\/cuccokhalomban.csillagpor.hu\/pict\/fotor-screenshot-7.jpg\" width=\"788\" height=\"500\" \/>\n<\/p>\n<p>Itt el\u0151re be\u00e1ll\u00edtott k\u00f6r\u00f6kben \u00e9lesebb a k\u00e9p, a t\u00f6bbit elhom\u00e1lyos\u00edtja.<br \/>\n<img decoding=\"async\" loading=\"lazy\" alt=\"Fotor \u00e9les k\u00f6r\" src=\"\/\/cuccokhalomban.csillagpor.hu\/pict\/fotor-screenshot-8.jpg\" width=\"786\" height=\"500\" \/>\n<\/p>\n<p>Be\u00e1ll\u00edthat\u00f3 s\u00e1v m\u00f3d is fent a kapcsol\u00f3val.<br \/>\n<img decoding=\"async\" loading=\"lazy\" alt=\"Fotor s\u00e1v\" src=\"\/\/cuccokhalomban.csillagpor.hu\/pict\/fotor-screenshot-9.jpg\" width=\"788\" height=\"500\" \/>\n<\/p>\n<p>A lenti eszk\u00f6zs\u00e1von ha a Compare gombot lenyomva tartjuk, megjelenik az eredeti k\u00e9p, \u00f6sszehasonl\u00edt\u00e1sk\u00e9pp a jelenlegivel.<br \/>\n<img decoding=\"async\" loading=\"lazy\" alt=\"Fotor \u00f6sszehasonl\u00edt\u00e1s\" src=\"\/\/cuccokhalomban.csillagpor.hu\/pict\/fotor-screenshot-10.jpg\" width=\"790\" height=\"500\" \/>\n<\/p>\n<p>Nagy\u00edt\u00e1s.<br \/>\n<img decoding=\"async\" loading=\"lazy\" alt=\"Fotor nagy\u00edt\u00e1s\" src=\"\/\/cuccokhalomban.csillagpor.hu\/pict\/fotor-screenshot-11.jpg\" width=\"787\" height=\"500\" \/>\n<\/p>\n<p>A k\u00e9p elforgatva, az EXIF gombra kattintva adatokat tudhatunk meg r\u00f3la.<br \/>\n<img decoding=\"async\" loading=\"lazy\" alt=\"Fotor elforgat\u00e1s\" src=\"\/\/cuccokhalomban.csillagpor.hu\/pict\/fotor-screenshot-12.jpg\" width=\"787\" height=\"500\" \/>\n<\/p>\n<p>A m\u0171v\u00fcnk megoszt\u00e1sa: Flickr, Facebook, Twitter.<br \/>\n<img decoding=\"async\" loading=\"lazy\" alt=\"Fotor megoszt\u00e1s\" src=\"\/\/cuccokhalomban.csillagpor.hu\/pict\/fotor-screenshot-13.jpg\" width=\"787\" height=\"500\" \/>\n<\/p>\n<p>A weboldal\u00e1n k\u00e9sz\u00edthet\u00fcnk koll\u00e1zsokat (Collage) vagy k\u00e9peslapokat, \u00fcdv\u00f6zl\u0151k\u00e1rty\u00e1kat&#8230; (Cards)<br \/>\n<img decoding=\"async\" loading=\"lazy\" alt=\"Fotor web\" src=\"\/\/cuccokhalomban.csillagpor.hu\/pict\/fotor-screenshot-14.jpg\" width=\"1094\" height=\"500\" \/>\n<\/p>\n<p>A koll\u00e1zsk\u00e9sz\u00edt\u0151, sok elrendez\u00e9s \u00e9s eszk\u00f6z, majd innen meg is oszthat\u00f3.<br \/>\n<img decoding=\"async\" loading=\"lazy\" alt=\"Fotor koll\u00e1zs\" src=\"\/\/cuccokhalomban.csillagpor.hu\/pict\/fotor-screenshot-15.jpg\" width=\"1113\" height=\"500\" \/>\n<\/p>\n<p>Itt pedig pl. Any\u00e1k napi \u00fcdv\u00f6zlet sablonokb\u00f3l v\u00e1laszthatunk, de m\u00e9g igen sok lehet\u0151s\u00e9g van&#8230;<br \/>\n<img decoding=\"async\" loading=\"lazy\" alt=\"Fotor \u00fcdv\u00f6zlet\" src=\"\/\/cuccokhalomban.csillagpor.hu\/pict\/fotor-screenshot-16.jpg\" width=\"1113\" height=\"500\" \/><\/p>\n","protected":false},"excerpt":{"rendered":"<p><a target=\"_blank\" title=\"fotor k\u00e9perny\u0151k\u00e9pek\" href=\"\/\/csillagpor.hu\/remek\/programok\/fotor-screenshot\" rel=\"noopener noreferrer\"><img decoding=\"async\" loading=\"lazy\" alt=\"Fotor\" src=\"\/\/cuccokhalomban.csillagpor.hu\/pict\/fotor-kicsi.jpg\" width=\"100\" height=\"63\" class=\"flr\" \/><\/a>Az \u00fajabb Fotor verzi\u00f3ban (2.0.2) ind\u00edt\u00e1skor innen lehet v\u00e1lasztani, hogy mit szeretn\u00e9nk &#8230; m\u00e1r kieg\u00e9sz\u00fclt a k\u00f6tegelt feldolgoz\u00f3val is (Batch). A k\u00e9pszerkeszt\u0151nek n\u00e9mik\u00e9pp v\u00e1ltozott a fel\u00fclete, ez itt pl. a v\u00e1g\u00e1s. Ez pedig az \u00faj, k\u00f6tegelt feldolgoz\u00f3 r\u00e9sze&#8230;<\/p>\n","protected":false},"author":1,"featured_media":0,"parent":0,"menu_order":0,"comment_status":"closed","ping_status":"closed","template":"","meta":{"footnotes":""},"_links":{"self":[{"href":"https:\/\/csillagpor.hu\/remek\/programok\/wp-json\/wp\/v2\/pages\/1549"}],"collection":[{"href":"https:\/\/csillagpor.hu\/remek\/programok\/wp-json\/wp\/v2\/pages"}],"about":[{"href":"https:\/\/csillagpor.hu\/remek\/programok\/wp-json\/wp\/v2\/types\/page"}],"author":[{"embeddable":true,"href":"https:\/\/csillagpor.hu\/remek\/programok\/wp-json\/wp\/v2\/users\/1"}],"replies":[{"embeddable":true,"href":"https:\/\/csillagpor.hu\/remek\/programok\/wp-json\/wp\/v2\/comments?post=1549"}],"version-history":[{"count":0,"href":"https:\/\/csillagpor.hu\/remek\/programok\/wp-json\/wp\/v2\/pages\/1549\/revisions"}],"wp:attachment":[{"href":"https:\/\/csillagpor.hu\/remek\/programok\/wp-json\/wp\/v2\/media?parent=1549"}],"curies":[{"name":"wp","href":"https:\/\/api.w.org\/{rel}","templated":true}]}}