{"id":1573,"date":"2013-06-04T18:14:19","date_gmt":"2013-06-04T16:14:19","guid":{"rendered":"http:\/\/csillagpor.hu\/remek\/programok\/?page_id=1573"},"modified":"2022-06-30T18:26:14","modified_gmt":"2022-06-30T16:26:14","slug":"dictionary-net-screenshot","status":"publish","type":"page","link":"https:\/\/csillagpor.hu\/remek\/programok\/dictionary-net-screenshot","title":{"rendered":"Dictionary .NET k\u00e9perny\u0151k\u00e9pek"},"content":{"rendered":"<p><a target=\"_blank\" title=\"dictionary .net\" href=\"\/\/csillagpor.hu\/remek\/programok\/dictionary-net\" rel=\"noopener noreferrer\">A Dictionary .NET internet alap\u00fa sz\u00f3t\u00e1r<\/a> \u00edgy indul el.<br \/>\n<img decoding=\"async\" loading=\"lazy\" alt=\"Dictionary .NET sz\u00f3t\u00e1r\" src=\"\/\/cuccokhalomban.csillagpor.hu\/pict\/dictionary-net-screenshot-1.jpg\" width=\"599\" height=\"400\" \/>\n<\/p>\n<p>A keresett sz\u00f3, kifejez\u00e9s be\u00edr\u00e1sa k\u00f6zben, m\u00e1r kapjuk a felt\u00e9telezett tal\u00e1latokat.<br \/>\n<img decoding=\"async\" loading=\"lazy\" alt=\"Dictionary .NET szavak\" src=\"\/\/cuccokhalomban.csillagpor.hu\/pict\/dictionary-net-screenshot-2.jpg\" width=\"599\" height=\"400\" \/>\n<\/p>\n<p>A tal\u00e1lat, itt magyar nyelven.<br \/>\n<img decoding=\"async\" loading=\"lazy\" alt=\"Dictionary .NET magyarul\" src=\"\/\/cuccokhalomban.csillagpor.hu\/pict\/dictionary-net-screenshot-3.jpg\" width=\"599\" height=\"399\" \/>\n<\/p>\n<p>Az el\u00e9rhet\u0151 nyelvek egy oldals\u00e1vban.<br \/>\n<img decoding=\"async\" loading=\"lazy\" alt=\"Dictionary .NET oldals\u00e1v\" src=\"\/\/cuccokhalomban.csillagpor.hu\/pict\/dictionary-net-screenshot-4.jpg\" width=\"599\" height=\"400\" \/>\n<\/p>\n<p>Fent a keres\u0151mez\u0151ben k\u00f6nyvjelz\u0151, kiejt\u00e9s \u00e9s a Google Virtual Keyboard, az idegen nyelvekhez \u00e9s k\u00fcl\u00f6nleges karakterekhez.<br \/>\n<img decoding=\"async\" loading=\"lazy\" alt=\"Dictionary .NET keres\u0151mez\u0151\" src=\"\/\/cuccokhalomban.csillagpor.hu\/pict\/dictionary-net-screenshot-5.jpg\" width=\"599\" height=\"399\" \/>\n<\/p>\n<p>A be\u00e1ll\u00edt\u00e1sok is a jobb fels\u0151 k\u00e9rd\u0151jelre kattintva \u00e9rhet\u0151k el.<br \/>\n<img decoding=\"async\" loading=\"lazy\" alt=\"Dictionary .NET be\u00e1ll\u00edt\u00e1sok\" src=\"\/\/cuccokhalomban.csillagpor.hu\/pict\/dictionary-net-screenshot-6.jpg\" width=\"718\" height=\"400\" \/>\n<\/p>\n<p>\u00c1ltal\u00e1nos be\u00e1ll\u00edt\u00e1sok, alig \u00e9rthet\u0151 magyar nyelven. Itt \u00e1ll\u00edthat\u00f3 be az \u00e1tl\u00e1tsz\u00f3s\u00e1g, az eg\u00e9r aktiv\u00e1l\u00e1s \u00e9s az \u00faj verzi\u00f3 ellen\u0151rz\u00e9s is.<br \/>\n<img decoding=\"async\" loading=\"lazy\" alt=\"Dictionary .NET eg\u00e9r be\u00e1ll\u00edt\u00e1sok\" src=\"\/\/cuccokhalomban.csillagpor.hu\/pict\/dictionary-net-screenshot-7.jpg\" width=\"441\" height=\"308\" \/>\n<\/p>\n<p>A Google melyik kiterjeszt\u00e9s\u00e9n keressen, megjelen\u00edtse e a tal\u00e1lt Google k\u00e9peket, milyen adatb\u00e1zist haszn\u00e1ljon, legyen e h\u00e1tt\u00e9rk\u00e9p, \u00e9s honnan &#8230; ?<br \/>\n<img decoding=\"async\" loading=\"lazy\" alt=\"Dictionary .NET k\u00e9pek\" src=\"\/\/cuccokhalomban.csillagpor.hu\/pict\/dictionary-net-screenshot-8.jpg\" width=\"440\" height=\"307\" \/>\n<\/p>\n<p>Letiltva a k\u00e9pkeres\u00e9s \u00e9s a h\u00e1tt\u00e9rk\u00e9p, csak h\u00e1tt\u00e9rsz\u00ednt adunk meg.<br \/>\n<img decoding=\"async\" loading=\"lazy\" alt=\"Dictionary .NET h\u00e1tt\u00e9r\" src=\"\/\/cuccokhalomban.csillagpor.hu\/pict\/dictionary-net-screenshot-9.jpg\" width=\"441\" height=\"308\" \/>\n<\/p>\n<p>A sz\u00f3t\u00e1r nyelvek be\u00e1ll\u00edt\u00e1sa, le is tilthatjuk ha akarjuk amelyiket soha sem fogjuk haszn\u00e1lni.<br \/>\n<img decoding=\"async\" loading=\"lazy\" alt=\"Dictionary .NET nyelvek\" src=\"\/\/cuccokhalomban.csillagpor.hu\/pict\/dictionary-net-screenshot-10.jpg\" width=\"442\" height=\"308\" \/>\n<\/p>\n<p>\u00c1t\u00e1ll\u00edtva a sz\u00edn, itt b\u00e1rmire kattintunk lesz valami, vagyis egy \u00faj sz\u00f3 ford\u00edt\u00e1s\u00e1t kapjuk, vagy a kiejt\u00e9st, vagy nyelvet v\u00e1lthatunk, vagy megnyitjuk a Google ford\u00edt\u00f3t &#8230;<br \/>\n<img decoding=\"async\" loading=\"lazy\" alt=\"Dictionary .NET link\" src=\"\/\/cuccokhalomban.csillagpor.hu\/pict\/dictionary-net-screenshot-11.jpg\" width=\"599\" height=\"400\" \/>\n<\/p>\n<p>A c\u00e9l nyelv lecser\u00e9l\u00e9se.<br \/>\n<img decoding=\"async\" loading=\"lazy\" alt=\"Dictionary .NET c\u00e9l nyelv\" src=\"\/\/cuccokhalomban.csillagpor.hu\/pict\/dictionary-net-screenshot-12.jpg\" width=\"599\" height=\"401\" \/>\n<\/p>\n<p>Innen telep\u00edthet\u00fcnk egy OCR programot &#8230;<br \/>\n<img decoding=\"async\" loading=\"lazy\" alt=\"Dictionary .NET OCR\" src=\"\/\/cuccokhalomban.csillagpor.hu\/pict\/dictionary-net-screenshot-13.jpg\" width=\"600\" height=\"400\" \/>\n<\/p>\n<p>Ami \u00fajraind\u00edt\u00e1s ut\u00e1n, a telep\u00edtett nyelvek valamelyik\u00e9n elolvassa (j\u00f3 esetben) a k\u00e9peken l\u00e9v\u0151 sz\u00f6vegeket.<br \/>\n<img decoding=\"async\" loading=\"lazy\" alt=\"Dictionary .NET k\u00e9p olvas\u00e1s\" src=\"\/\/cuccokhalomban.csillagpor.hu\/pict\/dictionary-net-screenshot-14.jpg\" width=\"599\" height=\"466\" \/>\n<\/p>\n<p>A we can-t leolvasta, leford\u00edtjuk?<br \/>\n<img decoding=\"async\" loading=\"lazy\" alt=\"Dictionary .NET ford\u00edt\u00e1s\" src=\"\/\/cuccokhalomban.csillagpor.hu\/pict\/dictionary-net-screenshot-15.jpg\" width=\"659\" height=\"231\" \/><\/p>\n","protected":false},"excerpt":{"rendered":"<p>A Dictionary .NET internet alap\u00fa sz\u00f3t\u00e1r \u00edgy indul el. A keresett sz\u00f3, kifejez\u00e9s be\u00edr\u00e1sa k\u00f6zben, m\u00e1r kapjuk a felt\u00e9telezett tal\u00e1latokat. A tal\u00e1lat, itt&#46;&#46;&#46;<\/p>\n","protected":false},"author":1,"featured_media":0,"parent":0,"menu_order":0,"comment_status":"closed","ping_status":"closed","template":"","meta":{"footnotes":""},"_links":{"self":[{"href":"https:\/\/csillagpor.hu\/remek\/programok\/wp-json\/wp\/v2\/pages\/1573"}],"collection":[{"href":"https:\/\/csillagpor.hu\/remek\/programok\/wp-json\/wp\/v2\/pages"}],"about":[{"href":"https:\/\/csillagpor.hu\/remek\/programok\/wp-json\/wp\/v2\/types\/page"}],"author":[{"embeddable":true,"href":"https:\/\/csillagpor.hu\/remek\/programok\/wp-json\/wp\/v2\/users\/1"}],"replies":[{"embeddable":true,"href":"https:\/\/csillagpor.hu\/remek\/programok\/wp-json\/wp\/v2\/comments?post=1573"}],"version-history":[{"count":0,"href":"https:\/\/csillagpor.hu\/remek\/programok\/wp-json\/wp\/v2\/pages\/1573\/revisions"}],"wp:attachment":[{"href":"https:\/\/csillagpor.hu\/remek\/programok\/wp-json\/wp\/v2\/media?parent=1573"}],"curies":[{"name":"wp","href":"https:\/\/api.w.org\/{rel}","templated":true}]}}