{"id":1583,"date":"2013-06-29T13:54:16","date_gmt":"2013-06-29T11:54:16","guid":{"rendered":"http:\/\/csillagpor.hu\/remek\/programok\/?page_id=1583"},"modified":"2022-06-30T18:29:17","modified_gmt":"2022-06-30T16:29:17","slug":"avg-antivirus-android-screenshot","status":"publish","type":"page","link":"https:\/\/csillagpor.hu\/remek\/programok\/avg-antivirus-android-screenshot","title":{"rendered":"AVG Antivirus Free for Android k\u00e9perny\u0151k\u00e9pek"},"content":{"rendered":"<p><a target=\"_blank\" title=\"avg antivirus android\" href=\"\/\/csillagpor.hu\/remek\/programok\/avg-antivirus-android\" rel=\"noopener noreferrer\">Az AVG Antivirus Free for Android let\u00f6lt\u00e9sekor<\/a> itt az ingyenes v\u00edruskeres\u0151t v\u00e1lasszuk term\u00e9szetesen, a Google Playb\u0151l. Az aj\u00e1nlott be\u00e1ll\u00edt\u00e1sokkal telep\u00edts\u00fck, k\u00e9s\u0151bb \u00e1t\u00e1ll\u00edthatjuk. Val\u00f3sidej\u0171 v\u00edrusv\u00e9delem, lop\u00e1sv\u00e9delem, sebess\u00e9g \u00e9s adatbiztons\u00e1g &#8230; \u00e9s m\u00e9g le kell futtatni az els\u0151 keres\u00e9st. A lop\u00e1s elleni v\u00e9delemhez regisztr\u00e1lni kell.<br \/>\n<img decoding=\"async\" loading=\"lazy\" alt=\"AVG Antivirus Free for Android let\u00f6lt\u00e9s\" src=\"\/\/cuccokhalomban.csillagpor.hu\/pict\/avg-antivirus-free-android-screenshot-1.jpg\" width=\"240\" height=\"400\" \/><img decoding=\"async\" loading=\"lazy\" alt=\"AVG Antivirus Free for Android telep\u00edt\u00e9s\" src=\"\/\/cuccokhalomban.csillagpor.hu\/pict\/avg-antivirus-free-android-screenshot-2.jpg\" width=\"240\" height=\"400\" \/><img decoding=\"async\" loading=\"lazy\" alt=\"AVG Antivirus Free for Android lop\u00e1s elleni v\u00e9delem\" src=\"\/\/cuccokhalomban.csillagpor.hu\/pict\/avg-antivirus-free-android-screenshot-3.jpg\" width=\"240\" height=\"400\" \/>\n<\/p>\n<p>Be\u00e1ll\u00edt\u00e1si lehet\u0151s\u00e9gek, p\u00e9ld\u00e1ul friss\u00edt\u00e9s, f\u00e1jl \u00e1tvizsg\u00e1l\u00e1s, biztons\u00e1gos webb\u00f6ng\u00e9sz\u00e9s, ilyenek &#8230; Ez az automatikus \u00e1tvizsg\u00e1l\u00e1st id\u0151z\u00edti. Itt van folyamat le\u00e1ll\u00edt\u00f3, akkumul\u00e1tor t\u00f6lt\u00f6tts\u00e9g figyel\u0151 \u00e9s optimaliz\u00e1l\u00f3, adatforgalom \u00e9s t\u00e1rter\u00fclet haszn\u00e1lat &#8230;<br \/>\n<img decoding=\"async\" loading=\"lazy\" alt=\"AVG Antivirus Free for Android be\u00e1ll\u00edt\u00e1sok\" src=\"\/\/cuccokhalomban.csillagpor.hu\/pict\/avg-antivirus-free-android-screenshot-4.jpg\" width=\"240\" height=\"400\" \/><img decoding=\"async\" loading=\"lazy\" alt=\"AVG Antivirus Free for Android \u00e1tvizsg\u00e1l\u00e1s\" src=\"\/\/cuccokhalomban.csillagpor.hu\/pict\/avg-antivirus-free-android-screenshot-5.jpg\" width=\"240\" height=\"400\" \/><img decoding=\"async\" loading=\"lazy\" alt=\"AVG Antivirus Free for Android t\u00f6lt\u00f6tts\u00e9g, haszn\u00e1lat\" src=\"\/\/cuccokhalomban.csillagpor.hu\/pict\/avg-antivirus-free-android-screenshot-7.jpg\" width=\"240\" height=\"400\" \/>\n<\/p>\n<p>Ez a t\u00f6lt\u00f6tts\u00e9g mennyi ideig lesz el\u00e9g a k\u00f6vetkez\u0151 esetekben, jobb fent \u00e9rhet\u0151k el a be\u00e1ll\u00edt\u00e1sok (valami\u00e9rt arr\u00f3l nem csin\u00e1ltam k\u00e9pet, bocsi). Ez pedig az adatforgalom, hm &#8230; \u00e9rdekes. Itt pedig azt l\u00e1thatjuk, hogy mi \u00e9s milyen m\u00e9rt\u00e9kben haszn\u00e1lja a t\u00e1rter\u00fclet\u00fcnket. Innen el is t\u00e1vol\u00edthatjuk amit \u00fagy gondolunk, hogy felesleges.<br \/>\n<img decoding=\"async\" loading=\"lazy\" alt=\"AVG Antivirus Free for Android t\u00f6lt\u00f6tts\u00e9g\" src=\"\/\/cuccokhalomban.csillagpor.hu\/pict\/avg-antivirus-free-android-screenshot-8.jpg\" width=\"240\" height=\"400\" \/><img decoding=\"async\" loading=\"lazy\" alt=\"AVG Antivirus Free for Android adatforgalom\" src=\"\/\/cuccokhalomban.csillagpor.hu\/pict\/avg-antivirus-free-android-screenshot-9.jpg\" width=\"240\" height=\"400\" \/><img decoding=\"async\" loading=\"lazy\" alt=\"AVG Antivirus Free for Android t\u00e1rter\u00fclet\" src=\"\/\/cuccokhalomban.csillagpor.hu\/pict\/avg-antivirus-free-android-screenshot-10.jpg\" width=\"240\" height=\"400\" \/>\n<\/p>\n<p>Itt az adatbiztons\u00e1g \u00e9rdek\u00e9ben tehet\u00fcnk ezt-azt, pl. h\u00edv\u00e1s \u00e9s \u00fczenet blokkol\u00e1s, gy\u00e1ri \u00e1llapot vissza\u00e1ll\u00edt\u00e1sa, adatt\u00f6rl\u00e9s kateg\u00f3ri\u00e1nk\u00e9nt &#8230; ahol ott a PRO felirat az a fizet\u0151sben m\u0171k\u00f6dik csak &#8230; \u00e9s ottmaradt a k\u00e9perny\u0151lop\u00f3 felirata :) Ezek az egy\u00e9b opci\u00f3k vannak m\u00e9g &#8230; Magyar nyelv az nincs.<br \/>\n<img decoding=\"async\" loading=\"lazy\" alt=\"AVG Antivirus Free for Android adatbiztons\u00e1g\" src=\"\/\/cuccokhalomban.csillagpor.hu\/pict\/avg-antivirus-free-android-screenshot-11.jpg\" width=\"240\" height=\"400\" \/><img decoding=\"async\" loading=\"lazy\" alt=\"AVG Antivirus Free for Android opci\u00f3k\" src=\"\/\/cuccokhalomban.csillagpor.hu\/pict\/avg-antivirus-free-android-screenshot-12.jpg\" width=\"240\" height=\"400\" \/><img decoding=\"async\" loading=\"lazy\" alt=\"AVG Antivirus Free for Android nyelvek\" src=\"\/\/cuccokhalomban.csillagpor.hu\/pict\/avg-antivirus-free-android-screenshot-13.jpg\" width=\"240\" height=\"400\" \/>\n<\/p>\n<p>Itt fut az els\u0151 \u00e1tvizsg\u00e1l\u00e1s, most \u00e9ppen az appokat ellen\u0151rzi&#8230; Nocsak, mi lehet az az egy vereske!? Na persze, a k\u00e9perny\u0151k\u00e9p k\u00e9sz\u00edt\u0151 &#8230; lent bejel\u00f6l\u00f6m, hogy hagyja b\u00e9k\u00e9n.<br \/>\n<img decoding=\"async\" loading=\"lazy\" alt=\"AVG Antivirus Free for Android \u00e1tvizsg\u00e1l\u00e1s\" src=\"\/\/cuccokhalomban.csillagpor.hu\/pict\/avg-antivirus-free-android-screenshot-14.jpg\" width=\"240\" height=\"400\" \/><img decoding=\"async\" loading=\"lazy\" alt=\"AVG Antivirus Free for Android apps\" src=\"\/\/cuccokhalomban.csillagpor.hu\/pict\/avg-antivirus-free-android-screenshot-15.jpg\" width=\"240\" height=\"400\" \/><img decoding=\"async\" loading=\"lazy\" alt=\"AVG Antivirus Free for Android haggyad csak\" src=\"\/\/cuccokhalomban.csillagpor.hu\/pict\/avg-antivirus-free-android-screenshot-16.jpg\" width=\"240\" height=\"400\" \/><\/p>\n","protected":false},"excerpt":{"rendered":"<p>Az AVG Antivirus Free for Android let\u00f6lt\u00e9sekor itt az ingyenes v\u00edruskeres\u0151t v\u00e1lasszuk term\u00e9szetesen, a Google Playb\u0151l. Az aj\u00e1nlott be\u00e1ll\u00edt\u00e1sokkal telep\u00edts\u00fck, k\u00e9s\u0151bb \u00e1t\u00e1ll\u00edthatjuk. Val\u00f3sidej\u0171&#46;&#46;&#46;<\/p>\n","protected":false},"author":1,"featured_media":0,"parent":0,"menu_order":0,"comment_status":"closed","ping_status":"closed","template":"","meta":{"footnotes":""},"_links":{"self":[{"href":"https:\/\/csillagpor.hu\/remek\/programok\/wp-json\/wp\/v2\/pages\/1583"}],"collection":[{"href":"https:\/\/csillagpor.hu\/remek\/programok\/wp-json\/wp\/v2\/pages"}],"about":[{"href":"https:\/\/csillagpor.hu\/remek\/programok\/wp-json\/wp\/v2\/types\/page"}],"author":[{"embeddable":true,"href":"https:\/\/csillagpor.hu\/remek\/programok\/wp-json\/wp\/v2\/users\/1"}],"replies":[{"embeddable":true,"href":"https:\/\/csillagpor.hu\/remek\/programok\/wp-json\/wp\/v2\/comments?post=1583"}],"version-history":[{"count":0,"href":"https:\/\/csillagpor.hu\/remek\/programok\/wp-json\/wp\/v2\/pages\/1583\/revisions"}],"wp:attachment":[{"href":"https:\/\/csillagpor.hu\/remek\/programok\/wp-json\/wp\/v2\/media?parent=1583"}],"curies":[{"name":"wp","href":"https:\/\/api.w.org\/{rel}","templated":true}]}}