{"id":1619,"date":"2014-04-01T15:29:42","date_gmt":"2014-04-01T13:29:42","guid":{"rendered":"http:\/\/csillagpor.hu\/remek\/programok\/?page_id=1619"},"modified":"2022-06-30T18:02:16","modified_gmt":"2022-06-30T16:02:16","slug":"progecad-smart-screenshot","status":"publish","type":"page","link":"https:\/\/csillagpor.hu\/remek\/programok\/progecad-smart-screenshot","title":{"rendered":"progeCAD Smart k\u00e9perny\u0151k\u00e9pek"},"content":{"rendered":"<p><a target=\"_blank\" title=\"progecad-smart#comment-10297\" href=\"\/\/csillagpor.hu\/remek\/programok\/progecad-smart#comment-10297\" rel=\"noopener noreferrer\">Egy hozz\u00e1sz\u00f3l\u00f3 vil\u00e1gos\u00edtott fel<\/a> benn\u00fcnket, hogy lehets\u00e9ges a <a target=\"_blank\" title=\"progecad smart\" href=\"\/\/csillagpor.hu\/remek\/programok\/progecad-smart\" rel=\"noopener noreferrer\">progeCAD Smart! program<\/a> telep\u00edt\u00e9se Windows 7-re is, annak ellen\u00e9re, hogy el\u0151sz\u00f6r azt \u00e1ll\u00edtja, hogy ez nem t\u00e1mogatott oper\u00e1ci\u00f3s rendszer. Most err\u0151l a telep\u00edt\u00e9sr\u0151l \u00e9s a programr\u00f3l k\u00f6vetkeznek k\u00e9pek.<\/p>\n<p>Teh\u00e1t a telep\u00edt\u00e9st ind\u00edtsuk \u00edgy, a let\u00f6lt\u00f6tt telep\u00edt\u0151programra kattintsunk jobb gombbal, majd a men\u00fcb\u0151l v\u00e1lasszuk a Kompatibilit\u00e1si probl\u00e9m\u00e1k megold\u00e1sa lehet\u0151s\u00e9get.<br \/>\n<img decoding=\"async\" loading=\"lazy\" alt=\"Kompatibilit\u00e1si probl\u00e9m\u00e1k megold\u00e1sa\" src=\"\/\/cuccokhalomban.csillagpor.hu\/pict\/progecad-screenshot-1.jpg\" width=\"438\" height=\"116\" \/>\n<\/p>\n<p>Ez az az ablak ami el\u0151j\u00f6tt els\u0151 ind\u00edt\u00e1skor is. A k\u00fcl\u00f6nbs\u00e9g annyi, hogy most folytat\u00f3dik a telep\u00edt\u00e9s.<br \/>\n<img decoding=\"async\" loading=\"lazy\" alt=\"Nem t\u00e1mogatott oper\u00e1ci\u00f3s rendszer\" src=\"\/\/cuccokhalomban.csillagpor.hu\/pict\/progecad-screenshot-2.jpg\" width=\"302\" height=\"194\" \/>\n<\/p>\n<p>A Programkompatibilit\u00e1si seg\u00e9ddel megpr\u00f3b\u00e1ljuk telep\u00edteni, vagyis Telep\u00edtse \u00fajra az aj\u00e1nlott be\u00e1ll\u00edt\u00e1sokkal.<br \/>\n<img decoding=\"async\" loading=\"lazy\" alt=\"Programkompatibilit\u00e1si seg\u00e9d\" src=\"\/\/cuccokhalomban.csillagpor.hu\/pict\/progecad-screenshot-3.jpg\" width=\"686\" height=\"500\" \/>\n<\/p>\n<p>Itt a Finish-re kattintsunk, de nincs \u00fajabb verzi\u00f3&#8230;<br \/>\n<img decoding=\"async\" loading=\"lazy\" alt=\"Old version\" src=\"\/\/cuccokhalomban.csillagpor.hu\/pict\/progecad-screenshot-4.jpg\" width=\"493\" height=\"386\" \/>\n<\/p>\n<p>Az EULA elfogad\u00e1sa, majd tov\u00e1bb &#8230;<br \/>\n<img decoding=\"async\" loading=\"lazy\" alt=\"EULA\" src=\"\/\/cuccokhalomban.csillagpor.hu\/pict\/progecad-screenshot-5.jpg\" width=\"500\" height=\"360\" \/>\n<\/p>\n<p>&#8230; \u00e9s itt k\u00f6zben volt m\u00e9g t\u00f6bb Next, majd v\u00e9g\u00fcl el\u00e9rkezt\u00fcnk a program ind\u00edt\u00e1s\u00e1hoz.<br \/>\n<img decoding=\"async\" loading=\"lazy\" alt=\"K\u00e9sz\" src=\"\/\/cuccokhalomban.csillagpor.hu\/pict\/progecad-screenshot-6.jpg\" width=\"504\" height=\"363\" \/>\n<\/p>\n<p>Itt regisztr\u00e1lni kell az ingyenes verzi\u00f3t 30 napon bel\u00fcl, a fels\u0151 Register gombra kattintva&#8230;<br \/>\n<img decoding=\"async\" loading=\"lazy\" alt=\"regisztr\u00e1l\u00e1s\" src=\"\/\/cuccokhalomban.csillagpor.hu\/pict\/progecad-screenshot-7.jpg\" width=\"456\" height=\"418\" \/>\n<\/p>\n<p>&#8230; \u00e9s LIVE m\u00f3dszerrel, mert hogy m\u00e1shogy &#8230; ?<br \/>\n<img decoding=\"async\" loading=\"lazy\" alt=\"LIVE\" src=\"\/\/cuccokhalomban.csillagpor.hu\/pict\/progecad-screenshot-8.jpg\" width=\"441\" height=\"296\" \/>\n<\/p>\n<p>&#8230; \u00e9s akkor kb. \u00edgy kit\u00f6lteni, illetve t\u00f6kmindegy mit \u00edrunk oda, ez csak minta, \u00e9s ACTIVATE.<br \/>\n<img decoding=\"async\" loading=\"lazy\" alt=\"aktiv\u00e1l\u00e1s\" src=\"\/\/cuccokhalomban.csillagpor.hu\/pict\/progecad-screenshot-9.jpg\" width=\"429\" height=\"500\" \/>\n<\/p>\n<p>Az aktiv\u00e1l\u00e1s k\u00e9sz.<br \/>\n<img decoding=\"async\" loading=\"lazy\" alt=\"aktiv\u00e1l\u00e1s k\u00e9sz\" src=\"\/\/cuccokhalomban.csillagpor.hu\/pict\/progecad-screenshot-10.jpg\" width=\"347\" height=\"169\" \/>\n<\/p>\n<p>Elindult a progeCAD 2009 Smart.<br \/>\n<img decoding=\"async\" loading=\"lazy\" alt=\"progeCAD 2009 Smart\" src=\"\/\/cuccokhalomban.csillagpor.hu\/pict\/progecad-screenshot-11.jpg\" width=\"929\" height=\"500\" \/>\n<\/p>\n<p>Akarjuk e m\u00e9g ezt az \u00fczenetet?<br \/>\n<img decoding=\"async\" loading=\"lazy\" alt=\"\u00fczenet\" src=\"\/\/cuccokhalomban.csillagpor.hu\/pict\/progecad-screenshot-12.jpg\" width=\"958\" height=\"500\" \/>\n<\/p>\n<p>A program k\u00f6vetkez\u0151 ind\u00edt\u00e1s\u00e1n\u00e1l is jelentkezett egy m\u00e1sfajta inkompatibilit\u00e1si figyelmeztet\u00e9s, de a Close-ra kattintva minden rendben ment.<br \/>\n<img decoding=\"async\" loading=\"lazy\" alt=\"m\u00e1r megint inkompatibilis\" src=\"\/\/cuccokhalomban.csillagpor.hu\/pict\/progecad-screenshot-13.jpg\" width=\"490\" height=\"500\" \/>\n<\/p>\n<p>V\u00e1lasztunk egy minta f\u00e1jlt.<br \/>\n<img decoding=\"async\" loading=\"lazy\" alt=\"minta\" src=\"\/\/cuccokhalomban.csillagpor.hu\/pict\/progecad-screenshot-14.jpg\" width=\"667\" height=\"500\" \/>\n<\/p>\n<p>Ez a Nemzetk\u00f6zi \u0170r\u00e1llom\u00e1s lett.<br \/>\n<img decoding=\"async\" loading=\"lazy\" alt=\"Nemzetk\u00f6zi \u0170r\u00e1llom\u00e1s\" src=\"\/\/cuccokhalomban.csillagpor.hu\/pict\/progecad-screenshot-15.jpg\" width=\"668\" height=\"500\" \/>\n<\/p>\n<p>A View men\u00fcben a Renderel\u00e9s almen\u00fc.<br \/>\n<img decoding=\"async\" loading=\"lazy\" alt=\"renderel\u00e9s\" src=\"\/\/cuccokhalomban.csillagpor.hu\/pict\/progecad-screenshot-16.jpg\" width=\"666\" height=\"500\" \/>\n<\/p>\n<p>Eszk\u00f6z\u00f6k men\u00fc.<br \/>\n<img decoding=\"async\" loading=\"lazy\" alt=\"eszk\u00f6z\u00f6k\" src=\"\/\/cuccokhalomban.csillagpor.hu\/pict\/progecad-screenshot-17.jpg\" width=\"666\" height=\"500\" \/>\n<\/p>\n<p>3D rajzolhat\u00f3 testek.<br \/>\n<img decoding=\"async\" loading=\"lazy\" alt=\"3D\" src=\"\/\/cuccokhalomban.csillagpor.hu\/pict\/progecad-screenshot-18.jpg\" width=\"668\" height=\"500\" \/>\n<\/p>\n<p>A dimenzi\u00f3 men\u00fc szersz\u00e1mai.<br \/>\n<img decoding=\"async\" loading=\"lazy\" alt=\"dimenzi\u00f3\" src=\"\/\/cuccokhalomban.csillagpor.hu\/pict\/progecad-screenshot-19.jpg\" width=\"666\" height=\"500\" \/>\n<\/p>\n<p>A m\u00f3dos\u00edt\u00e1s men\u00fc eszk\u00f6zei, pl. 3D m\u0171veletek.<br \/>\n<img decoding=\"async\" loading=\"lazy\" alt=\"3D m\u0171veletek\" src=\"\/\/cuccokhalomban.csillagpor.hu\/pict\/progecad-screenshot-20.jpg\" width=\"667\" height=\"500\" \/>\n<\/p>\n<p>Google Earth add-on.<br \/>\n<img decoding=\"async\" loading=\"lazy\" alt=\"Google Earth\" src=\"\/\/cuccokhalomban.csillagpor.hu\/pict\/progecad-screenshot-21.jpg\" width=\"667\" height=\"500\" \/><\/p>\n","protected":false},"excerpt":{"rendered":"<p><a target=\"_blank\" title=\"progecad smart k\u00e9perny\u0151k\u00e9pek\" href=\"\/\/csillagpor.hu\/remek\/programok\/progecad-smart-screenshot\" rel=\"noopener noreferrer\"><img decoding=\"async\" loading=\"lazy\" alt=\"progeCAD Smart!\" src=\"\/\/cuccokhalomban.csillagpor.hu\/pict\/progecad-smart.jpg\" width=\"100\" height=\"75\" class=\"flr\" \/><\/a>Egy hozz\u00e1sz\u00f3l\u00f3 vil\u00e1gos\u00edtott fel benn\u00fcnket, hogy lehets\u00e9ges a progeCAD Smart! program telep\u00edt\u00e9se Windows 7-re is, annak ellen\u00e9re, hogy el\u0151sz\u00f6r azt \u00e1ll\u00edtja, hogy ez nem t\u00e1mogatott oper\u00e1ci\u00f3s rendszer. Most err\u0151l a telep\u00edt\u00e9sr\u0151l \u00e9s a programr\u00f3l k\u00f6vetkeznek k\u00e9pek. Teh\u00e1t a telep\u00edt\u00e9st ind\u00edtsuk \u00edgy&#8230;<\/p>\n","protected":false},"author":1,"featured_media":0,"parent":0,"menu_order":0,"comment_status":"closed","ping_status":"closed","template":"","meta":{"footnotes":""},"_links":{"self":[{"href":"https:\/\/csillagpor.hu\/remek\/programok\/wp-json\/wp\/v2\/pages\/1619"}],"collection":[{"href":"https:\/\/csillagpor.hu\/remek\/programok\/wp-json\/wp\/v2\/pages"}],"about":[{"href":"https:\/\/csillagpor.hu\/remek\/programok\/wp-json\/wp\/v2\/types\/page"}],"author":[{"embeddable":true,"href":"https:\/\/csillagpor.hu\/remek\/programok\/wp-json\/wp\/v2\/users\/1"}],"replies":[{"embeddable":true,"href":"https:\/\/csillagpor.hu\/remek\/programok\/wp-json\/wp\/v2\/comments?post=1619"}],"version-history":[{"count":0,"href":"https:\/\/csillagpor.hu\/remek\/programok\/wp-json\/wp\/v2\/pages\/1619\/revisions"}],"wp:attachment":[{"href":"https:\/\/csillagpor.hu\/remek\/programok\/wp-json\/wp\/v2\/media?parent=1619"}],"curies":[{"name":"wp","href":"https:\/\/api.w.org\/{rel}","templated":true}]}}