{"id":1623,"date":"2014-04-26T20:39:23","date_gmt":"2014-04-26T18:39:23","guid":{"rendered":"http:\/\/csillagpor.hu\/remek\/programok\/?page_id=1623"},"modified":"2022-06-30T18:08:28","modified_gmt":"2022-06-30T16:08:28","slug":"nvu-kompozer-screenshot","status":"publish","type":"page","link":"https:\/\/csillagpor.hu\/remek\/programok\/nvu-kompozer-screenshot","title":{"rendered":"Nvu \u00e9s Kompozer k\u00e9perny\u0151k\u00e9pek"},"content":{"rendered":"<p>Az <a target=\"_blank\" title=\"nvu-kompozer\" href=\"\/\/csillagpor.hu\/remek\/programok\/nvu-kompozer-letoltese\" rel=\"noopener noreferrer\">Nvu \u00e9s Kompozer<\/a> HTML, CSS, JS szerkeszt\u0151 program. Ez egy &#8220;\u00fcres&#8221; HTML 4.01 f\u00e1jl.<br \/>\n<img decoding=\"async\" loading=\"lazy\" alt=\"Nvu HTML\" src=\"\/\/cuccokhalomban.csillagpor.hu\/pict\/nvu-screenshot-1.jpg\" width=\"809\" height=\"500\" \/>\n<\/p>\n<p>Nvu, F\u00e1jl men\u00fc, webhely megnyit\u00e1sa men\u00fcpont.<br \/>\n<img decoding=\"async\" loading=\"lazy\" alt=\"Nvu webhely\" src=\"\/\/cuccokhalomban.csillagpor.hu\/pict\/nvu-screenshot-2.jpg\" width=\"807\" height=\"500\" \/>\n<\/p>\n<p>Egy \u00faj dokumentum l\u00e9trehoz\u00e1sa, egy URL-b\u0151l bet\u00f6lt\u00f6tt minta alapj\u00e1n.<br \/>\n<img decoding=\"async\" loading=\"lazy\" alt=\"Nvu URL minta\" src=\"\/\/cuccokhalomban.csillagpor.hu\/pict\/nvu-screenshot-3.jpg\" width=\"810\" height=\"500\" \/>\n<\/p>\n<p>Teh\u00e1t a csillagpor.hu kezd\u0151lapja bet\u00f6ltve egy \u00faj lapra, norm\u00e1l n\u00e9zetben.<br \/>\n<img decoding=\"async\" loading=\"lazy\" alt=\"Nvu norm\u00e1l n\u00e9zet\" src=\"\/\/cuccokhalomban.csillagpor.hu\/pict\/nvu-screenshot-4.jpg\" width=\"812\" height=\"500\" \/>\n<\/p>\n<p>Forr\u00e1s n\u00e9zet, sz\u00e9pen \u00faj sorba t\u00f6rdeli a k\u00f3dot. Tools men\u00fc, itt van a JavaScript konzol \u00e9s a CSS Editor is..<br \/>\n<img decoding=\"async\" loading=\"lazy\" alt=\"Nvu forr\u00e1s n\u00e9zet, css editor\" src=\"\/\/cuccokhalomban.csillagpor.hu\/pict\/nvu-screenshot-5.jpg\" width=\"812\" height=\"500\" \/>\n<\/p>\n<p>A CSS szerkeszt\u0151, sz\u00f6veg be\u00e1ll\u00edt\u00e1sok.<br \/>\n<img decoding=\"async\" loading=\"lazy\" alt=\"Nvu css editor\" src=\"\/\/cuccokhalomban.csillagpor.hu\/pict\/nvu-screenshot-6.jpg\" width=\"812\" height=\"500\" \/>\n<\/p>\n<p>A Kompozer csaknem teljesen ugyanaz mint az Nvu, sz\u00e1munkra az egyik fontos k\u00fcl\u00f6nbs\u00e9g, hogy magyar nyelv\u0171 is lehet.<br \/>\n<img decoding=\"async\" loading=\"lazy\" alt=\"Kompozer magyarul is\" src=\"\/\/cuccokhalomban.csillagpor.hu\/pict\/kompozer-screenshot-8.jpg\" width=\"811\" height=\"500\" \/>\n<\/p>\n<p>Jobb gombos men\u00fc, a k\u00e9p elemre kattintva.<br \/>\n<img decoding=\"async\" loading=\"lazy\" alt=\"Kompozer men\u00fc\" src=\"\/\/cuccokhalomban.csillagpor.hu\/pict\/kompozer-screenshot-9.jpg\" width=\"814\" height=\"500\" \/>\n<\/p>\n<p>K\u00e9p tulajdons\u00e1gok szerkeszt\u00e9se, k\u00e9p k\u00f6r\u00fcli sz\u00f6veg.<br \/>\n<img decoding=\"async\" loading=\"lazy\" alt=\"Kompozer k\u00e9pek\" src=\"\/\/cuccokhalomban.csillagpor.hu\/pict\/kompozer-screenshot-10.jpg\" width=\"811\" height=\"500\" \/><\/p>\n","protected":false},"excerpt":{"rendered":"<p>Az Nvu \u00e9s Kompozer HTML, CSS, JS szerkeszt\u0151 program. Ez egy &#8220;\u00fcres&#8221; HTML 4.01 f\u00e1jl. Nvu, F\u00e1jl men\u00fc, webhely megnyit\u00e1sa men\u00fcpont. Egy \u00faj&#46;&#46;&#46;<\/p>\n","protected":false},"author":1,"featured_media":0,"parent":0,"menu_order":0,"comment_status":"closed","ping_status":"closed","template":"","meta":{"footnotes":""},"_links":{"self":[{"href":"https:\/\/csillagpor.hu\/remek\/programok\/wp-json\/wp\/v2\/pages\/1623"}],"collection":[{"href":"https:\/\/csillagpor.hu\/remek\/programok\/wp-json\/wp\/v2\/pages"}],"about":[{"href":"https:\/\/csillagpor.hu\/remek\/programok\/wp-json\/wp\/v2\/types\/page"}],"author":[{"embeddable":true,"href":"https:\/\/csillagpor.hu\/remek\/programok\/wp-json\/wp\/v2\/users\/1"}],"replies":[{"embeddable":true,"href":"https:\/\/csillagpor.hu\/remek\/programok\/wp-json\/wp\/v2\/comments?post=1623"}],"version-history":[{"count":0,"href":"https:\/\/csillagpor.hu\/remek\/programok\/wp-json\/wp\/v2\/pages\/1623\/revisions"}],"wp:attachment":[{"href":"https:\/\/csillagpor.hu\/remek\/programok\/wp-json\/wp\/v2\/media?parent=1623"}],"curies":[{"name":"wp","href":"https:\/\/api.w.org\/{rel}","templated":true}]}}