{"id":1625,"date":"2014-05-03T22:47:58","date_gmt":"2014-05-03T20:47:58","guid":{"rendered":"http:\/\/csillagpor.hu\/remek\/programok\/?page_id=1625"},"modified":"2022-06-30T17:34:47","modified_gmt":"2022-06-30T15:34:47","slug":"x-codec-pack-screenshot","status":"publish","type":"page","link":"https:\/\/csillagpor.hu\/remek\/programok\/x-codec-pack-screenshot","title":{"rendered":"X Codec Pack k\u00e9perny\u0151k\u00e9pek"},"content":{"rendered":"<p><a target=\"_blank\" title=\"x codec pack let\u00f6lt\u00e9se\" href=\"\/\/csillagpor.hu\/remek\/programok\/xp-codec-pack-letoltese\" rel=\"noopener noreferrer\">Az X Codec Pack <\/a>telep\u00edt\u00e9se k\u00f6zben kiv\u00e1laszthatjuk hogy milyen vide\u00f3 sz\u0171r\u0151ket telep\u00edt\u00fcnk.<br \/>\n<img decoding=\"async\" loading=\"lazy\" alt=\"p codec pack telep\u00edt\u00e9s\" src=\"\/\/cuccokhalomban.csillagpor.hu\/pict\/xp-codec-pack-screenshot-1.jpg\" width=\"503\" height=\"389\" \/>\n<\/p>\n<p>Audio sz\u0171r\u0151k telep\u00edt\u00e9se&#8230;<br \/>\n<img decoding=\"async\" loading=\"lazy\" alt=\"x codec pack audio sz\u0171r\u0151k\" src=\"\/\/cuccokhalomban.csillagpor.hu\/pict\/xp-codec-pack-screenshot-2.jpg\" width=\"502\" height=\"388\" \/>\n<\/p>\n<p>Kont\u00e9ner f\u00e1jlok sz\u0171r\u0151i \u00e9s alatta az eszk\u00f6z\u00f6k, k\u00f6zt\u00fck a Media Player Classic Home Cinema is.<br \/>\n<img decoding=\"async\" loading=\"lazy\" alt=\"x codec pack kont\u00e9ner f\u00e1jlok \u00e9s eszk\u00f6z\u00f6k\" src=\"\/\/cuccokhalomban.csillagpor.hu\/pict\/xp-codec-pack-screenshot-3.jpg\" width=\"503\" height=\"388\" \/>\n<\/p>\n<p>Telep\u00edt\u00e9s ut\u00e1n be\u00e1ll\u00edthatjuk a vide\u00f3 \u00e9s audio f\u00e1jlt\u00edpus hozz\u00e1rendel\u00e9seket.<br \/>\n<img decoding=\"async\" loading=\"lazy\" alt=\"x codec pack f\u00e1jl hozz\u00e1rendel\u00e9sek\" src=\"\/\/cuccokhalomban.csillagpor.hu\/pict\/xp-codec-pack-screenshot-4.jpg\" width=\"503\" height=\"389\" \/>\n<\/p>\n<p>Scerlock a codec detekt\u00edv! Megn\u00e9zhetj\u00fck a telep\u00edtett kodekjeinket inform\u00e1ci\u00f3kkal egy\u00fctt.<br \/>\n<img decoding=\"async\" loading=\"lazy\" alt=\"x codec pack codec detective\" src=\"\/\/cuccokhalomban.csillagpor.hu\/pict\/xp-codec-pack-screenshot-5.jpg\" width=\"662\" height=\"434\" \/>\n<\/p>\n<p>Ez pedig az MPC Home Cinema X Codec Packra k\u00e9sz\u00edtett verzi\u00f3ja.<br \/>\n<img decoding=\"async\" loading=\"lazy\" alt=\"x codec pack mpc home cinema\" src=\"\/\/cuccokhalomban.csillagpor.hu\/pict\/xp-codec-pack-screenshot-6.jpg\" width=\"459\" height=\"412\" \/>\n<\/p>\n<p>Ez pedig itt az AC3 filter&#8230; lehet \u00e1ll\u00edtgatni.<br \/>\n<img decoding=\"async\" loading=\"lazy\" alt=\"xp codec pack ac3 filter\" src=\"\/\/cuccokhalomban.csillagpor.hu\/pict\/xp-codec-pack-screenshot-7.jpg\" width=\"625\" height=\"459\" \/>\n<\/p>\n<p>DirectVobSub be\u00e1ll\u00edt\u00e1sok.<br \/>\n<img decoding=\"async\" loading=\"lazy\" alt=\"xp codec pack directvobsub\" src=\"\/\/cuccokhalomban.csillagpor.hu\/pict\/xp-codec-pack-screenshot-8.jpg\" width=\"406\" height=\"473\" \/><\/p>\n","protected":false},"excerpt":{"rendered":"<p>Az X Codec Pack telep\u00edt\u00e9se k\u00f6zben kiv\u00e1laszthatjuk hogy milyen vide\u00f3 sz\u0171r\u0151ket telep\u00edt\u00fcnk. Audio sz\u0171r\u0151k telep\u00edt\u00e9se&#8230; Kont\u00e9ner f\u00e1jlok sz\u0171r\u0151i \u00e9s alatta az eszk\u00f6z\u00f6k, k\u00f6zt\u00fck&#46;&#46;&#46;<\/p>\n","protected":false},"author":1,"featured_media":0,"parent":0,"menu_order":0,"comment_status":"closed","ping_status":"closed","template":"","meta":{"footnotes":""},"_links":{"self":[{"href":"https:\/\/csillagpor.hu\/remek\/programok\/wp-json\/wp\/v2\/pages\/1625"}],"collection":[{"href":"https:\/\/csillagpor.hu\/remek\/programok\/wp-json\/wp\/v2\/pages"}],"about":[{"href":"https:\/\/csillagpor.hu\/remek\/programok\/wp-json\/wp\/v2\/types\/page"}],"author":[{"embeddable":true,"href":"https:\/\/csillagpor.hu\/remek\/programok\/wp-json\/wp\/v2\/users\/1"}],"replies":[{"embeddable":true,"href":"https:\/\/csillagpor.hu\/remek\/programok\/wp-json\/wp\/v2\/comments?post=1625"}],"version-history":[{"count":0,"href":"https:\/\/csillagpor.hu\/remek\/programok\/wp-json\/wp\/v2\/pages\/1625\/revisions"}],"wp:attachment":[{"href":"https:\/\/csillagpor.hu\/remek\/programok\/wp-json\/wp\/v2\/media?parent=1625"}],"curies":[{"name":"wp","href":"https:\/\/api.w.org\/{rel}","templated":true}]}}