{"id":1629,"date":"2014-05-29T16:35:47","date_gmt":"2014-05-29T14:35:47","guid":{"rendered":"http:\/\/csillagpor.hu\/remek\/programok\/?page_id=1629"},"modified":"2022-06-30T18:26:09","modified_gmt":"2022-06-30T16:26:09","slug":"directx-screenshot","status":"publish","type":"page","link":"https:\/\/csillagpor.hu\/remek\/programok\/directx-screenshot","title":{"rendered":"DirectX k\u00e9perny\u0151k\u00e9pek"},"content":{"rendered":"<p>Ha k\u00e9zzel szeretn\u00e9nk friss\u00edteni a <a target=\"_blank\" title=\"DirectX let\u00f6lt\u00e9se\" href=\"\/\/csillagpor.hu\/remek\/programok\/directx-letoltese\" rel=\"noopener noreferrer\">DirectX-\u00fcnket<\/a>, innen kiv\u00e1laszthatjuk melyik kell nek\u00fcnk.<br \/>\n<img decoding=\"async\" loading=\"lazy\" alt=\"DirectX let\u00f6lt\u00e9se\" src=\"\/\/cuccokhalomban.csillagpor.hu\/pict\/directx-screenshot-1.jpg\" width=\"706\" height=\"518\" \/>\n<\/p>\n<p>Itt \u00e9ppen a 64 bites DirectX 11.1 let\u00f6lt\u00e9se l\u00e1that\u00f3, illetve a friss\u00edt\u0151j\u00e9nek a let\u00f6lt\u00e9se, v\u00e1laszthatjuk r\u00f6gt\u00f6n az .msu f\u00e1jl Windows Update \u00f6n\u00e1ll\u00f3 telep\u00edt\u0151ben val\u00f3 megnyit\u00e1s\u00e1t is. A k\u00f6z\u00e9ps\u0151 kett\u0151vel ne foglalkozzunk, az egy Firefox plugin &#8230; :)<br \/>\n<img decoding=\"async\" loading=\"lazy\" alt=\"DirectX telep\u00edt\u00e9se\" src=\"\/\/cuccokhalomban.csillagpor.hu\/pict\/directx-screenshot-2.jpg\" width=\"438\" height=\"384\" \/>\n<\/p>\n<p>Ha m\u00e1r telep\u00edtve van, esetleg \u00fajabb verzi\u00f3 van fent, vagy nem megfelel\u0151 verzi\u00f3t telep\u00edten\u00e9nk, akkor nem csin\u00e1l semmit, csak jelez &#8230; itt \u00e9ppen azt, hogy minden a legfrissebb.<br \/>\n<img decoding=\"async\" loading=\"lazy\" alt=\"DirectX m\u00e1r fent van\" src=\"\/\/cuccokhalomban.csillagpor.hu\/pict\/directx-screenshot-3.jpg\" width=\"457\" height=\"169\" \/>\n<\/p>\n<p>Ha a Futtat\u00e1sba be\u00edrjuk, hogy <strong>dxdiag<\/strong>, akkor megny\u00edlik a DirectX diagnosztikai eszk\u00f6z. Itt t\u00f6bbek k\u00f6z\u00f6tt a verzi\u00f3t is leellen\u0151rizhetj\u00fck (lent). B\u00e1r ahogy l\u00e1tom az alverzi\u00f3t nem&#8230;<br \/>\n<img decoding=\"async\" loading=\"lazy\" alt=\"DirectX diagnosztikai eszk\u00f6z\" src=\"\/\/cuccokhalomban.csillagpor.hu\/pict\/directx-screenshot-4.jpg\" width=\"688\" height=\"500\" \/><\/p>\n","protected":false},"excerpt":{"rendered":"<p>Ha k\u00e9zzel szeretn\u00e9nk friss\u00edteni a DirectX-\u00fcnket, innen kiv\u00e1laszthatjuk melyik kell nek\u00fcnk. Itt \u00e9ppen a 64 bites DirectX 11.1 let\u00f6lt\u00e9se l\u00e1that\u00f3, illetve a friss\u00edt\u0151j\u00e9nek&#46;&#46;&#46;<\/p>\n","protected":false},"author":1,"featured_media":0,"parent":0,"menu_order":0,"comment_status":"closed","ping_status":"closed","template":"","meta":{"footnotes":""},"_links":{"self":[{"href":"https:\/\/csillagpor.hu\/remek\/programok\/wp-json\/wp\/v2\/pages\/1629"}],"collection":[{"href":"https:\/\/csillagpor.hu\/remek\/programok\/wp-json\/wp\/v2\/pages"}],"about":[{"href":"https:\/\/csillagpor.hu\/remek\/programok\/wp-json\/wp\/v2\/types\/page"}],"author":[{"embeddable":true,"href":"https:\/\/csillagpor.hu\/remek\/programok\/wp-json\/wp\/v2\/users\/1"}],"replies":[{"embeddable":true,"href":"https:\/\/csillagpor.hu\/remek\/programok\/wp-json\/wp\/v2\/comments?post=1629"}],"version-history":[{"count":0,"href":"https:\/\/csillagpor.hu\/remek\/programok\/wp-json\/wp\/v2\/pages\/1629\/revisions"}],"wp:attachment":[{"href":"https:\/\/csillagpor.hu\/remek\/programok\/wp-json\/wp\/v2\/media?parent=1629"}],"curies":[{"name":"wp","href":"https:\/\/api.w.org\/{rel}","templated":true}]}}