{"id":1635,"date":"2014-06-14T23:01:05","date_gmt":"2014-06-14T21:01:05","guid":{"rendered":"http:\/\/csillagpor.hu\/remek\/programok\/?page_id=1635"},"modified":"2022-06-30T18:27:38","modified_gmt":"2022-06-30T16:27:38","slug":"clamwin-free-antivirus-screenshot","status":"publish","type":"page","link":"https:\/\/csillagpor.hu\/remek\/programok\/clamwin-free-antivirus-screenshot","title":{"rendered":"ClamWin Free Antivirus k\u00e9perny\u0151k\u00e9pek"},"content":{"rendered":"<p><a target=\"_blank\" title=\"clamwin free antivirus\" href=\"\/\/csillagpor.hu\/remek\/programok\/clamwin-free-antivirus\" rel=\"noopener noreferrer\">A ClamWin Free Antivirus<\/a> telep\u00edt\u00e9se, be\u00e9p\u00fcl az int\u00e9z\u0151be \u00e9s az Outlookba is.<br \/>\n<img decoding=\"async\" loading=\"lazy\" alt=\"ClamWin telep\u00edt\u00e9s\" src=\"\/\/cuccokhalomban.csillagpor.hu\/pict\/clamwin-free-antivirus-screenshot-1.jpg\" width=\"503\" height=\"388\" \/>\n<\/p>\n<p>V\u00edrus adatb\u00e1zis f\u00e1jl let\u00f6lt\u00e9se.<br \/>\n<img decoding=\"async\" loading=\"lazy\" alt=\"v\u00edrus adatb\u00e1zis f\u00e1jl\" src=\"\/\/cuccokhalomban.csillagpor.hu\/pict\/clamwin-free-antivirus-screenshot-2.jpg\" width=\"502\" height=\"388\" \/>\n<\/p>\n<p>Keresg\u00e9li \u00e9s a v\u00e9g\u00e9n megtal\u00e1lja a f\u00e1jlt \u00e9s let\u00f6lti :)<br \/>\n<img decoding=\"async\" loading=\"lazy\" alt=\"let\u00f6lt\u00e9s\" src=\"\/\/cuccokhalomban.csillagpor.hu\/pict\/clamwin-free-antivirus-screenshot-3.jpg\" width=\"565\" height=\"393\" \/>\n<\/p>\n<p>Nem bonyolult a program kezel\u0151fel\u00fclete.<br \/>\n<img decoding=\"async\" loading=\"lazy\" alt=\"egyszer\u0171 fel\u00fclet\" src=\"\/\/cuccokhalomban.csillagpor.hu\/pict\/clamwin-free-antivirus-screenshot-4.jpg\" width=\"576\" height=\"441\" \/>\n<\/p>\n<p>F\u00e1jl vagy mem\u00f3ria szkennel\u00e9s.<br \/>\n<img decoding=\"async\" loading=\"lazy\" alt=\"v\u00edrus keres\u00e9s\" src=\"\/\/cuccokhalomban.csillagpor.hu\/pict\/clamwin-free-antivirus-screenshot-5.jpg\" width=\"575\" height=\"440\" \/>\n<\/p>\n<p>V\u00edrus keres\u00e9s el\u0151tt mindig friss\u00edti az adatb\u00e1zist az internetr\u0151l. Itt \u00e9ppen a mem\u00f3ri\u00e1ba bet\u00f6lt\u00f6tt programokban keres v\u00edrusokat.<br \/>\n<img decoding=\"async\" loading=\"lazy\" alt=\"v\u00edruskeres\u00e9s\" src=\"\/\/cuccokhalomban.csillagpor.hu\/pict\/clamwin-free-antivirus-screenshot-6.jpg\" width=\"576\" height=\"440\" \/>\n<\/p>\n<p>V\u00edrus adatb\u00e1zis friss\u00edt\u00e9s let\u00f6lt\u00e9se, be\u00e1ll\u00edt\u00e1sok \u00e9s jelent\u00e9sek megtekint\u00e9se.<br \/>\n<img decoding=\"async\" loading=\"lazy\" alt=\"be\u00e1ll\u00edt\u00e1sok, jelent\u00e9s\" src=\"\/\/cuccokhalomban.csillagpor.hu\/pict\/clamwin-free-antivirus-screenshot-7.jpg\" width=\"574\" height=\"440\" \/>\n<\/p>\n<p>\u00c1ltal\u00e1nos be\u00e1ll\u00edt\u00e1sok, pl. csak a fert\u0151z\u00f6tt f\u00e1jlokat mutassa \u00e9s azt\u00e1n mit csin\u00e1ljon vel\u00fck.<br \/>\n<img decoding=\"async\" loading=\"lazy\" alt=\"\u00e1ltal\u00e1nos be\u00e1ll\u00edt\u00e1sok\" src=\"\/\/cuccokhalomban.csillagpor.hu\/pict\/clamwin-free-antivirus-screenshot-8.jpg\" width=\"572\" height=\"440\" \/>\n<\/p>\n<p>Sz\u0171r\u0151k: milyen kiterjeszt\u00e9s\u0171 f\u00e1jlokban keressen \u00e9s melyikekben ne keressen.<br \/>\n<img decoding=\"async\" loading=\"lazy\" alt=\"sz\u0171r\u0151k\" src=\"\/\/cuccokhalomban.csillagpor.hu\/pict\/clamwin-free-antivirus-screenshot-9.jpg\" width=\"575\" height=\"439\" \/>\n<\/p>\n<p>E-mailekben keres\u00e9s.<br \/>\n<img decoding=\"async\" loading=\"lazy\" alt=\"e-mail\" src=\"\/\/cuccokhalomban.csillagpor.hu\/pict\/clamwin-free-antivirus-screenshot-10.jpg\" width=\"576\" height=\"438\" \/>\n<\/p>\n<p>E-mailben k\u00e9r\u00fcnk e \u00e9rtes\u00edt\u00e9st, ha tal\u00e1lt valamit a v\u00edruskeres\u0151.<br \/>\n<img decoding=\"async\" loading=\"lazy\" alt=\"email \u00e9rtes\u00edt\u00e9s\" src=\"\/\/cuccokhalomban.csillagpor.hu\/pict\/clamwin-free-antivirus-screenshot-11.jpg\" width=\"576\" height=\"441\" \/><\/p>\n","protected":false},"excerpt":{"rendered":"<p><a target=\"_blank\" title=\"ClamWin Free Antivirus k\u00e9perny\u0151k\u00e9pek\" href=\"\/\/csillagpor.hu\/remek\/programok\/clamwin-free-antivirus-screenshot\" rel=\"noopener noreferrer\"><img decoding=\"async\" loading=\"lazy\" alt=\"ClamWin Free Antivirus\" src=\"\/\/cuccokhalomban.csillagpor.hu\/pict\/clamwin-kicsi.jpg\" width=\"85\" height=\"100\" class=\"flr\" \/><\/a>A ClamWin Free Antivirus telep\u00edt\u00e9se, be\u00e9p\u00fcl az int\u00e9z\u0151be \u00e9s az Outlookba is. V\u00edrus adatb\u00e1zis f\u00e1jl let\u00f6lt\u00e9se. Nem bonyolult a program kezel\u0151fel\u00fclete. F\u00e1jl vagy mem\u00f3ria szkennel\u00e9s. V\u00edrus keres\u00e9s el\u0151tt mindig friss\u00edti az adatb\u00e1zist az internetr\u0151l. Itt \u00e9ppen a mem\u00f3ri\u00e1ba bet\u00f6lt\u00f6tt programokban keres v\u00edrusokat. V\u00edrus adatb\u00e1zis friss\u00edt\u00e9s let\u00f6lt\u00e9se, be\u00e1ll\u00edt\u00e1sok \u00e9s jelent\u00e9sek megtekint\u00e9se. \u00c1ltal\u00e1nos be\u00e1ll\u00edt\u00e1sok, pl. csak a fert\u0151z\u00f6tt f\u00e1jlokat mutassa \u00e9s azt\u00e1n mit csin\u00e1ljon vel\u00fck&#8230;<\/p>\n","protected":false},"author":1,"featured_media":0,"parent":0,"menu_order":0,"comment_status":"closed","ping_status":"closed","template":"","meta":{"footnotes":""},"_links":{"self":[{"href":"https:\/\/csillagpor.hu\/remek\/programok\/wp-json\/wp\/v2\/pages\/1635"}],"collection":[{"href":"https:\/\/csillagpor.hu\/remek\/programok\/wp-json\/wp\/v2\/pages"}],"about":[{"href":"https:\/\/csillagpor.hu\/remek\/programok\/wp-json\/wp\/v2\/types\/page"}],"author":[{"embeddable":true,"href":"https:\/\/csillagpor.hu\/remek\/programok\/wp-json\/wp\/v2\/users\/1"}],"replies":[{"embeddable":true,"href":"https:\/\/csillagpor.hu\/remek\/programok\/wp-json\/wp\/v2\/comments?post=1635"}],"version-history":[{"count":0,"href":"https:\/\/csillagpor.hu\/remek\/programok\/wp-json\/wp\/v2\/pages\/1635\/revisions"}],"wp:attachment":[{"href":"https:\/\/csillagpor.hu\/remek\/programok\/wp-json\/wp\/v2\/media?parent=1635"}],"curies":[{"name":"wp","href":"https:\/\/api.w.org\/{rel}","templated":true}]}}