{"id":1638,"date":"2014-06-30T11:11:38","date_gmt":"2014-06-30T09:11:38","guid":{"rendered":"http:\/\/csillagpor.hu\/remek\/programok\/?page_id=1638"},"modified":"2022-06-30T18:28:25","modified_gmt":"2022-06-30T16:28:25","slug":"bumptop-screenshot","status":"publish","type":"page","link":"https:\/\/csillagpor.hu\/remek\/programok\/bumptop-screenshot","title":{"rendered":"BumpTop k\u00e9perny\u0151k\u00e9pek"},"content":{"rendered":"<p class=\"pp\"><a target=\"_blank\" title=\"bumptop\" href=\"\/\/csillagpor.hu\/remek\/programok\/bumptop-letoltese\" rel=\"noopener noreferrer\">A BumpTop<\/a> Windows 10-en &#8230; telep\u00edt\u00e9s ut\u00e1n innen ind\u00edthat\u00f3. Na persze k\u00e9s\u0151bb is, ha nem \u00e1ll\u00edtjuk be az automatikus ind\u00edt\u00e1st.<br \/>\n<img decoding=\"async\" loading=\"lazy\" alt=\"BumpTop ind\u00edt\u00e1s\" src=\"\/\/cuccokhalomban.csillagpor.hu\/pict\/bumptop-kepernyokep-1.jpg\" width=\"264\" height=\"161\" \/>\n<\/p>\n<p>Sz\u00f3val akkor fut a 2.5-\u00f6s verzi\u00f3 Windows 10-en, jobb gombbal egy ikonra kattintva ezt a k\u00f6rmen\u00fct kapjuk. Falon a jegyzetek \u00e9s egy\u00e9b widgetek.<br \/>\n<img decoding=\"async\" loading=\"lazy\" alt=\"BumpTop Windows 10\" src=\"\/\/cuccokhalomban.csillagpor.hu\/pict\/bumptop-kepernyokep-2.jpg\" width=\"730\" height=\"362\" \/>\n<\/p>\n<p>Ha a bal fels\u0151 Desktop men\u00fch\u00f6z hozz\u00e1 szeretn\u00e9nk m\u00e9g valamit adni, azt a More places-re kattintva tehetj\u00fck meg.<br \/>\n<img decoding=\"async\" loading=\"lazy\" alt=\"BumpTop men\u00fc\" src=\"\/\/cuccokhalomban.csillagpor.hu\/pict\/bumptop-kepernyokep-3.jpg\" width=\"730\" height=\"363\" \/>\n<\/p>\n<p>Ha szeretn\u00e9nk az ikonokat egy halomba rendezni, ker\u00edts\u00fck be \u0151ket, majd Create Pile&#8230;<br \/>\n<img decoding=\"async\" loading=\"lazy\" alt=\"BumpTop ikonhalom\" src=\"\/\/cuccokhalomban.csillagpor.hu\/pict\/bumptop-kepernyokep-4.jpg\" width=\"730\" height=\"363\" \/>\n<\/p>\n<p>\u00cdgy pedig sz\u00e9tt\u00f6rhetj\u00fck a kupacot.<br \/>\n<img decoding=\"async\" loading=\"lazy\" alt=\"BumpTop kupac sz\u00e9t\" src=\"\/\/cuccokhalomban.csillagpor.hu\/pict\/bumptop-kepernyokep-5.jpg\" width=\"730\" height=\"362\" \/>\n<\/p>\n<p>Itt \u00e1ll\u00edthatjuk be, milyen widgetek jelenjenek meg a falon.<br \/>\n<img decoding=\"async\" loading=\"lazy\" alt=\"BumpTop widgetek\" src=\"\/\/cuccokhalomban.csillagpor.hu\/pict\/bumptop-kepernyokep-6.jpg\" width=\"730\" height=\"362\" \/>\n<\/p>\n<p>Ha ezt a cs\u00faszk\u00e1t maximumra \u00e1ll\u00edtjuk, akkor b\u00e1rhogy forgathatjuk ikonjainkat.<br \/>\n<img decoding=\"async\" loading=\"lazy\" alt=\"BumpTop ikon forgat\u00e1s\" src=\"\/\/cuccokhalomban.csillagpor.hu\/pict\/bumptop-kepernyokep-7.jpg\" width=\"730\" height=\"362\" \/>\n<\/p>\n<p>T\u00e9m\u00e1t \u00e9s k\u00e9pek be\u00e1ll\u00edt\u00e1sa a k\u00fcl\u00f6nb\u00f6z\u0151 fel\u00fcletekre.<br \/>\n<img decoding=\"async\" loading=\"lazy\" alt=\"BumpTop t\u00e9m\u00e1k\" src=\"\/\/cuccokhalomban.csillagpor.hu\/pict\/bumptop-kepernyokep-8.jpg\" width=\"730\" height=\"362\" \/>\n<\/p>\n<p>R\u00e9gebbi verzi\u00f3&#8230;<\/p>\n<p><a target=\"_blank\" title=\"bumptop let\u00f6lt\u00e9s\" href=\"\/\/csillagpor.hu\/remek\/programok\/bumptop-letoltese\" rel=\"noopener noreferrer\">A BumpTop 3D asztal<\/a> telep\u00edt\u00e9se k\u00f6zben, ha sz\u00fcks\u00e9ge van a DirectX valamelyik verzi\u00f3j\u00e1ra, azt automatikusan feltelep\u00edti.<br \/>\n<img decoding=\"async\" loading=\"lazy\" alt=\"BumpTop telep\u00edt\u00e9s\" src=\"\/\/cuccokhalomban.csillagpor.hu\/pict\/bumptop-screenshot-1.jpg\" width=\"501\" height=\"251\" \/>\n<\/p>\n<p>Itt \u00fcdv\u00f6z\u00f6l a BumpTop \u00e9s kiv\u00e1laszthatjuk, hogy az ingyenes v\u00e1ltozat kell nek\u00fcnk&#8230; mi m\u00e1s?<br \/>\n<img decoding=\"async\" loading=\"lazy\" alt=\"BumpTop Free\" src=\"\/\/cuccokhalomban.csillagpor.hu\/pict\/bumptop-screenshot-2.jpg\" width=\"332\" height=\"314\" \/>\n<\/p>\n<p>\u00c9s elindult &#8230; itt van egy kis oktat\u00f3anyag, ami el\u00e9g hasznos, van mit tanulni a 3D fel\u00fclet\u00fcnk kezel\u00e9s\u00e9r\u0151l!<br \/>\n<img decoding=\"async\" loading=\"lazy\" alt=\"BumpTop oktat\u00e1s\" src=\"\/\/cuccokhalomban.csillagpor.hu\/pict\/bumptop-screenshot-3.jpg\" width=\"730\" height=\"345\" \/>\n<\/p>\n<p>Itt k\u00f6vetni kell az utas\u00edt\u00e1sokat, vagy Skip tutorial, ha m\u00e1ris haszn\u00e1ln\u00e1nk.<br \/>\n<img decoding=\"async\" loading=\"lazy\" alt=\"BumpTop tutorial\" src=\"\/\/cuccokhalomban.csillagpor.hu\/pict\/bumptop-screenshot-4.jpg\" width=\"730\" height=\"347\" \/>\n<\/p>\n<p>&#8230; \u00e9n tov\u00e1bbl\u00e9pek &#8230;<br \/>\n<img decoding=\"async\" loading=\"lazy\" alt=\"BumpTop tov\u00e1bb\" src=\"\/\/cuccokhalomban.csillagpor.hu\/pict\/bumptop-screenshot-5.jpg\" width=\"730\" height=\"347\" \/>\n<\/p>\n<p>No \u00e9s akkor felfesz\u00fclt nek\u00fcnk a 3D asztalunk, pr\u00f3b\u00e1lgassuk!<br \/>\n<img decoding=\"async\" loading=\"lazy\" alt=\"BumpTop k\u00e9sz\" src=\"\/\/cuccokhalomban.csillagpor.hu\/pict\/bumptop-screenshot-6.jpg\" width=\"730\" height=\"347\" \/>\n<\/p>\n<p>Jobb gombbal az asztalra kattintva pl. kiv\u00e1laszthatjuk melyik widget legyen a falon.<br \/>\n<img decoding=\"async\" loading=\"lazy\" alt=\"BumpTop widgets\" src=\"\/\/cuccokhalomban.csillagpor.hu\/pict\/bumptop-screenshot-7.jpg\" width=\"730\" height=\"344\" \/>\n<\/p>\n<p>Itt egy halomba dobhatjuk az ikonokat valamilyen rend szerint.<br \/>\n<img decoding=\"async\" loading=\"lazy\" alt=\"BumpTop rendez\u00e9s\" src=\"\/\/cuccokhalomban.csillagpor.hu\/pict\/bumptop-screenshot-8.jpg\" width=\"730\" height=\"344\" \/>\n<\/p>\n<p>Ez itt most k\u00e9t t\u00edpus &#8230;<br \/>\n<img decoding=\"async\" loading=\"lazy\" alt=\"BumpTop t\u00edpus szerint\" src=\"\/\/cuccokhalomban.csillagpor.hu\/pict\/bumptop-screenshot-9.jpg\" width=\"730\" height=\"345\" \/>\n<\/p>\n<p>Ilyen ha kinyitjuk&#8230;<br \/>\n<img decoding=\"async\" loading=\"lazy\" alt=\"BumpTop kinyitva\" src=\"\/\/cuccokhalomban.csillagpor.hu\/pict\/bumptop-screenshot-10.jpg\" width=\"730\" height=\"345\" \/>\n<\/p>\n<p>Itt pedig j\u00f6nnek az ikonok az eg\u00e9r ut\u00e1n mint a kiskacs\u00e1k.<br \/>\n<img decoding=\"async\" loading=\"lazy\" alt=\"BumpTop ikonok\" src=\"\/\/cuccokhalomban.csillagpor.hu\/pict\/bumptop-screenshot-11.jpg\" width=\"730\" height=\"347\" \/>\n<\/p>\n<p>Letettem \u0151ket, \u00e9s sz\u00e9thajig\u00e1ltam a dolgokat az asztalon.<br \/>\n<img decoding=\"async\" loading=\"lazy\" alt=\"BumpTop rendetlens\u00e9g\" src=\"\/\/cuccokhalomban.csillagpor.hu\/pict\/bumptop-screenshot-12.jpg\" width=\"730\" height=\"344\" \/>\n<\/p>\n<p>BumpTop be\u00e1ll\u00edt\u00e1sok, pl. hogy induljon e automatikusan, tov\u00e1bb\u00e1 nyelvek, felbont\u00e1sok, cache &#8230;<br \/>\n<img decoding=\"async\" loading=\"lazy\" alt=\"BumpTop be\u00e1ll\u00edt\u00e1sok\" src=\"\/\/cuccokhalomban.csillagpor.hu\/pict\/bumptop-screenshot-13.jpg\" width=\"730\" height=\"345\" \/>\n<\/p>\n<p>Ez itt egy m\u00e1sik kamera\u00e1ll\u00e1s, \u00e9s egy\u00e9b finoms\u00e1gok.<br \/>\n<img decoding=\"async\" loading=\"lazy\" alt=\"BumpTop kamera\" src=\"\/\/cuccokhalomban.csillagpor.hu\/pict\/bumptop-screenshot-14.jpg\" width=\"730\" height=\"344\" \/>\n<\/p>\n<p>Egy m\u00e1sik t\u00e9ma, itt lehet k\u00e9peket is tenni a falakra, padl\u00f3ra.<br \/>\n<img decoding=\"async\" loading=\"lazy\" alt=\"BumpTop k\u00e9pek\" src=\"\/\/cuccokhalomban.csillagpor.hu\/pict\/bumptop-screenshot-15.jpg\" width=\"730\" height=\"345\" \/><\/p>\n","protected":false},"excerpt":{"rendered":"<p><a target=\"_blank\" title=\"bumptop k\u00e9perny\u0151k\u00e9pek\" href=\"\/\/csillagpor.hu\/remek\/programok\/bumptop-screenshot\" rel=\"noopener noreferrer\"><img decoding=\"async\" loading=\"lazy\" alt=\"BumpTop\" src=\"\/\/cuccokhalomban.csillagpor.hu\/pict\/bumptop.jpg\" width=\"100\" height=\"67\" class=\"flr\" \/><\/a>A BumpTop 3D asztal telep\u00edt\u00e9se k\u00f6zben, ha sz\u00fcks\u00e9ge van a DirectX valamelyik verzi\u00f3j\u00e1ra, azt automatikusan feltelep\u00edti. Itt \u00fcdv\u00f6z\u00f6l a BumpTop \u00e9s kiv\u00e1laszthatjuk, hogy az ingyenes v\u00e1ltozat kell nek\u00fcnk&#8230; mi m\u00e1s? \u00c9s elindult &#8230; itt van egy kis oktat\u00f3anyag, ami el\u00e9g hasznos, van mit tanulni a 3D fel\u00fclet\u00fcnk kezel\u00e9s\u00e9r\u0151l! A BumpTop Windows 10-en &#8230; <\/p>\n","protected":false},"author":1,"featured_media":0,"parent":0,"menu_order":0,"comment_status":"closed","ping_status":"closed","template":"","meta":{"footnotes":""},"_links":{"self":[{"href":"https:\/\/csillagpor.hu\/remek\/programok\/wp-json\/wp\/v2\/pages\/1638"}],"collection":[{"href":"https:\/\/csillagpor.hu\/remek\/programok\/wp-json\/wp\/v2\/pages"}],"about":[{"href":"https:\/\/csillagpor.hu\/remek\/programok\/wp-json\/wp\/v2\/types\/page"}],"author":[{"embeddable":true,"href":"https:\/\/csillagpor.hu\/remek\/programok\/wp-json\/wp\/v2\/users\/1"}],"replies":[{"embeddable":true,"href":"https:\/\/csillagpor.hu\/remek\/programok\/wp-json\/wp\/v2\/comments?post=1638"}],"version-history":[{"count":0,"href":"https:\/\/csillagpor.hu\/remek\/programok\/wp-json\/wp\/v2\/pages\/1638\/revisions"}],"wp:attachment":[{"href":"https:\/\/csillagpor.hu\/remek\/programok\/wp-json\/wp\/v2\/media?parent=1638"}],"curies":[{"name":"wp","href":"https:\/\/api.w.org\/{rel}","templated":true}]}}