{"id":1640,"date":"2014-07-11T16:02:53","date_gmt":"2014-07-11T14:02:53","guid":{"rendered":"http:\/\/csillagpor.hu\/remek\/programok\/?page_id=1640"},"modified":"2022-06-30T18:30:51","modified_gmt":"2022-06-30T16:30:51","slug":"a9cad-a9converter-screenshot","status":"publish","type":"page","link":"https:\/\/csillagpor.hu\/remek\/programok\/a9cad-a9converter-screenshot","title":{"rendered":"A9CAD \u00e9s A9Converter k\u00e9perny\u0151k\u00e9pek"},"content":{"rendered":"<p><a target=\"_blank\" title=\"a9cad - a9converter\" href=\"\/\/csillagpor.hu\/remek\/programok\/a9cad-a9converter-letoltese\" rel=\"noopener noreferrer\">Az A9CAD<\/a> f\u00e1jl men\u00fcje.<br \/>\n<img decoding=\"async\" loading=\"lazy\" alt=\"A9CAD men\u00fc\" src=\"\/\/cuccokhalomban.csillagpor.hu\/pict\/a9cad-screenshot-1.jpg\" width=\"730\" height=\"500\" \/>\n<\/p>\n<p>A rajzol\u00e1s men\u00fcje \u00e9s a dimenzi\u00f3k elrendez\u00e9se.<br \/>\n<img decoding=\"async\" loading=\"lazy\" alt=\"A9CAD rajz\" src=\"\/\/cuccokhalomban.csillagpor.hu\/pict\/a9cad-screenshot-2.jpg\" width=\"730\" height=\"500\" \/>\n<\/p>\n<p>Ilyen v\u00e1ltoztat\u00e1sokat tudunk eszk\u00f6z\u00f6lni.<br \/>\n<img decoding=\"async\" loading=\"lazy\" alt=\"A9CAD modify\" src=\"\/\/cuccokhalomban.csillagpor.hu\/pict\/a9cad-screenshot-3.jpg\" width=\"730\" height=\"500\" \/>\n<\/p>\n<p>Itt pedig a r\u00e9tegek l\u00e1that\u00f3k, jelenleg az az egy&#8230;<br \/>\n<img decoding=\"async\" loading=\"lazy\" alt=\"A9CAD r\u00e9tegek\" src=\"\/\/cuccokhalomban.csillagpor.hu\/pict\/a9cad-screenshot-4.jpg\" width=\"730\" height=\"500\" \/>\n<\/p>\n<p>Ide dobjuk az \u00e1talak\u00edtand\u00f3 f\u00e1jlunkat, lent be\u00e1ll\u00edtjuk a f\u00e1jl form\u00e1tumot &#8230;<br \/>\n<img decoding=\"async\" loading=\"lazy\" alt=\"A9CAD f\u00e1jlok\" src=\"\/\/cuccokhalomban.csillagpor.hu\/pict\/a9converter-screenshot-1.jpg\" width=\"498\" height=\"382\" \/>\n<\/p>\n<p>&#8230; m\u00e9g lejjebb a f\u00e1jl verzi\u00f3t \u00e9s a mapp\u00e1t, majd mehet az \u00e1talak\u00edt\u00e1s.<br \/>\n<img decoding=\"async\" loading=\"lazy\" alt=\"A9CAD f\u00e1jl verzi\u00f3\" src=\"\/\/cuccokhalomban.csillagpor.hu\/pict\/a9converter-screenshot-2.jpg\" width=\"498\" height=\"382\" \/><\/p>\n","protected":false},"excerpt":{"rendered":"<p>Az A9CAD f\u00e1jl men\u00fcje. A rajzol\u00e1s men\u00fcje \u00e9s a dimenzi\u00f3k elrendez\u00e9se. Ilyen v\u00e1ltoztat\u00e1sokat tudunk eszk\u00f6z\u00f6lni. Itt pedig a r\u00e9tegek l\u00e1that\u00f3k, jelenleg az az&#46;&#46;&#46;<\/p>\n","protected":false},"author":1,"featured_media":0,"parent":0,"menu_order":0,"comment_status":"closed","ping_status":"closed","template":"","meta":{"footnotes":""},"_links":{"self":[{"href":"https:\/\/csillagpor.hu\/remek\/programok\/wp-json\/wp\/v2\/pages\/1640"}],"collection":[{"href":"https:\/\/csillagpor.hu\/remek\/programok\/wp-json\/wp\/v2\/pages"}],"about":[{"href":"https:\/\/csillagpor.hu\/remek\/programok\/wp-json\/wp\/v2\/types\/page"}],"author":[{"embeddable":true,"href":"https:\/\/csillagpor.hu\/remek\/programok\/wp-json\/wp\/v2\/users\/1"}],"replies":[{"embeddable":true,"href":"https:\/\/csillagpor.hu\/remek\/programok\/wp-json\/wp\/v2\/comments?post=1640"}],"version-history":[{"count":0,"href":"https:\/\/csillagpor.hu\/remek\/programok\/wp-json\/wp\/v2\/pages\/1640\/revisions"}],"wp:attachment":[{"href":"https:\/\/csillagpor.hu\/remek\/programok\/wp-json\/wp\/v2\/media?parent=1640"}],"curies":[{"name":"wp","href":"https:\/\/api.w.org\/{rel}","templated":true}]}}