{"id":1643,"date":"2014-07-26T16:54:02","date_gmt":"2014-07-26T14:54:02","guid":{"rendered":"http:\/\/csillagpor.hu\/remek\/programok\/?page_id=1643"},"modified":"2022-06-30T18:33:49","modified_gmt":"2022-06-30T16:33:49","slug":"immunet-screenshot","status":"publish","type":"page","link":"https:\/\/csillagpor.hu\/remek\/programok\/immunet-screenshot","title":{"rendered":"Immunet k\u00e9perny\u0151k\u00e9pek"},"content":{"rendered":"<p><a target=\"_blank\" title=\"Immunet AntiVirus\" href=\"\/\/csillagpor.hu\/remek\/programok\/clamav-for-windows\" rel=\"noopener noreferrer\">Az Immunet AntiVirus<\/a> 5-\u00f6s verzi\u00f3j\u00e1nak telep\u00edt\u00e9se Windows 10-re. Elind\u00edtunk e egy vill\u00e1mkeres\u00e9st vagy nem?<br \/>\n<img decoding=\"async\" loading=\"lazy\" alt=\"Immunet Windows 10\" src=\"\/\/cuccokhalomban.csillagpor.hu\/pict\/immunet-antivirus-1.jpg\" width=\"542\" height=\"434\" \/>\n<\/p>\n<p>Elindult telep\u00edt\u00e9s ut\u00e1n, bal lent a s\u00e1rg\u00e1s felki\u00e1lt\u00f3jel gomb azt jelenti, hogy \u00f6r\u00fclne ha elind\u00edtan\u00e1nk egy keres\u00e9st.<br \/>\n<img decoding=\"async\" loading=\"lazy\" alt=\"Immunet keress\u00fcnk\" src=\"\/\/cuccokhalomban.csillagpor.hu\/pict\/immunet-antivirus-2.jpg\" width=\"730\" height=\"495\" \/>\n<\/p>\n<p>Gyors, \u00e1ltalunk be\u00e1ll\u00edtott \u00e9s teljes \u00e1tvizsg\u00e1l\u00e1si lehet\u0151s\u00e9gek.<br \/>\n<img decoding=\"async\" loading=\"lazy\" alt=\"Immunet \u00e1tvizsg\u00e1l\u00e1s\" src=\"\/\/cuccokhalomban.csillagpor.hu\/pict\/immunet-antivirus-3.jpg\" width=\"730\" height=\"495\" \/>\n<\/p>\n<p>Ezek az alap\u00e9rtelmezett be\u00e1ll\u00edt\u00e1sok telep\u00edt\u00e9s ut\u00e1n, j\u00f3 ha mindet bekapcsoljuk.<br \/>\n<img decoding=\"async\" loading=\"lazy\" alt=\"Immunet v\u00e9delem bekapcsol\u00e1sa\" src=\"\/\/cuccokhalomban.csillagpor.hu\/pict\/immunet-antivirus-4.jpg\" width=\"730\" height=\"495\" \/>\n<\/p>\n<p>Felismeri m\u00e1s v\u00edrusirt\u00f3 programok f\u00e1jljait, nyomait, \u00e9s b\u00e9k\u00e9n hagyja \u0151ket.<br \/>\n<img decoding=\"async\" loading=\"lazy\" alt=\"Immunet v\u00edrusirt\u00f3k\" src=\"\/\/cuccokhalomban.csillagpor.hu\/pict\/immunet-antivirus-5.jpg\" width=\"730\" height=\"495\" \/>\n<\/p>\n<p>D\u00f6nts\u00fck el vizsg\u00e1lja e a t\u00f6m\u00f6r\u00edtett f\u00e1jlokat!<br \/>\n<img decoding=\"async\" loading=\"lazy\" alt=\"Immunet t\u00f6m\u00f6r\u00edtett f\u00e1jl vizsg\u00e1lat\" src=\"\/\/cuccokhalomban.csillagpor.hu\/pict\/immunet-antivirus-6.jpg\" width=\"730\" height=\"495\" \/>\n<\/p>\n<p>Egyebek &#8230; pl. elk\u00fcldi e a gyan\u00fas vagy fert\u0151z\u00f6tt f\u00e1jlokat az Immunetnek vizsg\u00e1latra.<br \/>\n<img decoding=\"async\" loading=\"lazy\" alt=\"Immunet f\u00e1jl k\u00fcld\u00e9s vizsg\u00e1latra.\" src=\"\/\/cuccokhalomban.csillagpor.hu\/pict\/immunet-antivirus-7.jpg\" width=\"730\" height=\"495\" \/>\n<\/p>\n<p>R\u00e9gebbi verzi\u00f3 &#8230;<\/p>\n<p><a target=\"_blank\" title=\"Immunet\" href=\"\/\/csillagpor.hu\/remek\/programok\/clamav-for-windows\" rel=\"noopener noreferrer\">Az Immunet, kor\u00e1bban ClamAV for Windows<\/a>, telep\u00edt\u00e9se. Felismerte a 64 bites rendszert, \u00edgy a 64 bites v\u00edrusirt\u00f3t telep\u00edti.<br \/>\n<img decoding=\"async\" loading=\"lazy\" alt=\"Immunet telep\u00edt\u00e9s\" src=\"\/\/cuccokhalomban.csillagpor.hu\/pict\/immunet-screenshot-1.jpg\" width=\"502\" height=\"388\" \/>\n<\/p>\n<p>Az ingyenes \u00e9s a fizet\u0151s k\u00f6z\u00f6tti k\u00fcl\u00f6nbs\u00e9g. A Cloud a Free, azt v\u00e1lasszuk! Csak online v\u00e9delemmel rendelkezik!<br \/>\n<img decoding=\"async\" loading=\"lazy\" alt=\"Immunet k\u00fcl\u00f6nbs\u00e9gek\" src=\"\/\/cuccokhalomban.csillagpor.hu\/pict\/immunet-screenshot-2.jpg\" width=\"502\" height=\"388\" \/>\n<\/p>\n<p>Hov\u00e1 telep\u00edtj\u00fck \u00e9s szeretn\u00e9nk e f\u00e1jlokat elemz\u00e9sre k\u00fcldeni?<br \/>\n<img decoding=\"async\" loading=\"lazy\" alt=\"Immunet anal\u00edzis\" src=\"\/\/cuccokhalomban.csillagpor.hu\/pict\/immunet-screenshot-3.jpg\" width=\"503\" height=\"389\" \/>\n<\/p>\n<p>\u00c9s feltelep\u00fclt az Immunet 3! Lent \u00e9s oldalt a teljes verzi\u00f3 rekl\u00e1mja, a jobboldali kikapcsolhat\u00f3.<br \/>\n<img decoding=\"async\" loading=\"lazy\" alt=\"Immunet k\u00e9sz\" src=\"\/\/cuccokhalomban.csillagpor.hu\/pict\/immunet-screenshot-4.jpg\" width=\"730\" height=\"409\" \/>\n<\/p>\n<p>A be\u00e1ll\u00edt\u00e1sokn\u00e1l k\u00fcl\u00f6nf\u00e9le v\u00e9delmeket \u00e9s funkci\u00f3kat kapcsolhatunk ki-be.<br \/>\n<img decoding=\"async\" loading=\"lazy\" alt=\"Immunet be\u00e1ll\u00edt\u00e1sok\" src=\"\/\/cuccokhalomban.csillagpor.hu\/pict\/immunet-screenshot-5.jpg\" width=\"730\" height=\"493\" \/>\n<\/p>\n<p>A ClamAV Detection Enginet \u00e9rdemes bekapcsolni.<br \/>\n<img decoding=\"async\" loading=\"lazy\" alt=\"Immunet ClamAV Engine\" src=\"\/\/cuccokhalomban.csillagpor.hu\/pict\/immunet-screenshot-6.jpg\" width=\"730\" height=\"496\" \/>\n<\/p>\n<p>F\u00e1jlt\u00edpusok vizsg\u00e1lata, ami bekapcsolhat\u00f3 szerintem kapcsoljuk be!<br \/>\n<img decoding=\"async\" loading=\"lazy\" alt=\"Immunet arch\u00edvok\" src=\"\/\/cuccokhalomban.csillagpor.hu\/pict\/immunet-screenshot-7.jpg\" width=\"730\" height=\"495\" \/>\n<\/p>\n<p>A figyelmeztet\u00e9sek, van j\u00e1t\u00e9k m\u00f3d is.<br \/>\n<img decoding=\"async\" loading=\"lazy\" alt=\"Immunet j\u00e1t\u00e9k m\u00f3d\" src=\"\/\/cuccokhalomban.csillagpor.hu\/pict\/immunet-screenshot-8.jpg\" width=\"730\" height=\"495\" \/>\n<\/p>\n<p>A k\u00f6z\u00f6ss\u00e9gi be\u00e1ll\u00edt\u00e1sok alap\u00e9rtelmez\u00e9se &#8230;<br \/>\n<img decoding=\"async\" loading=\"lazy\" alt=\"Immunet k\u00f6z\u00f6ss\u00e9g\" src=\"\/\/cuccokhalomban.csillagpor.hu\/pict\/immunet-screenshot-9.jpg\" width=\"730\" height=\"496\" \/>\n<\/p>\n<p>Tov\u00e1bbi be\u00e1ll\u00edt\u00e1sok&#8230;<br \/>\n<img decoding=\"async\" loading=\"lazy\" alt=\"Immunet stb\" src=\"\/\/cuccokhalomban.csillagpor.hu\/pict\/immunet-screenshot-10.jpg\" width=\"730\" height=\"494\" \/>\n<\/p>\n<p>H\u00e1romf\u00e9le v\u00edrus keres\u00e9si lehet\u0151s\u00e9g, a Rootkit fizet\u0151s csak.<br \/>\n<img decoding=\"async\" loading=\"lazy\" alt=\"Immunet v\u00edrus elkap\u00f3 m\u00f3dok\" src=\"\/\/cuccokhalomban.csillagpor.hu\/pict\/immunet-screenshot-11.jpg\" width=\"730\" height=\"495\" \/>\n<\/p>\n<p>Elind\u00edtottam egy gyors keres\u00e9st &#8230;<br \/>\n<img decoding=\"async\" loading=\"lazy\" alt=\"Immunet keres\u00e9s\" src=\"\/\/cuccokhalomban.csillagpor.hu\/pict\/immunet-screenshot-12.jpg\" width=\"730\" height=\"495\" \/><\/p>\n","protected":false},"excerpt":{"rendered":"<p><a target=\"_blank\" title=\"Immunet k\u00e9perny\u0151k\u00e9pek\" href=\"\/\/csillagpor.hu\/remek\/programok\/immunet-screenshot\" rel=\"noopener noreferrer\"><img decoding=\"async\" loading=\"lazy\" alt=\"ClamAV for Windows\" src=\"\/\/cuccokhalomban.csillagpor.hu\/pict\/immunet-kicsi.jpg\" width=\"100\" height=\"68\" class=\"flr\" \/><\/a>Az Immunet, kor\u00e1bban ClamAV for Windows, telep\u00edt\u00e9se. Felismerte a 64 bites rendszert, \u00edgy a 64 bites v\u00edrusirt\u00f3t telep\u00edti. Az ingyenes \u00e9s a fizet\u0151s k\u00f6z\u00f6tti k\u00fcl\u00f6nbs\u00e9g. A Cloud a Free, azt v\u00e1lasszuk! Csak online v\u00e9delemmel rendelkezik! Hov\u00e1 telep\u00edtj\u00fck \u00e9s szeretn\u00e9nk e f\u00e1jlokat elemz\u00e9sre k\u00fcldeni? \u00c9s feltelep\u00fclt az Immunet 3! Lent \u00e9s oldalt a teljes verzi\u00f3 rekl\u00e1mja, a jobboldali kikapcsolhat\u00f3&#8230;<\/p>\n","protected":false},"author":1,"featured_media":0,"parent":0,"menu_order":0,"comment_status":"closed","ping_status":"closed","template":"","meta":{"footnotes":""},"_links":{"self":[{"href":"https:\/\/csillagpor.hu\/remek\/programok\/wp-json\/wp\/v2\/pages\/1643"}],"collection":[{"href":"https:\/\/csillagpor.hu\/remek\/programok\/wp-json\/wp\/v2\/pages"}],"about":[{"href":"https:\/\/csillagpor.hu\/remek\/programok\/wp-json\/wp\/v2\/types\/page"}],"author":[{"embeddable":true,"href":"https:\/\/csillagpor.hu\/remek\/programok\/wp-json\/wp\/v2\/users\/1"}],"replies":[{"embeddable":true,"href":"https:\/\/csillagpor.hu\/remek\/programok\/wp-json\/wp\/v2\/comments?post=1643"}],"version-history":[{"count":0,"href":"https:\/\/csillagpor.hu\/remek\/programok\/wp-json\/wp\/v2\/pages\/1643\/revisions"}],"wp:attachment":[{"href":"https:\/\/csillagpor.hu\/remek\/programok\/wp-json\/wp\/v2\/media?parent=1643"}],"curies":[{"name":"wp","href":"https:\/\/api.w.org\/{rel}","templated":true}]}}