{"id":1646,"date":"2014-07-28T19:42:25","date_gmt":"2014-07-28T17:42:25","guid":{"rendered":"http:\/\/csillagpor.hu\/remek\/programok\/?page_id=1646"},"modified":"2022-06-30T17:59:57","modified_gmt":"2022-06-30T15:59:57","slug":"smart-recovery-screenshot","status":"publish","type":"page","link":"https:\/\/csillagpor.hu\/remek\/programok\/smart-recovery-screenshot","title":{"rendered":"Smart Recovery k\u00e9perny\u0151k\u00e9pek"},"content":{"rendered":"<p><a target=\"_blank\" title=\"smart recovery\" href=\"\/\/csillagpor.hu\/remek\/programok\/pc-inspector-smart-recovery-letoltese\" rel=\"noopener noreferrer\">A Smart Recovery adat vissza\u00e1ll\u00edt\u00f3 szoftver.<\/a><br \/>\n<img decoding=\"async\" loading=\"lazy\" alt=\"Smart Recovery\" src=\"\/\/cuccokhalomban.csillagpor.hu\/pict\/smart-recovery-screenshot-1.jpg\" width=\"661\" height=\"478\" \/>\n<\/p>\n<p>\u00c1ll\u00edtsuk be az elveszett f\u00e1jlok form\u00e1tum\u00e1nak t\u00edpus\u00e1t&#8230; illetve, hogy honnan vesztek el.<br \/>\n<img decoding=\"async\" loading=\"lazy\" alt=\"Smart Recovery form\u00e1tum\" src=\"\/\/cuccokhalomban.csillagpor.hu\/pict\/smart-recovery-screenshot-2.jpg\" width=\"661\" height=\"479\" \/>\n<\/p>\n<p>Gyors vagy intenz\u00edv m\u00f3d. Ha a gyors nem hozott eredm\u00e9nyt, akkor haszn\u00e1ljuk az intenz\u00edvet. Lent a keresend\u0151 f\u00e1jl m\u00e9ret\u00e9nek limit\u00e9t \u00e1ll\u00edthatjuk be.<br \/>\n<img decoding=\"async\" loading=\"lazy\" alt=\"Smart Recovery m\u00f3dok\" src=\"\/\/cuccokhalomban.csillagpor.hu\/pict\/smart-recovery-screenshot-3.jpg\" width=\"660\" height=\"480\" \/>\n<\/p>\n<p>F\u00e1jlt keres\u00fcnk vagy meghajt\u00f3t ellen\u0151rz\u00fcnk?<br \/>\n<img decoding=\"async\" loading=\"lazy\" alt=\"Smart Recovery ellen\u0151rz\u00e9s\" src=\"\/\/cuccokhalomban.csillagpor.hu\/pict\/smart-recovery-screenshot-4.jpg\" width=\"661\" height=\"478\" \/>\n<\/p>\n<p>Ha jobb oldalon, a c\u00e9l helyn\u00e9l ugyanaz a meghajt\u00f3 szerepel mint baloldalon a forr\u00e1sn\u00e1l, akkor nem tudunk tov\u00e1bbl\u00e9pni. Nem engedi az elveszett adatokat tartalmaz\u00f3 m\u00e9di\u00e1ra val\u00f3 \u00edr\u00e1st, nehogy tov\u00e1bb cs\u00f6kkenjen a vissza\u00e1ll\u00edt\u00e1s val\u00f3sz\u00edn\u0171s\u00e9ge.<br \/>\n<img decoding=\"async\" loading=\"lazy\" alt=\"Smart Recovery m\u00e1sik kell\" src=\"\/\/cuccokhalomban.csillagpor.hu\/pict\/smart-recovery-screenshot-5.jpg\" width=\"660\" height=\"481\" \/><\/p>\n","protected":false},"excerpt":{"rendered":"<p><a target=\"_blank\" title=\"Smart Recovery k\u00e9perny\u0151k\u00e9pek\" href=\"\/\/csillagpor.hu\/remek\/programok\/smart-recovery-screenshot\" rel=\"noopener noreferrer\"><img decoding=\"async\" loading=\"lazy\" alt=\"PC Inspector Smart Recovery\" src=\"\/\/cuccokhalomban.csillagpor.hu\/pict\/smart-recovery-kicsi.jpg\" width=\"100\" height=\"72\" class=\"flr\" \/><\/a>A Smart Recovery adat vissza\u00e1ll\u00edt\u00f3 szoftver. \u00c1ll\u00edtsuk be az elveszett f\u00e1jlok form\u00e1tum\u00e1nak t\u00edpus\u00e1t&#8230; illetve, hogy honnan vesztek el. Gyors vagy intenz\u00edv m\u00f3d. Ha a gyors nem hozott eredm\u00e9nyt, akkor haszn\u00e1ljuk az intenz\u00edvet. Lent a keresend\u0151 f\u00e1jl m\u00e9ret\u00e9nek limit\u00e9t \u00e1ll\u00edthatjuk be. F\u00e1jlt keres\u00fcnk vagy meghajt\u00f3t ellen\u0151rz\u00fcnk? &#8230;<\/p>\n","protected":false},"author":1,"featured_media":0,"parent":0,"menu_order":0,"comment_status":"closed","ping_status":"closed","template":"","meta":{"footnotes":""},"_links":{"self":[{"href":"https:\/\/csillagpor.hu\/remek\/programok\/wp-json\/wp\/v2\/pages\/1646"}],"collection":[{"href":"https:\/\/csillagpor.hu\/remek\/programok\/wp-json\/wp\/v2\/pages"}],"about":[{"href":"https:\/\/csillagpor.hu\/remek\/programok\/wp-json\/wp\/v2\/types\/page"}],"author":[{"embeddable":true,"href":"https:\/\/csillagpor.hu\/remek\/programok\/wp-json\/wp\/v2\/users\/1"}],"replies":[{"embeddable":true,"href":"https:\/\/csillagpor.hu\/remek\/programok\/wp-json\/wp\/v2\/comments?post=1646"}],"version-history":[{"count":0,"href":"https:\/\/csillagpor.hu\/remek\/programok\/wp-json\/wp\/v2\/pages\/1646\/revisions"}],"wp:attachment":[{"href":"https:\/\/csillagpor.hu\/remek\/programok\/wp-json\/wp\/v2\/media?parent=1646"}],"curies":[{"name":"wp","href":"https:\/\/api.w.org\/{rel}","templated":true}]}}