{"id":1647,"date":"2014-07-29T12:38:50","date_gmt":"2014-07-29T10:38:50","guid":{"rendered":"http:\/\/csillagpor.hu\/remek\/programok\/?page_id=1647"},"modified":"2022-06-30T18:01:29","modified_gmt":"2022-06-30T16:01:29","slug":"rejtjelezo-screenshot","status":"publish","type":"page","link":"https:\/\/csillagpor.hu\/remek\/programok\/rejtjelezo-screenshot","title":{"rendered":"Rejtjelez\u0151 k\u00e9perny\u0151k\u00e9pek"},"content":{"rendered":"<p><a target=\"_blank\" title=\"rejtjelez\u0151\" href=\"\/\/csillagpor.hu\/remek\/programok\/rejtjelezo-letoltese\" rel=\"noopener noreferrer\">A Rejtjelez\u0151<\/a> nyit\u00f3 oldala, ismertet\u0151k a k\u00fcl\u00f6nf\u00e9le algoritmusokr\u00f3l \u00e9s k\u00f3dol\u00e1s \/ dek\u00f3dol\u00e1s seg\u00edts\u00e9g\u00fckkel.<br \/>\n<img decoding=\"async\" loading=\"lazy\" alt=\"Rejtjelez\u0151 tartalom\" src=\"\/\/cuccokhalomban.csillagpor.hu\/pict\/rejtjelezo-screenshot-1.jpg\" width=\"416\" height=\"500\" \/>\n<\/p>\n<p>Az AES algoritmus ismertet\u0151je.<br \/>\n<img decoding=\"async\" loading=\"lazy\" alt=\"Rejtjelez\u0151 AES\" src=\"\/\/cuccokhalomban.csillagpor.hu\/pict\/rejtjelezo-screenshot-2.jpg\" width=\"416\" height=\"500\" \/>\n<\/p>\n<p>AES algoritmussal val\u00f3 k\u00f3dol\u00e1s \u00e9s dek\u00f3dol\u00e1s. 256 bites kulcs gener\u00e1l\u00e1sa.<br \/>\n<img decoding=\"async\" loading=\"lazy\" alt=\"Rejtjelez\u0151 256 bit\" src=\"\/\/cuccokhalomban.csillagpor.hu\/pict\/rejtjelezo-screenshot-3.jpg\" width=\"416\" height=\"500\" \/>\n<\/p>\n<p>Az eredeti \u00e9s a k\u00f3dolt sz\u00f6veg, csoportokba rendezve.<br \/>\n<img decoding=\"async\" loading=\"lazy\" alt=\"Rejtjelez\u0151 k\u00f3dolt\" src=\"\/\/cuccokhalomban.csillagpor.hu\/pict\/rejtjelezo-screenshot-4.jpg\" width=\"416\" height=\"500\" \/>\n<\/p>\n<p>A Morse k\u00f3d ismertet\u00e9se.<br \/>\n<img decoding=\"async\" loading=\"lazy\" alt=\"Rejtjelez\u0151 Morse\" src=\"\/\/cuccokhalomban.csillagpor.hu\/pict\/rejtjelezo-screenshot-5.jpg\" width=\"416\" height=\"500\" \/>\n<\/p>\n<p>\u00c9s ugyanaz a sz\u00f6veg most Morse k\u00f3ddal.<br \/>\n<img decoding=\"async\" loading=\"lazy\" alt=\"Rejtjelez\u0151 Morse k\u00f3d\" src=\"\/\/cuccokhalomban.csillagpor.hu\/pict\/rejtjelezo-screenshot-6.jpg\" width=\"416\" height=\"500\" \/>\n<\/p>\n<p>Gyakran ism\u00e9tl\u0151d\u0151 k\u00e9rd\u00e9sek, pl. melyik a legbiztons\u00e1gosabb rejtjelez\u0151 m\u00f3dszer.<br \/>\n<img decoding=\"async\" loading=\"lazy\" alt=\"Rejtjelez\u0151 GYIK\" src=\"\/\/cuccokhalomban.csillagpor.hu\/pict\/rejtjelezo-screenshot-7.jpg\" width=\"416\" height=\"500\" \/>\n<\/p>\n<p>P\u00e1r sz\u00f3 a bet\u0171gyakoris\u00e1gr\u00f3l&#8230;<br \/>\n<img decoding=\"async\" loading=\"lazy\" alt=\"Rejtjelez\u0151 bet\u0171gyakoris\u00e1g\" src=\"\/\/cuccokhalomban.csillagpor.hu\/pict\/rejtjelezo-screenshot-8.jpg\" width=\"416\" height=\"500\" \/><\/p>\n","protected":false},"excerpt":{"rendered":"<p><a target=\"_blank\" title=\"rejtjelez\u0151 k\u00e9perny\u0151k\u00e9pek\" href=\"\/\/csillagpor.hu\/remek\/programok\/rejtjelezo-screenshot\" rel=\"noopener noreferrer\"><img decoding=\"async\" loading=\"lazy\" alt=\"Rejtjelez\u0151\" src=\"\/\/cuccokhalomban.csillagpor.hu\/pict\/rejtjelez.jpg\" width=\"100\" height=\"50\" class=\"flr\" \/><\/a>A Rejtjelez\u0151 nyit\u00f3 oldala, ismertet\u0151k a k\u00fcl\u00f6nf\u00e9le algoritmusokr\u00f3l \u00e9s k\u00f3dol\u00e1s \/ dek\u00f3dol\u00e1s seg\u00edts\u00e9g\u00fckkel. Az AES algoritmus ismertet\u0151je. AES algoritmussal val\u00f3 k\u00f3dol\u00e1s \u00e9s dek\u00f3dol\u00e1s. 256 bites kulcs gener\u00e1l\u00e1sa. Az eredeti \u00e9s a k\u00f3dolt sz\u00f6veg, csoportokba rendezve. A Morse k\u00f3d ismertet\u00e9se. \u00c9s ugyanaz a sz\u00f6veg most Morse k\u00f3ddal. Gyakran ism\u00e9tl\u0151d\u0151 k\u00e9rd\u00e9sek, pl. melyik a legbiztons\u00e1gosabb rejtjelez\u0151 m\u00f3dszer. P\u00e1r sz\u00f3 a bet\u0171gyakoris\u00e1gr\u00f3l&#8230;<\/p>\n","protected":false},"author":1,"featured_media":0,"parent":0,"menu_order":0,"comment_status":"closed","ping_status":"closed","template":"","meta":{"footnotes":""},"_links":{"self":[{"href":"https:\/\/csillagpor.hu\/remek\/programok\/wp-json\/wp\/v2\/pages\/1647"}],"collection":[{"href":"https:\/\/csillagpor.hu\/remek\/programok\/wp-json\/wp\/v2\/pages"}],"about":[{"href":"https:\/\/csillagpor.hu\/remek\/programok\/wp-json\/wp\/v2\/types\/page"}],"author":[{"embeddable":true,"href":"https:\/\/csillagpor.hu\/remek\/programok\/wp-json\/wp\/v2\/users\/1"}],"replies":[{"embeddable":true,"href":"https:\/\/csillagpor.hu\/remek\/programok\/wp-json\/wp\/v2\/comments?post=1647"}],"version-history":[{"count":0,"href":"https:\/\/csillagpor.hu\/remek\/programok\/wp-json\/wp\/v2\/pages\/1647\/revisions"}],"wp:attachment":[{"href":"https:\/\/csillagpor.hu\/remek\/programok\/wp-json\/wp\/v2\/media?parent=1647"}],"curies":[{"name":"wp","href":"https:\/\/api.w.org\/{rel}","templated":true}]}}