{"id":1649,"date":"2014-07-31T14:44:37","date_gmt":"2014-07-31T12:44:37","guid":{"rendered":"http:\/\/csillagpor.hu\/remek\/programok\/?page_id=1649"},"modified":"2022-06-30T18:26:53","modified_gmt":"2022-06-30T16:26:53","slug":"convert-vob-to-avi-screenshot","status":"publish","type":"page","link":"https:\/\/csillagpor.hu\/remek\/programok\/convert-vob-to-avi-screenshot","title":{"rendered":"Convert VOB to AVI k\u00e9perny\u0151k\u00e9pek"},"content":{"rendered":"<p><a target=\"_blank\" title=\"convert vob to avi\" href=\"\/\/csillagpor.hu\/remek\/programok\/convert-vob-to-avi\" rel=\"noopener noreferrer\">A Convert VOB to AVI<\/a> \u00e1talak\u00edt\u00f3 programr\u00f3l igaz\u00e1b\u00f3l k\u00e9t k\u00e9perny\u0151k\u00e9pet lehet k\u00e9sz\u00edteni, egyszer mikor bet\u00f6lt\u00f6m a <a target=\"_blank\" title=\"f\u00e1jlkiterjeszt\u00e9s \/ vob\" href=\"\/\/csillagpor.hu\/remek\/fajlkiterjesztes\/vob\" rel=\"noopener noreferrer\">.vob<\/a> f\u00e1jlt, \u00e9s egyszer amikor k\u00e9sz a m\u00e1sik vide\u00f3 f\u00e1jl. Az els\u0151 k\u00e9pen l\u00e1thatjuk, hogy milyen vide\u00f3 form\u00e1tumokba alak\u00edthatunk, meg kell adni a forr\u00e1sf\u00e1jlt \u00e9s be\u00e1ll\u00edthatjuk, hogy maradjon a vide\u00f3 k\u00e9par\u00e1nya olyan amilyen volt (None), vagy alak\u00edtsa \u00e1t m\u00e1smilyenbe.<br \/>\n<img decoding=\"async\" loading=\"lazy\" alt=\"Convert VOB to AVI forr\u00e1sf\u00e1jl\" src=\"\/\/cuccokhalomban.csillagpor.hu\/pict\/convert-vob-to-avi-screenshot-1.jpg\" width=\"500\" height=\"356\" \/>\n<\/p>\n<p>A m\u00e1sodik k\u00e9pen pedig m\u00e1r k\u00e9sz az \u00faj vide\u00f3, ez esetben az mp4 f\u00e1jl. Ennyi ez a program.<br \/>\n<img decoding=\"async\" loading=\"lazy\" alt=\"Convert VOB to AVI mp4\" src=\"\/\/cuccokhalomban.csillagpor.hu\/pict\/convert-vob-to-avi-screenshot-2.jpg\" width=\"500\" height=\"356\" \/><\/p>\n","protected":false},"excerpt":{"rendered":"<p><a target=\"_blank\" title=\"convert vob to avi k\u00e9perny\u0151k\u00e9pek\" href=\"\/\/csillagpor.hu\/remek\/programok\/convert-vob-to-avi-screenshot\" rel=\"noopener noreferrer\"><img decoding=\"async\" loading=\"lazy\" alt=\"Convert VOB to AVI\" src=\"\/\/cuccokhalomban.csillagpor.hu\/pict\/vob-avi.jpg\" width=\"100\" height=\"71\" class=\"flr\" \/><\/a>A Convert VOB to AVI \u00e1talak\u00edt\u00f3 programr\u00f3l igaz\u00e1b\u00f3l k\u00e9t k\u00e9perny\u0151k\u00e9pet lehet k\u00e9sz\u00edteni, egyszer mikor bet\u00f6lt\u00f6m a vob f\u00e1jlt, \u00e9s egyszer amikor k\u00e9sz a m\u00e1sik vide\u00f3 f\u00e1jl. Az els\u0151 k\u00e9pen l\u00e1thatjuk, hogy milyen vide\u00f3 form\u00e1tumokba alak\u00edthatunk, meg kell adni a forr\u00e1sf\u00e1jlt \u00e9s be\u00e1ll\u00edthatjuk, hogy maradjon a vide\u00f3 k\u00e9par\u00e1nya olyan amilyen volt (None), vagy alak\u00edtsa \u00e1t m\u00e1smilyenbe&#8230;<\/p>\n","protected":false},"author":1,"featured_media":0,"parent":0,"menu_order":0,"comment_status":"closed","ping_status":"closed","template":"","meta":{"footnotes":""},"_links":{"self":[{"href":"https:\/\/csillagpor.hu\/remek\/programok\/wp-json\/wp\/v2\/pages\/1649"}],"collection":[{"href":"https:\/\/csillagpor.hu\/remek\/programok\/wp-json\/wp\/v2\/pages"}],"about":[{"href":"https:\/\/csillagpor.hu\/remek\/programok\/wp-json\/wp\/v2\/types\/page"}],"author":[{"embeddable":true,"href":"https:\/\/csillagpor.hu\/remek\/programok\/wp-json\/wp\/v2\/users\/1"}],"replies":[{"embeddable":true,"href":"https:\/\/csillagpor.hu\/remek\/programok\/wp-json\/wp\/v2\/comments?post=1649"}],"version-history":[{"count":0,"href":"https:\/\/csillagpor.hu\/remek\/programok\/wp-json\/wp\/v2\/pages\/1649\/revisions"}],"wp:attachment":[{"href":"https:\/\/csillagpor.hu\/remek\/programok\/wp-json\/wp\/v2\/media?parent=1649"}],"curies":[{"name":"wp","href":"https:\/\/api.w.org\/{rel}","templated":true}]}}