{"id":1651,"date":"2014-08-06T19:46:30","date_gmt":"2014-08-06T17:46:30","guid":{"rendered":"http:\/\/csillagpor.hu\/remek\/programok\/?page_id=1651"},"modified":"2022-06-30T18:19:37","modified_gmt":"2022-06-30T16:19:37","slug":"free-studio-screenshot","status":"publish","type":"page","link":"https:\/\/csillagpor.hu\/remek\/programok\/free-studio-screenshot","title":{"rendered":"Free Studio k\u00e9perny\u0151k\u00e9pek"},"content":{"rendered":"<p><a target=\"_blank\" title=\"free studio\" href=\"\/\/csillagpor.hu\/remek\/programok\/free-studio\" rel=\"noopener noreferrer\">A Free Studio<\/a> telep\u00edt\u00e9sekor most m\u00e1r ezt l\u00e1thatjuk, fut Windows 10-en is, \u00e9s az a Youtube vide\u00f3 let\u00f6lt\u0151 eg\u00e9sz j\u00f3 dolog, mp3-ba is \u00e1talak\u00edt r\u00f6gt\u00f6n ha akarjuk.<br \/>\n<img decoding=\"async\" loading=\"lazy\" alt=\"Free Studio telep\u00edt\u00e9s\" src=\"\/\/cuccokhalomban.csillagpor.hu\/pict\/free-studio-kerernyokep-1.jpg\" width=\"499\" height=\"387\" \/>\n<\/p>\n<p>Sajnos beleker\u00fclt egy ilyen marhas\u00e1g is, esetleg a Yahoo toolbaros verzi\u00f3 vagy m\u00e1s, itt ne legyen lent a kis n\u00e9gyzetben pipa, \u00e9s folytathatjuk.<br \/>\n<img decoding=\"async\" loading=\"lazy\" alt=\"Free Studio szem\u00e9t\" src=\"\/\/cuccokhalomban.csillagpor.hu\/pict\/free_studio_kepernyokep_001.jpg\" width=\"542\" height=\"432\" \/>\n<\/p>\n<p>R\u00e9gebbi verzi\u00f3:<\/p>\n<p>A Free Studio let\u00f6lt\u0151, \u00e1talak\u00edt\u00f3 \u00e9s szerkeszt\u0151 programcsomag telep\u00edt\u00e9sekor figyelj\u00fcnk oda, hogy csak akkor telep\u00edts\u00fck a Youtube let\u00f6lt\u0151 b\u00f6ng\u00e9sz\u0151 kieg\u00e9sz\u00edt\u0151t, ha sz\u00fcks\u00e9g\u00fcnk van r\u00e1!<br \/>\n<img decoding=\"async\" loading=\"lazy\" alt=\"Free Studio telep\u00edt\u00e9s\" src=\"\/\/cuccokhalomban.csillagpor.hu\/pict\/free-studio-screenshot-1.jpg\" width=\"504\" height=\"390\" \/>\n<\/p>\n<p>Az Eszk\u00f6z\u00f6k oldallal indul a feltelep\u00edtett program.<br \/>\n<img decoding=\"async\" loading=\"lazy\" alt=\"Free Studio Eszk\u00f6z\u00f6k\" src=\"\/\/cuccokhalomban.csillagpor.hu\/pict\/free-studio-screenshot-2.jpg\" width=\"730\" height=\"325\" \/>\n<\/p>\n<p>A Let\u00f6lt\u0151k, Youtube let\u00f6lt\u0151 \u00e9s \u00e1talak\u00edt\u00f3k, tov\u00e1bb\u00e1 torrent, Dailymotion \u00e9s Instagram let\u00f6lt\u0151 programok.<br \/>\n<img decoding=\"async\" loading=\"lazy\" alt=\"Free Studio let\u00f6lt\u0151k\" src=\"\/\/cuccokhalomban.csillagpor.hu\/pict\/free-studio-screenshot-3.jpg\" width=\"730\" height=\"323\" \/>\n<\/p>\n<p>A Free Youtube Download Popular men\u00fcje, k\u00f6zt\u00fck pl. napi \u00e9s heti legn\u00e9pszer\u0171bb vide\u00f3k playlistbe szedve.<br \/>\n<img decoding=\"async\" loading=\"lazy\" alt=\"Free Studio Youtube\" src=\"\/\/cuccokhalomban.csillagpor.hu\/pict\/free-studio-screenshot-4.jpg\" width=\"653\" height=\"500\" \/>\n<\/p>\n<p>Automata let\u00f6lt\u00e9s, be\u00e1ll\u00edt\u00e1sok, stb&#8230;<br \/>\n<img decoding=\"async\" loading=\"lazy\" alt=\"Free Studio automata let\u00f6lt\u00e9s\" src=\"\/\/cuccokhalomban.csillagpor.hu\/pict\/free-studio-screenshot-5.jpg\" width=\"689\" height=\"500\" \/>\n<\/p>\n<p>\u00c1ltal\u00e1nos be\u00e1ll\u00edt\u00e1sok.<br \/>\n<img decoding=\"async\" loading=\"lazy\" alt=\"Free Studio be\u00e1ll\u00edt\u00e1sok\" src=\"\/\/cuccokhalomban.csillagpor.hu\/pict\/free-studio-screenshot-7.jpg\" width=\"420\" height=\"500\" \/>\n<\/p>\n<p>A let\u00f6lt\u00e9s, \u00e1talak\u00edt\u00e1s ut\u00e1ni kimenet be\u00e1ll\u00edt\u00e1sai, f\u00e1jlform\u00e1tum, mappa&#8230;<br \/>\n<img decoding=\"async\" loading=\"lazy\" alt=\"Free Studio kimenet\" src=\"\/\/cuccokhalomban.csillagpor.hu\/pict\/free-studio-screenshot-8.jpg\" width=\"421\" height=\"500\" \/>\n<\/p>\n<p>Youtube to MP3 Converter Popular men\u00fcje. A legt\u00f6bb program, ha csak lehets\u00e9ges kb. ugyan\u00fagy n\u00e9z ki.<br \/>\n<img decoding=\"async\" loading=\"lazy\" alt=\"Free Studio Youtube to MP3\" src=\"\/\/cuccokhalomban.csillagpor.hu\/pict\/free-studio-screenshot-9.jpg\" width=\"686\" height=\"500\" \/>\n<\/p>\n<p>A Torrent let\u00f6lt\u0151.<br \/>\n<img decoding=\"async\" loading=\"lazy\" alt=\"Free Studio torrent\" src=\"\/\/cuccokhalomban.csillagpor.hu\/pict\/free-studio-screenshot-10.jpg\" width=\"730\" height=\"439\" \/>\n<\/p>\n<p>A Felt\u00f6lt\u0151k, Facebookra \u00e9s Youtubera felt\u00f6lt\u00e9s.<br \/>\n<img decoding=\"async\" loading=\"lazy\" alt=\"Free Studio felt\u00f6lt\u0151k\" src=\"\/\/cuccokhalomban.csillagpor.hu\/pict\/free-studio-screenshot-11.jpg\" width=\"730\" height=\"326\" \/>\n<\/p>\n<p>A Konvert\u00e1l\u00f3 programok, MP4 \u00e1talak\u00edt\u00f3, k\u00e9p \u00e1talak\u00edt\u00f3 \u00e9s \u00e1tm\u00e9retez\u0151, vide\u00f3 MP3-ba, csak \u00fagy sim\u00e1n egy hangf\u00e1jl \u00e1talak\u00edt\u00f3, vide\u00f3t k\u00e9pekk\u00e9 alak\u00edt\u00f3 \u00e9s egy DVD vide\u00f3 \u00e1talak\u00edt\u00f3.<br \/>\n<img decoding=\"async\" loading=\"lazy\" alt=\"Free Studio konvert\u00e1l\u00f3k\" src=\"\/\/cuccokhalomban.csillagpor.hu\/pict\/free-studio-screenshot-12.jpg\" width=\"730\" height=\"327\" \/>\n<\/p>\n<p>A Felvev\u0151k, vide\u00f3h\u00edv\u00e1s r\u00f6gz\u00edt\u0151 Skypehoz \u00e9s egy k\u00e9perny\u0151r\u0151l vide\u00f3t felvev\u0151.<br \/>\n<img decoding=\"async\" loading=\"lazy\" alt=\"Free Studio \" src=\"\/\/cuccokhalomban.csillagpor.hu\/pict\/free-studio-screenshot-13.jpg\" width=\"730\" height=\"326\" \/>\n<\/p>\n<p>Szerkeszt\u0151 programok: Audio Dub hang v\u00e1g\u00f3, egy vide\u00f3 elforgat\u00f3 \u00e9s egy vide\u00f3 szerkeszt\u0151 szoftver.<br \/>\n<img decoding=\"async\" loading=\"lazy\" alt=\"Free Studio szerkeszt\u0151k\" src=\"\/\/cuccokhalomban.csillagpor.hu\/pict\/free-studio-screenshot-14.jpg\" width=\"730\" height=\"325\" \/>\n<\/p>\n<p>Free Video Editor vide\u00f3 szerkeszt\u0151.<br \/>\n<img decoding=\"async\" loading=\"lazy\" alt=\"Free Studio video editor\" src=\"\/\/cuccokhalomban.csillagpor.hu\/pict\/free-studio-screenshot-15.jpg\" width=\"730\" height=\"435\" \/>\n<\/p>\n<p>A b\u00f6ng\u00e9sz\u0151kbe a Youtube vide\u00f3k al\u00e1 \u00edgy \u00e9p\u00fcl be a let\u00f6lt\u00e9s \u00e9s az MP3-ba alak\u00edt\u00e1s gomb, r\u00e1kattintva a jobboldali programban ny\u00edlik meg a link, \u00e9s lehet let\u00f6lteni, \u00e1talak\u00edtani.<br \/>\n<img decoding=\"async\" loading=\"lazy\" alt=\"Free Studio let\u00f6lt\u0151 be\u00e9p\u00fcl\u0151\" src=\"\/\/cuccokhalomban.csillagpor.hu\/pict\/free-studio-screenshot-16.jpg\" width=\"730\" height=\"361\" \/><\/p>\n","protected":false},"excerpt":{"rendered":"<p><a target=\"_blank\" title=\"free studio k\u00e9perny\u0151k\u00e9pek\" href=\"\/\/csillagpor.hu\/remek\/programok\/free-studio-screenshot\" rel=\"noopener noreferrer\"><img decoding=\"async\" loading=\"lazy\" alt=\"Free Studio\" src=\"\/\/cuccokhalomban.csillagpor.hu\/pict\/free-studio-kicsi.jpg\" width=\"120\" height=\"53\" class=\"flr\" \/><\/a>A Free Studio telep\u00edt\u00e9sekor most m\u00e1r ezt l\u00e1thatjuk, fut Windows 10-en is, \u00e9s az a Youtube vide\u00f3 let\u00f6lt\u0151 eg\u00e9sz j\u00f3 dolog, mp3-ba is \u00e1talak\u00edt r\u00f6gt\u00f6n ha akarjuk. Telep\u00edt\u00e9sekor figyelj\u00fcnk oda, hogy csak akkor telep\u00edts\u00fck a Youtube let\u00f6lt\u0151 b\u00f6ng\u00e9sz\u0151 kieg\u00e9sz\u00edt\u0151t, ha sz\u00fcks\u00e9g\u00fcnk van r\u00e1! Automata let\u00f6lt\u00e9s, be\u00e1ll\u00edt\u00e1sok, stb&#8230; <\/p>\n","protected":false},"author":1,"featured_media":0,"parent":0,"menu_order":0,"comment_status":"closed","ping_status":"closed","template":"","meta":{"footnotes":""},"_links":{"self":[{"href":"https:\/\/csillagpor.hu\/remek\/programok\/wp-json\/wp\/v2\/pages\/1651"}],"collection":[{"href":"https:\/\/csillagpor.hu\/remek\/programok\/wp-json\/wp\/v2\/pages"}],"about":[{"href":"https:\/\/csillagpor.hu\/remek\/programok\/wp-json\/wp\/v2\/types\/page"}],"author":[{"embeddable":true,"href":"https:\/\/csillagpor.hu\/remek\/programok\/wp-json\/wp\/v2\/users\/1"}],"replies":[{"embeddable":true,"href":"https:\/\/csillagpor.hu\/remek\/programok\/wp-json\/wp\/v2\/comments?post=1651"}],"version-history":[{"count":0,"href":"https:\/\/csillagpor.hu\/remek\/programok\/wp-json\/wp\/v2\/pages\/1651\/revisions"}],"wp:attachment":[{"href":"https:\/\/csillagpor.hu\/remek\/programok\/wp-json\/wp\/v2\/media?parent=1651"}],"curies":[{"name":"wp","href":"https:\/\/api.w.org\/{rel}","templated":true}]}}