{"id":1657,"date":"2014-09-13T19:33:36","date_gmt":"2014-09-13T17:33:36","guid":{"rendered":"http:\/\/csillagpor.hu\/remek\/programok\/?page_id=1657"},"modified":"2022-06-30T18:26:47","modified_gmt":"2022-06-30T16:26:47","slug":"cpumon-screenshot","status":"publish","type":"page","link":"https:\/\/csillagpor.hu\/remek\/programok\/cpumon-screenshot","title":{"rendered":"CPUMon k\u00e9perny\u0151k\u00e9pek"},"content":{"rendered":"<p><a target=\"_blank\" title=\"cpumon\" href=\"\/\/csillagpor.hu\/remek\/programok\/cpumon-letoltese\" rel=\"noopener noreferrer\">A CPUMon rendszer er\u0151forr\u00e1s kijelz\u0151<\/a> telep\u00edt\u00e9se befejez\u0151d\u00f6tt, k\u00edv\u00e1njuk e, hogy a Windowszal egy\u00fctt induljon?<br \/>\n<img decoding=\"async\" loading=\"lazy\" alt=\"CPUMon telep\u00edt\u00e9s k\u00e9sz\" src=\"\/\/cuccokhalomban.csillagpor.hu\/pict\/cpumon-screenshot-1.jpg\" width=\"500\" height=\"389\" \/>\n<\/p>\n<p>Ha az ingyenes verzi\u00f3t szeretn\u00e9nk haszn\u00e1lni, csak kattintsunk az Accept gombra.<br \/>\n<img decoding=\"async\" loading=\"lazy\" alt=\"CPUMon ingyenes\" src=\"\/\/cuccokhalomban.csillagpor.hu\/pict\/cpumon-screenshot-2.jpg\" width=\"361\" height=\"292\" \/>\n<\/p>\n<p>A Lite \u00e9s a Pro verzi\u00f3 k\u00f6z\u00f6tti k\u00fcl\u00f6nbs\u00e9g a weboldal\u00e1r\u00f3l &#8230;<br \/>\n<img decoding=\"async\" loading=\"lazy\" alt=\"CPUMon Lite \u00e9s Pro\" src=\"\/\/cuccokhalomban.csillagpor.hu\/pict\/cpumon-screenshot-3.jpg\" width=\"433\" height=\"247\" \/>\n<\/p>\n<p>Ilyen a program, CPU magok terhelts\u00e9ge sz\u00e1zal\u00e9kban, \u00f3rajel, mem\u00f3ria foglalts\u00e1g. A bal fels\u0151 sark\u00e1n\u00e1l fogva mozgathat\u00f3.<br \/>\n<img decoding=\"async\" loading=\"lazy\" alt=\"CPUMon \u00e9rt\u00e9kek\" src=\"\/\/cuccokhalomban.csillagpor.hu\/pict\/cpumon-screenshot-4.jpg\" width=\"265\" height=\"108\" \/>\n<\/p>\n<p>Innen \u00e9rhetj\u00fck el a men\u00fcb\u0151l a be\u00e1ll\u00edt\u00e1sokat.<br \/>\n<img decoding=\"async\" loading=\"lazy\" alt=\"CPUMon be\u00e1ll\u00edt\u00e1sok\" src=\"\/\/cuccokhalomban.csillagpor.hu\/pict\/cpumon-screenshot-5.jpg\" width=\"255\" height=\"234\" \/>\n<\/p>\n<p>\u00c1ltal\u00e1nos be\u00e1ll\u00edt\u00e1sok, pl. hogyan mutassa a mem\u00f3ria haszn\u00e1latot.<br \/>\n<img decoding=\"async\" loading=\"lazy\" alt=\"CPUMon \u00e1ltal\u00e1nos be\u00e1ll\u00edt\u00e1sok\" src=\"\/\/cuccokhalomban.csillagpor.hu\/pict\/cpumon-screenshot-6.jpg\" width=\"329\" height=\"448\" \/>\n<\/p>\n<p>A megjelen\u00e9s be\u00e1ll\u00edt\u00e1sai, pl. \u00e1tl\u00e1tsz\u00f3s\u00e1g.<br \/>\n<img decoding=\"async\" loading=\"lazy\" alt=\"CPUMon megjelen\u00e9s\" src=\"\/\/cuccokhalomban.csillagpor.hu\/pict\/cpumon-screenshot-7.jpg\" width=\"329\" height=\"448\" \/>\n<\/p>\n<p>Sz\u00ednbe\u00e1ll\u00edt\u00e1sok.<br \/>\n<img decoding=\"async\" loading=\"lazy\" alt=\"CPUMon sz\u00ednbe\u00e1ll\u00edt\u00e1sok\" src=\"\/\/cuccokhalomban.csillagpor.hu\/pict\/cpumon-screenshot-8.jpg\" width=\"329\" height=\"450\" \/>\n<\/p>\n<p>Tov\u00e1bbi be\u00e1ll\u00edt\u00e1sok, pl. friss\u00edt\u00e9si gyakoris\u00e1g.<br \/>\n<img decoding=\"async\" loading=\"lazy\" alt=\"CPUMon friss\u00edt\u00e9s\" src=\"\/\/cuccokhalomban.csillagpor.hu\/pict\/cpumon-screenshot-9.jpg\" width=\"329\" height=\"448\" \/>\n<\/p>\n<p>Billenty\u0171parancsokkal is pakolgathatjuk ak\u00e1r ide-oda.<br \/>\n<img decoding=\"async\" loading=\"lazy\" alt=\"CPUMon elhelyezked\u00e9s\" src=\"\/\/cuccokhalomban.csillagpor.hu\/pict\/cpumon-screenshot-10.jpg\" width=\"420\" height=\"284\" \/><\/p>\n","protected":false},"excerpt":{"rendered":"<p><a target=\"_blank\" title=\"cpumon k\u00e9perny\u0151k\u00e9pek\" href=\"\/\/csillagpor.hu\/remek\/programok\/cpumon-screenshot\" rel=\"noopener noreferrer\"><img decoding=\"async\" loading=\"lazy\" alt=\"CPUMon\" src=\"\/\/cuccokhalomban.csillagpor.hu\/pict\/cpu_mon.jpg\" width=\"100\" height=\"42\" class=\"flr\" \/><\/a>A CPUMon rendszer er\u0151forr\u00e1s kijelz\u0151 telep\u00edt\u00e9se befejez\u0151d\u00f6tt, k\u00edv\u00e1njuk e, hogy a Windowszal egy\u00fctt induljon? Ha az ingyenes verzi\u00f3t szeretn\u00e9nk haszn\u00e1lni, csak kattintsunk az Accept gombra. A Lite \u00e9s a Pro verzi\u00f3 k\u00f6z\u00f6tti k\u00fcl\u00f6nbs\u00e9g a weboldal\u00e1r\u00f3l &#8230; Ilyen a program, CPU magok terhelts\u00e9ge sz\u00e1zal\u00e9kban, \u00f3rajel, mem\u00f3ria foglalts\u00e1g. A bal fels\u0151 sark\u00e1n\u00e1l fogva mozgathat\u00f3&#8230;<\/p>\n","protected":false},"author":1,"featured_media":0,"parent":0,"menu_order":0,"comment_status":"closed","ping_status":"closed","template":"","meta":{"footnotes":""},"_links":{"self":[{"href":"https:\/\/csillagpor.hu\/remek\/programok\/wp-json\/wp\/v2\/pages\/1657"}],"collection":[{"href":"https:\/\/csillagpor.hu\/remek\/programok\/wp-json\/wp\/v2\/pages"}],"about":[{"href":"https:\/\/csillagpor.hu\/remek\/programok\/wp-json\/wp\/v2\/types\/page"}],"author":[{"embeddable":true,"href":"https:\/\/csillagpor.hu\/remek\/programok\/wp-json\/wp\/v2\/users\/1"}],"replies":[{"embeddable":true,"href":"https:\/\/csillagpor.hu\/remek\/programok\/wp-json\/wp\/v2\/comments?post=1657"}],"version-history":[{"count":0,"href":"https:\/\/csillagpor.hu\/remek\/programok\/wp-json\/wp\/v2\/pages\/1657\/revisions"}],"wp:attachment":[{"href":"https:\/\/csillagpor.hu\/remek\/programok\/wp-json\/wp\/v2\/media?parent=1657"}],"curies":[{"name":"wp","href":"https:\/\/api.w.org\/{rel}","templated":true}]}}