{"id":1663,"date":"2014-10-10T21:15:27","date_gmt":"2014-10-10T19:15:27","guid":{"rendered":"http:\/\/csillagpor.hu\/remek\/programok\/?page_id=1663"},"modified":"2022-06-30T17:38:12","modified_gmt":"2022-06-30T15:38:12","slug":"webssearches-eltavolitasi-kiserletek","status":"publish","type":"page","link":"https:\/\/csillagpor.hu\/remek\/programok\/webssearches-eltavolitasi-kiserletek","title":{"rendered":"WebsSearches elt\u00e1vol\u00edt\u00e1si k\u00eds\u00e9rletek"},"content":{"rendered":"<p><a target=\"_blank\" title=\"webssearches\" href=\"https:\/\/csillagpor.hu\/remek\/webssearches-eltavolitasa-masodik-felvonas\" rel=\"noopener\">A WebsSearches elt\u00e1vol\u00edt\u00e1sa, m\u00e1sodik felvon\u00e1s<\/a> bejegyz\u00e9shez k\u00e9pek&#8230; Ezt tette a Firefoxszal a WebsSearches b\u00f6ng\u00e9sz\u0151 szem\u00e9t! A letiltott b\u0151v\u00edtm\u00e9nyek hely\u00e9n Flash rekl\u00e1mok lenn\u00e9nek&#8230;<br \/>\n<img decoding=\"async\" loading=\"lazy\" alt=\"Firefox WebsSearcheszel\" src=\"\/\/cuccokhalomban.csillagpor.hu\/pict\/webssearch-screenshot-1.jpg\" width=\"730\" height=\"392\" \/>\n<\/p>\n<p>BlockAndSurf \u00e9s Fast Start kiterjeszt\u00e9seket eltakar\u00edtottam.<br \/>\n<img decoding=\"async\" loading=\"lazy\" alt=\"BlockAndSurf \u00e9s Fast Start\" src=\"\/\/cuccokhalomban.csillagpor.hu\/pict\/webssearch-screenshot-2.jpg\" width=\"730\" height=\"392\" \/>\n<\/p>\n<p>Ez a kezd\u0151lap, de hi\u00e1ba cser\u00e9lem le, ez marad. Akkor is, ha itt \u00fcres a Kezd\u0151lap mez\u0151.<br \/>\n<img decoding=\"async\" loading=\"lazy\" alt=\"kezd\u0151lap\" src=\"\/\/cuccokhalomban.csillagpor.hu\/pict\/webssearch-screenshot-3.jpg\" width=\"577\" height=\"478\" \/>\n<\/p>\n<p>Keres\u00e9s \u00e9s t\u00f6rl\u00e9s a registryben &#8230; istart.<br \/>\n<img decoding=\"async\" loading=\"lazy\" alt=\"registry istart\" src=\"\/\/cuccokhalomban.csillagpor.hu\/pict\/webssearch-screenshot-4.jpg\" width=\"451\" height=\"192\" \/>\n<\/p>\n<p>Nem csak kett\u0151t lehet tal\u00e1lni, \u00e9n minden t\u00f6r\u00f6ltem &#8230;<br \/>\n<img decoding=\"async\" loading=\"lazy\" alt=\"istart\" src=\"\/\/cuccokhalomban.csillagpor.hu\/pict\/webssearch-screenshot-5.jpg\" width=\"730\" height=\"340\" \/>\n<\/p>\n<p>&#8230; b\u00e1r egy id\u0151 ut\u00e1n nem voltam benne biztos, hogy az iStartMenu az az e ami kell nekem &#8230; mindegy, semmi baja nem lett a rendszernek v\u00e9g\u00fcl.<br \/>\n<img decoding=\"async\" loading=\"lazy\" alt=\"iStartMenu az mi?\" src=\"\/\/cuccokhalomban.csillagpor.hu\/pict\/webssearch-screenshot-6.jpg\" width=\"730\" height=\"340\" \/>\n<\/p>\n<p>&#8230; \u00e9s most j\u00f6jj\u00f6n a webssearches &#8230;<br \/>\n<img decoding=\"async\" loading=\"lazy\" alt=\"regedit webssearches\" src=\"\/\/cuccokhalomban.csillagpor.hu\/pict\/webssearch-screenshot-7.jpg\" width=\"451\" height=\"192\" \/>\n<\/p>\n<p>Volt bel\u0151le p\u00e1r &#8230;<br \/>\n<img decoding=\"async\" loading=\"lazy\" alt=\"regedit webssearches 2\" src=\"\/\/cuccokhalomban.csillagpor.hu\/pict\/webssearch-screenshot-8.jpg\" width=\"730\" height=\"340\" \/>\n<\/p>\n<p>&#8230; azt gondoltam a kulcsok nevei alapj\u00e1n, hogy lesz valami haszna a t\u00f6rl\u00e9snek &#8230;<br \/>\n<img decoding=\"async\" loading=\"lazy\" alt=\"regedit webssearches 3\" src=\"\/\/cuccokhalomban.csillagpor.hu\/pict\/webssearch-screenshot-9.jpg\" width=\"730\" height=\"340\" \/>\n<\/p>\n<p>&#8230; de nem igaz\u00e1n &#8230;<br \/>\n<img decoding=\"async\" loading=\"lazy\" alt=\"regedit webssearches 4\" src=\"\/\/cuccokhalomban.csillagpor.hu\/pict\/webssearch-screenshot-10.jpg\" width=\"730\" height=\"340\" \/>\n<\/p>\n<p>\n<img decoding=\"async\" loading=\"lazy\" alt=\"regedit webssearches 5\" src=\"\/\/cuccokhalomban.csillagpor.hu\/pict\/webssearch-screenshot-11.jpg\" width=\"730\" height=\"340\" \/>\n<\/p>\n<p>\n<img decoding=\"async\" loading=\"lazy\" alt=\"regedit webssearches 6\" src=\"\/\/cuccokhalomban.csillagpor.hu\/pict\/webssearch-screenshot-12.jpg\" width=\"730\" height=\"340\" \/>\n<\/p>\n<p>Tulajdonk\u00e9pp minden maradt a r\u00e9giben. Ez itt a Chrome a t\u00f6rl\u00e9sek ut\u00e1n.<br \/>\n<img decoding=\"async\" loading=\"lazy\" alt=\"fert\u0151z\u00f6tt Chrome\" src=\"\/\/cuccokhalomban.csillagpor.hu\/pict\/webssearch-screenshot-13.jpg\" width=\"730\" height=\"379\" \/>\n<\/p>\n<p>Csak itt jutottak eszembe a programok :) &#8230; BlockAndSurf.<br \/>\n<img decoding=\"async\" loading=\"lazy\" alt=\"Programok \u00e9s szolg\u00e1ltat\u00e1sok\" src=\"\/\/cuccokhalomban.csillagpor.hu\/pict\/webssearch-screenshot-14.jpg\" width=\"730\" height=\"103\" \/>\n<\/p>\n<p>GoForFiles<br \/>\n<img decoding=\"async\" loading=\"lazy\" alt=\"GoForFiles\" src=\"\/\/cuccokhalomban.csillagpor.hu\/pict\/webssearch-screenshot-15.jpg\" width=\"730\" height=\"132\" \/>\n<\/p>\n<p>Installer &#8230; !?<br \/>\n<img decoding=\"async\" loading=\"lazy\" alt=\"Installer\" src=\"\/\/cuccokhalomban.csillagpor.hu\/pict\/webssearch-screenshot-16.jpg\" width=\"730\" height=\"160\" \/>\n<\/p>\n<p>Update Service GoForFiles<br \/>\n<img decoding=\"async\" loading=\"lazy\" alt=\"Update Service GoForFiles\" src=\"\/\/cuccokhalomban.csillagpor.hu\/pict\/webssearch-screenshot-17.jpg\" width=\"730\" height=\"98\" \/>\n<\/p>\n<p>No, ez m\u00e1r jobban n\u00e9z ki! De sajnos az alap\u00e9rtelmezett keres\u0151 \u00e9s a Kezd\u0151oldal m\u00e9g mindig meg van sz\u00e1llva.<br \/>\n<img decoding=\"async\" loading=\"lazy\" alt=\"alakul...\" src=\"\/\/cuccokhalomban.csillagpor.hu\/pict\/webssearch-screenshot-18.jpg\" width=\"730\" height=\"392\" \/>\n<\/p>\n<p>Akkor j\u00f6jj\u00f6n <a target=\"_blank\" title=\"combofix\" href=\"\/\/csillagpor.hu\/remek\/programok\/combofix-letoltese\" rel=\"noopener noreferrer\">a ComboFix nev\u0171<\/a> kedvencem &#8230;<br \/>\n<img decoding=\"async\" loading=\"lazy\" alt=\"combofix\" src=\"\/\/cuccokhalomban.csillagpor.hu\/pict\/webssearch-screenshot-19.jpg\" width=\"426\" height=\"292\" \/>\n<\/p>\n<p>Sok \u00e1t\u00edrt Firefox f\u00e1jl egyben. A kijel\u00f6lt r\u00e9szt t\u00f6r\u00f6ltem. pref.js.BAK, de val\u00f3sz\u00edn\u0171leg ugyanez volt a pref.js-ben is.<br \/>\n<img decoding=\"async\" loading=\"lazy\" alt=\"Firefox config f\u00e1jlok\" src=\"\/\/cuccokhalomban.csillagpor.hu\/pict\/webssearch-screenshot-20.jpg\" width=\"730\" height=\"376\" \/>\n<\/p>\n<p>Itt is egy istar.webssearches.com bejegyz\u00e9s. sessionstore.js<br \/>\n<img decoding=\"async\" loading=\"lazy\" alt=\"sessionstore.js\" src=\"\/\/cuccokhalomban.csillagpor.hu\/pict\/webssearch-screenshot-21.jpg\" width=\"730\" height=\"383\" \/>\n<\/p>\n<p>Ugyanaz &#8230;<br \/>\n<img decoding=\"async\" loading=\"lazy\" alt=\"ugyanaz\" src=\"\/\/cuccokhalomban.csillagpor.hu\/pict\/webssearch-screenshot-22.jpg\" width=\"730\" height=\"379\" \/>\n<\/p>\n<p>search.json<br \/>\n<img decoding=\"async\" loading=\"lazy\" alt=\"search.json\" src=\"\/\/cuccokhalomban.csillagpor.hu\/pict\/webssearch-screenshot-23.jpg\" width=\"730\" height=\"372\" \/>\n<\/p>\n<p>Szint\u00e9n&#8230; \u00e9s t\u00e1rsaik. Na persze ezut\u00e1n sem lett t\u00f6k\u00e9letes&#8230; de az\u00e9rt <a target=\"_blank\" title=\"webssearches\" href=\"https:\/\/csillagpor.hu\/remek\/webssearches-eltavolitasa-masodik-felvonas\" rel=\"noopener\">megold\u00f3dott<\/a> &#8230;<br \/>\n<img decoding=\"async\" loading=\"lazy\" alt=\"webssearches.xml\" src=\"\/\/cuccokhalomban.csillagpor.hu\/pict\/webssearch-screenshot-24.jpg\" width=\"730\" height=\"381\" \/><\/p>\n","protected":false},"excerpt":{"rendered":"<p><a target=\"_blank\" title=\"webssearches elt\u00e1vol\u00edt\u00e1si k\u00eds\u00e9rletek\" href=\"\/\/csillagpor.hu\/remek\/programok\/webssearches-eltavolitasi-kiserletek\" rel=\"noopener noreferrer\"><img decoding=\"async\" loading=\"lazy\" alt=\"WebsSearches elt\u00e1vol\u00edt\u00e1si k\u00eds\u00e9rletek\" title=\"WebsSearches elt\u00e1vol\u00edt\u00e1si k\u00eds\u00e9rletek\" src=\"\/\/cuccokhalomban.csillagpor.hu\/pict\/webssearch-kicsi.jpg\" width=\"120\" height=\"62\" class=\"flr\" \/><\/a>A WebsSearches elt\u00e1vol\u00edt\u00e1sa, m\u00e1sodik felvon\u00e1s bejegyz\u00e9shez k\u00e9pek&#8230; Ezt tette a Firefoxszal a WebsSearches b\u00f6ng\u00e9sz\u0151 szem\u00e9t! De a v\u00e9g\u00e9n ott a megold\u00e1s!<\/p>\n","protected":false},"author":1,"featured_media":0,"parent":0,"menu_order":0,"comment_status":"closed","ping_status":"closed","template":"","meta":{"footnotes":""},"_links":{"self":[{"href":"https:\/\/csillagpor.hu\/remek\/programok\/wp-json\/wp\/v2\/pages\/1663"}],"collection":[{"href":"https:\/\/csillagpor.hu\/remek\/programok\/wp-json\/wp\/v2\/pages"}],"about":[{"href":"https:\/\/csillagpor.hu\/remek\/programok\/wp-json\/wp\/v2\/types\/page"}],"author":[{"embeddable":true,"href":"https:\/\/csillagpor.hu\/remek\/programok\/wp-json\/wp\/v2\/users\/1"}],"replies":[{"embeddable":true,"href":"https:\/\/csillagpor.hu\/remek\/programok\/wp-json\/wp\/v2\/comments?post=1663"}],"version-history":[{"count":0,"href":"https:\/\/csillagpor.hu\/remek\/programok\/wp-json\/wp\/v2\/pages\/1663\/revisions"}],"wp:attachment":[{"href":"https:\/\/csillagpor.hu\/remek\/programok\/wp-json\/wp\/v2\/media?parent=1663"}],"curies":[{"name":"wp","href":"https:\/\/api.w.org\/{rel}","templated":true}]}}